{"id":1239,"date":"2019-11-19T17:08:59","date_gmt":"2019-11-19T20:08:59","guid":{"rendered":"https:\/\/www3.unicentro.br\/eri\/?page_id=1239"},"modified":"2019-11-19T17:08:59","modified_gmt":"2019-11-19T20:08:59","slug":"programa-parana-habla-lenguas","status":"publish","type":"page","link":"https:\/\/www3.unicentro.br\/eri\/es\/otros-destacados\/promocion-linguistica\/programa-parana-habla-lenguas\/","title":{"rendered":"Programa Paran\u00e1 Habla Lenguas"},"content":{"rendered":"<div class=\"wpb-content-wrapper\"><p>[vc_row][vc_column][vc_column_text]Los cursos ofertados por medio del Programa de Cooperaci\u00f3n son ofrecidos pelo Programa Paran\u00e1 Habla Idiomas, financiado por la Unidad Gestora del Fondo Paran\u00e1 (UGF), vinculado a la Superintendencia de Ciencia, Tecnolog\u00eda y Ense\u00f1anza Superior (Seti \/ PR).<\/p>\n<p>Los cursos ofrecidos en el Programa Paran\u00e1 Habla Idiomas son:[\/vc_column_text][vc_row_inner][vc_column_inner width=&#8221;1\/4&#8243;][\/vc_column_inner][vc_column_inner width=&#8221;1\/4&#8243;][vc_btn title=&#8221;Parana Habla Ingles&#8221; style=&#8221;flat&#8221; shape=&#8221;square&#8221; color=&#8221;juicy-pink&#8221; align=&#8221;center&#8221; button_block=&#8221;true&#8221; link=&#8221;url:https%3A%2F%2Fwww3.unicentro.br%2Fparanafalaingles|||&#8221;][\/vc_column_inner][vc_column_inner width=&#8221;1\/4&#8243;][vc_btn title=&#8221;Parana Habla Frances&#8221; style=&#8221;flat&#8221; shape=&#8221;square&#8221; color=&#8221;juicy-pink&#8221; align=&#8221;center&#8221; button_block=&#8221;true&#8221; link=&#8221;url:https%3A%2F%2Fwww3.unicentro.br%2Fparanafalafrances|||&#8221;][\/vc_column_inner][vc_column_inner width=&#8221;1\/4&#8243;][\/vc_column_inner][\/vc_row_inner][\/vc_column][\/vc_row]<\/p>\n<\/div>","protected":false},"excerpt":{"rendered":"<p>[vc_row][vc_column][vc_column_text]Los cursos ofertados por medio del Programa de Cooperaci\u00f3n son ofrecidos pelo Programa Paran\u00e1 Habla Idiomas, financiado por la Unidad Gestora del Fondo Paran\u00e1 (UGF), vinculado a la Superintendencia de Ciencia, Tecnolog\u00eda y Ense\u00f1anza Superior (Seti \/ PR). Los cursos ofrecidos en el Programa Paran\u00e1 Habla Idiomas son:[\/vc_column_text][vc_row_inner][vc_column_inner width=&#8221;1\/4&#8243;][\/vc_column_inner][vc_column_inner width=&#8221;1\/4&#8243;][vc_btn title=&#8221;Parana Habla Ingles&#8221; style=&#8221;flat&#8221; shape=&#8221;square&#8221; [&hellip;]<\/p>\n","protected":false},"author":3,"featured_media":0,"parent":1234,"menu_order":0,"comment_status":"closed","ping_status":"closed","template":"","meta":{"_exactmetrics_skip_tracking":false,"_exactmetrics_sitenote_active":false,"_exactmetrics_sitenote_note":"","_exactmetrics_sitenote_category":0,"footnotes":"","_links_to":"","_links_to_target":""},"class_list":["post-1239","page","type-page","status-publish","hentry"],"publishpress_future_action":{"enabled":false,"date":"2026-04-13 11:20:54","action":"change-status","newStatus":"draft","terms":[],"taxonomy":"language","extraData":[]},"publishpress_future_workflow_manual_trigger":{"enabledWorkflows":[]},"_links":{"self":[{"href":"https:\/\/www3.unicentro.br\/eri\/wp-json\/wp\/v2\/pages\/1239","targetHints":{"allow":["GET"]}}],"collection":[{"href":"https:\/\/www3.unicentro.br\/eri\/wp-json\/wp\/v2\/pages"}],"about":[{"href":"https:\/\/www3.unicentro.br\/eri\/wp-json\/wp\/v2\/types\/page"}],"author":[{"embeddable":true,"href":"https:\/\/www3.unicentro.br\/eri\/wp-json\/wp\/v2\/users\/3"}],"replies":[{"embeddable":true,"href":"https:\/\/www3.unicentro.br\/eri\/wp-json\/wp\/v2\/comments?post=1239"}],"version-history":[{"count":0,"href":"https:\/\/www3.unicentro.br\/eri\/wp-json\/wp\/v2\/pages\/1239\/revisions"}],"up":[{"embeddable":true,"href":"https:\/\/www3.unicentro.br\/eri\/wp-json\/wp\/v2\/pages\/1234"}],"wp:attachment":[{"href":"https:\/\/www3.unicentro.br\/eri\/wp-json\/wp\/v2\/media?parent=1239"}],"curies":[{"name":"wp","href":"https:\/\/api.w.org\/{rel}","templated":true}]}}