{"id":1222,"date":"2019-11-19T16:43:23","date_gmt":"2019-11-19T19:43:23","guid":{"rendered":"https:\/\/www3.unicentro.br\/eri\/?page_id=1222"},"modified":"2019-11-19T16:43:23","modified_gmt":"2019-11-19T19:43:23","slug":"programa-de-recepcion-de-estudiantes-extranjeros","status":"publish","type":"page","link":"https:\/\/www3.unicentro.br\/eri\/es\/movilidad-academica\/estudiar-o-investigar-en-unicentro\/programa-de-recepcion-de-estudiantes-extranjeros\/","title":{"rendered":"Programa de Recepci\u00f3n de Estudiantes Extranjeros"},"content":{"rendered":"<p>Unicentro tiene un Programa de Recepci\u00f3n de Estudiantes Extranjeros que involucra a su comunidad acad\u00e9mica para recibir a los extranjeros, promueve amistades y oportunidades para desarrollar fluidez en portugu\u00e9s.<\/p>\n<p>El proceso consta de dois partes:<\/p>\n<ol>\n<li>Orientaci\u00f3n previa a la salida: Antes de llegar a Brasil, el extranjero recibe informaci\u00f3n relacionada con el alojamiento, la comida, la documentaci\u00f3n requerida para el registro y la estad\u00eda en Brasil, y el transporte a Unicentro, etc.<\/li>\n<li>Acciones para apoyar la retenci\u00f3n de estudiantes extranjeros: Al llegar, ya sea en el aeropuerto de Curitiba o en las estaciones de autobuses de Irati o Guarapuava, la instituci\u00f3n cuenta con voluntarios para dar la bienvenida al extranjero y ayudarlo a trasladarse al lugar donde se hospedar\u00e1. Despu\u00e9s de esta etapa, el Programa de Bienvenida ofrece las siguientes actividades:\n<ul>\n<li>Agenda de bienvenida en Unicentro, con una visita a la Rector\u00eda de Campus y Gesti\u00f3n de Campus.<\/li>\n<li>Cuando es necesario, los extranjeros son acompa\u00f1ados por voluntarios a todas las oficinas oficiales, como la Polic\u00eda Federal.<\/li>\n<li>City tour para familiarizarse con la ciudad.<\/li>\n<li>Clases gratis de portugu\u00e9s para extranjeros.<\/li>\n<li>Proyecto Amigo Internacional, que busca fomentar la interacci\u00f3n de estudiantes internacionales con estudiantes de Unicentro, contribuyendo a una mejor adaptaci\u00f3n e integraci\u00f3n de estudiantes extranjeros en la instituci\u00f3n.<\/li>\n<li>Proyecto Voluntario por la Lengua, que busca promover reuniones de una vez por semana entre hablantes nativos de portugu\u00e9s (no necesariamente vinculados a Unicentro) con estudiantes de movilidad internacional en Unicentro, para que puedan hablar en portugu\u00e9s sobre cualquier tema de manera espont\u00e1nea, adapt\u00e1ndose y aprendiendo el idioma.<\/li>\n<li>Reuni\u00f3n anual de estudiantes extranjeros.<\/li>\n<li>La Feria de Internacionalizaci\u00f3n de Unicentro, que busca fomentar el proceso de internacionalizaci\u00f3n de Unicentro a trav\u00e9s de la difusi\u00f3n de informaci\u00f3n acad\u00e9mica, administrativa y de informes de experiencia.<\/li>\n<li>Eventos de encuentro.<\/li>\n<\/ul>\n<\/li>\n<\/ol>\n","protected":false},"excerpt":{"rendered":"<p>Unicentro tiene un Programa de Recepci\u00f3n de Estudiantes Extranjeros que involucra a su comunidad acad\u00e9mica para recibir a los extranjeros, promueve amistades y oportunidades para desarrollar fluidez en portugu\u00e9s. El proceso consta de dois partes: Orientaci\u00f3n previa a la salida: Antes de llegar a Brasil, el extranjero recibe informaci\u00f3n relacionada con el alojamiento, la comida, [&hellip;]<\/p>\n","protected":false},"author":3,"featured_media":0,"parent":1215,"menu_order":0,"comment_status":"closed","ping_status":"closed","template":"","meta":{"_exactmetrics_skip_tracking":false,"_exactmetrics_sitenote_active":false,"_exactmetrics_sitenote_note":"","_exactmetrics_sitenote_category":0,"footnotes":"","_links_to":"","_links_to_target":""},"class_list":["post-1222","page","type-page","status-publish","hentry"],"publishpress_future_action":{"enabled":false,"date":"2026-04-13 11:04:38","action":"change-status","newStatus":"draft","terms":[],"taxonomy":"language","extraData":[]},"publishpress_future_workflow_manual_trigger":{"enabledWorkflows":[]},"_links":{"self":[{"href":"https:\/\/www3.unicentro.br\/eri\/wp-json\/wp\/v2\/pages\/1222","targetHints":{"allow":["GET"]}}],"collection":[{"href":"https:\/\/www3.unicentro.br\/eri\/wp-json\/wp\/v2\/pages"}],"about":[{"href":"https:\/\/www3.unicentro.br\/eri\/wp-json\/wp\/v2\/types\/page"}],"author":[{"embeddable":true,"href":"https:\/\/www3.unicentro.br\/eri\/wp-json\/wp\/v2\/users\/3"}],"replies":[{"embeddable":true,"href":"https:\/\/www3.unicentro.br\/eri\/wp-json\/wp\/v2\/comments?post=1222"}],"version-history":[{"count":0,"href":"https:\/\/www3.unicentro.br\/eri\/wp-json\/wp\/v2\/pages\/1222\/revisions"}],"up":[{"embeddable":true,"href":"https:\/\/www3.unicentro.br\/eri\/wp-json\/wp\/v2\/pages\/1215"}],"wp:attachment":[{"href":"https:\/\/www3.unicentro.br\/eri\/wp-json\/wp\/v2\/media?parent=1222"}],"curies":[{"name":"wp","href":"https:\/\/api.w.org\/{rel}","templated":true}]}}