{"id":1220,"date":"2019-11-19T16:41:15","date_gmt":"2019-11-19T19:41:15","guid":{"rendered":"https:\/\/www3.unicentro.br\/eri\/?page_id=1220"},"modified":"2019-11-19T16:41:15","modified_gmt":"2019-11-19T19:41:15","slug":"solicita-aqui-la-movilidad-en-unicentro","status":"publish","type":"page","link":"https:\/\/www3.unicentro.br\/eri\/es\/movilidad-academica\/estudiar-o-investigar-en-unicentro\/solicita-aqui-la-movilidad-en-unicentro\/","title":{"rendered":"\u00a1Solicita aqu\u00ed la movilidad en Unicentro!"},"content":{"rendered":"<p>La fecha l\u00edmite para solicitar la movilidad es:<\/p>\n<ul>\n<li>Solicitud de 1\u00ba semestre: 15 de octubre.<\/li>\n<li>Solicitud de 2\u00ba semestre: 15 de mayo.<\/li>\n<\/ul>\n<p>Los estudiantes que no pueden llegar al comienzo del semestre acad\u00e9mico, deben llegar al final de la segunda semana de clases.<\/p>\n<p>Haga <a href=\"https:\/\/evento.unicentro.br\/site\/mobinternacional\/2019\/2\"><u>clic aqu\u00ed<\/u><\/a> para aplicar.<\/p>\n<p>Haga <a href=\"https:\/\/www3.unicentro.br\/eri\/wp-content\/uploads\/sites\/35\/2019\/05\/Mobilidade_Incoming_Procedimentos_PT_ES_ATUALIZADO_17_5_19_5ce2b8535980f.pdf\"><u>clic aqu\u00ed<\/u><\/a> para consultar los procedimientos de solicitud.<\/p>\n<p>Los estudiantes internacionales que son aceptados para movilidad en Unicentro deben presentar los siguientes documentos a la Oficina de Relaciones Internacionales:<\/p>\n<ul>\n<li>Formulario de Solicitud.<\/li>\n<li>Comprobante de Matr\u00edcula.<\/li>\n<li>Historial de Calificaciones.<\/li>\n<li>Copia de las p\u00e1ginas del pasaporte que contienen n\u00famero, datos personales y foto.<\/li>\n<li>Carta de Aceptaci\u00f3n de la Unicentro.<\/li>\n<li>Carta de concesi\u00f3n de beca o contrato de estudios en el Programa Internacional o Declaraci\u00f3n de responsabilidad financiera por la estancia durante la movilidad.<\/li>\n<li>Copia de la P\u00f3liza de Seguro de salud internacional referente al per\u00edodo de estad\u00eda en Brasil.<\/li>\n<li>Copia de la visa para estudios en Brasil, cuando sea necesario.<\/li>\n<\/ul>\n","protected":false},"excerpt":{"rendered":"<p>La fecha l\u00edmite para solicitar la movilidad es: Solicitud de 1\u00ba semestre: 15 de octubre. Solicitud de 2\u00ba semestre: 15 de mayo. Los estudiantes que no pueden llegar al comienzo del semestre acad\u00e9mico, deben llegar al final de la segunda semana de clases. Haga clic aqu\u00ed para aplicar. Haga clic aqu\u00ed para consultar los procedimientos [&hellip;]<\/p>\n","protected":false},"author":3,"featured_media":0,"parent":1215,"menu_order":0,"comment_status":"closed","ping_status":"closed","template":"","meta":{"_exactmetrics_skip_tracking":false,"_exactmetrics_sitenote_active":false,"_exactmetrics_sitenote_note":"","_exactmetrics_sitenote_category":0,"footnotes":"","_links_to":"","_links_to_target":""},"class_list":["post-1220","page","type-page","status-publish","hentry"],"publishpress_future_action":{"enabled":false,"date":"2026-04-30 11:21:39","action":"change-status","newStatus":"draft","terms":[],"taxonomy":"language","extraData":[]},"publishpress_future_workflow_manual_trigger":{"enabledWorkflows":[]},"_links":{"self":[{"href":"https:\/\/www3.unicentro.br\/eri\/wp-json\/wp\/v2\/pages\/1220","targetHints":{"allow":["GET"]}}],"collection":[{"href":"https:\/\/www3.unicentro.br\/eri\/wp-json\/wp\/v2\/pages"}],"about":[{"href":"https:\/\/www3.unicentro.br\/eri\/wp-json\/wp\/v2\/types\/page"}],"author":[{"embeddable":true,"href":"https:\/\/www3.unicentro.br\/eri\/wp-json\/wp\/v2\/users\/3"}],"replies":[{"embeddable":true,"href":"https:\/\/www3.unicentro.br\/eri\/wp-json\/wp\/v2\/comments?post=1220"}],"version-history":[{"count":0,"href":"https:\/\/www3.unicentro.br\/eri\/wp-json\/wp\/v2\/pages\/1220\/revisions"}],"up":[{"embeddable":true,"href":"https:\/\/www3.unicentro.br\/eri\/wp-json\/wp\/v2\/pages\/1215"}],"wp:attachment":[{"href":"https:\/\/www3.unicentro.br\/eri\/wp-json\/wp\/v2\/media?parent=1220"}],"curies":[{"name":"wp","href":"https:\/\/api.w.org\/{rel}","templated":true}]}}