{"id":1211,"date":"2019-11-19T16:25:01","date_gmt":"2019-11-19T19:25:01","guid":{"rendered":"https:\/\/www3.unicentro.br\/eri\/?page_id=1211"},"modified":"2019-11-19T16:46:04","modified_gmt":"2019-11-19T19:46:04","slug":"quieres-firmar-un-convenios","status":"publish","type":"page","link":"https:\/\/www3.unicentro.br\/eri\/es\/cooperacion-internacional\/quieres-firmar-un-convenios\/","title":{"rendered":"\u00bfQuieres firmar un convenios?"},"content":{"rendered":"<p>Dentro de su pol\u00edtica de internacionalizaci\u00f3n, la Unicentro promueve activamente la firma de acuerdos con instituciones de todo el mundo. El proceso se inicia con la firma de un convenio marco, a partir del cual se pueden acordar acciones concretas para un periodo determinado mediante un convenio espec\u00edfico.<\/p>\n<p>Si su instituci\u00f3n est\u00e1 interesada en establecer acuerdos de colaboraci\u00f3n con la Unicentro, puede ponerse en contacto con la Oficina de Relaciones Internacionales, escribiendo a la direcci\u00f3n de correo electr\u00f3nico <a href=\"mailto:eri@unicentro.br\">eri@unicentro.br<\/a>, presentando la siguiente informaci\u00f3n:<\/p>\n<ol type=\"a\">\n<li>Nombre de la instituci\u00f3n interesada.<\/li>\n<li>Nombre de la persona a cargo del acuerdo de cooperaci\u00f3n en cada instituci\u00f3n involucrada.<\/li>\n<li>Objetivos del acuerdo de cooperaci\u00f3n.<\/li>\n<li>Detalles de las atribuciones y contribuci\u00f3n financiera, si corresponde, para cada instituci\u00f3n involucrada.<\/li>\n<\/ol>\n","protected":false},"excerpt":{"rendered":"<p>Dentro de su pol\u00edtica de internacionalizaci\u00f3n, la Unicentro promueve activamente la firma de acuerdos con instituciones de todo el mundo. El proceso se inicia con la firma de un convenio marco, a partir del cual se pueden acordar acciones concretas para un periodo determinado mediante un convenio espec\u00edfico. Si su instituci\u00f3n est\u00e1 interesada en establecer [&hellip;]<\/p>\n","protected":false},"author":3,"featured_media":0,"parent":1225,"menu_order":0,"comment_status":"closed","ping_status":"closed","template":"","meta":{"_exactmetrics_skip_tracking":false,"_exactmetrics_sitenote_active":false,"_exactmetrics_sitenote_note":"","_exactmetrics_sitenote_category":0,"footnotes":"","_links_to":"","_links_to_target":""},"class_list":["post-1211","page","type-page","status-publish","hentry"],"publishpress_future_action":{"enabled":false,"date":"2026-04-30 05:49:52","action":"change-status","newStatus":"draft","terms":[],"taxonomy":"language","extraData":[]},"publishpress_future_workflow_manual_trigger":{"enabledWorkflows":[]},"_links":{"self":[{"href":"https:\/\/www3.unicentro.br\/eri\/wp-json\/wp\/v2\/pages\/1211","targetHints":{"allow":["GET"]}}],"collection":[{"href":"https:\/\/www3.unicentro.br\/eri\/wp-json\/wp\/v2\/pages"}],"about":[{"href":"https:\/\/www3.unicentro.br\/eri\/wp-json\/wp\/v2\/types\/page"}],"author":[{"embeddable":true,"href":"https:\/\/www3.unicentro.br\/eri\/wp-json\/wp\/v2\/users\/3"}],"replies":[{"embeddable":true,"href":"https:\/\/www3.unicentro.br\/eri\/wp-json\/wp\/v2\/comments?post=1211"}],"version-history":[{"count":0,"href":"https:\/\/www3.unicentro.br\/eri\/wp-json\/wp\/v2\/pages\/1211\/revisions"}],"up":[{"embeddable":true,"href":"https:\/\/www3.unicentro.br\/eri\/wp-json\/wp\/v2\/pages\/1225"}],"wp:attachment":[{"href":"https:\/\/www3.unicentro.br\/eri\/wp-json\/wp\/v2\/media?parent=1211"}],"curies":[{"name":"wp","href":"https:\/\/api.w.org\/{rel}","templated":true}]}}