{"id":1209,"date":"2019-11-19T16:23:06","date_gmt":"2019-11-19T19:23:06","guid":{"rendered":"https:\/\/www3.unicentro.br\/eri\/?page_id=1209"},"modified":"2019-11-19T16:23:06","modified_gmt":"2019-11-19T19:23:06","slug":"investigacion-extension-y-innovacion","status":"publish","type":"page","link":"https:\/\/www3.unicentro.br\/eri\/es\/cooperacion-internacional\/proyetos-de-cooperacion-internacional\/investigacion-extension-y-innovacion\/","title":{"rendered":"Investigaci\u00f3n, Extens\u00edon y Innovaci\u00f3n"},"content":{"rendered":"<p>Se han desarrollado algunas acciones entre Unicentro e instituciones internacionales:<\/p>\n<p><strong>Apoyar el desarrollo y la mejora de la producci\u00f3n l\u00e1ctea de los productores paraguayos: <\/strong>actividad desarrollada en colaboraci\u00f3n con la Universidad Nacional de Canindey\u00fa (Paraguay), desde 2014. Profesores de Agronom\u00eda en Unicentro ha estado ayudando en la investigaci\u00f3n y las acciones desarrolladas para mejorar la producci\u00f3n l\u00e1ctea de las peque\u00f1as granjas paraguayas.<\/p>\n<p><strong>Curso de internacionalizaci\u00f3n y conciencia cultural de la lengua portuguesa:<\/strong> actividad desarrollada en colaboraci\u00f3n con la Universidad Veracruzana (M\u00e9xico), desde 2014. Profesores de Unicentro ha sido ense\u00f1ada sobre cultura y lengua portuguesa a la comunidad de la instituci\u00f3n mexicana.<\/p>\n<p><strong>N\u00facleo de Estudios Eslavos (Nees):<\/strong> Programa de extensi\u00f3n desarrollado en Unicentro, en el campus de Irati, por un equipo interdisciplinario de profesores y acad\u00e9micos. El N\u00facleo de Estudios Eslavos (Nees) busca dar visibilidad a la cultura eslava, examinando los aspectos culturales de los eslavos que emigraron a la regi\u00f3n centro-sur de Paran\u00e1.<\/p>\n<p>M\u00e1s informaci\u00f3n en <a href=\"https:\/\/www.facebook.com\/nees\">https:\/\/www.facebook.com\/nees<\/a>.<\/p>\n","protected":false},"excerpt":{"rendered":"<p>Se han desarrollado algunas acciones entre Unicentro e instituciones internacionales: Apoyar el desarrollo y la mejora de la producci\u00f3n l\u00e1ctea de los productores paraguayos: actividad desarrollada en colaboraci\u00f3n con la Universidad Nacional de Canindey\u00fa (Paraguay), desde 2014. Profesores de Agronom\u00eda en Unicentro ha estado ayudando en la investigaci\u00f3n y las acciones desarrolladas para mejorar la [&hellip;]<\/p>\n","protected":false},"author":3,"featured_media":0,"parent":1201,"menu_order":0,"comment_status":"closed","ping_status":"closed","template":"","meta":{"_exactmetrics_skip_tracking":false,"_exactmetrics_sitenote_active":false,"_exactmetrics_sitenote_note":"","_exactmetrics_sitenote_category":0,"footnotes":"","_links_to":"","_links_to_target":""},"class_list":["post-1209","page","type-page","status-publish","hentry"],"publishpress_future_action":{"enabled":false,"date":"2026-05-20 12:51:07","action":"change-status","newStatus":"draft","terms":[],"taxonomy":"language","extraData":[]},"publishpress_future_workflow_manual_trigger":{"enabledWorkflows":[]},"_links":{"self":[{"href":"https:\/\/www3.unicentro.br\/eri\/wp-json\/wp\/v2\/pages\/1209","targetHints":{"allow":["GET"]}}],"collection":[{"href":"https:\/\/www3.unicentro.br\/eri\/wp-json\/wp\/v2\/pages"}],"about":[{"href":"https:\/\/www3.unicentro.br\/eri\/wp-json\/wp\/v2\/types\/page"}],"author":[{"embeddable":true,"href":"https:\/\/www3.unicentro.br\/eri\/wp-json\/wp\/v2\/users\/3"}],"replies":[{"embeddable":true,"href":"https:\/\/www3.unicentro.br\/eri\/wp-json\/wp\/v2\/comments?post=1209"}],"version-history":[{"count":0,"href":"https:\/\/www3.unicentro.br\/eri\/wp-json\/wp\/v2\/pages\/1209\/revisions"}],"up":[{"embeddable":true,"href":"https:\/\/www3.unicentro.br\/eri\/wp-json\/wp\/v2\/pages\/1201"}],"wp:attachment":[{"href":"https:\/\/www3.unicentro.br\/eri\/wp-json\/wp\/v2\/media?parent=1209"}],"curies":[{"name":"wp","href":"https:\/\/api.w.org\/{rel}","templated":true}]}}