{"id":1204,"date":"2019-11-19T16:14:12","date_gmt":"2019-11-19T19:14:12","guid":{"rendered":"https:\/\/www3.unicentro.br\/eri\/?page_id=1204"},"modified":"2020-03-09T11:24:05","modified_gmt":"2020-03-09T14:24:05","slug":"posgrado","status":"publish","type":"page","link":"https:\/\/www3.unicentro.br\/eri\/es\/cooperacion-internacional\/proyetos-de-cooperacion-internacional\/posgrado\/","title":{"rendered":"Posgrado"},"content":{"rendered":"<p>Diferentes Programas de Cooperaci\u00f3n Internacional han beneficiado directamente a los estudiantes graduados, tales como:<\/p>\n<p><strong>Programa de Doctorado-Sandwich en el Exterior (PDSE)<\/strong>: financiado por Capes, el programa apoya la capacitaci\u00f3n de recursos humanos de alto nivel a trav\u00e9s de la concesi\u00f3n de becas de doctorado en el extranjero en instituciones de educaci\u00f3n superior con cursos de doctorado reconocidos por Capes.<br \/>\n<em>Sitio web:<\/em> <a href=\"http:\/\/www.capes.gov.br\/component\/content\/article?id=4561\">http:\/\/www.capes.gov.br\/component\/content\/article?id=4561<\/a><br \/>\n<em><strong>Participaci\u00f3n de Unicentro:<\/strong><\/em> estudiantes de doctorado ya han desarrollado parte de sus estudios en instituciones en el extranjero, tales como: University of Deakin (Australia), Victoria University (Australia), University of Manitoba (Canad\u00e1), Lakehead University (Canad\u00e1), Universidade do Porto (Portugal), Universidade de Coimbra (Portugal) y la Universidad de Bolonia (Italia).<\/p>\n<p><strong>Programa de Alianzas para la Educaci\u00f3n y la Formaci\u00f3n (Becas brasile\u00f1as &#8211; PAEC \/ OEA \/ GCUB): <\/strong>como resultado de la cooperaci\u00f3n entre la Organizaci\u00f3n de Estados Americanos (OEA), la Organizaci\u00f3n Panamericana de la Salud (OPS \/ OMS) y el Grupo Coimbra de Universidades Brasile\u00f1as (GCUB), con el apoyo de la Divisi\u00f3n de Asuntos Educativos del Ministerio de Relaciones Exteriores de Brasil (DCE \/ MRE). Es una de las iniciativas de cooperaci\u00f3n regional m\u00e1s importantes en el campo educativo para el desarrollo de Am\u00e9rica Latina y el Caribe). Su objetivo principal es contribuir a la integraci\u00f3n y el fortalecimiento regional de Am\u00e9rica a trav\u00e9s de la concesi\u00f3n de becas completas en programas de posgrado (maestr\u00edas y doctorados) en universidades brasile\u00f1as asociadas al GCUB a estudiantes de los 34 pa\u00edses miembros de la OEA, excepto Brasil.<br \/>\n<em>Sitio web:<\/em> <a href=\"http:\/\/www.grupocoimbra.org.br\/Programas\/PaginaProgramas.aspx?programaID=1\">http:\/\/www.grupocoimbra.org.br\/Programas\/PaginaProgramas.aspx?programaID=1<\/a><br \/>\n<em><strong>Participaci\u00f3n de Unicentro: <\/strong><\/em>los estudiantes de Bolivia, Chile, Colombia, Costa Rica, Hait\u00ed, Per\u00fa y Venezuela ya han completado (o han estado desarrollando) sus estudios en maestr\u00edas en Unicentro.<\/p>\n<p><strong>Programa de L\u00edderes Emergentes en las Am\u00e9ricas (ELAP):<\/strong> el programa otorga becas para que estudiantes de graduaci\u00f3n y postgrado de instituciones convenidas con universidades canadienses realicen movilidad de un semestre en Canad\u00e1.<br \/>\n<em>Sitio Web:<\/em> <a href=\"http:\/\/www.scholarships-bourses.gc.ca\/scholarships-bourses\/can\/institutions\/elap-pfla.aspx?lang=eng\">http:\/\/www.scholarships-bourses.gc.ca\/scholarships-bourses\/can\/institutions\/elap-pfla.aspx?lang=eng<\/a><br \/>\n<em><strong>Participaci\u00f3n de Unicentro:<\/strong><\/em> cooperaci\u00f3n con la University of Saskatchewan, la Universit\u00e9 du Qu\u00e9bec a Trois-Rivi\u00e8res y la Lakehead University.<\/p>\n","protected":false},"excerpt":{"rendered":"<p>Diferentes Programas de Cooperaci\u00f3n Internacional han beneficiado directamente a los estudiantes graduados, tales como: Programa de Doctorado-Sandwich en el Exterior (PDSE): financiado por Capes, el programa apoya la capacitaci\u00f3n de recursos humanos de alto nivel a trav\u00e9s de la concesi\u00f3n de becas de doctorado en el extranjero en instituciones de educaci\u00f3n superior con cursos de [&hellip;]<\/p>\n","protected":false},"author":3,"featured_media":0,"parent":1201,"menu_order":0,"comment_status":"closed","ping_status":"closed","template":"","meta":{"_exactmetrics_skip_tracking":false,"_exactmetrics_sitenote_active":false,"_exactmetrics_sitenote_note":"","_exactmetrics_sitenote_category":0,"footnotes":"","_links_to":"","_links_to_target":""},"class_list":["post-1204","page","type-page","status-publish","hentry"],"publishpress_future_action":{"enabled":false,"date":"2026-04-30 11:19:58","action":"change-status","newStatus":"draft","terms":[],"taxonomy":"language","extraData":[]},"publishpress_future_workflow_manual_trigger":{"enabledWorkflows":[]},"_links":{"self":[{"href":"https:\/\/www3.unicentro.br\/eri\/wp-json\/wp\/v2\/pages\/1204","targetHints":{"allow":["GET"]}}],"collection":[{"href":"https:\/\/www3.unicentro.br\/eri\/wp-json\/wp\/v2\/pages"}],"about":[{"href":"https:\/\/www3.unicentro.br\/eri\/wp-json\/wp\/v2\/types\/page"}],"author":[{"embeddable":true,"href":"https:\/\/www3.unicentro.br\/eri\/wp-json\/wp\/v2\/users\/3"}],"replies":[{"embeddable":true,"href":"https:\/\/www3.unicentro.br\/eri\/wp-json\/wp\/v2\/comments?post=1204"}],"version-history":[{"count":0,"href":"https:\/\/www3.unicentro.br\/eri\/wp-json\/wp\/v2\/pages\/1204\/revisions"}],"up":[{"embeddable":true,"href":"https:\/\/www3.unicentro.br\/eri\/wp-json\/wp\/v2\/pages\/1201"}],"wp:attachment":[{"href":"https:\/\/www3.unicentro.br\/eri\/wp-json\/wp\/v2\/media?parent=1204"}],"curies":[{"name":"wp","href":"https:\/\/api.w.org\/{rel}","templated":true}]}}