{"id":1201,"date":"2019-11-19T16:11:18","date_gmt":"2019-11-19T19:11:18","guid":{"rendered":"https:\/\/www3.unicentro.br\/eri\/?page_id=1201"},"modified":"2020-03-09T11:19:59","modified_gmt":"2020-03-09T14:19:59","slug":"proyetos-de-cooperacion-internacional","status":"publish","type":"page","link":"https:\/\/www3.unicentro.br\/eri\/es\/cooperacion-internacional\/proyetos-de-cooperacion-internacional\/","title":{"rendered":"Proyectos de Cooperaci\u00f3n Internacional"},"content":{"rendered":"<div class=\"wpb-content-wrapper\"><p>[vc_row][vc_column][vc_column_text]En la \u00faltima d\u00e9cada, las acciones internacionales en Unicentro tuvieron un crecimiento considerable, estimulado por la expansi\u00f3n institucional: un aumento del 418% en el n\u00famero de profesores; un aumento del 326% en el n\u00famero de proyectos de investigaci\u00f3n; un aumento del 466% en proyectos de investigaci\u00f3n con apoyo financiero (solo en los \u00faltimos 5 a\u00f1os); un aumento del 108% en proyectos de extensi\u00f3n, un aumento del 212% de las inversiones de las agencias de desarrollo en los programas de extensi\u00f3n de la universidad; y creaci\u00f3n de 23 programas de posgrado, incluyendo 17 maestr\u00edas y 6 doctorados.<\/p>\n<p>A medida que estos n\u00fameros aumentaron sucesivamente, Unicentro ampli\u00f3 su experiencia, permitiendo a la universidad presentar propuestas in convocatorias gubernamentales, como la Agencia para la Mejora del Personal de Nivel Superior (Capes), el Consejo Nacional para el Desarrollo Cient\u00edfico y Tecnol\u00f3gico (CNPq), el Ministerio de Educaci\u00f3n (MEC), el Ministerio de Ciencia y Tecnolog\u00eda (MCTIC), y tambi\u00e9n agencias del Estado de Paran\u00e1 como, por ejemplo, la Secretar\u00eda de Ciencia, Tecnolog\u00eda y Educaci\u00f3n Superior (Seti) y la Fundaci\u00f3n Arauc\u00e1ria para el Apoyo al Desarrollo Cient\u00edfico y Tecnol\u00f3gico del Estado de Paran\u00e1<\/p>\n<p>Por medio de estas convocatorias, Unicentro ha participado en diferentes programas de cooperaci\u00f3n internacional.[\/vc_column_text][vc_row_inner][vc_column_inner width=&#8221;1\/6&#8243;][\/vc_column_inner][vc_column_inner width=&#8221;1\/3&#8243;][vc_btn title=&#8221;Undergraduate Programs&#8221; style=&#8221;flat&#8221; shape=&#8221;square&#8221; color=&#8221;sandy-brown&#8221; size=&#8221;sm&#8221; align=&#8221;center&#8221; button_block=&#8221;true&#8221; link=&#8221;url:http%3A%2F%2Fwww3.unicentro.br%2Feri%2Fen%2Finternational-cooperation%2Factions%2Fundergraduate%2F|||&#8221;][\/vc_column_inner][vc_column_inner width=&#8221;1\/3&#8243;][vc_btn title=&#8221;Graduate Programs&#8221; style=&#8221;flat&#8221; shape=&#8221;square&#8221; color=&#8221;sandy-brown&#8221; size=&#8221;sm&#8221; align=&#8221;center&#8221; button_block=&#8221;true&#8221; link=&#8221;url:http%3A%2F%2Fwww3.unicentro.br%2Feri%2Fen%2Finternational-cooperation%2Factions%2Fgraduate%2F|||&#8221;][\/vc_column_inner][vc_column_inner width=&#8221;1\/6&#8243;][\/vc_column_inner][\/vc_row_inner][vc_row_inner][vc_column_inner width=&#8221;1\/3&#8243;][\/vc_column_inner][vc_column_inner width=&#8221;1\/3&#8243;][vc_btn title=&#8221;Research, Community Engagement and Innovation&#8221; style=&#8221;flat&#8221; shape=&#8221;square&#8221; color=&#8221;sandy-brown&#8221; size=&#8221;sm&#8221; align=&#8221;center&#8221; button_block=&#8221;true&#8221; link=&#8221;url:http%3A%2F%2Fwww3.unicentro.br%2Feri%2Fen%2Finternational-cooperation%2Factions%2Fresearch-extension-and-innovation%2F|||&#8221;][\/vc_column_inner][vc_column_inner width=&#8221;1\/3&#8243;][\/vc_column_inner][\/vc_row_inner][\/vc_column][\/vc_row]<\/p>\n<\/div>","protected":false},"excerpt":{"rendered":"<p>[vc_row][vc_column][vc_column_text]En la \u00faltima d\u00e9cada, las acciones internacionales en Unicentro tuvieron un crecimiento considerable, estimulado por la expansi\u00f3n institucional: un aumento del 418% en el n\u00famero de profesores; un aumento del 326% en el n\u00famero de proyectos de investigaci\u00f3n; un aumento del 466% en proyectos de investigaci\u00f3n con apoyo financiero (solo en los \u00faltimos 5 a\u00f1os); [&hellip;]<\/p>\n","protected":false},"author":3,"featured_media":0,"parent":1225,"menu_order":0,"comment_status":"closed","ping_status":"closed","template":"","meta":{"_exactmetrics_skip_tracking":false,"_exactmetrics_sitenote_active":false,"_exactmetrics_sitenote_note":"","_exactmetrics_sitenote_category":0,"footnotes":"","_links_to":"","_links_to_target":""},"class_list":["post-1201","page","type-page","status-publish","hentry"],"publishpress_future_action":{"enabled":false,"date":"2026-04-30 08:44:45","action":"change-status","newStatus":"draft","terms":[],"taxonomy":"language","extraData":[]},"publishpress_future_workflow_manual_trigger":{"enabledWorkflows":[]},"_links":{"self":[{"href":"https:\/\/www3.unicentro.br\/eri\/wp-json\/wp\/v2\/pages\/1201","targetHints":{"allow":["GET"]}}],"collection":[{"href":"https:\/\/www3.unicentro.br\/eri\/wp-json\/wp\/v2\/pages"}],"about":[{"href":"https:\/\/www3.unicentro.br\/eri\/wp-json\/wp\/v2\/types\/page"}],"author":[{"embeddable":true,"href":"https:\/\/www3.unicentro.br\/eri\/wp-json\/wp\/v2\/users\/3"}],"replies":[{"embeddable":true,"href":"https:\/\/www3.unicentro.br\/eri\/wp-json\/wp\/v2\/comments?post=1201"}],"version-history":[{"count":0,"href":"https:\/\/www3.unicentro.br\/eri\/wp-json\/wp\/v2\/pages\/1201\/revisions"}],"up":[{"embeddable":true,"href":"https:\/\/www3.unicentro.br\/eri\/wp-json\/wp\/v2\/pages\/1225"}],"wp:attachment":[{"href":"https:\/\/www3.unicentro.br\/eri\/wp-json\/wp\/v2\/media?parent=1201"}],"curies":[{"name":"wp","href":"https:\/\/api.w.org\/{rel}","templated":true}]}}