{"id":1199,"date":"2019-11-19T15:46:33","date_gmt":"2019-11-19T18:46:33","guid":{"rendered":"https:\/\/www3.unicentro.br\/eri\/?page_id=1199"},"modified":"2019-11-19T15:46:33","modified_gmt":"2019-11-19T18:46:33","slug":"redes","status":"publish","type":"page","link":"https:\/\/www3.unicentro.br\/eri\/es\/cooperacion-internacional\/convenios-bilaterales\/redes\/","title":{"rendered":"Redes"},"content":{"rendered":"<ul>\n<li><strong>Grupo Coimbra de Universidades Brasile\u00f1as (GCUB):<\/strong> una asociaci\u00f3n civil privada sin fines de lucro, con car\u00e1cter acad\u00e9mico, cient\u00edfico y cultural, compuesta por 83 instituciones brasile\u00f1as de educaci\u00f3n superior.<br \/>\nSitio web: <a href=\"http:\/\/www.grupocoimbra.org.br\/\">http:\/\/www.grupocoimbra.org.br\/<\/a><\/li>\n<li><strong>Asociaci\u00f3n Brasile\u00f1a de Educaci\u00f3n Internacional (FAUBAI):<\/strong> fundada en 1988, re\u00fane a m\u00e1s de 180 gerentes y otras partes responsables de los asuntos internacionales y promueve la integraci\u00f3n y capacitaci\u00f3n de gerentes de \u00e1rea a trav\u00e9s de seminarios, talleres y reuniones regionales y nacionales. Adem\u00e1s, FAUBAI tambi\u00e9n revela la diversidad y el potencial de las IES brasile\u00f1as junto con agencias de financiaci\u00f3n, misiones diplom\u00e1ticas y programas y organizaciones internacionales.<br \/>\nSitio web: <a href=\"http:\/\/faubai.org.br\/pt-br\/\">http:\/\/faubai.org.br\/pt-br\/<\/a><\/li>\n<li><strong>Red Zicosur:<\/strong> red creada para promover el intercambio de experiencias en metodolog\u00edas de Educaci\u00f3n, Investigaci\u00f3n y Extensi\u00f3n, con el fin de consolidar la tem\u00e1tica de la ense\u00f1anza y la investigaci\u00f3n, como herramienta de integraci\u00f3n regional y cooperaci\u00f3n acad\u00e9mica.<br \/>\nSitio web: <a href=\"https:\/\/zicosur.wordpress.com\/\">https:\/\/zicosur.wordpress.com\/<\/a><\/li>\n<\/ul>\n","protected":false},"excerpt":{"rendered":"<p>Grupo Coimbra de Universidades Brasile\u00f1as (GCUB): una asociaci\u00f3n civil privada sin fines de lucro, con car\u00e1cter acad\u00e9mico, cient\u00edfico y cultural, compuesta por 83 instituciones brasile\u00f1as de educaci\u00f3n superior. Sitio web: http:\/\/www.grupocoimbra.org.br\/ Asociaci\u00f3n Brasile\u00f1a de Educaci\u00f3n Internacional (FAUBAI): fundada en 1988, re\u00fane a m\u00e1s de 180 gerentes y otras partes responsables de los asuntos internacionales y [&hellip;]<\/p>\n","protected":false},"author":3,"featured_media":0,"parent":1177,"menu_order":0,"comment_status":"closed","ping_status":"closed","template":"","meta":{"_exactmetrics_skip_tracking":false,"_exactmetrics_sitenote_active":false,"_exactmetrics_sitenote_note":"","_exactmetrics_sitenote_category":0,"footnotes":"","_links_to":"","_links_to_target":""},"class_list":["post-1199","page","type-page","status-publish","hentry"],"publishpress_future_action":{"enabled":false,"date":"2026-04-30 20:04:29","action":"change-status","newStatus":"draft","terms":[],"taxonomy":"language","extraData":[]},"publishpress_future_workflow_manual_trigger":{"enabledWorkflows":[]},"_links":{"self":[{"href":"https:\/\/www3.unicentro.br\/eri\/wp-json\/wp\/v2\/pages\/1199","targetHints":{"allow":["GET"]}}],"collection":[{"href":"https:\/\/www3.unicentro.br\/eri\/wp-json\/wp\/v2\/pages"}],"about":[{"href":"https:\/\/www3.unicentro.br\/eri\/wp-json\/wp\/v2\/types\/page"}],"author":[{"embeddable":true,"href":"https:\/\/www3.unicentro.br\/eri\/wp-json\/wp\/v2\/users\/3"}],"replies":[{"embeddable":true,"href":"https:\/\/www3.unicentro.br\/eri\/wp-json\/wp\/v2\/comments?post=1199"}],"version-history":[{"count":0,"href":"https:\/\/www3.unicentro.br\/eri\/wp-json\/wp\/v2\/pages\/1199\/revisions"}],"up":[{"embeddable":true,"href":"https:\/\/www3.unicentro.br\/eri\/wp-json\/wp\/v2\/pages\/1177"}],"wp:attachment":[{"href":"https:\/\/www3.unicentro.br\/eri\/wp-json\/wp\/v2\/media?parent=1199"}],"curies":[{"name":"wp","href":"https:\/\/api.w.org\/{rel}","templated":true}]}}