{"id":1197,"date":"2019-11-19T15:45:15","date_gmt":"2019-11-19T18:45:15","guid":{"rendered":"https:\/\/www3.unicentro.br\/eri\/?page_id=1197"},"modified":"2019-11-19T15:45:15","modified_gmt":"2019-11-19T18:45:15","slug":"otras-instituciones","status":"publish","type":"page","link":"https:\/\/www3.unicentro.br\/eri\/es\/cooperacion-internacional\/convenios-bilaterales\/otras-instituciones\/","title":{"rendered":"Otras Instituciones"},"content":{"rendered":"<div class=\"wpb-content-wrapper\"><p>[vc_row][vc_column][vc_tta_accordion style=&#8221;flat&#8221; shape=&#8221;square&#8221; spacing=&#8221;2&#8243; active_section=&#8221;100&#8243; no_fill=&#8221;true&#8221; collapsible_all=&#8221;true&#8221;][vc_tta_section title=&#8221;Europa&#8221; tab_id=&#8221;1536596704920-c6a8d651-d64f&#8221;][vc_column_text]<\/p>\n<table class=\" aligncenter\" style=\"width: 80%\">\n<thead>\n<tr>\n<td>PA\u00cdS<\/td>\n<td>INSTITUCI\u00cdON<\/td>\n<td>VENCIMIENTO<\/td>\n<\/tr>\n<\/thead>\n<tbody>\n<tr>\n<th>INGLATERRA<\/th>\n<td>\n<p class=\"p1\"><a href=\"http:\/\/nhm.ac.uk\/\">Museu de Hist\u00f3ria Natural<\/a><\/p>\n<\/td>\n<td>02\/12\/2021<\/td>\n<\/tr>\n<\/tbody>\n<\/table>\n<p>[\/vc_column_text][\/vc_tta_section][\/vc_tta_accordion][\/vc_column][\/vc_row]<\/p>\n<\/div>","protected":false},"excerpt":{"rendered":"<p>[vc_row][vc_column][vc_tta_accordion style=&#8221;flat&#8221; shape=&#8221;square&#8221; spacing=&#8221;2&#8243; active_section=&#8221;100&#8243; no_fill=&#8221;true&#8221; collapsible_all=&#8221;true&#8221;][vc_tta_section title=&#8221;Europa&#8221; tab_id=&#8221;1536596704920-c6a8d651-d64f&#8221;][vc_column_text] PA\u00cdS INSTITUCI\u00cdON VENCIMIENTO INGLATERRA Museu de Hist\u00f3ria Natural 02\/12\/2021 [\/vc_column_text][\/vc_tta_section][\/vc_tta_accordion][\/vc_column][\/vc_row]<\/p>\n","protected":false},"author":3,"featured_media":0,"parent":1177,"menu_order":0,"comment_status":"closed","ping_status":"closed","template":"","meta":{"_exactmetrics_skip_tracking":false,"_exactmetrics_sitenote_active":false,"_exactmetrics_sitenote_note":"","_exactmetrics_sitenote_category":0,"footnotes":"","_links_to":"","_links_to_target":""},"class_list":["post-1197","page","type-page","status-publish","hentry"],"publishpress_future_action":{"enabled":false,"date":"2026-04-13 11:21:01","action":"change-status","newStatus":"draft","terms":[],"taxonomy":"language","extraData":[]},"publishpress_future_workflow_manual_trigger":{"enabledWorkflows":[]},"_links":{"self":[{"href":"https:\/\/www3.unicentro.br\/eri\/wp-json\/wp\/v2\/pages\/1197","targetHints":{"allow":["GET"]}}],"collection":[{"href":"https:\/\/www3.unicentro.br\/eri\/wp-json\/wp\/v2\/pages"}],"about":[{"href":"https:\/\/www3.unicentro.br\/eri\/wp-json\/wp\/v2\/types\/page"}],"author":[{"embeddable":true,"href":"https:\/\/www3.unicentro.br\/eri\/wp-json\/wp\/v2\/users\/3"}],"replies":[{"embeddable":true,"href":"https:\/\/www3.unicentro.br\/eri\/wp-json\/wp\/v2\/comments?post=1197"}],"version-history":[{"count":0,"href":"https:\/\/www3.unicentro.br\/eri\/wp-json\/wp\/v2\/pages\/1197\/revisions"}],"up":[{"embeddable":true,"href":"https:\/\/www3.unicentro.br\/eri\/wp-json\/wp\/v2\/pages\/1177"}],"wp:attachment":[{"href":"https:\/\/www3.unicentro.br\/eri\/wp-json\/wp\/v2\/media?parent=1197"}],"curies":[{"name":"wp","href":"https:\/\/api.w.org\/{rel}","templated":true}]}}