{"id":1194,"date":"2019-11-19T15:12:11","date_gmt":"2019-11-19T18:12:11","guid":{"rendered":"https:\/\/www3.unicentro.br\/eri\/?page_id=1194"},"modified":"2023-07-28T15:19:10","modified_gmt":"2023-07-28T18:19:10","slug":"oceania","status":"publish","type":"page","link":"https:\/\/www3.unicentro.br\/eri\/es\/cooperacion-internacional\/convenios-bilaterales\/universidades-y-facultades\/oceania\/","title":{"rendered":"Ocean\u00eda"},"content":{"rendered":"<div class=\"wpb-content-wrapper\"><p>[vc_row][vc_column][vc_column_text]<\/p>\n<table style=\"width: 90%\">\n<colgroup>\n<col width=\"15%\" \/>\n<col width=\"70%\" \/>\n<col width=\"15%\" \/><\/colgroup>\n<thead>\n<tr>\n<td style=\"text-align: center;width: 14.881%\">PA\u00cdS<\/td>\n<td style=\"text-align: center;width: 69.5106%\">INSTITUICI\u00d3N<\/td>\n<\/tr>\n<\/thead>\n<tbody>\n<tr>\n<th style=\"text-align: center;width: 14.881%\" rowspan=\"3\">Austr\u00e1lia<\/th>\n<td style=\"text-align: center;width: 69.5106%\"><a href=\"http:\/\/www.deakin.edu.au\/\">University of Deakin<\/a><\/td>\n<\/tr>\n<tr>\n<td style=\"text-align: center;width: 69.5106%\"><a href=\"https:\/\/www.une.edu.au\/\">University of New England<\/a><\/td>\n<\/tr>\n<tr>\n<td style=\"text-align: center;width: 69.5106%\"><a href=\"https:\/\/www.usc.edu.au\">University of the Sunshine Coast<\/a><\/td>\n<\/tr>\n<\/tbody>\n<\/table>\n<p>[\/vc_column_text][\/vc_column][\/vc_row]<\/p>\n<\/div>","protected":false},"excerpt":{"rendered":"<p>[vc_row][vc_column][vc_column_text] PA\u00cdS INSTITUICI\u00d3N Austr\u00e1lia University of Deakin University of New England University of the Sunshine Coast [\/vc_column_text][\/vc_column][\/vc_row]<\/p>\n","protected":false},"author":3,"featured_media":0,"parent":1179,"menu_order":0,"comment_status":"closed","ping_status":"closed","template":"","meta":{"_exactmetrics_skip_tracking":false,"_exactmetrics_sitenote_active":false,"_exactmetrics_sitenote_note":"","_exactmetrics_sitenote_category":0,"footnotes":"","_links_to":"","_links_to_target":""},"class_list":["post-1194","page","type-page","status-publish","hentry"],"publishpress_future_action":{"enabled":false,"date":"2026-04-30 18:35:49","action":"change-status","newStatus":"draft","terms":[],"taxonomy":"language","extraData":[]},"publishpress_future_workflow_manual_trigger":{"enabledWorkflows":[]},"_links":{"self":[{"href":"https:\/\/www3.unicentro.br\/eri\/wp-json\/wp\/v2\/pages\/1194","targetHints":{"allow":["GET"]}}],"collection":[{"href":"https:\/\/www3.unicentro.br\/eri\/wp-json\/wp\/v2\/pages"}],"about":[{"href":"https:\/\/www3.unicentro.br\/eri\/wp-json\/wp\/v2\/types\/page"}],"author":[{"embeddable":true,"href":"https:\/\/www3.unicentro.br\/eri\/wp-json\/wp\/v2\/users\/3"}],"replies":[{"embeddable":true,"href":"https:\/\/www3.unicentro.br\/eri\/wp-json\/wp\/v2\/comments?post=1194"}],"version-history":[{"count":0,"href":"https:\/\/www3.unicentro.br\/eri\/wp-json\/wp\/v2\/pages\/1194\/revisions"}],"up":[{"embeddable":true,"href":"https:\/\/www3.unicentro.br\/eri\/wp-json\/wp\/v2\/pages\/1179"}],"wp:attachment":[{"href":"https:\/\/www3.unicentro.br\/eri\/wp-json\/wp\/v2\/media?parent=1194"}],"curies":[{"name":"wp","href":"https:\/\/api.w.org\/{rel}","templated":true}]}}