{"id":1192,"date":"2019-11-19T15:09:31","date_gmt":"2019-11-19T18:09:31","guid":{"rendered":"https:\/\/www3.unicentro.br\/eri\/?page_id=1192"},"modified":"2023-07-28T15:16:34","modified_gmt":"2023-07-28T18:16:34","slug":"america-del-norte","status":"publish","type":"page","link":"https:\/\/www3.unicentro.br\/eri\/es\/cooperacion-internacional\/convenios-bilaterales\/universidades-y-facultades\/america-del-norte\/","title":{"rendered":"Am\u00e9rica del Norte"},"content":{"rendered":"<div class=\"wpb-content-wrapper\"><p>[vc_row][vc_column][vc_column_text]<\/p>\n<table style=\"width: 90%\">\n<colgroup>\n<col width=\"15%\" \/>\n<col width=\"70%\" \/>\n<col width=\"15%\" \/><\/colgroup>\n<thead>\n<tr>\n<td style=\"text-align: center;width: 14.8965%\">PA\u00cdS<\/td>\n<td style=\"text-align: center;width: 69.5391%\">INSTITUICI\u00d3N<\/td>\n<\/tr>\n<\/thead>\n<tbody>\n<tr>\n<th style=\"text-align: center;width: 14.8965%\" rowspan=\"3\">Canada<\/th>\n<td style=\"text-align: center;width: 69.5391%\"><a href=\"http:\/\/www.uqtr.ca\/\">Universit\u00e9 du Qu\u00e9bec \u00e0 Trois-Rivi\u00e8res<\/a><\/td>\n<\/tr>\n<tr>\n<td style=\"text-align: center;width: 69.5391%\"><a href=\"https:\/\/www.usask.ca\/\">University of Saskatchewan<\/a><\/td>\n<\/tr>\n<tr>\n<td style=\"text-align: center;width: 69.5391%\"><a href=\"https:\/\/www.lakeheadu.ca\/\">University of Lakehead<\/a><\/td>\n<\/tr>\n<tr>\n<th style=\"text-align: center;width: 14.8965%\" rowspan=\"3\">Estados Unidos<\/th>\n<td style=\"text-align: center;width: 69.5391%\"><a href=\"https:\/\/nau.edu\/\">Northen Arizona University<\/a><\/td>\n<\/tr>\n<tr>\n<td style=\"text-align: center;width: 69.5391%\"><a href=\"http:\/\/www.uwplatt.edu\/\">University of Wisconsin \u2013 Platteville<\/a><\/td>\n<\/tr>\n<tr>\n<td style=\"text-align: center;width: 69.5391%\"><a href=\"https:\/\/www.bluefieldstate.edu\/\">Bluefield State College<\/a><\/td>\n<\/tr>\n<\/tbody>\n<\/table>\n<p>[\/vc_column_text][\/vc_column][\/vc_row]<\/p>\n<\/div>","protected":false},"excerpt":{"rendered":"<p>[vc_row][vc_column][vc_column_text] PA\u00cdS INSTITUICI\u00d3N Canada Universit\u00e9 du Qu\u00e9bec \u00e0 Trois-Rivi\u00e8res University of Saskatchewan University of Lakehead Estados Unidos Northen Arizona University University of Wisconsin \u2013 Platteville Bluefield State College [\/vc_column_text][\/vc_column][\/vc_row]<\/p>\n","protected":false},"author":3,"featured_media":0,"parent":1179,"menu_order":0,"comment_status":"closed","ping_status":"closed","template":"","meta":{"_exactmetrics_skip_tracking":false,"_exactmetrics_sitenote_active":false,"_exactmetrics_sitenote_note":"","_exactmetrics_sitenote_category":0,"footnotes":"","_links_to":"","_links_to_target":""},"class_list":["post-1192","page","type-page","status-publish","hentry"],"publishpress_future_action":{"enabled":false,"date":"2026-04-30 09:46:21","action":"change-status","newStatus":"draft","terms":[],"taxonomy":"language","extraData":[]},"publishpress_future_workflow_manual_trigger":{"enabledWorkflows":[]},"_links":{"self":[{"href":"https:\/\/www3.unicentro.br\/eri\/wp-json\/wp\/v2\/pages\/1192","targetHints":{"allow":["GET"]}}],"collection":[{"href":"https:\/\/www3.unicentro.br\/eri\/wp-json\/wp\/v2\/pages"}],"about":[{"href":"https:\/\/www3.unicentro.br\/eri\/wp-json\/wp\/v2\/types\/page"}],"author":[{"embeddable":true,"href":"https:\/\/www3.unicentro.br\/eri\/wp-json\/wp\/v2\/users\/3"}],"replies":[{"embeddable":true,"href":"https:\/\/www3.unicentro.br\/eri\/wp-json\/wp\/v2\/comments?post=1192"}],"version-history":[{"count":0,"href":"https:\/\/www3.unicentro.br\/eri\/wp-json\/wp\/v2\/pages\/1192\/revisions"}],"up":[{"embeddable":true,"href":"https:\/\/www3.unicentro.br\/eri\/wp-json\/wp\/v2\/pages\/1179"}],"wp:attachment":[{"href":"https:\/\/www3.unicentro.br\/eri\/wp-json\/wp\/v2\/media?parent=1192"}],"curies":[{"name":"wp","href":"https:\/\/api.w.org\/{rel}","templated":true}]}}