{"id":1189,"date":"2019-11-19T15:07:18","date_gmt":"2019-11-19T18:07:18","guid":{"rendered":"https:\/\/www3.unicentro.br\/eri\/?page_id=1189"},"modified":"2023-10-04T14:34:06","modified_gmt":"2023-10-04T17:34:06","slug":"america-latina-y-el-caribe","status":"publish","type":"page","link":"https:\/\/www3.unicentro.br\/eri\/es\/cooperacion-internacional\/convenios-bilaterales\/universidades-y-facultades\/america-latina-y-el-caribe\/","title":{"rendered":"Am\u00e9rica Latina y el Caribe"},"content":{"rendered":"<div class=\"wpb-content-wrapper\"><p>[vc_row][vc_column][vc_column_text]<\/p>\n<table class=\" aligncenter\" style=\"width: 90%\">\n<colgroup>\n<col width=\"15%\" \/>\n<col width=\"70%\" \/>\n<col width=\"15%\" \/><\/colgroup>\n<thead>\n<tr>\n<td style=\"text-align: center;width: 7.94923%\">PA\u00cdS<\/td>\n<td style=\"text-align: center;width: 37.2745%\">INSTITUICI\u00d3N<\/td>\n<\/tr>\n<\/thead>\n<tbody>\n<tr>\n<th style=\"text-align: center;width: 7.94923%\" rowspan=\"10\">Argentina<\/th>\n<td style=\"text-align: center;width: 37.2745%\">\n<p class=\"p1\"><a href=\"http:\/\/www.frc.utn.edu.ar\/\">Universidad Tecnol\u00f3gica Nacional \u2013 Facultad Regional C\u00f3rdoba<\/a><\/p>\n<\/td>\n<\/tr>\n<tr>\n<td style=\"text-align: center;width: 37.2745%\">\n<p class=\"p1\"><a href=\"https:\/\/www.unam.edu.ar\/\">Universidad Nacional de Misi\u00f3nes<\/a><\/p>\n<\/td>\n<\/tr>\n<tr>\n<td style=\"text-align: center;width: 37.2745%\">\n<p class=\"p1\"><a href=\"http:\/\/www.undec.edu.ar\/\">Universidad Nacional de Chilecito<\/a><\/p>\n<\/td>\n<\/tr>\n<tr>\n<td style=\"text-align: center;width: 37.2745%\">\n<p class=\"p1\"><a href=\"http:\/\/www.unse.edu.ar\/\">Universidade Nacional de Santiago del Estero<\/a><\/p>\n<\/td>\n<\/tr>\n<tr>\n<td style=\"text-align: center;width: 37.2745%\">\n<p class=\"p1\"><a href=\"http:\/\/www.umaza.edu.ar\/\">Universidad Agust\u00edn Maza<\/a><\/p>\n<\/td>\n<\/tr>\n<tr>\n<td style=\"text-align: center;width: 37.2745%\">\n<p class=\"p1\"><a href=\"http:\/\/www.ucse.edu.ar\/semucse\/\">Universidad Catolica de Santiago Del Estero<\/a><\/p>\n<\/td>\n<\/tr>\n<tr>\n<td style=\"text-align: center;width: 37.2745%\">\n<p class=\"p1\"><a href=\"https:\/\/www.unau.edu.ar\/\">Universidad Nacional del Alto Uruguay<\/a><\/p>\n<\/td>\n<\/tr>\n<tr>\n<td style=\"text-align: center;width: 37.2745%\">\n<p class=\"p1\"><a href=\"http:\/\/www.uncoma.edu.ar\">Universidad Nacional del Comahue<\/a><\/p>\n<\/td>\n<\/tr>\n<tr>\n<td style=\"text-align: center;width: 37.2745%\">\n<p class=\"p1\"><a href=\"https:\/\/www.unvm.edu.ar\">Universidad Nacional Villa Maria<\/a><\/p>\n<\/td>\n<\/tr>\n<tr>\n<td style=\"text-align: center;width: 37.2745%\">\n<p class=\"p1\"><a href=\"http:\/\/www.unne.edu.ar\/\">Universidad Nacional del Nordeste<\/a><\/p>\n<\/td>\n<\/tr>\n<tr>\n<th style=\"text-align: center;width: 7.94923%\"><\/th>\n<td style=\"text-align: center;width: 37.2745%\"><a href=\"https:\/\/elegi.unnoba.edu.ar\/\">Universidad Nacional del Noroeste de la Provincia de Buenos Aires (UNNOBA)<\/a><\/td>\n<\/tr>\n<tr>\n<th style=\"text-align: center;width: 7.94923%\" rowspan=\"2\">Bolivia<\/th>\n<td style=\"text-align: center;width: 37.2745%\">\n<p class=\"p1\"><a href=\"http:\/\/www.uatf.edu.bo\/\">Universidad Aut\u00f3noma Tom\u00e1z Fr\u00edas<\/a><\/p>\n<\/td>\n<\/tr>\n<tr>\n<td style=\"text-align: center;width: 37.2745%\">\n<p class=\"p1\"><a href=\"http:\/\/www.utepsa.edu\/\">Universidad Tecnol\u00f3gica Privada de Santa Cruz<\/a><\/p>\n<\/td>\n<\/tr>\n<tr>\n<th style=\"text-align: center;width: 7.94923%\" rowspan=\"2\">Chile<\/th>\n<td style=\"text-align: center;width: 37.2745%\">\n<p class=\"p1\"><a href=\"http:\/\/www.upla.cl\/portada\/\">Universidad de Playa Ancha de Ciencias de la Educaci\u00f3n<\/a><\/p>\n<\/td>\n<\/tr>\n<tr>\n<td style=\"text-align: center;width: 37.2745%\">\n<p class=\"p1\"><a href=\"https:\/\/www.uach.cl\/\">Universidad Austral de Chile<\/a><\/p>\n<\/td>\n<\/tr>\n<tr>\n<th style=\"text-align: center;width: 7.94923%\" rowspan=\"2\">Colombia<\/th>\n<td style=\"text-align: center;width: 37.2745%\">\n<p class=\"p1\"><a href=\"http:\/\/www.ucc.edu.co\/Paginas\/inicio.aspx\">Universidad Cooperativa de Colombia<\/a><\/p>\n<\/td>\n<\/tr>\n<tr>\n<td style=\"text-align: center;width: 37.2745%\">\n<p class=\"p1\"><a href=\"http:\/\/unal.edu.co\/\">Universidad Nacional de Colombia<\/a><\/p>\n<\/td>\n<\/tr>\n<tr>\n<th style=\"text-align: center;width: 7.94923%\" rowspan=\"4\">Cuba<\/th>\n<td style=\"text-align: center;width: 37.2745%\">\n<p class=\"p1\"><a href=\"http:\/\/www.uh.cu\/\">Universidad de la Habana<\/a><\/p>\n<\/td>\n<\/tr>\n<tr>\n<td style=\"text-align: center;width: 37.2745%\">\n<p class=\"p1\"><a href=\"http:\/\/www.instec.cu\/index.php\/en\">Instituto Superior de Tecnolog\u00edas y Ciencias Aplicadas<\/a><\/p>\n<\/td>\n<\/tr>\n<tr>\n<td style=\"text-align: center;width: 37.2745%\">\n<p class=\"p1\"><a href=\"https:\/\/www.uci.cu\/\">Universidad de las Ciencias Inform\u00e1ticas<\/a><\/p>\n<\/td>\n<\/tr>\n<tr>\n<td style=\"text-align: center;width: 37.2745%\">\n<p class=\"p1\"><a href=\"http:\/\/www.unah.edu.cu\/\">Universidad Agraria de La Habana<\/a><\/p>\n<\/td>\n<\/tr>\n<tr>\n<th style=\"text-align: center;width: 7.94923%\" rowspan=\"2\">M\u00e9xico<\/th>\n<td style=\"text-align: center;width: 37.2745%\">\n<p class=\"p1\"><a href=\"https:\/\/www.uaemex.mx\">Universidad Aut\u00f3noma del Estado de M\u00e9xico<\/a><\/p>\n<\/td>\n<\/tr>\n<tr>\n<td style=\"text-align: center;width: 37.2745%\">\n<p class=\"p1\"><a href=\"https:\/\/www.uv.mx\/\">Universidad Veracruzana<\/a><\/p>\n<\/td>\n<\/tr>\n<tr>\n<th style=\"text-align: center;width: 7.94923%\">Panama<\/th>\n<td style=\"text-align: center;width: 37.2745%\">\n<p class=\"p1\"><a href=\"https:\/\/utp.ac.pa\/\">UNIVERSIDAD TECNOL\u00d3GICA DE PANAM\u00c1 &#8211; UTP<\/a><\/p>\n<\/td>\n<\/tr>\n<tr>\n<th style=\"text-align: center;width: 7.94923%\" rowspan=\"4\">Paraguay<\/th>\n<td style=\"text-align: center;width: 37.2745%\">\n<p class=\"p1\"><a href=\"http:\/\/une.edu.py\/web\/index.php\">Universidad Nacional del Este<\/a><\/p>\n<\/td>\n<\/tr>\n<tr>\n<td style=\"text-align: center;width: 37.2745%\">\n<p class=\"p1\"><a href=\"http:\/\/unican.edu.py\/v8\/\">Universidad Nacional de Canindey\u00fa<\/a><\/p>\n<\/td>\n<\/tr>\n<tr>\n<td style=\"text-align: center;width: 37.2745%\">\n<p class=\"p1\"><a href=\"http:\/\/unp.edu.py\/\">Universidad Nacional de Pilar<\/a><\/p>\n<\/td>\n<\/tr>\n<tr>\n<td style=\"text-align: center;width: 37.2745%\">\n<p class=\"p1\"><a href=\"http:\/\/www.una.py\/\">Universidad Nacional de Asunci\u00f3n<\/a><\/p>\n<\/td>\n<\/tr>\n<\/tbody>\n<\/table>\n<p>[\/vc_column_text][\/vc_column][\/vc_row]<\/p>\n<\/div>","protected":false},"excerpt":{"rendered":"<p>[vc_row][vc_column][vc_column_text] PA\u00cdS INSTITUICI\u00d3N Argentina Universidad Tecnol\u00f3gica Nacional \u2013 Facultad Regional C\u00f3rdoba Universidad Nacional de Misi\u00f3nes Universidad Nacional de Chilecito Universidade Nacional de Santiago del Estero Universidad Agust\u00edn Maza Universidad Catolica de Santiago Del Estero Universidad Nacional del Alto Uruguay Universidad Nacional del Comahue Universidad Nacional Villa Maria Universidad Nacional del Nordeste Universidad Nacional del Noroeste [&hellip;]<\/p>\n","protected":false},"author":3,"featured_media":0,"parent":1179,"menu_order":0,"comment_status":"closed","ping_status":"closed","template":"","meta":{"_exactmetrics_skip_tracking":false,"_exactmetrics_sitenote_active":false,"_exactmetrics_sitenote_note":"","_exactmetrics_sitenote_category":0,"footnotes":"","_links_to":"","_links_to_target":""},"class_list":["post-1189","page","type-page","status-publish","hentry"],"publishpress_future_action":{"enabled":false,"date":"2026-04-30 10:45:56","action":"change-status","newStatus":"draft","terms":[],"taxonomy":"language","extraData":[]},"publishpress_future_workflow_manual_trigger":{"enabledWorkflows":[]},"_links":{"self":[{"href":"https:\/\/www3.unicentro.br\/eri\/wp-json\/wp\/v2\/pages\/1189","targetHints":{"allow":["GET"]}}],"collection":[{"href":"https:\/\/www3.unicentro.br\/eri\/wp-json\/wp\/v2\/pages"}],"about":[{"href":"https:\/\/www3.unicentro.br\/eri\/wp-json\/wp\/v2\/types\/page"}],"author":[{"embeddable":true,"href":"https:\/\/www3.unicentro.br\/eri\/wp-json\/wp\/v2\/users\/3"}],"replies":[{"embeddable":true,"href":"https:\/\/www3.unicentro.br\/eri\/wp-json\/wp\/v2\/comments?post=1189"}],"version-history":[{"count":1,"href":"https:\/\/www3.unicentro.br\/eri\/wp-json\/wp\/v2\/pages\/1189\/revisions"}],"predecessor-version":[{"id":1655,"href":"https:\/\/www3.unicentro.br\/eri\/wp-json\/wp\/v2\/pages\/1189\/revisions\/1655"}],"up":[{"embeddable":true,"href":"https:\/\/www3.unicentro.br\/eri\/wp-json\/wp\/v2\/pages\/1179"}],"wp:attachment":[{"href":"https:\/\/www3.unicentro.br\/eri\/wp-json\/wp\/v2\/media?parent=1189"}],"curies":[{"name":"wp","href":"https:\/\/api.w.org\/{rel}","templated":true}]}}