{"id":1187,"date":"2019-11-19T15:03:55","date_gmt":"2019-11-19T18:03:55","guid":{"rendered":"https:\/\/www3.unicentro.br\/eri\/?page_id=1187"},"modified":"2023-11-30T15:56:41","modified_gmt":"2023-11-30T18:56:41","slug":"europa","status":"publish","type":"page","link":"https:\/\/www3.unicentro.br\/eri\/es\/cooperacion-internacional\/convenios-bilaterales\/universidades-y-facultades\/europa\/","title":{"rendered":"Europa"},"content":{"rendered":"<div class=\"wpb-content-wrapper\"><p>[vc_row][vc_column][vc_column_text]<\/p>\n<table class=\" aligncenter\" style=\"width: 92.2205%;height: 810px\">\n<colgroup>\n<col width=\"15%\" \/>\n<col width=\"70%\" \/>\n<col width=\"15%\" \/><\/colgroup>\n<thead>\n<tr style=\"height: 24px\">\n<td style=\"text-align: center;width: 8.17757%;height: 24px\">Country<\/td>\n<td style=\"text-align: center;width: 38.0062%;height: 24px\">INSTITUTION<\/td>\n<\/tr>\n<\/thead>\n<tbody>\n<tr style=\"height: 24px\">\n<th style=\"text-align: center;width: 8.17757%;height: 48px\" rowspan=\"2\">Alemania<\/th>\n<td style=\"text-align: center;width: 38.0062%;height: 24px\"><a href=\"https:\/\/en.hs-rottenburg.net\/startseite\/\">University of Applied Forest Sciences Rottenburg<\/a><\/td>\n<\/tr>\n<tr style=\"height: 24px\">\n<td style=\"text-align: center;width: 38.0062%;height: 24px\"><a href=\"http:\/\/www.lvg-heidelberg.de\/pb\/,Lde\/Startseite\">State Horticultural College and Research Institute<\/a><\/td>\n<\/tr>\n<tr style=\"height: 24px\">\n<th style=\"text-align: center;width: 8.17757%;height: 24px\">Belgica<\/th>\n<td style=\"text-align: center;width: 38.0062%;height: 24px\"><a href=\"https:\/\/web.umons.ac.be\/en\/\">Universidade de Mons<\/a><\/td>\n<\/tr>\n<tr style=\"height: 24px\">\n<th style=\"text-align: center;width: 8.17757%;height: 48px\" rowspan=\"3\">Espa\u00f1a<\/th>\n<td style=\"text-align: center;width: 38.0062%;height: 24px\"><a href=\"http:\/\/www.ehu.eus\/en\/en-home\">Universidad del Pa\u00eds Vasco<\/a><\/td>\n<\/tr>\n<tr>\n<td style=\"text-align: center;width: 38.0062%\"><a href=\"https:\/\/www.uam.es\/uam\/inicio\">Universidad Aut\u00f3noma de Madrid<\/a><\/td>\n<\/tr>\n<tr style=\"height: 24px\">\n<td style=\"text-align: center;width: 38.0062%;height: 24px\"><a href=\"https:\/\/www.uma.es\/\">Universidad de M\u00e1laga<\/a><\/td>\n<\/tr>\n<tr style=\"height: 24px\">\n<th style=\"text-align: center;width: 8.17757%;height: 72px\" rowspan=\"3\">Francia<\/th>\n<td style=\"text-align: center;width: 38.0062%;height: 24px\"><a href=\"http:\/\/unice.fr\/\">L&#8217;Universit\u00e9 Nice Sophia Antipolis<\/a><\/td>\n<\/tr>\n<tr style=\"height: 24px\">\n<td style=\"text-align: center;width: 38.0062%;height: 24px\"><a href=\"http:\/\/www.agro-bordeaux.fr\/\">Bordeaux Sciences Agro &#8211; Institute of Agricultural Sciences<\/a><\/td>\n<\/tr>\n<tr style=\"height: 24px\">\n<td style=\"text-align: center;width: 38.0062%;height: 24px\"><a href=\"http:\/\/isara.fr\/\">ISARA-Lyon<\/a><\/td>\n<\/tr>\n<tr style=\"height: 24px\">\n<th style=\"text-align: center;width: 8.17757%;height: 24px\">Grecia<\/th>\n<td style=\"text-align: center;width: 38.0062%;height: 24px\"><a href=\"https:\/\/www.teilar.gr\/index_en.php\">Technological Educational Institute of Thessaly<\/a><\/td>\n<\/tr>\n<tr style=\"height: 24px\">\n<th style=\"text-align: center;width: 8.17757%;height: 24px\">Italia<\/th>\n<td style=\"text-align: center;width: 38.0062%;height: 24px\"><a href=\"http:\/\/www.agrariaveterinaria.unibo.it\/it\">Escola de Agricultura e Medicina Veterin\u00e1ria Alma Mater Studiorum<\/a><\/td>\n<\/tr>\n<tr style=\"height: 24px\">\n<th style=\"text-align: center;width: 8.17757%;height: 72px\" rowspan=\"3\">Polonia<\/th>\n<td style=\"text-align: center;width: 38.0062%;height: 24px\"><a href=\"http:\/\/international.tu.kielce.pl\/\">Kielce University of Technologic<\/a><\/td>\n<\/tr>\n<tr style=\"height: 24px\">\n<td style=\"text-align: center;width: 38.0062%;height: 24px\"><a href=\"http:\/\/en.uw.edu.pl\/\">Universidade de Vars\u00f3via<\/a><\/td>\n<\/tr>\n<tr style=\"height: 24px\">\n<td style=\"text-align: center;width: 38.0062%;height: 24px\"><a href=\"http:\/\/english.us.edu.pl\/\">Universidade da Sil\u00e9sia de Katowice<\/a><\/td>\n<\/tr>\n<tr style=\"height: 24px\">\n<th style=\"text-align: center;width: 8.17757%;height: 216px\" rowspan=\"9\">Portugal<\/th>\n<td style=\"text-align: center;width: 38.0062%;height: 24px\"><a href=\"https:\/\/www.iesfafe.pt\/\" target=\"_blank\" rel=\"noopener noreferrer\">Instituto de Estudos Superiores de Fafe Lda &#8211; IESF<\/a><\/td>\n<\/tr>\n<tr style=\"height: 24px\">\n<td style=\"text-align: center;width: 38.0062%;height: 24px\"><a href=\"http:\/\/www.uac.pt\/\">Universidade dos A\u00e7ores<\/a><\/td>\n<\/tr>\n<tr style=\"height: 24px\">\n<td style=\"text-align: center;width: 38.0062%;height: 24px\"><a href=\"http:\/\/www.uc.pt\/\">Universidade de Coimbra<\/a><\/td>\n<\/tr>\n<tr style=\"height: 24px\">\n<td style=\"text-align: center;width: 38.0062%;height: 24px\"><a href=\"http:\/\/www.unl.pt\/\">Universidade Nova de Lisboa<\/a><\/td>\n<\/tr>\n<tr style=\"height: 24px\">\n<td style=\"text-align: center;width: 38.0062%;height: 24px\"><a href=\"https:\/\/www.ulisboa.pt\/\">Universidade de Lisboa<\/a><\/td>\n<\/tr>\n<tr style=\"height: 24px\">\n<td style=\"text-align: center;width: 38.0062%;height: 24px\"><a href=\"http:\/\/www.upt.pt\/\">Universidade Portucalense Infante D. Henrique<\/a><\/td>\n<\/tr>\n<tr style=\"height: 24px\">\n<td style=\"text-align: center;width: 38.0062%;height: 24px\"><a href=\"http:\/\/www.uevora.pt\/\">Universidade de \u00c9vora<\/a><\/td>\n<\/tr>\n<tr style=\"height: 24px\">\n<td style=\"text-align: center;width: 38.0062%;height: 24px\"><a href=\"https:\/\/sigarra.up.pt\/up\/pt\/web_base.gera_pagina?p_pagina=home\">Universidade do Porto<\/a><\/td>\n<\/tr>\n<tr style=\"height: 24px\">\n<td style=\"text-align: center;width: 38.0062%;height: 24px\"><a href=\"https:\/\/www.ipv.pt\/homepage\/estudar\/\">Instituto Polit\u00e9cnico de Viseu &#8211; IPV<\/a><\/td>\n<\/tr>\n<tr style=\"height: 24px\">\n<th style=\"text-align: center;width: 8.17757%;height: 24px\">Serbia<\/th>\n<td style=\"text-align: center;width: 38.0062%;height: 24px\"><a href=\"http:\/\/www.bg.ac.rs\/en\/\">Universidade de Belgrado<\/a><\/td>\n<\/tr>\n<tr style=\"height: 24px\">\n<th style=\"text-align: center;width: 8.17757%;height: 72px\" rowspan=\"3\">Ucrania<\/th>\n<td style=\"text-align: center;width: 38.0062%;height: 24px\"><a href=\"http:\/\/hnpu.edu.ua\/en\/node\/118\">H.S. Skovoroda Kharkiv<\/a><\/td>\n<\/tr>\n<tr style=\"height: 24px\">\n<td style=\"text-align: center;width: 38.0062%;height: 24px\"><a href=\"https:\/\/www.dnu.dp.ua\/en\">Dnipropetrovsk National University \u2013 Oles Honchar<\/a><\/td>\n<\/tr>\n<tr style=\"height: 24px\">\n<td style=\"text-align: center;width: 38.0062%;height: 24px\"><a href=\"https:\/\/pnu.edu.ua\/en\/\">Vasyl Stefanyk Precarpathian National University <\/a><\/td>\n<\/tr>\n<\/tbody>\n<\/table>\n<p>[\/vc_column_text][\/vc_column][\/vc_row]<\/p>\n<\/div>","protected":false},"excerpt":{"rendered":"<p>[vc_row][vc_column][vc_column_text] Country INSTITUTION Alemania University of Applied Forest Sciences Rottenburg State Horticultural College and Research Institute Belgica Universidade de Mons Espa\u00f1a Universidad del Pa\u00eds Vasco Universidad Aut\u00f3noma de Madrid Universidad de M\u00e1laga Francia L&#8217;Universit\u00e9 Nice Sophia Antipolis Bordeaux Sciences Agro &#8211; Institute of Agricultural Sciences ISARA-Lyon Grecia Technological Educational Institute of Thessaly Italia Escola de [&hellip;]<\/p>\n","protected":false},"author":3,"featured_media":0,"parent":1179,"menu_order":0,"comment_status":"closed","ping_status":"closed","template":"","meta":{"_exactmetrics_skip_tracking":false,"_exactmetrics_sitenote_active":false,"_exactmetrics_sitenote_note":"","_exactmetrics_sitenote_category":0,"footnotes":"","_links_to":"","_links_to_target":""},"class_list":["post-1187","page","type-page","status-publish","hentry"],"publishpress_future_action":{"enabled":false,"date":"2026-05-20 12:37:08","action":"change-status","newStatus":"draft","terms":[],"taxonomy":"language","extraData":[]},"publishpress_future_workflow_manual_trigger":{"enabledWorkflows":[]},"_links":{"self":[{"href":"https:\/\/www3.unicentro.br\/eri\/wp-json\/wp\/v2\/pages\/1187","targetHints":{"allow":["GET"]}}],"collection":[{"href":"https:\/\/www3.unicentro.br\/eri\/wp-json\/wp\/v2\/pages"}],"about":[{"href":"https:\/\/www3.unicentro.br\/eri\/wp-json\/wp\/v2\/types\/page"}],"author":[{"embeddable":true,"href":"https:\/\/www3.unicentro.br\/eri\/wp-json\/wp\/v2\/users\/3"}],"replies":[{"embeddable":true,"href":"https:\/\/www3.unicentro.br\/eri\/wp-json\/wp\/v2\/comments?post=1187"}],"version-history":[{"count":1,"href":"https:\/\/www3.unicentro.br\/eri\/wp-json\/wp\/v2\/pages\/1187\/revisions"}],"predecessor-version":[{"id":1661,"href":"https:\/\/www3.unicentro.br\/eri\/wp-json\/wp\/v2\/pages\/1187\/revisions\/1661"}],"up":[{"embeddable":true,"href":"https:\/\/www3.unicentro.br\/eri\/wp-json\/wp\/v2\/pages\/1179"}],"wp:attachment":[{"href":"https:\/\/www3.unicentro.br\/eri\/wp-json\/wp\/v2\/media?parent=1187"}],"curies":[{"name":"wp","href":"https:\/\/api.w.org\/{rel}","templated":true}]}}