{"id":1183,"date":"2019-11-19T15:01:16","date_gmt":"2019-11-19T18:01:16","guid":{"rendered":"https:\/\/www3.unicentro.br\/eri\/?page_id=1183"},"modified":"2023-07-28T10:38:12","modified_gmt":"2023-07-28T13:38:12","slug":"africa","status":"publish","type":"page","link":"https:\/\/www3.unicentro.br\/eri\/es\/cooperacion-internacional\/convenios-bilaterales\/universidades-y-facultades\/africa\/","title":{"rendered":"\u00c1frica"},"content":{"rendered":"<div class=\"wpb-content-wrapper\"><p>[vc_row][vc_column][vc_column_text]<\/p>\n<table class=\" aligncenter\" style=\"width: 90%\">\n<colgroup>\n<col width=\"15%\" \/>\n<col width=\"70%\" \/>\n<col width=\"15%\" \/><\/colgroup>\n<thead>\n<tr>\n<td style=\"text-align: center\">PA\u00cdS<\/td>\n<td style=\"text-align: center\">INSTITUICI\u00d3N<\/td>\n<td style=\"text-align: center\"><\/td>\n<\/tr>\n<\/thead>\n<tbody>\n<tr>\n<td style=\"text-align: center\">Angola<\/td>\n<td style=\"text-align: center\"><a href=\"http:\/\/www.ukb.ed.ao\/\">Instituto Superior de Ci\u00eancias da Educa\u00e7\u00e3o do Cuanza-Sul da\u00a0Universidade Katyvala Bwila<\/a><\/td>\n<td style=\"text-align: center\"><\/td>\n<\/tr>\n<tr>\n<td style=\"text-align: center\">Ghana<\/td>\n<td style=\"text-align: center\"><a href=\"http:\/\/crown.edu.gh\/\">Crown University College<\/a><\/td>\n<td style=\"text-align: center\"><\/td>\n<\/tr>\n<\/tbody>\n<\/table>\n<p>[\/vc_column_text][\/vc_column][\/vc_row]<\/p>\n<\/div>","protected":false},"excerpt":{"rendered":"<p>[vc_row][vc_column][vc_column_text] PA\u00cdS INSTITUICI\u00d3N Angola Instituto Superior de Ci\u00eancias da Educa\u00e7\u00e3o do Cuanza-Sul da\u00a0Universidade Katyvala Bwila Ghana Crown University College [\/vc_column_text][\/vc_column][\/vc_row]<\/p>\n","protected":false},"author":3,"featured_media":0,"parent":1179,"menu_order":0,"comment_status":"closed","ping_status":"closed","template":"","meta":{"_exactmetrics_skip_tracking":false,"_exactmetrics_sitenote_active":false,"_exactmetrics_sitenote_note":"","_exactmetrics_sitenote_category":0,"footnotes":"","_links_to":"","_links_to_target":""},"class_list":["post-1183","page","type-page","status-publish","hentry"],"publishpress_future_action":{"enabled":false,"date":"2026-04-30 12:59:04","action":"change-status","newStatus":"draft","terms":[],"taxonomy":"language","extraData":[]},"publishpress_future_workflow_manual_trigger":{"enabledWorkflows":[]},"_links":{"self":[{"href":"https:\/\/www3.unicentro.br\/eri\/wp-json\/wp\/v2\/pages\/1183","targetHints":{"allow":["GET"]}}],"collection":[{"href":"https:\/\/www3.unicentro.br\/eri\/wp-json\/wp\/v2\/pages"}],"about":[{"href":"https:\/\/www3.unicentro.br\/eri\/wp-json\/wp\/v2\/types\/page"}],"author":[{"embeddable":true,"href":"https:\/\/www3.unicentro.br\/eri\/wp-json\/wp\/v2\/users\/3"}],"replies":[{"embeddable":true,"href":"https:\/\/www3.unicentro.br\/eri\/wp-json\/wp\/v2\/comments?post=1183"}],"version-history":[{"count":0,"href":"https:\/\/www3.unicentro.br\/eri\/wp-json\/wp\/v2\/pages\/1183\/revisions"}],"up":[{"embeddable":true,"href":"https:\/\/www3.unicentro.br\/eri\/wp-json\/wp\/v2\/pages\/1179"}],"wp:attachment":[{"href":"https:\/\/www3.unicentro.br\/eri\/wp-json\/wp\/v2\/media?parent=1183"}],"curies":[{"name":"wp","href":"https:\/\/api.w.org\/{rel}","templated":true}]}}