{"id":1177,"date":"2019-11-19T14:56:39","date_gmt":"2019-11-19T17:56:39","guid":{"rendered":"https:\/\/www3.unicentro.br\/eri\/?page_id=1177"},"modified":"2023-07-28T15:46:25","modified_gmt":"2023-07-28T18:46:25","slug":"convenios-bilaterales","status":"publish","type":"page","link":"https:\/\/www3.unicentro.br\/eri\/es\/cooperacion-internacional\/convenios-bilaterales\/","title":{"rendered":"Convenios Bilaterales"},"content":{"rendered":"<div class=\"wpb-content-wrapper\"><p>[vc_row][vc_column][vc_column_text]Las acciones de internacionalizaci\u00f3n en Unicentro han sido propuestas con el prop\u00f3sito de contribuir al desarrollo de los campos acad\u00e9micos de excelencia en nuestra instituci\u00f3n, sin dejar de lado el objetivo de enfocarse en la misi\u00f3n institucional de producir conocimiento e implementar acciones que puedan ayudar en la transformaci\u00f3n de los contextos socioecon\u00f3micos y pol\u00edticos, contribuyendo al desarrollo del \u00e1rea de cobertura de la instituci\u00f3n.<\/p>\n<p>Con este prop\u00f3sito, importantes alianzas internacionales han compartido el desarrollo de acciones que permitan profundizar en los estudios e intervenciones tanto en la regi\u00f3n de Unicentro como en la regi\u00f3n de los socios, debido a similitudes en t\u00e9rminos geogr\u00e1ficos (relieve, vegetaci\u00f3n, clima, entre otros), sociales (educaci\u00f3n, econom\u00eda, etc.) y culturales (costumbres, tradiciones, idiomas, etc.).<\/p>\n<p>Bas\u00e1ndose en la premisa de que estas alianzas deben desarrollarse en un proceso bidireccional, no solo benefician a la comunidad acad\u00e9mica de Unicentro, sino que tambi\u00e9n contribuyen a la modernizaci\u00f3n e innovaci\u00f3n en diferentes sectores de los pa\u00edses y socios.<\/p>\n<p>De esta manera, Unicentro ha ampliado su cooperaci\u00f3n cient\u00edfica en actividades de ense\u00f1anza, investigaci\u00f3n, innovaci\u00f3n tecnol\u00f3gica, extensi\u00f3n y actividades culturales, con el fin de estimular y facilitar el contacto entre su cuerpo docente e investigadores y las instituciones socias internacionales.[\/vc_column_text][\/vc_column][\/vc_row][vc_row full_width=&#8221;stretch_row&#8221; equal_height=&#8221;yes&#8221; u_row_style=&#8221;0&#8243; u_row_paralax=&#8221;0&#8243; u_row_scheme=&#8221;0&#8243; el_class=&#8221;linha-parceiras&#8221;][vc_column width=&#8221;1\/3&#8243; css=&#8221;.vc_custom_1536167677430{padding-right: 0px !important;padding-left: 0px !important;background-image: url(https:\/\/www3.unicentro.br\/eri\/wp-content\/uploads\/sites\/35\/2018\/09\/universidade-coimbra-parceiras.jpg?id=86) !important;background-position: center !important;background-repeat: no-repeat !important;background-size: cover !important;}&#8221;][vc_btn title=&#8221;Universidades y Facultades&#8221; style=&#8221;flat&#8221; shape=&#8221;square&#8221; color=&#8221;danger&#8221; size=&#8221;sm&#8221; align=&#8221;right&#8221; i_align=&#8221;right&#8221; i_icon_fontawesome=&#8221;fa fa-university&#8221; button_block=&#8221;true&#8221; add_icon=&#8221;true&#8221; el_class=&#8221;barra-botao&#8221; link=&#8221;url:http%3A%2F%2Fwww3.unicentro.br%2Feri%2Fes%2Fconvenios-bilaterales%2Funiversidades-y-facultades%2F|title:Universidades%20y%20Facultades||&#8221;][\/vc_column][vc_column width=&#8221;1\/3&#8243; css=&#8221;.vc_custom_1536167698024{padding-right: 0px !important;padding-left: 0px !important;background-image: url(https:\/\/www3.unicentro.br\/eri\/wp-content\/uploads\/sites\/35\/2018\/09\/museo-historia-natural-parceiros.jpg?id=87) !important;background-position: center !important;background-repeat: no-repeat !important;background-size: cover !important;}&#8221;][vc_btn title=&#8221;Otras Instituciones&#8221; style=&#8221;flat&#8221; shape=&#8221;square&#8221; color=&#8221;success&#8221; size=&#8221;sm&#8221; align=&#8221;right&#8221; i_align=&#8221;right&#8221; i_icon_fontawesome=&#8221;fa fa-building&#8221; button_block=&#8221;true&#8221; add_icon=&#8221;true&#8221; el_class=&#8221;barra-botao&#8221; link=&#8221;url:http%3A%2F%2Fwww3.unicentro.br%2Feri%2Fes%2Fconvenios-bilaterales%2Fotras-instituciones%2F|title:Otras%20Instituciones||&#8221;][\/vc_column][vc_column width=&#8221;1\/3&#8243; css=&#8221;.vc_custom_1536167708175{padding-right: 0px !important;padding-left: 0px !important;background-image: url(https:\/\/www3.unicentro.br\/eri\/wp-content\/uploads\/sites\/35\/2018\/09\/associacoes-redes-parceiras.jpg?id=88) !important;background-position: center !important;background-repeat: no-repeat !important;background-size: cover !important;}&#8221;][vc_btn title=&#8221;Redes&#8221; style=&#8221;flat&#8221; shape=&#8221;square&#8221; color=&#8221;primary&#8221; size=&#8221;sm&#8221; align=&#8221;right&#8221; i_align=&#8221;right&#8221; i_icon_fontawesome=&#8221;fa fa-users&#8221; button_block=&#8221;true&#8221; add_icon=&#8221;true&#8221; el_class=&#8221;barra-botao&#8221; link=&#8221;url:http%3A%2F%2Fwww3.unicentro.br%2Feri%2Fes%2Fconvenios-bilaterales%2Fredes%2F|title:Redes||&#8221;][\/vc_column][\/vc_row]<\/p>\n<\/div>","protected":false},"excerpt":{"rendered":"<p>[vc_row][vc_column][vc_column_text]Las acciones de internacionalizaci\u00f3n en Unicentro han sido propuestas con el prop\u00f3sito de contribuir al desarrollo de los campos acad\u00e9micos de excelencia en nuestra instituci\u00f3n, sin dejar de lado el objetivo de enfocarse en la misi\u00f3n institucional de producir conocimiento e implementar acciones que puedan ayudar en la transformaci\u00f3n de los contextos socioecon\u00f3micos y pol\u00edticos, [&hellip;]<\/p>\n","protected":false},"author":3,"featured_media":0,"parent":1225,"menu_order":0,"comment_status":"closed","ping_status":"closed","template":"","meta":{"_exactmetrics_skip_tracking":false,"_exactmetrics_sitenote_active":false,"_exactmetrics_sitenote_note":"","_exactmetrics_sitenote_category":0,"footnotes":"","_links_to":"","_links_to_target":""},"class_list":["post-1177","page","type-page","status-publish","hentry"],"publishpress_future_action":{"enabled":false,"date":"2026-04-30 12:31:07","action":"change-status","newStatus":"draft","terms":[],"taxonomy":"language","extraData":[]},"publishpress_future_workflow_manual_trigger":{"enabledWorkflows":[]},"_links":{"self":[{"href":"https:\/\/www3.unicentro.br\/eri\/wp-json\/wp\/v2\/pages\/1177","targetHints":{"allow":["GET"]}}],"collection":[{"href":"https:\/\/www3.unicentro.br\/eri\/wp-json\/wp\/v2\/pages"}],"about":[{"href":"https:\/\/www3.unicentro.br\/eri\/wp-json\/wp\/v2\/types\/page"}],"author":[{"embeddable":true,"href":"https:\/\/www3.unicentro.br\/eri\/wp-json\/wp\/v2\/users\/3"}],"replies":[{"embeddable":true,"href":"https:\/\/www3.unicentro.br\/eri\/wp-json\/wp\/v2\/comments?post=1177"}],"version-history":[{"count":0,"href":"https:\/\/www3.unicentro.br\/eri\/wp-json\/wp\/v2\/pages\/1177\/revisions"}],"up":[{"embeddable":true,"href":"https:\/\/www3.unicentro.br\/eri\/wp-json\/wp\/v2\/pages\/1225"}],"wp:attachment":[{"href":"https:\/\/www3.unicentro.br\/eri\/wp-json\/wp\/v2\/media?parent=1177"}],"curies":[{"name":"wp","href":"https:\/\/api.w.org\/{rel}","templated":true}]}}