{"id":1171,"date":"2019-11-19T14:27:32","date_gmt":"2019-11-19T17:27:32","guid":{"rendered":"https:\/\/www3.unicentro.br\/eri\/?page_id=1171"},"modified":"2019-11-20T09:01:58","modified_gmt":"2019-11-20T12:01:58","slug":"oficina-de-relaciones-internacionales","status":"publish","type":"page","link":"https:\/\/www3.unicentro.br\/eri\/es\/sobre-nosotros\/oficina-de-relaciones-internacionales\/","title":{"rendered":"Oficina de Relaciones Internacionales"},"content":{"rendered":"<div class=\"wpb-content-wrapper\"><p>[vc_row][vc_column][vc_column_text]La Oficina de Relaciones Internacionales de Unicentro se instituy\u00f3 en 2001. Su objetivo es asesorar sobre la b\u00fasqueda de asociaciones internacionales para el desarrollo de los campos acad\u00e9micos de excelencia en la instituci\u00f3n.<\/p>\n<p>El servicio de atenci\u00f3n al p\u00fablico es de lunes a viernes en horario comercial:<\/p>\n<ul>\n<li>Ma\u00f1ana: desde la 8.00 a.m. hasta las 12.00 p.m.<\/li>\n<li>Tarde: desde la 1.00 p.m. hasta las 5.00 p.m.<\/li>\n<\/ul>\n<p>[\/vc_column_text][vc_btn title=&#8221;Equipo y Contactos&#8221; style=&#8221;flat&#8221; shape=&#8221;square&#8221; color=&#8221;danger&#8221; align=&#8221;center&#8221; link=&#8221;url:http%3A%2F%2Fwww3.unicentro.br%2Feri%2Fes%2Foficina-de-relaciones-internacionales%2Fequipo-y-contactos%2F|title:Equipo%20y%20Contactos||&#8221;][\/vc_column][\/vc_row]<\/p>\n<\/div>","protected":false},"excerpt":{"rendered":"<p>[vc_row][vc_column][vc_column_text]La Oficina de Relaciones Internacionales de Unicentro se instituy\u00f3 en 2001. Su objetivo es asesorar sobre la b\u00fasqueda de asociaciones internacionales para el desarrollo de los campos acad\u00e9micos de excelencia en la instituci\u00f3n. El servicio de atenci\u00f3n al p\u00fablico es de lunes a viernes en horario comercial: Ma\u00f1ana: desde la 8.00 a.m. hasta las 12.00 [&hellip;]<\/p>\n","protected":false},"author":3,"featured_media":0,"parent":1160,"menu_order":0,"comment_status":"closed","ping_status":"closed","template":"","meta":{"_exactmetrics_skip_tracking":false,"_exactmetrics_sitenote_active":false,"_exactmetrics_sitenote_note":"","_exactmetrics_sitenote_category":0,"footnotes":"","_links_to":"","_links_to_target":""},"class_list":["post-1171","page","type-page","status-publish","hentry"],"publishpress_future_action":{"enabled":false,"date":"2026-04-30 12:30:50","action":"change-status","newStatus":"draft","terms":[],"taxonomy":"language","extraData":[]},"publishpress_future_workflow_manual_trigger":{"enabledWorkflows":[]},"_links":{"self":[{"href":"https:\/\/www3.unicentro.br\/eri\/wp-json\/wp\/v2\/pages\/1171","targetHints":{"allow":["GET"]}}],"collection":[{"href":"https:\/\/www3.unicentro.br\/eri\/wp-json\/wp\/v2\/pages"}],"about":[{"href":"https:\/\/www3.unicentro.br\/eri\/wp-json\/wp\/v2\/types\/page"}],"author":[{"embeddable":true,"href":"https:\/\/www3.unicentro.br\/eri\/wp-json\/wp\/v2\/users\/3"}],"replies":[{"embeddable":true,"href":"https:\/\/www3.unicentro.br\/eri\/wp-json\/wp\/v2\/comments?post=1171"}],"version-history":[{"count":0,"href":"https:\/\/www3.unicentro.br\/eri\/wp-json\/wp\/v2\/pages\/1171\/revisions"}],"up":[{"embeddable":true,"href":"https:\/\/www3.unicentro.br\/eri\/wp-json\/wp\/v2\/pages\/1160"}],"wp:attachment":[{"href":"https:\/\/www3.unicentro.br\/eri\/wp-json\/wp\/v2\/media?parent=1171"}],"curies":[{"name":"wp","href":"https:\/\/api.w.org\/{rel}","templated":true}]}}