{"id":1167,"date":"2019-11-19T14:24:23","date_gmt":"2019-11-19T17:24:23","guid":{"rendered":"https:\/\/www3.unicentro.br\/eri\/?page_id=1167"},"modified":"2023-08-09T14:51:49","modified_gmt":"2023-08-09T17:51:49","slug":"numeros-institucionales","status":"publish","type":"page","link":"https:\/\/www3.unicentro.br\/eri\/es\/sobre-nosotros\/unicentro\/numeros-institucionales\/","title":{"rendered":"N\u00fameros Institucionales"},"content":{"rendered":"<table style=\"width: 632px\" width=\"643\">\n<tbody>\n<tr>\n<td style=\"width: 632px\" colspan=\"3\" width=\"643\"><strong>CURSOS<\/strong><\/td>\n<\/tr>\n<tr>\n<td style=\"width: 501px\" colspan=\"2\" width=\"511\"><strong>Cursos de Pregrado<\/strong><\/td>\n<td style=\"width: 131px\" width=\"132\"><strong>44<\/strong><\/td>\n<\/tr>\n<tr>\n<td style=\"width: 501px\" colspan=\"2\" width=\"511\"><strong>Cursos de Pregrado a Dist\u00e2ncia<\/strong><\/td>\n<td style=\"width: 131px\" width=\"132\"><strong>06<\/strong><\/td>\n<\/tr>\n<tr>\n<td style=\"width: 501px\" colspan=\"2\" width=\"511\"><strong>Cursos de Posgrado<\/strong><\/td>\n<td style=\"width: 131px\" width=\"132\"><strong>26<\/strong><\/td>\n<\/tr>\n<tr>\n<td style=\"width: 82px\" width=\"81\"><\/td>\n<td style=\"width: 419px\" width=\"430\">Cursos de Doctorado<\/td>\n<td style=\"width: 131px\" width=\"132\">09<\/td>\n<\/tr>\n<tr>\n<td style=\"width: 82px\" width=\"81\"><\/td>\n<td style=\"width: 419px\" width=\"430\">Cursos de Maestr\u00eda<\/td>\n<td style=\"width: 131px\" width=\"132\">17<\/td>\n<\/tr>\n<tr>\n<td style=\"width: 501px\" colspan=\"2\" width=\"511\"><strong>Cursos de Especializaci\u00f3n<\/strong><\/td>\n<td style=\"width: 131px\" width=\"132\"><strong>22<\/strong><\/td>\n<\/tr>\n<tr>\n<td style=\"width: 632px\" colspan=\"3\" width=\"643\"><strong>\u00a0<\/strong><\/td>\n<\/tr>\n<tr>\n<td style=\"width: 632px\" colspan=\"3\" width=\"643\"><strong>ENTRADA ANUAL DE ESTUDIANTE<\/strong><\/td>\n<\/tr>\n<tr>\n<td style=\"width: 501px\" colspan=\"2\" width=\"511\"><strong>Cursos de Pregrado<\/strong><\/td>\n<td style=\"width: 131px\" width=\"132\"><strong>2127<\/strong><\/td>\n<\/tr>\n<tr>\n<td style=\"width: 82px\" width=\"81\"><\/td>\n<td style=\"width: 419px\" width=\"430\">Plazas Ofrecidas<\/td>\n<td style=\"width: 131px\" width=\"132\">1411<\/td>\n<\/tr>\n<tr>\n<td style=\"width: 82px\" width=\"81\"><\/td>\n<td style=\"width: 419px\" width=\"430\">Programa de Evaluaci\u00f3n Continua &#8211; PAC (Programa Institucional)<\/td>\n<td style=\"width: 131px\" width=\"132\">220<\/td>\n<\/tr>\n<tr>\n<td style=\"width: 82px\" width=\"81\"><\/td>\n<td style=\"width: 419px\" width=\"430\">Examen Nacional de Escuela Secundaria (Programa de Gobierno Federal)<\/td>\n<td style=\"width: 131px\" width=\"132\">496<\/td>\n<\/tr>\n<tr>\n<td style=\"width: 501px\" colspan=\"2\" width=\"511\"><strong>Cursos de Posgrado<\/strong><\/td>\n<td style=\"width: 131px\" width=\"132\"><strong>453<\/strong><\/td>\n<\/tr>\n<tr>\n<td style=\"width: 82px\" width=\"81\"><\/td>\n<td style=\"width: 419px\" width=\"430\">Cursos de Doctorado<\/td>\n<td style=\"width: 131px\" width=\"132\">82<\/td>\n<\/tr>\n<tr>\n<td style=\"width: 82px\" width=\"81\"><\/td>\n<td style=\"width: 419px\" width=\"430\">Cursos de Maestr\u00eda<\/td>\n<td style=\"width: 131px\" width=\"132\">371<\/td>\n<\/tr>\n<tr>\n<td style=\"width: 632px\" colspan=\"3\" width=\"643\"><strong>\u00a0<\/strong><\/td>\n<\/tr>\n<tr>\n<td style=\"width: 632px\" colspan=\"3\" width=\"643\"><strong>ESTUDIANTES<\/strong><\/td>\n<\/tr>\n<tr>\n<td style=\"width: 501px\" colspan=\"2\" width=\"511\"><strong>Cursos de Pregrado<\/strong><\/td>\n<td style=\"width: 131px\" width=\"132\"><strong>6106<\/strong><\/td>\n<\/tr>\n<tr>\n<td style=\"width: 501px\" colspan=\"2\" width=\"511\"><strong>Cursos de Pregrado a Dist\u00e2ncia<\/strong><\/td>\n<td style=\"width: 131px\" width=\"132\"><strong>704<\/strong><\/td>\n<\/tr>\n<tr>\n<td style=\"width: 501px\" colspan=\"2\" width=\"511\"><strong>Cursos de Posgrado<\/strong><\/td>\n<td style=\"width: 131px\" width=\"132\"><strong>866<\/strong><\/td>\n<\/tr>\n<tr>\n<td style=\"width: 82px\" width=\"81\"><\/td>\n<td style=\"width: 419px\" width=\"430\">Cursos de Doctorado<\/td>\n<td style=\"width: 131px\" width=\"132\">280<\/td>\n<\/tr>\n<tr>\n<td style=\"width: 82px\" width=\"81\"><\/td>\n<td style=\"width: 419px\" width=\"430\">Cursos de Maestr\u00eda<\/td>\n<td style=\"width: 131px\" width=\"132\">586<\/td>\n<\/tr>\n<tr>\n<td style=\"width: 501px\" colspan=\"2\" width=\"511\"><strong>Cursos de Especializaci\u00f3n<\/strong><\/td>\n<td style=\"width: 131px\" width=\"132\"><strong>1175<\/strong><\/td>\n<\/tr>\n<tr>\n<td style=\"width: 501px\" colspan=\"2\" width=\"511\"><strong>Cursos de Especializaci\u00f3n a Dist\u00e2ncia<\/strong><\/td>\n<td style=\"width: 131px\" width=\"132\"><strong>1101<\/strong><\/td>\n<\/tr>\n<tr>\n<td style=\"width: 501px\" colspan=\"2\" width=\"511\"><strong>TOTAL<\/strong><\/td>\n<td style=\"width: 131px\" width=\"132\"><strong>9952<\/strong><\/td>\n<\/tr>\n<tr>\n<td style=\"width: 501px\" colspan=\"2\" width=\"511\"><strong>\u00a0<\/strong><\/td>\n<td style=\"width: 131px\" width=\"132\"><\/td>\n<\/tr>\n<tr>\n<td style=\"width: 501px\" colspan=\"2\" width=\"511\"><strong>PROFESORES<\/strong><\/td>\n<td style=\"width: 131px\" width=\"132\"><strong>892<\/strong><\/td>\n<\/tr>\n<tr>\n<td style=\"width: 501px\" colspan=\"2\" width=\"511\"><strong>\u00a0<\/strong><\/td>\n<td style=\"width: 131px\" width=\"132\"><strong>\u00a0<\/strong><\/td>\n<\/tr>\n<tr>\n<td style=\"width: 501px\" colspan=\"2\" width=\"511\"><strong>T\u00c9CNICOS ADMINISTRATIVOS<\/strong><\/td>\n<td style=\"width: 131px\" width=\"132\"><strong>359<\/strong><\/td>\n<\/tr>\n<tr>\n<td style=\"width: 501px\" colspan=\"2\" width=\"511\"><strong>\u00a0<\/strong><\/td>\n<td style=\"width: 131px\" width=\"132\"><strong>\u00a0<\/strong><\/td>\n<\/tr>\n<tr>\n<td style=\"width: 632px\" colspan=\"3\" width=\"643\"><strong>REVISTAS<\/strong><\/td>\n<\/tr>\n<tr>\n<td style=\"width: 632px\" colspan=\"3\" width=\"643\"><a href=\"https:\/\/revistas.unicentro.br\/index.php\/ambiencia\/index\"><strong>Ambi\u00eancia <\/strong><\/a>(Meio Ambiente e outras Ci\u00eancias)<\/td>\n<\/tr>\n<tr>\n<td style=\"width: 632px\" colspan=\"3\" width=\"643\"><a href=\"https:\/\/revistas.unicentro.br\/index.php\/capitalcientifico\"><strong>Capital Cient\u00edfico <\/strong>(Ci\u00eancias Sociais Aplicadas)<\/a><\/td>\n<\/tr>\n<tr>\n<td style=\"width: 632px\" colspan=\"3\" width=\"643\"><a href=\"https:\/\/revistas.unicentro.br\/index.php\/RECEN\"><strong>Revista de Ci\u00eancias Naturais e Exatas <\/strong>(Ci\u00eancias Exatas)<\/a><\/td>\n<\/tr>\n<tr>\n<td style=\"width: 632px\" colspan=\"3\" width=\"643\"><a href=\"https:\/\/revistas.unicentro.br\/index.php\/guaiaraca\"><strong>Guairac\u00e1 <\/strong>(Filosofia)<\/a><\/td>\n<\/tr>\n<tr>\n<td style=\"width: 632px\" colspan=\"3\" width=\"643\"><a href=\"https:\/\/revistas.unicentro.br\/index.php\/repaa\"><strong>Revista Brasileira de Tecnologia Aplicada nas Ci\u00eancias Agr\u00e1rias <\/strong>(Ci\u00eancias Agr\u00edcolas)<\/a><\/td>\n<\/tr>\n<tr>\n<td style=\"width: 632px\" colspan=\"3\" width=\"643\"><a href=\"https:\/\/revistas.uepg.br\/index.php\/tel\/index\"><strong>Revista TEL: Tempo, Espa\u00e7o e Linguagem <\/strong>(Hist\u00f3ria)<\/a><\/td>\n<\/tr>\n<tr>\n<td style=\"width: 632px\" colspan=\"3\" width=\"643\"><a href=\"https:\/\/revistas.unicentro.br\/index.php\/revista_interfaces\"><strong>Interfaces <\/strong>(Letras)<\/a><\/td>\n<\/tr>\n<\/tbody>\n<\/table>\n<p>&nbsp;<\/p>\n","protected":false},"excerpt":{"rendered":"<p>CURSOS Cursos de Pregrado 44 Cursos de Pregrado a Dist\u00e2ncia 06 Cursos de Posgrado 26 Cursos de Doctorado 09 Cursos de Maestr\u00eda 17 Cursos de Especializaci\u00f3n 22 \u00a0 ENTRADA ANUAL DE ESTUDIANTE Cursos de Pregrado 2127 Plazas Ofrecidas 1411 Programa de Evaluaci\u00f3n Continua &#8211; PAC (Programa Institucional) 220 Examen Nacional de Escuela Secundaria (Programa de [&hellip;]<\/p>\n","protected":false},"author":3,"featured_media":0,"parent":1281,"menu_order":0,"comment_status":"closed","ping_status":"closed","template":"","meta":{"_exactmetrics_skip_tracking":false,"_exactmetrics_sitenote_active":false,"_exactmetrics_sitenote_note":"","_exactmetrics_sitenote_category":0,"footnotes":"","_links_to":"","_links_to_target":""},"class_list":["post-1167","page","type-page","status-publish","hentry"],"publishpress_future_action":{"enabled":false,"date":"2026-04-30 10:47:25","action":"change-status","newStatus":"draft","terms":[],"taxonomy":"language","extraData":[]},"publishpress_future_workflow_manual_trigger":{"enabledWorkflows":[]},"_links":{"self":[{"href":"https:\/\/www3.unicentro.br\/eri\/wp-json\/wp\/v2\/pages\/1167","targetHints":{"allow":["GET"]}}],"collection":[{"href":"https:\/\/www3.unicentro.br\/eri\/wp-json\/wp\/v2\/pages"}],"about":[{"href":"https:\/\/www3.unicentro.br\/eri\/wp-json\/wp\/v2\/types\/page"}],"author":[{"embeddable":true,"href":"https:\/\/www3.unicentro.br\/eri\/wp-json\/wp\/v2\/users\/3"}],"replies":[{"embeddable":true,"href":"https:\/\/www3.unicentro.br\/eri\/wp-json\/wp\/v2\/comments?post=1167"}],"version-history":[{"count":0,"href":"https:\/\/www3.unicentro.br\/eri\/wp-json\/wp\/v2\/pages\/1167\/revisions"}],"up":[{"embeddable":true,"href":"https:\/\/www3.unicentro.br\/eri\/wp-json\/wp\/v2\/pages\/1281"}],"wp:attachment":[{"href":"https:\/\/www3.unicentro.br\/eri\/wp-json\/wp\/v2\/media?parent=1167"}],"curies":[{"name":"wp","href":"https:\/\/api.w.org\/{rel}","templated":true}]}}