{"id":1162,"date":"2019-11-19T11:23:10","date_gmt":"2019-11-19T14:23:10","guid":{"rendered":"https:\/\/www3.unicentro.br\/eri\/?page_id=1162"},"modified":"2023-07-28T15:34:37","modified_gmt":"2023-07-28T18:34:37","slug":"mensaje-del-rector","status":"publish","type":"page","link":"https:\/\/www3.unicentro.br\/eri\/es\/sobre-nosotros\/unicentro\/mensaje-del-rector\/","title":{"rendered":"Mensaje del Rector"},"content":{"rendered":"<p>\u00a1Hola!<\/p>\n<p>\u00a1Bienvenido a la Universidad Estatal del Centro-Oeste, una instituci\u00f3n brasile\u00f1a muy joven pero altamente reconocida por la sociedad! Trabajamos en todas las \u00e1reas del conocimiento y nuestra visi\u00f3n es promover siempre la armon\u00eda entre la ense\u00f1anza, la investigaci\u00f3n y la atenci\u00f3n a la comunidad, ofreciendo cursos de pregrado y posgrado.<\/p>\n<p>Tambi\u00e9n damos prioridad a las relaciones internacionales. En la actualidad, tenemos colaboraciones con m\u00e1s de 50 pa\u00edses de todos los continentes, lo que se refleja positivamente en la vida cotidiana de nuestros campus. Con frecuencia, se escuchan diferentes idiomas en los pasillos, aulas, laboratorios y otros espacios de la Unicentro. Anualmente, recibimos a docentes, investigadores y estudiantes de todo Brasil. Nuestros cient\u00edficos viajan constantemente por el mundo como conferenciantes invitados, y nuestros estudiantes participan en programas de movilidad internacional.<\/p>\n<p>La Unicentro tambi\u00e9n forma parte de importantes redes globales que contribuyen a que estemos involucrados en proyectos de innovaci\u00f3n tecnol\u00f3gica, desarrollo de productos y patentes que mejoran la vida de las personas y mucho m\u00e1s.<\/p>\n<p>En la Unicentro, la comunidad internacional es siempre bienvenida. Nuestras cl\u00ednicas m\u00e9dicas est\u00e1n abiertas a todos. Nuestros grupos de estudio en Ciencias Humanas y Sociales tambi\u00e9n lo est\u00e1n, al igual que toda la universidad. Estamos convencidos de que la educaci\u00f3n superior contribuye a asegurar un buen futuro para la sociedad, y estamos comprometidos a aportar siempre nuestro granito de arena.<\/p>\n<p>\u00a1Ven a conocer la Unicentro! \u00a1Ven a conocer el Sur de Brasil!<\/p>\n<p>Prof. Dr. Fabio Hernandes<br \/>\nRector<\/p>\n","protected":false},"excerpt":{"rendered":"<p>\u00a1Hola! \u00a1Bienvenido a la Universidad Estatal del Centro-Oeste, una instituci\u00f3n brasile\u00f1a muy joven pero altamente reconocida por la sociedad! Trabajamos en todas las \u00e1reas del conocimiento y nuestra visi\u00f3n es promover siempre la armon\u00eda entre la ense\u00f1anza, la investigaci\u00f3n y la atenci\u00f3n a la comunidad, ofreciendo cursos de pregrado y posgrado. Tambi\u00e9n damos prioridad a [&hellip;]<\/p>\n","protected":false},"author":3,"featured_media":0,"parent":1281,"menu_order":0,"comment_status":"closed","ping_status":"closed","template":"","meta":{"_exactmetrics_skip_tracking":false,"_exactmetrics_sitenote_active":false,"_exactmetrics_sitenote_note":"","_exactmetrics_sitenote_category":0,"footnotes":"","_links_to":"","_links_to_target":""},"class_list":["post-1162","page","type-page","status-publish","hentry"],"publishpress_future_action":{"enabled":false,"date":"2026-04-30 22:06:16","action":"change-status","newStatus":"draft","terms":[],"taxonomy":"language","extraData":[]},"publishpress_future_workflow_manual_trigger":{"enabledWorkflows":[]},"_links":{"self":[{"href":"https:\/\/www3.unicentro.br\/eri\/wp-json\/wp\/v2\/pages\/1162","targetHints":{"allow":["GET"]}}],"collection":[{"href":"https:\/\/www3.unicentro.br\/eri\/wp-json\/wp\/v2\/pages"}],"about":[{"href":"https:\/\/www3.unicentro.br\/eri\/wp-json\/wp\/v2\/types\/page"}],"author":[{"embeddable":true,"href":"https:\/\/www3.unicentro.br\/eri\/wp-json\/wp\/v2\/users\/3"}],"replies":[{"embeddable":true,"href":"https:\/\/www3.unicentro.br\/eri\/wp-json\/wp\/v2\/comments?post=1162"}],"version-history":[{"count":0,"href":"https:\/\/www3.unicentro.br\/eri\/wp-json\/wp\/v2\/pages\/1162\/revisions"}],"up":[{"embeddable":true,"href":"https:\/\/www3.unicentro.br\/eri\/wp-json\/wp\/v2\/pages\/1281"}],"wp:attachment":[{"href":"https:\/\/www3.unicentro.br\/eri\/wp-json\/wp\/v2\/media?parent=1162"}],"curies":[{"name":"wp","href":"https:\/\/api.w.org\/{rel}","templated":true}]}}