{"id":116,"date":"2018-09-05T17:19:31","date_gmt":"2018-09-05T20:19:31","guid":{"rendered":"https:\/\/www3.unicentro.br\/eri\/?page_id=116"},"modified":"2023-07-28T15:18:51","modified_gmt":"2023-07-28T18:18:51","slug":"oceania","status":"publish","type":"page","link":"https:\/\/www3.unicentro.br\/eri\/cooperacao-internacional\/parceiras\/universidades-e-faculdades\/oceania\/","title":{"rendered":"Oceania"},"content":{"rendered":"<div class=\"wpb-content-wrapper\"><p>[vc_row][vc_column][vc_column_text]<\/p>\n<table style=\"width: 90%\">\n<colgroup>\n<col width=\"15%\" \/>\n<col width=\"70%\" \/>\n<col width=\"15%\" \/><\/colgroup>\n<thead>\n<tr>\n<td style=\"text-align: center;width: 14.881%\">PA\u00cdS<\/td>\n<td style=\"text-align: center;width: 69.5106%\">INSTITUI\u00c7\u00c3O<\/td>\n<\/tr>\n<\/thead>\n<tbody>\n<tr>\n<th style=\"text-align: center;width: 14.881%\" rowspan=\"3\">Austr\u00e1lia<\/th>\n<td style=\"text-align: center;width: 69.5106%\"><a href=\"http:\/\/www.deakin.edu.au\/\">University of Deakin<\/a><\/td>\n<\/tr>\n<tr>\n<td style=\"text-align: center;width: 69.5106%\"><a href=\"https:\/\/www.une.edu.au\/\">University of New England<\/a><\/td>\n<\/tr>\n<tr>\n<td style=\"text-align: center;width: 69.5106%\"><a href=\"https:\/\/www.usc.edu.au\">University of the Sunshine Coast<\/a><\/td>\n<\/tr>\n<\/tbody>\n<\/table>\n<p>[\/vc_column_text][\/vc_column][\/vc_row]<\/p>\n<\/div>","protected":false},"excerpt":{"rendered":"<p>[vc_row][vc_column][vc_column_text] PA\u00cdS INSTITUI\u00c7\u00c3O Austr\u00e1lia University of Deakin University of New England University of the Sunshine Coast [\/vc_column_text][\/vc_column][\/vc_row]<\/p>\n","protected":false},"author":3,"featured_media":0,"parent":91,"menu_order":0,"comment_status":"closed","ping_status":"closed","template":"","meta":{"_exactmetrics_skip_tracking":false,"_exactmetrics_sitenote_active":false,"_exactmetrics_sitenote_note":"","_exactmetrics_sitenote_category":0,"footnotes":"","_links_to":"","_links_to_target":""},"class_list":["post-116","page","type-page","status-publish","hentry"],"publishpress_future_action":{"enabled":false,"date":"2026-05-01 00:58:32","action":"change-status","newStatus":"draft","terms":[],"taxonomy":"language","extraData":[]},"publishpress_future_workflow_manual_trigger":{"enabledWorkflows":[]},"_links":{"self":[{"href":"https:\/\/www3.unicentro.br\/eri\/wp-json\/wp\/v2\/pages\/116","targetHints":{"allow":["GET"]}}],"collection":[{"href":"https:\/\/www3.unicentro.br\/eri\/wp-json\/wp\/v2\/pages"}],"about":[{"href":"https:\/\/www3.unicentro.br\/eri\/wp-json\/wp\/v2\/types\/page"}],"author":[{"embeddable":true,"href":"https:\/\/www3.unicentro.br\/eri\/wp-json\/wp\/v2\/users\/3"}],"replies":[{"embeddable":true,"href":"https:\/\/www3.unicentro.br\/eri\/wp-json\/wp\/v2\/comments?post=116"}],"version-history":[{"count":0,"href":"https:\/\/www3.unicentro.br\/eri\/wp-json\/wp\/v2\/pages\/116\/revisions"}],"up":[{"embeddable":true,"href":"https:\/\/www3.unicentro.br\/eri\/wp-json\/wp\/v2\/pages\/91"}],"wp:attachment":[{"href":"https:\/\/www3.unicentro.br\/eri\/wp-json\/wp\/v2\/media?parent=116"}],"curies":[{"name":"wp","href":"https:\/\/api.w.org\/{rel}","templated":true}]}}