{"id":114,"date":"2018-09-05T17:19:09","date_gmt":"2018-09-05T20:19:09","guid":{"rendered":"https:\/\/www3.unicentro.br\/eri\/?page_id=114"},"modified":"2025-05-14T15:25:56","modified_gmt":"2025-05-14T18:25:56","slug":"america-do-norte","status":"publish","type":"page","link":"https:\/\/www3.unicentro.br\/eri\/cooperacao-internacional\/parceiras\/universidades-e-faculdades\/america-do-norte\/","title":{"rendered":"Am\u00e9rica do Norte"},"content":{"rendered":"<div class=\"wpb-content-wrapper\"><p>[vc_row][vc_column][vc_column_text css=&#8221;&#8221;]<\/p>\n<table style=\"width: 90.1098%;height: 96px\">\n<colgroup>\n<col width=\"15%\" \/>\n<col width=\"70%\" \/>\n<col width=\"15%\" \/><\/colgroup>\n<thead>\n<tr style=\"height: 24px\">\n<td style=\"text-align: center;width: 14.8965%;height: 24px\">PA\u00cdS<\/td>\n<td style=\"text-align: center;width: 69.5391%;height: 24px\">INSTITUI\u00c7\u00c3O<\/td>\n<\/tr>\n<\/thead>\n<tbody>\n<tr style=\"height: 24px\">\n<th style=\"text-align: center;width: 14.8965%;height: 48px\" rowspan=\"3\">Canad\u00e1<\/th>\n<td style=\"text-align: center;width: 69.5391%;height: 24px\"><a href=\"http:\/\/www.uqtr.ca\/\">Universit\u00e9 du Qu\u00e9bec \u00e0 Trois-Rivi\u00e8res<\/a><\/td>\n<\/tr>\n<tr>\n<td style=\"text-align: center;width: 69.5391%\"><a href=\"https:\/\/www.crandallu.ca\/\">Crandall University<\/a><\/td>\n<\/tr>\n<tr style=\"height: 24px\">\n<td style=\"text-align: center;width: 69.5391%;height: 24px\"><a href=\"https:\/\/www.lakeheadu.ca\/\">University of Lakehead<\/a><\/td>\n<\/tr>\n<tr style=\"height: 24px\">\n<th style=\"text-align: center;width: 14.8965%;height: 24px\">Estados Unidos<\/th>\n<td style=\"text-align: center;width: 69.5391%;height: 24px\"><a href=\"https:\/\/projectecho.unm.edu\/\">University of New Mexico (UNM) &#8211; PROJETO ECHO<\/a><\/td>\n<\/tr>\n<\/tbody>\n<\/table>\n<p>[\/vc_column_text][\/vc_column][\/vc_row]<\/p>\n<\/div>","protected":false},"excerpt":{"rendered":"<p>[vc_row][vc_column][vc_column_text css=&#8221;&#8221;] PA\u00cdS INSTITUI\u00c7\u00c3O Canad\u00e1 Universit\u00e9 du Qu\u00e9bec \u00e0 Trois-Rivi\u00e8res Crandall University University of Lakehead Estados Unidos University of New Mexico (UNM) &#8211; PROJETO ECHO [\/vc_column_text][\/vc_column][\/vc_row]<\/p>\n","protected":false},"author":3,"featured_media":0,"parent":91,"menu_order":0,"comment_status":"closed","ping_status":"closed","template":"","meta":{"_exactmetrics_skip_tracking":false,"_exactmetrics_sitenote_active":false,"_exactmetrics_sitenote_note":"","_exactmetrics_sitenote_category":0,"footnotes":"","_links_to":"","_links_to_target":""},"class_list":["post-114","page","type-page","status-publish","hentry"],"publishpress_future_action":{"enabled":false,"date":"2026-04-30 17:54:50","action":"change-status","newStatus":"draft","terms":[],"taxonomy":"language","extraData":[]},"publishpress_future_workflow_manual_trigger":{"enabledWorkflows":[]},"_links":{"self":[{"href":"https:\/\/www3.unicentro.br\/eri\/wp-json\/wp\/v2\/pages\/114","targetHints":{"allow":["GET"]}}],"collection":[{"href":"https:\/\/www3.unicentro.br\/eri\/wp-json\/wp\/v2\/pages"}],"about":[{"href":"https:\/\/www3.unicentro.br\/eri\/wp-json\/wp\/v2\/types\/page"}],"author":[{"embeddable":true,"href":"https:\/\/www3.unicentro.br\/eri\/wp-json\/wp\/v2\/users\/3"}],"replies":[{"embeddable":true,"href":"https:\/\/www3.unicentro.br\/eri\/wp-json\/wp\/v2\/comments?post=114"}],"version-history":[{"count":2,"href":"https:\/\/www3.unicentro.br\/eri\/wp-json\/wp\/v2\/pages\/114\/revisions"}],"predecessor-version":[{"id":2216,"href":"https:\/\/www3.unicentro.br\/eri\/wp-json\/wp\/v2\/pages\/114\/revisions\/2216"}],"up":[{"embeddable":true,"href":"https:\/\/www3.unicentro.br\/eri\/wp-json\/wp\/v2\/pages\/91"}],"wp:attachment":[{"href":"https:\/\/www3.unicentro.br\/eri\/wp-json\/wp\/v2\/media?parent=114"}],"curies":[{"name":"wp","href":"https:\/\/api.w.org\/{rel}","templated":true}]}}