{"id":1131,"date":"2019-11-01T16:33:09","date_gmt":"2019-11-01T19:33:09","guid":{"rendered":"https:\/\/www3.unicentro.br\/eri\/?page_id=1131"},"modified":"2019-11-01T16:33:09","modified_gmt":"2019-11-01T19:33:09","slug":"texts","status":"publish","type":"page","link":"https:\/\/www3.unicentro.br\/eri\/en\/highlights\/general-informations\/texts\/","title":{"rendered":"Texts"},"content":{"rendered":"<ul>\n<li><a href=\"http:\/\/www.scielo.br\/pdf\/aval\/v21n3\/1982-5765-aval-21-03-00673.pdf\">RAUEN, Margarida Gandara; FIGUEIREDO FILHO, Afonso. A educa\u00e7\u00e3o internacional e os resultados de coopera\u00e7\u00e3o Brasil-Alemanha na Unicentro. Avalia\u00e7\u00e3o, Campinas; Sorocaba, SP, v. 21, n. 3, p. 673-690, nov. 2016.<\/a><\/li>\n<\/ul>\n","protected":false},"excerpt":{"rendered":"<p>RAUEN, Margarida Gandara; FIGUEIREDO FILHO, Afonso. A educa\u00e7\u00e3o internacional e os resultados de coopera\u00e7\u00e3o Brasil-Alemanha na Unicentro. Avalia\u00e7\u00e3o, Campinas; Sorocaba, SP, v. 21, n. 3, p. 673-690, nov. 2016.<\/p>\n","protected":false},"author":3,"featured_media":0,"parent":1125,"menu_order":0,"comment_status":"closed","ping_status":"closed","template":"","meta":{"_exactmetrics_skip_tracking":false,"_exactmetrics_sitenote_active":false,"_exactmetrics_sitenote_note":"","_exactmetrics_sitenote_category":0,"footnotes":"","_links_to":"","_links_to_target":""},"class_list":["post-1131","page","type-page","status-publish","hentry"],"publishpress_future_action":{"enabled":false,"date":"2026-04-30 10:46:26","action":"change-status","newStatus":"draft","terms":[],"taxonomy":"language","extraData":[]},"publishpress_future_workflow_manual_trigger":{"enabledWorkflows":[]},"_links":{"self":[{"href":"https:\/\/www3.unicentro.br\/eri\/wp-json\/wp\/v2\/pages\/1131","targetHints":{"allow":["GET"]}}],"collection":[{"href":"https:\/\/www3.unicentro.br\/eri\/wp-json\/wp\/v2\/pages"}],"about":[{"href":"https:\/\/www3.unicentro.br\/eri\/wp-json\/wp\/v2\/types\/page"}],"author":[{"embeddable":true,"href":"https:\/\/www3.unicentro.br\/eri\/wp-json\/wp\/v2\/users\/3"}],"replies":[{"embeddable":true,"href":"https:\/\/www3.unicentro.br\/eri\/wp-json\/wp\/v2\/comments?post=1131"}],"version-history":[{"count":0,"href":"https:\/\/www3.unicentro.br\/eri\/wp-json\/wp\/v2\/pages\/1131\/revisions"}],"up":[{"embeddable":true,"href":"https:\/\/www3.unicentro.br\/eri\/wp-json\/wp\/v2\/pages\/1125"}],"wp:attachment":[{"href":"https:\/\/www3.unicentro.br\/eri\/wp-json\/wp\/v2\/media?parent=1131"}],"curies":[{"name":"wp","href":"https:\/\/api.w.org\/{rel}","templated":true}]}}