{"id":112,"date":"2018-09-05T17:18:49","date_gmt":"2018-09-05T20:18:49","guid":{"rendered":"https:\/\/www3.unicentro.br\/eri\/?page_id=112"},"modified":"2025-02-21T14:37:43","modified_gmt":"2025-02-21T17:37:43","slug":"america-latina","status":"publish","type":"page","link":"https:\/\/www3.unicentro.br\/eri\/cooperacao-internacional\/parceiras\/universidades-e-faculdades\/america-latina\/","title":{"rendered":"Am\u00e9rica Latina e Caribe"},"content":{"rendered":"<div class=\"wpb-content-wrapper\"><p>[vc_row][vc_column][vc_column_text css=&#8221;&#8221;]<\/p>\n<table class=\" aligncenter\" style=\"width: 90%;height: 2493px\">\n<colgroup>\n<col width=\"15%\" \/>\n<col width=\"70%\" \/>\n<col width=\"15%\" \/><\/colgroup>\n<thead>\n<tr style=\"height: 24px\">\n<td style=\"text-align: center;width: 6.54643%;height: 24px\">PA\u00cdS<\/td>\n<td style=\"text-align: center;width: 30.4609%;height: 24px\">INSTITUI\u00c7\u00c3O<\/td>\n<\/tr>\n<\/thead>\n<tbody>\n<tr style=\"height: 56px\">\n<th style=\"text-align: center;width: 6.54643%;height: 573px\" rowspan=\"10\">Argentina<\/th>\n<td style=\"text-align: center;width: 30.4609%;height: 56px\">\n<p class=\"p1\"><a href=\"http:\/\/www.frc.utn.edu.ar\/\">Universidad Tecnol\u00f3gica Nacional \u2013 Facultad Regional C\u00f3rdoba <\/a><a href=\"https:\/\/www.unam.edu.ar\/\">(ZICOSUR)<\/a><\/p>\n<\/td>\n<\/tr>\n<tr style=\"height: 56px\">\n<td style=\"text-align: center;width: 30.4609%;height: 56px\">\n<p class=\"p1\"><a href=\"https:\/\/www.unam.edu.ar\/\">Universidad Nacional de Misi\u00f3nes (ZICOSUR)<\/a><\/p>\n<\/td>\n<\/tr>\n<tr style=\"height: 56px\">\n<td style=\"text-align: center;width: 30.4609%;height: 56px\">\n<p class=\"p1\"><a href=\"http:\/\/www.undec.edu.ar\/\">Universidad Nacional de Chilecito <\/a><a href=\"https:\/\/www.unam.edu.ar\/\">(ZICOSUR)<\/a><\/p>\n<\/td>\n<\/tr>\n<tr style=\"height: 56px\">\n<td style=\"text-align: center;width: 30.4609%;height: 56px\">\n<p class=\"p1\"><a href=\"http:\/\/www.unse.edu.ar\/\">Universidade Nacional de Santiago del Estero<\/a><\/p>\n<\/td>\n<\/tr>\n<tr style=\"height: 56px\">\n<td style=\"text-align: center;width: 30.4609%;height: 56px\">\n<p class=\"p1\"><a href=\"http:\/\/www.umaza.edu.ar\/\">Universidad Agust\u00edn Maza<\/a><\/p>\n<\/td>\n<\/tr>\n<tr style=\"height: 56px\">\n<td style=\"text-align: center;width: 30.4609%;height: 56px\">\n<p class=\"p1\"><a href=\"http:\/\/www.ucse.edu.ar\/semucse\/\">Universidad Catolica de Santiago Del Estero <\/a><a href=\"https:\/\/www.unam.edu.ar\/\">(ZICOSUR)<\/a><\/p>\n<\/td>\n<\/tr>\n<tr style=\"height: 56px\">\n<td style=\"text-align: center;width: 30.4609%;height: 56px\">\n<p class=\"p1\"><a href=\"https:\/\/www.unau.edu.ar\/\">Universidad Nacional del Alto Uruguay<\/a><\/p>\n<\/td>\n<\/tr>\n<tr style=\"height: 56px\">\n<td style=\"text-align: center;width: 30.4609%;height: 56px\">\n<p class=\"p1\"><a href=\"http:\/\/www.uncoma.edu.ar\">Universidad Nacional del Comahue<\/a><\/p>\n<\/td>\n<\/tr>\n<tr style=\"height: 56px\">\n<td style=\"text-align: center;width: 30.4609%;height: 56px\">\n<p class=\"p1\"><a href=\"https:\/\/www.unvm.edu.ar\">Universidad Nacional Villa Maria<\/a><\/p>\n<\/td>\n<\/tr>\n<tr style=\"height: 57px\">\n<td style=\"text-align: center;width: 30.4609%;height: 69px\">\n<p class=\"p1\"><a href=\"http:\/\/www.unne.edu.ar\/\">Universidad Nacional del Nordeste <\/a><a href=\"https:\/\/www.unam.edu.ar\/\">(ZICOSUR)<\/a><\/p>\n<\/td>\n<\/tr>\n<tr style=\"height: 43px\">\n<th style=\"text-align: center;width: 6.54643%;height: 57px\"><\/th>\n<td style=\"text-align: center;width: 30.4609%;height: 57px\"><a href=\"https:\/\/uader.edu.ar\/\">UADER: Universidad Aut\u00f3noma de Entre Rios (ZICOSUR)<\/a><\/td>\n<\/tr>\n<tr style=\"height: 42px\">\n<th style=\"text-align: center;width: 6.54643%;height: 60px\"><\/th>\n<td style=\"text-align: center;width: 30.4609%;height: 60px\"><a href=\"https:\/\/www.unf.edu.ar\/\">UNaF: Universidad Nacional de Formosa (ZICOSUR)<\/a><\/td>\n<\/tr>\n<tr style=\"height: 40px\">\n<th style=\"text-align: center;width: 6.54643%;height: 57px\"><\/th>\n<td style=\"text-align: center;width: 30.4609%;height: 57px\"><a href=\"https:\/\/uncaus.edu.ar\/\">UNCAUS: Universidad Nacional del Chaco Austral (ZICOSUR)<\/a><\/td>\n<\/tr>\n<tr style=\"height: 40px\">\n<th style=\"text-align: center;width: 6.54643%;height: 53px\"><\/th>\n<td style=\"text-align: center;width: 30.4609%;height: 53px\"><a href=\"https:\/\/www.unca.edu.ar\/\">UNCa: Universidad Nacional de Catamarca (ZICOSUR)<\/a><\/td>\n<\/tr>\n<tr style=\"height: 40px\">\n<th style=\"text-align: center;width: 6.54643%;height: 52px\"><\/th>\n<td style=\"text-align: center;width: 30.4609%;height: 52px\"><a href=\"https:\/\/www.unju.edu.ar\/\">UNJu: Universidad Nacional de Jujuy (ZICOSUR)<\/a><\/td>\n<\/tr>\n<tr style=\"height: 36px\">\n<th style=\"text-align: center;width: 6.54643%;height: 51px\"><\/th>\n<td style=\"text-align: center;width: 30.4609%;height: 51px\"><a href=\"https:\/\/www.unsa.edu.ar\/\">UNSa: Universidad Nacional de Salta (ZICOSUR)<\/a><\/td>\n<\/tr>\n<tr style=\"height: 34px\">\n<th style=\"text-align: center;width: 6.54643%;height: 50px\"><\/th>\n<td style=\"text-align: center;width: 30.4609%;height: 50px\"><a href=\"https:\/\/www.unlar.edu.ar\/\">UNlaR: Universidad Nacional de La Rioja (ZICOSUR)<\/a><\/td>\n<\/tr>\n<tr style=\"height: 35px\">\n<th style=\"text-align: center;width: 6.54643%;height: 48px\"><\/th>\n<td style=\"text-align: center;width: 30.4609%;height: 48px\"><a href=\"https:\/\/www.unt.edu.ar\/\">UNT: Universidad Nacional de Tucuman (ZICOSUR)<\/a><\/td>\n<\/tr>\n<tr style=\"height: 39px\">\n<th style=\"text-align: center;width: 6.54643%;height: 49px\"><\/th>\n<td style=\"text-align: center;width: 30.4609%;height: 49px\"><a href=\"https:\/\/elegi.unnoba.edu.ar\/\">Universidad Nacional del Noroeste de la Provincia de Buenos Aires &#8211; UNNOBA<\/a><\/td>\n<\/tr>\n<tr style=\"height: 56px\">\n<th style=\"text-align: center;width: 6.54643%;height: 157px\" rowspan=\"3\">Bol\u00edvia<\/th>\n<td style=\"text-align: center;width: 30.4609%;height: 56px\">\n<p class=\"p1\"><a href=\"http:\/\/www.uatf.edu.bo\/\">Universidad Aut\u00f3noma Tom\u00e1z Fr\u00edas <\/a><a href=\"https:\/\/www.unam.edu.ar\/\">(ZICOSUR)<\/a><\/p>\n<\/td>\n<\/tr>\n<tr style=\"height: 45px\">\n<td style=\"text-align: center;width: 30.4609%;height: 45px\"><a href=\"https:\/\/www.uajms.edu.bo\/\">UAJMS: Universidad Aut\u00f3noma Juan Misael Saracho (ZICOSUR)<\/a><\/td>\n<\/tr>\n<tr style=\"height: 56px\">\n<td style=\"text-align: center;width: 30.4609%;height: 56px\">\n<p class=\"p1\"><a href=\"http:\/\/www.utepsa.edu\/\">Universidad Tecnol\u00f3gica Privada de Santa Cruz<\/a><\/p>\n<\/td>\n<\/tr>\n<tr style=\"height: 56px\">\n<th style=\"text-align: center;width: 6.54643%;height: 202px\" rowspan=\"4\">Chile<\/th>\n<td style=\"text-align: center;width: 30.4609%;height: 56px\">\n<p class=\"p1\"><a href=\"http:\/\/www.upla.cl\/portada\/\">Universidad de Playa Ancha de Ciencias de la Educaci\u00f3n<\/a><\/p>\n<\/td>\n<\/tr>\n<tr style=\"height: 46px\">\n<td style=\"text-align: center;width: 30.4609%;height: 46px\"><a href=\"https:\/\/www.uantof.cl\/\">UA: Universidad de Antofagasta (ZICOSUR)<\/a><\/td>\n<\/tr>\n<tr style=\"height: 44px\">\n<td style=\"text-align: center;width: 30.4609%;height: 44px\"><a href=\"https:\/\/www.uta.cl\/\">UTA: Universidad Nacional de Tarapac\u00e1 (ZICOSUR)<\/a><\/td>\n<\/tr>\n<tr style=\"height: 56px\">\n<td style=\"text-align: center;width: 30.4609%;height: 56px\">\n<p class=\"p1\"><a href=\"https:\/\/www.uach.cl\/\">Universidad Austral de Chile<\/a><\/p>\n<\/td>\n<\/tr>\n<tr style=\"height: 56px\">\n<th style=\"text-align: center;width: 6.54643%;height: 112px\" rowspan=\"2\">Col\u00f4mbia<\/th>\n<td style=\"text-align: center;width: 30.4609%;height: 56px\">\n<p class=\"p1\"><a href=\"http:\/\/www.ucc.edu.co\/Paginas\/inicio.aspx\">Universidad Cooperativa de Colombia<\/a><\/p>\n<\/td>\n<\/tr>\n<tr style=\"height: 56px\">\n<td style=\"text-align: center;width: 30.4609%;height: 56px\">\n<p class=\"p1\"><a href=\"http:\/\/unal.edu.co\/\">Universidad Nacional de Colombia<\/a><\/p>\n<\/td>\n<\/tr>\n<tr>\n<th style=\"text-align: center;width: 6.54643%\">Costa Rica<\/th>\n<td style=\"text-align: center;width: 30.4609%\">\n<p class=\"p1\"><a href=\"https:\/\/www.ucr.ac.cr\/\">Universidad de Costa Rica<\/a><\/p>\n<\/td>\n<\/tr>\n<tr style=\"height: 56px\">\n<th style=\"text-align: center;width: 6.54643%;height: 224px\" rowspan=\"4\">Cuba<\/th>\n<td style=\"text-align: center;width: 30.4609%;height: 56px\">\n<p class=\"p1\"><a href=\"http:\/\/www.uh.cu\/\">Universidad de la Habana<\/a><\/p>\n<\/td>\n<\/tr>\n<tr style=\"height: 56px\">\n<td style=\"text-align: center;width: 30.4609%;height: 56px\">\n<p class=\"p1\"><a href=\"http:\/\/www.instec.cu\/index.php\/en\">Instituto Superior de Tecnolog\u00edas y Ciencias Aplicadas<\/a><\/p>\n<\/td>\n<\/tr>\n<tr style=\"height: 56px\">\n<td style=\"text-align: center;width: 30.4609%;height: 56px\">\n<p class=\"p1\"><a href=\"https:\/\/www.uci.cu\/\">Universidad de las Ciencias Inform\u00e1ticas<\/a><\/p>\n<\/td>\n<\/tr>\n<tr style=\"height: 56px\">\n<td style=\"text-align: center;width: 30.4609%;height: 56px\">\n<p class=\"p1\"><a href=\"http:\/\/www.unah.edu.cu\/\">Universidad Agraria de La Habana<\/a><\/p>\n<\/td>\n<\/tr>\n<tr style=\"height: 56px\">\n<th style=\"text-align: center;width: 6.54643%;height: 112px\" rowspan=\"2\">M\u00e9xico<\/th>\n<td style=\"text-align: center;width: 30.4609%;height: 56px\">\n<p class=\"p1\"><a href=\"https:\/\/www.uaemex.mx\">Universidad Aut\u00f3noma del Estado de M\u00e9xico<\/a><\/p>\n<\/td>\n<\/tr>\n<tr style=\"height: 56px\">\n<td style=\"text-align: center;width: 30.4609%;height: 56px\">\n<p class=\"p1\"><a href=\"https:\/\/www.uv.mx\/\">Universidad Veracruzana<\/a><\/p>\n<\/td>\n<\/tr>\n<tr style=\"height: 56px\">\n<th style=\"text-align: center;width: 6.54643%;height: 56px\">Panam\u00e1<\/th>\n<td style=\"text-align: center;width: 30.4609%;height: 56px\">\n<p class=\"p1\"><a href=\"https:\/\/utp.ac.pa\/\">Universidad Tecnol\u00f3gica de Panam\u00e1 &#8211; UTP <\/a><\/p>\n<\/td>\n<\/tr>\n<tr style=\"height: 56px\">\n<th style=\"text-align: center;width: 6.54643%;height: 56px\">Peru<\/th>\n<td style=\"text-align: center;width: 30.4609%;height: 56px\">\n<p class=\"p1\"><a href=\"https:\/\/www.unjbg.edu.pe\/\">UNJBG &#8211; Universidad Nacional Jorge Basadre Grohmann (ZICOSUR)<\/a><\/p>\n<\/td>\n<\/tr>\n<tr style=\"height: 56px\">\n<th style=\"text-align: center;width: 6.54643%;height: 56px\"><\/th>\n<td style=\"text-align: center;width: 30.4609%;height: 56px\">\n<p class=\"p1\"><a href=\"https:\/\/udea.edu.pe\/\">UDEA &#8211; Universidad para el Desarrollo Andino (ZICOSUR)<\/a><\/p>\n<\/td>\n<\/tr>\n<tr style=\"height: 48px\">\n<th style=\"text-align: center;width: 6.54643%;height: 48px\"><\/th>\n<td style=\"text-align: center;width: 30.4609%;height: 48px\"><a href=\"https:\/\/www.autonoma.pe\/\">UA &#8211; Universidad Aut\u00f3noma del Per\u00fa (ZICOSUR)<\/a><\/td>\n<\/tr>\n<tr style=\"height: 56px\">\n<th style=\"text-align: center;width: 6.54643%;height: 396px\" rowspan=\"8\">Paraguai<\/th>\n<td style=\"text-align: center;width: 30.4609%;height: 56px\">\n<p class=\"p1\"><a href=\"http:\/\/une.edu.py\/web\/index.php\">Universidad Nacional del Este <\/a><a href=\"https:\/\/www.unam.edu.ar\/\">(ZICOSUR)<\/a><\/p>\n<\/td>\n<\/tr>\n<tr style=\"height: 51px\">\n<td style=\"text-align: center;width: 30.4609%;height: 51px\"><a href=\"https:\/\/www.unc.edu.py\/\">UNC: Universidad Nacional de Concepci\u00f3n (ZICOSUR)<\/a><\/td>\n<\/tr>\n<tr style=\"height: 50px\">\n<td style=\"text-align: center;width: 30.4609%;height: 50px\"><a href=\"https:\/\/www.unca.edu.py\/\">UNCa: Universidad Nacional de Caaguaz\u00fa (ZICOSUR)<\/a><\/td>\n<\/tr>\n<tr style=\"height: 47px\">\n<td style=\"text-align: center;width: 30.4609%;height: 47px\"><a href=\"https:\/\/uni.edu.py\/\">UNI: Universidad Nacional de Itap\u00faa (ZICOSUR)<\/a><\/td>\n<\/tr>\n<tr style=\"height: 56px\">\n<td style=\"text-align: center;width: 30.4609%;height: 56px\">\n<p class=\"p1\"><a href=\"http:\/\/unican.edu.py\/v8\/\">Universidad Nacional de Canindey\u00fa <\/a><a href=\"https:\/\/www.unam.edu.ar\/\">(ZICOSUR)<\/a><\/p>\n<\/td>\n<\/tr>\n<tr style=\"height: 24px\">\n<td style=\"text-align: center;width: 30.4609%;height: 24px\"><a href=\"https:\/\/www.unves.edu.py\/\">UNVES: Universidad Nacional de Villarrica del Esp\u00edritu Santo (ZICOSUR)<\/a><\/td>\n<\/tr>\n<tr style=\"height: 56px\">\n<td style=\"text-align: center;width: 30.4609%;height: 56px\">\n<p class=\"p1\"><a href=\"http:\/\/unp.edu.py\/\">Universidad Nacional de Pilar <\/a><a href=\"https:\/\/www.unam.edu.ar\/\">(ZICOSUR)<\/a><\/p>\n<\/td>\n<\/tr>\n<tr style=\"height: 56px\">\n<td style=\"text-align: center;width: 30.4609%;height: 56px\">\n<p class=\"p1\"><a href=\"http:\/\/www.una.py\/\">Universidad Nacional de Asunci\u00f3n <\/a><a href=\"https:\/\/www.unam.edu.ar\/\">(ZICOSUR)<\/a><\/p>\n<\/td>\n<\/tr>\n<\/tbody>\n<\/table>\n<p>[\/vc_column_text][\/vc_column][\/vc_row]<\/p>\n<\/div>","protected":false},"excerpt":{"rendered":"<p>[vc_row][vc_column][vc_column_text css=&#8221;&#8221;] PA\u00cdS INSTITUI\u00c7\u00c3O Argentina Universidad Tecnol\u00f3gica Nacional \u2013 Facultad Regional C\u00f3rdoba (ZICOSUR) Universidad Nacional de Misi\u00f3nes (ZICOSUR) Universidad Nacional de Chilecito (ZICOSUR) Universidade Nacional de Santiago del Estero Universidad Agust\u00edn Maza Universidad Catolica de Santiago Del Estero (ZICOSUR) Universidad Nacional del Alto Uruguay Universidad Nacional del Comahue Universidad Nacional Villa Maria Universidad Nacional del [&hellip;]<\/p>\n","protected":false},"author":3,"featured_media":0,"parent":91,"menu_order":0,"comment_status":"closed","ping_status":"closed","template":"","meta":{"_exactmetrics_skip_tracking":false,"_exactmetrics_sitenote_active":false,"_exactmetrics_sitenote_note":"","_exactmetrics_sitenote_category":0,"footnotes":"","_links_to":"","_links_to_target":""},"class_list":["post-112","page","type-page","status-publish","hentry"],"publishpress_future_action":{"enabled":false,"date":"2026-05-01 11:55:18","action":"change-status","newStatus":"draft","terms":[],"taxonomy":"language","extraData":[]},"publishpress_future_workflow_manual_trigger":{"enabledWorkflows":[]},"_links":{"self":[{"href":"https:\/\/www3.unicentro.br\/eri\/wp-json\/wp\/v2\/pages\/112","targetHints":{"allow":["GET"]}}],"collection":[{"href":"https:\/\/www3.unicentro.br\/eri\/wp-json\/wp\/v2\/pages"}],"about":[{"href":"https:\/\/www3.unicentro.br\/eri\/wp-json\/wp\/v2\/types\/page"}],"author":[{"embeddable":true,"href":"https:\/\/www3.unicentro.br\/eri\/wp-json\/wp\/v2\/users\/3"}],"replies":[{"embeddable":true,"href":"https:\/\/www3.unicentro.br\/eri\/wp-json\/wp\/v2\/comments?post=112"}],"version-history":[{"count":2,"href":"https:\/\/www3.unicentro.br\/eri\/wp-json\/wp\/v2\/pages\/112\/revisions"}],"predecessor-version":[{"id":2163,"href":"https:\/\/www3.unicentro.br\/eri\/wp-json\/wp\/v2\/pages\/112\/revisions\/2163"}],"up":[{"embeddable":true,"href":"https:\/\/www3.unicentro.br\/eri\/wp-json\/wp\/v2\/pages\/91"}],"wp:attachment":[{"href":"https:\/\/www3.unicentro.br\/eri\/wp-json\/wp\/v2\/media?parent=112"}],"curies":[{"name":"wp","href":"https:\/\/api.w.org\/{rel}","templated":true}]}}