{"id":1117,"date":"2019-11-01T16:21:00","date_gmt":"2019-11-01T19:21:00","guid":{"rendered":"https:\/\/www3.unicentro.br\/eri\/?page_id=1117"},"modified":"2023-09-22T13:51:36","modified_gmt":"2023-09-22T16:51:36","slug":"regulations-at-unicentro","status":"publish","type":"page","link":"https:\/\/www3.unicentro.br\/eri\/en\/highlights\/regulation\/regulations-at-unicentro\/","title":{"rendered":"Regulations at Unicentro"},"content":{"rendered":"<ul>\n<li><a href=\"https:\/\/sgu.unicentro.br\/pcatooficiais\/imprimir\/2097ED94\"><strong>RESOLU\u00c7\u00c3O N\u00ba 66-GR\/UNICENTRO, DE 9 DE MAR\u00c7O DE 2023: <\/strong>Aprova, ad referendum do CEPE, a Pol\u00edtica de Internacionaliza\u00e7\u00e3o da UNICENTRO\u00a0<\/a><\/li>\n<li><a href=\"https:\/\/sgu.unicentro.br\/pcatooficiais\/imprimir\/E321706B\"><strong>RESOLU\u00c7\u00c3O N\u00ba 67-GR\/UNICENTRO, DE 9 DE MAR\u00c7O DE 2023: <\/strong>Institui, em car\u00e1ter permanente, ad referendum do CEPE, as Pol\u00edticas Lingu\u00edsticas Institucionais.<\/a><\/li>\n<li><a href=\"https:\/\/www3.unicentro.br\/eri\/wp-content\/uploads\/sites\/35\/2019\/09\/Instruc\u0327a\u0303o-Normativa-01-2019-ERI-PROPESP-PROEN.pdf\"><strong>Instru\u00e7\u00e3o Normativa Conjunta n.\u00ba 001\/2019-ERI\/Propesp\/Proen\/Unicentro<\/strong>: estabelece formul\u00e1rios, documentos e tr\u00e2mite para os processos de Mobilidade Internacional no \u00e2mbito da Unicentro<\/a>\n<ul>\n<li><strong>Anexo I<\/strong>: Solicita\u00e7\u00e3o de mobilidade internacional para estudantes da Unicentro [ <a href=\"https:\/\/www3.unicentro.br\/eri\/wp-content\/uploads\/sites\/35\/2019\/09\/Anexo-I-INC1.19.pdf\">pdf<\/a> ] [ <a href=\"https:\/\/www3.unicentro.br\/eri\/wp-content\/uploads\/sites\/35\/2019\/09\/Anexo-I-INC1.19.doc\">doc<\/a> ]<\/li>\n<li><a href=\"https:\/\/www3.unicentro.br\/eri\/wp-content\/uploads\/sites\/35\/2019\/09\/Anexo-II-INC1.19.pdf\"><strong>Anexo II: <\/strong>Documentos exigidos para mobilidade internacional para estudantes da Unicentro<\/a><\/li>\n<li><strong>Anexo III<\/strong>: Solicita\u00e7\u00e3o de mobilidade internacional para estudantes estrangeiros [ <a href=\"https:\/\/www3.unicentro.br\/eri\/wp-content\/uploads\/sites\/35\/2019\/09\/Anexo-III-INC1.19.pdf\">pdf<\/a> ] [ <a href=\"https:\/\/www3.unicentro.br\/eri\/wp-content\/uploads\/sites\/35\/2019\/09\/Anexo-III-INC1.19.doc\">doc<\/a> ]<\/li>\n<li><a href=\"https:\/\/www3.unicentro.br\/eri\/wp-content\/uploads\/sites\/35\/2019\/09\/Anexo-IV-INC1.19.pdf\"><strong>Anexo IV<\/strong>: Documentos exigidos para mobilidade internacional de estudantes estrangeiros na Unicentro<\/a><\/li>\n<li><strong>Anexo V<\/strong>: Memorial descritivo das atividades realizadas por estudantes da Unicentro em mobilidade internacional [ <a href=\"https:\/\/www3.unicentro.br\/eri\/wp-content\/uploads\/sites\/35\/2019\/09\/Anexo-V-INC1.19.pdf\">pdf<\/a> ] [ <a href=\"https:\/\/www3.unicentro.br\/eri\/wp-content\/uploads\/sites\/35\/2019\/09\/Anexo-V-INC1.19.doc\">doc<\/a> ]<\/li>\n<li><strong>Anexo VI<\/strong>: Aproveitamento de estudos \u2013 Correspond\u00eancia de nomenclatura e equival\u00eancia de disciplinas de estudante em mobilidade\u00a0[ <a href=\"https:\/\/www3.unicentro.br\/eri\/wp-content\/uploads\/sites\/35\/2019\/09\/Anexo-VI-INC1.19.pdf\">pdf<\/a> ] [ <a href=\"https:\/\/www3.unicentro.br\/eri\/wp-content\/uploads\/sites\/35\/2019\/09\/Anexo-VI-INC1.19.doc\">doc<\/a> ]<\/li>\n<li><strong>Anexo VII<\/strong>: Atividades desenvolvidas por estudantes estrangeiros em mobilidade internacional na Unicentro\u00a0[ <a href=\"https:\/\/www3.unicentro.br\/eri\/wp-content\/uploads\/sites\/35\/2019\/09\/Anexo-VII-INC1.19.pdf\">pdf<\/a> ] [ <a href=\"https:\/\/www3.unicentro.br\/eri\/wp-content\/uploads\/sites\/35\/2019\/09\/Anexo-VII-INC1.19.doc\">doc<\/a> ]<\/li>\n<li><a href=\"https:\/\/www3.unicentro.br\/eri\/wp-content\/uploads\/sites\/35\/2019\/09\/Anexo-VIII-INC1.19.pdf\"><strong>Anexo VIII<\/strong>: Tr\u00e2mite dos processos de mobilidade internacional na Unicentro<\/a><\/li>\n<\/ul>\n<\/li>\n<\/ul>\n<ul>\n<li><a href=\"https:\/\/sgu.unicentro.br\/pcatooficiais\/imprimir\/6D8B2316\"><strong>Resolu\u00e7\u00e3o n.\u00ba 12\/2019-Cepe\/Unicentro<\/strong>: aprova o Regulamento do Programa Institucional de A\u00e7\u00f5es Internacionais, PIAI, da UNICENTRO<\/a><\/li>\n<li><a href=\"https:\/\/www3.unicentro.br\/proplan\/wp-content\/uploads\/sites\/17\/2023\/09\/PDI_01_de_setembro_com_resolu_o_6_64f22a45503ed.pdf\"><strong>Plano de Desenvolvimento Institucional, PDI, da Unicentro, 2023-2027<\/strong><\/a><\/li>\n<li><a href=\"https:\/\/sgu.unicentro.br\/pcatooficiais\/imprimir\/84BE7CB2\"><strong>Resolu\u00e7\u00e3o n.\u00ba 10\/2018-Cepe\/Unicentro<\/strong>: aprova o Plano Estrat\u00e9gico de Internacionaliza\u00e7\u00e3o da Unicentro<\/a><\/li>\n<li><a href=\"https:\/\/sgu.unicentro.br\/pcatooficiais\/imprimir\/8D5B7214\"><strong>Resolu\u00e7\u00e3o n.\u00ba 215\/2012-CAD\/Unicentro<\/strong>: disp\u00f5e sobre o afastamento de servidor da Unicentro para viagem ao exterior<\/a>\u00a0&#8211; [<a href=\"https:\/\/www3.unicentro.br\/prorh\/wp-content\/uploads\/sites\/58\/2018\/11\/Requerimento_viagem_ao_exterior_20121214_1_519637ca28377.doc\">Formul\u00e1rio .doc<\/a>]<\/li>\n<\/ul>\n","protected":false},"excerpt":{"rendered":"<p>RESOLU\u00c7\u00c3O N\u00ba 66-GR\/UNICENTRO, DE 9 DE MAR\u00c7O DE 2023: Aprova, ad referendum do CEPE, a Pol\u00edtica de Internacionaliza\u00e7\u00e3o da UNICENTRO\u00a0 RESOLU\u00c7\u00c3O N\u00ba 67-GR\/UNICENTRO, DE 9 DE MAR\u00c7O DE 2023: Institui, em car\u00e1ter permanente, ad referendum do CEPE, as Pol\u00edticas Lingu\u00edsticas Institucionais. Instru\u00e7\u00e3o Normativa Conjunta n.\u00ba 001\/2019-ERI\/Propesp\/Proen\/Unicentro: estabelece formul\u00e1rios, documentos e tr\u00e2mite para os processos de [&hellip;]<\/p>\n","protected":false},"author":3,"featured_media":0,"parent":1119,"menu_order":0,"comment_status":"closed","ping_status":"closed","template":"","meta":{"_exactmetrics_skip_tracking":false,"_exactmetrics_sitenote_active":false,"_exactmetrics_sitenote_note":"","_exactmetrics_sitenote_category":0,"footnotes":"","_links_to":"","_links_to_target":""},"class_list":["post-1117","page","type-page","status-publish","hentry"],"publishpress_future_action":{"enabled":false,"date":"2026-04-30 12:33:18","action":"change-status","newStatus":"draft","terms":[],"taxonomy":"language","extraData":[]},"publishpress_future_workflow_manual_trigger":{"enabledWorkflows":[]},"_links":{"self":[{"href":"https:\/\/www3.unicentro.br\/eri\/wp-json\/wp\/v2\/pages\/1117","targetHints":{"allow":["GET"]}}],"collection":[{"href":"https:\/\/www3.unicentro.br\/eri\/wp-json\/wp\/v2\/pages"}],"about":[{"href":"https:\/\/www3.unicentro.br\/eri\/wp-json\/wp\/v2\/types\/page"}],"author":[{"embeddable":true,"href":"https:\/\/www3.unicentro.br\/eri\/wp-json\/wp\/v2\/users\/3"}],"replies":[{"embeddable":true,"href":"https:\/\/www3.unicentro.br\/eri\/wp-json\/wp\/v2\/comments?post=1117"}],"version-history":[{"count":2,"href":"https:\/\/www3.unicentro.br\/eri\/wp-json\/wp\/v2\/pages\/1117\/revisions"}],"predecessor-version":[{"id":1647,"href":"https:\/\/www3.unicentro.br\/eri\/wp-json\/wp\/v2\/pages\/1117\/revisions\/1647"}],"up":[{"embeddable":true,"href":"https:\/\/www3.unicentro.br\/eri\/wp-json\/wp\/v2\/pages\/1119"}],"wp:attachment":[{"href":"https:\/\/www3.unicentro.br\/eri\/wp-json\/wp\/v2\/media?parent=1117"}],"curies":[{"name":"wp","href":"https:\/\/api.w.org\/{rel}","templated":true}]}}