{"id":110,"date":"2018-09-05T17:18:28","date_gmt":"2018-09-05T20:18:28","guid":{"rendered":"https:\/\/www3.unicentro.br\/eri\/?page_id=110"},"modified":"2026-04-01T10:32:01","modified_gmt":"2026-04-01T13:32:01","slug":"europa","status":"publish","type":"page","link":"https:\/\/www3.unicentro.br\/eri\/cooperacao-internacional\/parceiras\/universidades-e-faculdades\/europa\/","title":{"rendered":"Europa"},"content":{"rendered":"<div class=\"wpb-content-wrapper\"><p>[vc_row][vc_column][vc_column_text css=&#8221;&#8221;]<\/p>\n<table class=\" aligncenter\" style=\"width: 93.1235%;height: 441px\">\n<colgroup>\n<col width=\"15%\" \/>\n<col width=\"70%\" \/>\n<col width=\"15%\" \/><\/colgroup>\n<thead>\n<tr style=\"height: 24px\">\n<td style=\"text-align: center;width: 8.17757%;height: 24px\">PA\u00cdS<\/td>\n<td style=\"text-align: center;width: 38.0062%;height: 24px\">INSTITUI\u00c7\u00c3O<\/td>\n<\/tr>\n<\/thead>\n<tbody>\n<tr style=\"height: 44px\">\n<th style=\"text-align: center;width: 8.17757%;height: 44px\">B\u00e9lgica<\/th>\n<td style=\"text-align: center;width: 38.0062%;height: 44px\"><a href=\"https:\/\/web.umons.ac.be\/en\/\">Universidade de Mons<\/a><\/td>\n<\/tr>\n<tr style=\"height: 24px\">\n<th style=\"text-align: center;width: 8.17757%;height: 48px\">Alemanha<\/th>\n<td style=\"text-align: center;width: 38.0062%;height: 48px\"><a href=\"https:\/\/www.hs-rottenburg.net\/\">Hochschule f\u00fcr Forstwirtschaft Rottenburg<\/a><\/td>\n<\/tr>\n<tr style=\"height: 24px\">\n<th style=\"text-align: center;width: 8.17757%;height: 85px\" rowspan=\"3\">Espanha<\/th>\n<td style=\"text-align: center;width: 38.0062%;height: 24px\"><a href=\"http:\/\/www.ehu.eus\/en\/en-home\">Universidad del Pa\u00eds Vasco<\/a><\/td>\n<\/tr>\n<tr style=\"height: 37px\">\n<td style=\"text-align: center;width: 38.0062%;height: 37px\"><a href=\"https:\/\/www.uam.es\/uam\/en\/inicio\">Universidad Aut\u00f3noma de Madrid<\/a><\/td>\n<\/tr>\n<tr style=\"height: 24px\">\n<td style=\"text-align: center;width: 38.0062%;height: 24px\"><a href=\"https:\/\/www.uma.es\/\">Universidad de M\u00e1laga<\/a><\/td>\n<\/tr>\n<tr style=\"height: 24px\">\n<th style=\"text-align: center;width: 8.17757%;height: 144px\" rowspan=\"6\">Portugal<\/th>\n<td style=\"text-align: center;width: 38.0062%;height: 24px\"><a href=\"http:\/\/www.uac.pt\/\">Universidade dos A\u00e7ores<\/a><\/td>\n<\/tr>\n<tr style=\"height: 24px\">\n<td style=\"text-align: center;width: 38.0062%;height: 24px\"><a href=\"http:\/\/www.uc.pt\/\">Universidade de Coimbra<\/a><\/td>\n<\/tr>\n<tr style=\"height: 24px\">\n<td style=\"text-align: center;width: 38.0062%;height: 24px\"><a href=\"https:\/\/www.ulisboa.pt\/\">Universidade de Lisboa<\/a><\/td>\n<\/tr>\n<tr style=\"height: 24px\">\n<td style=\"text-align: center;width: 38.0062%;height: 24px\"><a href=\"https:\/\/ipb.pt\/pt\"> Instituto Polit\u00e9cnico de Bragan\u00e7a<\/a><\/td>\n<\/tr>\n<tr style=\"height: 24px\">\n<td style=\"text-align: center;width: 38.0062%;height: 24px\"><a href=\"https:\/\/www.ips.pt\/ips_si\/web_page.inicial\">Instituto Polit\u00e9cnico de Set\u00fabal<\/a><\/td>\n<\/tr>\n<tr style=\"height: 24px\">\n<td style=\"text-align: center;width: 38.0062%;height: 24px\"><a href=\"https:\/\/www.ipv.pt\/homepage\/estudar\/\">Instituto Polit\u00e9cnico de Viseu &#8211; IPV<\/a><\/td>\n<\/tr>\n<tr style=\"height: 24px\">\n<th style=\"text-align: center;width: 8.17757%;height: 96px\" rowspan=\"4\">Ucr\u00e2nia<\/th>\n<td style=\"text-align: center;width: 38.0062%;height: 24px\"><a href=\"http:\/\/hnpu.edu.ua\/en\/node\/118\">H.S. Skovoroda Kharkiv<\/a><\/td>\n<\/tr>\n<tr style=\"height: 24px\">\n<td style=\"text-align: center;width: 38.0062%;height: 24px\"><a href=\"https:\/\/www.dnu.dp.ua\/en\">Dnipropetrovsk National University \u2013 Oles Honchar<\/a><\/td>\n<\/tr>\n<tr style=\"height: 24px\">\n<td style=\"text-align: center;width: 38.0062%;height: 24px\"><a href=\"https:\/\/udu.edu.ua\/en\">Dragomanov &#8211; Universidade Estatal da Ucr\u00e2nia, UDU<\/a><\/td>\n<\/tr>\n<tr style=\"height: 24px\">\n<td style=\"text-align: center;width: 38.0062%;height: 24px\"><a href=\"https:\/\/pnu.edu.ua\/en\/\">Vasyl Stefanyk Precarpathian National University <\/a><\/td>\n<\/tr>\n<\/tbody>\n<\/table>\n<p>[\/vc_column_text][\/vc_column][\/vc_row]<\/p>\n<\/div>","protected":false},"excerpt":{"rendered":"<p>[vc_row][vc_column][vc_column_text css=&#8221;&#8221;] PA\u00cdS INSTITUI\u00c7\u00c3O B\u00e9lgica Universidade de Mons Alemanha Hochschule f\u00fcr Forstwirtschaft Rottenburg Espanha Universidad del Pa\u00eds Vasco Universidad Aut\u00f3noma de Madrid Universidad de M\u00e1laga Portugal Universidade dos A\u00e7ores Universidade de Coimbra Universidade de Lisboa Instituto Polit\u00e9cnico de Bragan\u00e7a Instituto Polit\u00e9cnico de Set\u00fabal Instituto Polit\u00e9cnico de Viseu &#8211; IPV Ucr\u00e2nia H.S. Skovoroda Kharkiv Dnipropetrovsk National [&hellip;]<\/p>\n","protected":false},"author":3,"featured_media":0,"parent":91,"menu_order":0,"comment_status":"closed","ping_status":"closed","template":"","meta":{"_exactmetrics_skip_tracking":false,"_exactmetrics_sitenote_active":false,"_exactmetrics_sitenote_note":"","_exactmetrics_sitenote_category":0,"footnotes":"","_links_to":"","_links_to_target":""},"class_list":["post-110","page","type-page","status-publish","hentry"],"publishpress_future_action":{"enabled":false,"date":"2026-04-30 04:15:29","action":"change-status","newStatus":"draft","terms":[],"taxonomy":"language","extraData":[]},"publishpress_future_workflow_manual_trigger":{"enabledWorkflows":[]},"_links":{"self":[{"href":"https:\/\/www3.unicentro.br\/eri\/wp-json\/wp\/v2\/pages\/110","targetHints":{"allow":["GET"]}}],"collection":[{"href":"https:\/\/www3.unicentro.br\/eri\/wp-json\/wp\/v2\/pages"}],"about":[{"href":"https:\/\/www3.unicentro.br\/eri\/wp-json\/wp\/v2\/types\/page"}],"author":[{"embeddable":true,"href":"https:\/\/www3.unicentro.br\/eri\/wp-json\/wp\/v2\/users\/3"}],"replies":[{"embeddable":true,"href":"https:\/\/www3.unicentro.br\/eri\/wp-json\/wp\/v2\/comments?post=110"}],"version-history":[{"count":3,"href":"https:\/\/www3.unicentro.br\/eri\/wp-json\/wp\/v2\/pages\/110\/revisions"}],"predecessor-version":[{"id":2434,"href":"https:\/\/www3.unicentro.br\/eri\/wp-json\/wp\/v2\/pages\/110\/revisions\/2434"}],"up":[{"embeddable":true,"href":"https:\/\/www3.unicentro.br\/eri\/wp-json\/wp\/v2\/pages\/91"}],"wp:attachment":[{"href":"https:\/\/www3.unicentro.br\/eri\/wp-json\/wp\/v2\/media?parent=110"}],"curies":[{"name":"wp","href":"https:\/\/api.w.org\/{rel}","templated":true}]}}