{"id":108,"date":"2018-09-05T17:18:14","date_gmt":"2018-09-05T20:18:14","guid":{"rendered":"https:\/\/www3.unicentro.br\/eri\/?page_id=108"},"modified":"2026-04-01T10:29:43","modified_gmt":"2026-04-01T13:29:43","slug":"asia","status":"publish","type":"page","link":"https:\/\/www3.unicentro.br\/eri\/cooperacao-internacional\/parceiras\/universidades-e-faculdades\/asia\/","title":{"rendered":"\u00c1sia"},"content":{"rendered":"<div class=\"wpb-content-wrapper\"><p>[vc_row][vc_column][vc_column_text css=&#8221;&#8221;]<\/p>\n<table class=\" aligncenter\" style=\"width: 102.338%;height: 393px\">\n<colgroup>\n<col width=\"15%\" \/>\n<col width=\"70%\" \/>\n<col width=\"15%\" \/><\/colgroup>\n<thead>\n<tr style=\"height: 24px\">\n<td style=\"text-align: center;width: 11.1397%;height: 24px\">PA\u00cdS<\/td>\n<td style=\"text-align: center;width: 44.9399%;height: 24px\">INSTITUI\u00c7\u00c3O<\/td>\n<\/tr>\n<\/thead>\n<tbody>\n<tr>\n<th style=\"text-align: center;width: 11.1397%\">China<\/th>\n<td style=\"text-align: center;width: 44.9399%\"><a href=\"https:\/\/www.en.sdu.edu.cn\/\">Shandong University<\/a><\/td>\n<\/tr>\n<tr style=\"height: 44px\">\n<th style=\"text-align: center;width: 11.1397%;height: 44px\">Jap\u00e3o<\/th>\n<td style=\"text-align: center;width: 44.9399%;height: 44px\"><a href=\"https:\/\/www.kpu.ac.jp\/university\/\">Kyoto Prefectural University (KPU)<\/a><\/td>\n<\/tr>\n<\/tbody>\n<\/table>\n<p>[\/vc_column_text][\/vc_column][\/vc_row]<\/p>\n<\/div>","protected":false},"excerpt":{"rendered":"<p>[vc_row][vc_column][vc_column_text css=&#8221;&#8221;] PA\u00cdS INSTITUI\u00c7\u00c3O China Shandong University Jap\u00e3o Kyoto Prefectural University (KPU) [\/vc_column_text][\/vc_column][\/vc_row]<\/p>\n","protected":false},"author":3,"featured_media":0,"parent":91,"menu_order":0,"comment_status":"closed","ping_status":"closed","template":"","meta":{"_exactmetrics_skip_tracking":false,"_exactmetrics_sitenote_active":false,"_exactmetrics_sitenote_note":"","_exactmetrics_sitenote_category":0,"footnotes":"","_links_to":"","_links_to_target":""},"class_list":["post-108","page","type-page","status-publish","hentry"],"publishpress_future_action":{"enabled":false,"date":"2026-04-11 22:22:04","action":"change-status","newStatus":"draft","terms":[],"taxonomy":"language","extraData":[]},"publishpress_future_workflow_manual_trigger":{"enabledWorkflows":[]},"_links":{"self":[{"href":"https:\/\/www3.unicentro.br\/eri\/wp-json\/wp\/v2\/pages\/108","targetHints":{"allow":["GET"]}}],"collection":[{"href":"https:\/\/www3.unicentro.br\/eri\/wp-json\/wp\/v2\/pages"}],"about":[{"href":"https:\/\/www3.unicentro.br\/eri\/wp-json\/wp\/v2\/types\/page"}],"author":[{"embeddable":true,"href":"https:\/\/www3.unicentro.br\/eri\/wp-json\/wp\/v2\/users\/3"}],"replies":[{"embeddable":true,"href":"https:\/\/www3.unicentro.br\/eri\/wp-json\/wp\/v2\/comments?post=108"}],"version-history":[{"count":3,"href":"https:\/\/www3.unicentro.br\/eri\/wp-json\/wp\/v2\/pages\/108\/revisions"}],"predecessor-version":[{"id":2431,"href":"https:\/\/www3.unicentro.br\/eri\/wp-json\/wp\/v2\/pages\/108\/revisions\/2431"}],"up":[{"embeddable":true,"href":"https:\/\/www3.unicentro.br\/eri\/wp-json\/wp\/v2\/pages\/91"}],"wp:attachment":[{"href":"https:\/\/www3.unicentro.br\/eri\/wp-json\/wp\/v2\/media?parent=108"}],"curies":[{"name":"wp","href":"https:\/\/api.w.org\/{rel}","templated":true}]}}