{"id":106,"date":"2018-09-05T17:17:57","date_gmt":"2018-09-05T20:17:57","guid":{"rendered":"https:\/\/www3.unicentro.br\/eri\/?page_id=106"},"modified":"2024-09-02T14:13:31","modified_gmt":"2024-09-02T17:13:31","slug":"africa","status":"publish","type":"page","link":"https:\/\/www3.unicentro.br\/eri\/cooperacao-internacional\/parceiras\/universidades-e-faculdades\/africa\/","title":{"rendered":"\u00c1frica"},"content":{"rendered":"<div class=\"wpb-content-wrapper\"><p>[vc_row][vc_column][vc_column_text css=&#8221;&#8221;]<\/p>\n<table class=\" aligncenter\" style=\"width: 90%\">\n<colgroup>\n<col width=\"15%\" \/>\n<col width=\"70%\" \/>\n<col width=\"15%\" \/><\/colgroup>\n<thead>\n<tr>\n<td style=\"text-align: center;width: 9.12698%\">PA\u00cdS<\/td>\n<td style=\"text-align: center;width: 42.4603%\">INSTITUI\u00c7\u00c3O<\/td>\n<td style=\"text-align: center;width: 9.12698%\"><\/td>\n<\/tr>\n<\/thead>\n<tbody>\n<tr>\n<td style=\"text-align: center;width: 9.12698%\"><\/td>\n<td style=\"text-align: center;width: 42.4603%\"><\/td>\n<td style=\"text-align: center;width: 9.12698%\"><\/td>\n<\/tr>\n<tr>\n<td style=\"text-align: center;width: 9.12698%\"><\/td>\n<td style=\"text-align: center;width: 42.4603%\"><\/td>\n<td style=\"text-align: center;width: 9.12698%\"><\/td>\n<\/tr>\n<\/tbody>\n<\/table>\n<p>[\/vc_column_text][\/vc_column][\/vc_row]<\/p>\n<\/div>","protected":false},"excerpt":{"rendered":"<p>[vc_row][vc_column][vc_column_text css=&#8221;&#8221;] PA\u00cdS INSTITUI\u00c7\u00c3O [\/vc_column_text][\/vc_column][\/vc_row]<\/p>\n","protected":false},"author":3,"featured_media":0,"parent":91,"menu_order":0,"comment_status":"closed","ping_status":"closed","template":"","meta":{"_exactmetrics_skip_tracking":false,"_exactmetrics_sitenote_active":false,"_exactmetrics_sitenote_note":"","_exactmetrics_sitenote_category":0,"footnotes":"","_links_to":"","_links_to_target":""},"class_list":["post-106","page","type-page","status-publish","hentry"],"publishpress_future_action":{"enabled":false,"date":"2026-04-30 15:51:50","action":"change-status","newStatus":"draft","terms":[],"taxonomy":"language","extraData":[]},"publishpress_future_workflow_manual_trigger":{"enabledWorkflows":[]},"_links":{"self":[{"href":"https:\/\/www3.unicentro.br\/eri\/wp-json\/wp\/v2\/pages\/106","targetHints":{"allow":["GET"]}}],"collection":[{"href":"https:\/\/www3.unicentro.br\/eri\/wp-json\/wp\/v2\/pages"}],"about":[{"href":"https:\/\/www3.unicentro.br\/eri\/wp-json\/wp\/v2\/types\/page"}],"author":[{"embeddable":true,"href":"https:\/\/www3.unicentro.br\/eri\/wp-json\/wp\/v2\/users\/3"}],"replies":[{"embeddable":true,"href":"https:\/\/www3.unicentro.br\/eri\/wp-json\/wp\/v2\/comments?post=106"}],"version-history":[{"count":2,"href":"https:\/\/www3.unicentro.br\/eri\/wp-json\/wp\/v2\/pages\/106\/revisions"}],"predecessor-version":[{"id":2074,"href":"https:\/\/www3.unicentro.br\/eri\/wp-json\/wp\/v2\/pages\/106\/revisions\/2074"}],"up":[{"embeddable":true,"href":"https:\/\/www3.unicentro.br\/eri\/wp-json\/wp\/v2\/pages\/91"}],"wp:attachment":[{"href":"https:\/\/www3.unicentro.br\/eri\/wp-json\/wp\/v2\/media?parent=106"}],"curies":[{"name":"wp","href":"https:\/\/api.w.org\/{rel}","templated":true}]}}