{"id":42,"date":"2024-12-02T15:12:47","date_gmt":"2024-12-02T18:12:47","guid":{"rendered":"https:\/\/www3.unicentro.br\/emuseu\/?page_id=42"},"modified":"2026-03-12T15:51:31","modified_gmt":"2026-03-12T18:51:31","slug":"sobre","status":"publish","type":"page","link":"https:\/\/www3.unicentro.br\/emuseu\/sobre\/","title":{"rendered":"Sobre"},"content":{"rendered":"<div class=\"wpb-content-wrapper\"><p>[vc_row][vc_column][vc_column_text css=&#8221;&#8221;]<span style=\"font-size: 18pt\"><strong>Sobre o E-Lixo<\/strong><\/span><\/p>\n<p><span style=\"font-size: 18pt\">Com a evolu\u00e7\u00e3o cada vez mais r\u00e1pida da tecnologia, o lixo eletr\u00f4nico vem sendo motivo de preocupa\u00e7\u00e3o para o mundo todo. Isso porque o descarte incorreto dos materiais pode afetar a sa\u00fade e gerar impactos ambientais em grande escala. Pensando em formas de auxiliar na reciclagem e reparos desses materiais \u00e9 que a Unicentro, atrav\u00e9s do Departamento de Ci\u00eancia da Computa\u00e7\u00e3o, oferta o projeto de extens\u00e3o E-Lixo.<\/span><\/p>\n<p><span style=\"font-size: 18pt\">A coordenadora da a\u00e7\u00e3o, professora Angelita de R\u00e9, explica que al\u00e9m de descartar corretamente todo o lixo eletr\u00f4nico recolhido, o projeto busca reparar equipamentos de inform\u00e1tica que podem ser consertados, dando um novo destino ao material. \u201cQuando uma pessoa doa um computador ou uma impressora, por exemplo, para o projeto, \u00e9 feita uma triagem. Essa triagem verifica se a possibilidade de conserto, se a necessidade de uma pe\u00e7a extra de inclus\u00e3o ou troca, e se esse vai ser utilizado no projeto. Caso isso aconte\u00e7a, esse material \u00e9 separado para futuro conserto. Caso n\u00e3o seja poss\u00edvel, ele \u00e9 separado para ser destinado a uma empresa de reciclagem\u201d.<\/span><\/p>\n<p><span style=\"font-size: 18pt\">Depois de consertadas, as m\u00e1quinas s\u00e3o doadas para projetos, alunos, professores e toda a comunidade externa.\u00a0\u00a0\u201cO material \u00e9 todo doado para quem tem interesse ou necessita\u201d, completa Agelita. Ela destaca ainda que o projeto \u00e9 voltado exclusivamente para o recolhimento de lixo eletr\u00f4nico de inform\u00e1tica e ressalta que qualquer um pode doar nos pontos de recolhimento distribu\u00eddos pelo campus Cedeteg da Unicentro. \u201cAs doa\u00e7\u00f5es podem ser feitas diretamente no projeto, que funciona nas instala\u00e7\u00f5es da Novatec. Ou, ent\u00e3o, nos pontos de coleta. Agora est\u00e3o dispon\u00edveis uma caixa na entrada da Coorti e outra na dire\u00e7\u00e3o de campus\u201d.<\/span><\/p>\n<p><span style=\"font-size: 18pt\">O E-Lixo est\u00e1 localizado na Novatec, dentro da Universidade Estadual do Centro-Oeste (Unicentro), no campus Cedeteg, em Guarapuava, PR. O projeto \u00e9 vinculado ao Departamento de Ci\u00eancia da Computa\u00e7\u00e3o da Unicentro, e nosso acervo re\u00fane pe\u00e7as hist\u00f3ricas que representam avan\u00e7os relevantes no campo da tecnologia.<\/span>[\/vc_column_text][\/vc_column][\/vc_row]<\/p>\n<\/div>","protected":false},"excerpt":{"rendered":"<p>[vc_row][vc_column][vc_column_text css=&#8221;&#8221;]Sobre o E-Lixo Com a evolu\u00e7\u00e3o cada vez mais r\u00e1pida da tecnologia, o lixo eletr\u00f4nico vem sendo motivo de preocupa\u00e7\u00e3o para o mundo todo. Isso porque o descarte incorreto dos materiais pode afetar a sa\u00fade e gerar impactos ambientais em grande escala. Pensando em formas de auxiliar na reciclagem e reparos desses materiais \u00e9 [&hellip;]<\/p>\n","protected":false},"author":3,"featured_media":0,"parent":0,"menu_order":0,"comment_status":"closed","ping_status":"closed","template":"","meta":{"_exactmetrics_skip_tracking":false,"_exactmetrics_sitenote_active":false,"_exactmetrics_sitenote_note":"","_exactmetrics_sitenote_category":0,"footnotes":"","_links_to":"","_links_to_target":""},"class_list":["post-42","page","type-page","status-publish","hentry"],"_links":{"self":[{"href":"https:\/\/www3.unicentro.br\/emuseu\/wp-json\/wp\/v2\/pages\/42","targetHints":{"allow":["GET"]}}],"collection":[{"href":"https:\/\/www3.unicentro.br\/emuseu\/wp-json\/wp\/v2\/pages"}],"about":[{"href":"https:\/\/www3.unicentro.br\/emuseu\/wp-json\/wp\/v2\/types\/page"}],"author":[{"embeddable":true,"href":"https:\/\/www3.unicentro.br\/emuseu\/wp-json\/wp\/v2\/users\/3"}],"replies":[{"embeddable":true,"href":"https:\/\/www3.unicentro.br\/emuseu\/wp-json\/wp\/v2\/comments?post=42"}],"version-history":[{"count":2,"href":"https:\/\/www3.unicentro.br\/emuseu\/wp-json\/wp\/v2\/pages\/42\/revisions"}],"predecessor-version":[{"id":420,"href":"https:\/\/www3.unicentro.br\/emuseu\/wp-json\/wp\/v2\/pages\/42\/revisions\/420"}],"wp:attachment":[{"href":"https:\/\/www3.unicentro.br\/emuseu\/wp-json\/wp\/v2\/media?parent=42"}],"curies":[{"name":"wp","href":"https:\/\/api.w.org\/{rel}","templated":true}]}}