{"id":38,"date":"2024-12-02T15:11:55","date_gmt":"2024-12-02T18:11:55","guid":{"rendered":"https:\/\/www3.unicentro.br\/emuseu\/?page_id=38"},"modified":"2026-03-30T10:54:37","modified_gmt":"2026-03-30T13:54:37","slug":"inicial","status":"publish","type":"page","link":"https:\/\/www3.unicentro.br\/emuseu\/","title":{"rendered":"Inicial"},"content":{"rendered":"<div class=\"wpb-content-wrapper\"><p>[vc_row u_row_style=&#8221;0&#8243; u_row_paralax=&#8221;0&#8243; u_row_scheme=&#8221;0&#8243; css=&#8221;.vc_custom_1733165540116{margin-top: 30px !important;}&#8221;][vc_column][vc_column_text css=&#8221;.vc_custom_1773342836552{border-color: #00002E !important;}&#8221;]<\/p>\n<div class=\"wp-block-image\"><span style=\"font-size: 36pt\"><img loading=\"lazy\" decoding=\"async\" class=\"wpa-warning wpa-image-missing-alt aligncenter wp-image-425\" src=\"https:\/\/www3.unicentro.br\/emuseu\/wp-content\/uploads\/sites\/171\/2026\/03\/Captura-de-tela-2026-03-12-155735.png\" alt=\"\" width=\"2500\" height=\"747\" data-warning=\"Texto alternativo ausente\" srcset=\"https:\/\/www3.unicentro.br\/emuseu\/wp-content\/uploads\/sites\/171\/2026\/03\/Captura-de-tela-2026-03-12-155735.png 673w, https:\/\/www3.unicentro.br\/emuseu\/wp-content\/uploads\/sites\/171\/2026\/03\/Captura-de-tela-2026-03-12-155735-255x76.png 255w\" sizes=\"auto, (max-width: 2500px) 100vw, 2500px\" \/><\/span><\/div>\n<p>[\/vc_column_text][vc_column_text css=&#8221;&#8221;]<span style=\"font-size: 18pt\"><strong>Sobre o E-Museu<\/strong><\/span><\/p>\n<p><span style=\"font-size: 18pt\">O E-Museu \u00e9 parte do projeto E-Lixo, que atua na coleta e destina\u00e7\u00e3o adequada de lixo eletr\u00f4nico. Nossa proposta \u00e9 reunir e expor equipamentos eletr\u00f4nicos, como computadores antigos, impressoras e outros dispositivos que marcaram a evolu\u00e7\u00e3o tecnol\u00f3gica.<\/span><\/p>\n<p><span style=\"font-size: 18pt\">O E-Museu est\u00e1 localizado na Novatec, dentro da Universidade Estadual do Centro-Oeste (Unicentro), no campus Cedeteg, em Guarapuava, PR. O projeto \u00e9 vinculado ao Departamento de Ci\u00eancia da Computa\u00e7\u00e3o da Unicentro, e nosso acervo re\u00fane pe\u00e7as hist\u00f3ricas que representam avan\u00e7os relevantes no campo da tecnologia.<\/span><\/p>\n<p><span style=\"font-size: 18pt\">Atrav\u00e9s do site do E-Museu, essas pe\u00e7as tamb\u00e9m podem ser exploradas online, permitindo que o p\u00fablico conhe\u00e7a a cole\u00e7\u00e3o e seu valor hist\u00f3rico de forma virtual.<\/span>[\/vc_column_text][\/vc_column][\/vc_row][vc_row full_width=&#8221;stretch_row_content_no_spaces&#8221; content_placement=&#8221;middle&#8221; u_row_style=&#8221;0&#8243; u_row_paralax=&#8221;0&#8243; u_row_scheme=&#8221;0&#8243;][vc_column offset=&#8221;vc_col-lg-offset-0 vc_col-lg-12 vc_col-md-offset-0 vc_col-md-12 vc_col-sm-offset-0 vc_col-xs-12&#8243;][vc_gallery interval=&#8221;3&#8243; images=&#8221;443,446,450&#8243; img_size=&#8221;1700&#215;1200&#8243; css=&#8221;.vc_custom_1774878874422{margin: 0px !important;padding: 0px !important;border-radius: 35px !important;}&#8221;][\/vc_column][\/vc_row][vc_row][vc_column][\/vc_column][\/vc_row]<\/p>\n<\/div>","protected":false},"excerpt":{"rendered":"<p>[vc_row u_row_style=&#8221;0&#8243; u_row_paralax=&#8221;0&#8243; u_row_scheme=&#8221;0&#8243; css=&#8221;.vc_custom_1733165540116{margin-top: 30px !important;}&#8221;][vc_column][vc_column_text css=&#8221;.vc_custom_1773342836552{border-color: #00002E !important;}&#8221;] [\/vc_column_text][vc_column_text css=&#8221;&#8221;]Sobre o E-Museu O E-Museu \u00e9 parte do projeto E-Lixo, que atua na coleta e destina\u00e7\u00e3o adequada de lixo eletr\u00f4nico. Nossa proposta \u00e9 reunir e expor equipamentos eletr\u00f4nicos, como computadores antigos, impressoras e outros dispositivos que marcaram a evolu\u00e7\u00e3o tecnol\u00f3gica. O E-Museu est\u00e1 localizado [&hellip;]<\/p>\n","protected":false},"author":3,"featured_media":0,"parent":0,"menu_order":0,"comment_status":"closed","ping_status":"closed","template":"page-templates\/front-page.php","meta":{"_exactmetrics_skip_tracking":false,"_exactmetrics_sitenote_active":false,"_exactmetrics_sitenote_note":"","_exactmetrics_sitenote_category":0,"footnotes":"","_links_to":"","_links_to_target":""},"class_list":["post-38","page","type-page","status-publish","hentry"],"_links":{"self":[{"href":"https:\/\/www3.unicentro.br\/emuseu\/wp-json\/wp\/v2\/pages\/38","targetHints":{"allow":["GET"]}}],"collection":[{"href":"https:\/\/www3.unicentro.br\/emuseu\/wp-json\/wp\/v2\/pages"}],"about":[{"href":"https:\/\/www3.unicentro.br\/emuseu\/wp-json\/wp\/v2\/types\/page"}],"author":[{"embeddable":true,"href":"https:\/\/www3.unicentro.br\/emuseu\/wp-json\/wp\/v2\/users\/3"}],"replies":[{"embeddable":true,"href":"https:\/\/www3.unicentro.br\/emuseu\/wp-json\/wp\/v2\/comments?post=38"}],"version-history":[{"count":5,"href":"https:\/\/www3.unicentro.br\/emuseu\/wp-json\/wp\/v2\/pages\/38\/revisions"}],"predecessor-version":[{"id":459,"href":"https:\/\/www3.unicentro.br\/emuseu\/wp-json\/wp\/v2\/pages\/38\/revisions\/459"}],"wp:attachment":[{"href":"https:\/\/www3.unicentro.br\/emuseu\/wp-json\/wp\/v2\/media?parent=38"}],"curies":[{"name":"wp","href":"https:\/\/api.w.org\/{rel}","templated":true}]}}