{"id":185,"date":"2025-06-20T19:40:50","date_gmt":"2025-06-20T22:40:50","guid":{"rendered":"https:\/\/www3.unicentro.br\/emuseu\/?page_id=185"},"modified":"2025-11-13T15:23:58","modified_gmt":"2025-11-13T18:23:58","slug":"componente-placas-processador-memoria","status":"publish","type":"page","link":"https:\/\/www3.unicentro.br\/emuseu\/componente-placas-processador-memoria\/","title":{"rendered":"Componente: Placas, processador, mem\u00f3ria"},"content":{"rendered":"<div class=\"wpb-content-wrapper\"><p>[vc_row gap=&#8221;20&#8243; u_row_style=&#8221;0&#8243; u_row_paralax=&#8221;0&#8243; u_row_scheme=&#8221;0&#8243;][vc_column width=&#8221;1\/3&#8243; css=&#8221;.vc_custom_1763058002410{background-color: #00002E !important;background-position: center !important;background-repeat: no-repeat !important;background-size: cover !important;border-radius: 35px !important;border-color: #1E73BE !important;}&#8221;][vc_column_text css=&#8221;&#8221;]<\/p>\n<p style=\"text-align: center\"><span style=\"font-size: 12pt;color: #ffffff\"><strong><span style=\"font-family: georgia, palatino, serif\">IBM ThinkCentre A51\/M51 GPU Heatsink<\/span><\/strong><\/span><\/p>\n<p>[\/vc_column_text][vc_single_image image=&#8221;281&#8243; img_size=&#8221;&#8221; alignment=&#8221;center&#8221; css=&#8221;&#8221;][vc_tta_accordion][vc_tta_section title=&#8221;Descri\u00e7\u00e3o&#8221; tab_id=&#8221;1762351563686-4eb53a23-ea38&#8243;][vc_column_text css=&#8221;&#8221;]<span style=\"font-family: georgia, palatino, serif;font-size: 12pt;color: #000000\">Nome: IBM ThinkCentre A51\/M51 GPU Heatsink<\/span><br \/>\n<span style=\"font-family: georgia, palatino, serif;font-size: 12pt;color: #000000\">Ano: 2005<\/span><br \/>\n<span style=\"font-family: georgia, palatino, serif;font-size: 12pt;color: #000000\">Fabricante: IBM\/Foxconn<\/span><br \/>\n<span style=\"font-family: georgia, palatino, serif;font-size: 12pt;color: #000000\">Origem: China<\/span>[\/vc_column_text][\/vc_tta_section][vc_tta_section title=&#8221;Hist\u00f3ria&#8221; tab_id=&#8221;1762351563698-71aa9c4d-3ff1&#8243;][vc_column_text css=&#8221;&#8221;]<span style=\"font-family: georgia, palatino, serif;font-size: 12pt;color: #000000\">\u00c9 um dissipador de calor (heatsink) usado em computadores IBM ThinkCentre A51 e M51, projetado para resfriar a GPU. Fabricado pela Foxconn em 2005 na China, seu objetivo \u00e9 dissipar o calor gerado pela placa gr\u00e1fica integrada, garantindo o bom funcionamento e a durabilidade do sistema.<\/span>[\/vc_column_text][\/vc_tta_section][\/vc_tta_accordion][\/vc_column][vc_column width=&#8221;1\/3&#8243; css=&#8221;.vc_custom_1762957121739{background-color: #00002E !important;border-radius: 35px !important;}&#8221;][vc_column_text css=&#8221;&#8221;]<\/p>\n<p style=\"text-align: center\"><span style=\"color: #ffffff\"><strong><span style=\"font-family: georgia, palatino, serif;font-size: 14pt\">ASUS M2N68-AM SE2<\/span><\/strong><\/span><\/p>\n<p>[\/vc_column_text][vc_single_image image=&#8221;297&#8243; img_size=&#8221;&#8221; alignment=&#8221;center&#8221; css=&#8221;&#8221;][vc_tta_accordion][vc_tta_section title=&#8221;Descri\u00e7\u00e3o&#8221; tab_id=&#8221;1762353123600-e2eec6b1-f6bc&#8221;][vc_column_text css=&#8221;&#8221;]<span style=\"font-family: georgia, palatino, serif;font-size: 12pt;color: #000000\">Nome: ASUS M2N68-AM SE2<\/span><br \/>\n<span style=\"font-family: georgia, palatino, serif;font-size: 12pt;color: #000000\">Ano: 2009<\/span><br \/>\n<span style=\"font-family: georgia, palatino, serif;font-size: 12pt;color: #000000\">Fabricante: ASUS<\/span><br \/>\n<span style=\"font-family: georgia, palatino, serif;font-size: 12pt;color: #000000\">Origem: Taiwan<\/span>[\/vc_column_text][\/vc_tta_section][vc_tta_section title=&#8221;Hist\u00f3ria&#8221; tab_id=&#8221;1762353123613-a741f700-156a&#8221;][vc_column_text css=&#8221;&#8221;]<span style=\"font-family: georgia, palatino, serif;font-size: 12pt;color: #000000\">\u00c9 uma placa-m\u00e3e lan\u00e7ada em 2009, compat\u00edvel com processadores AMD AM2\/AM2+. Fabricada em Taiwan, ela possui v\u00eddeo, \u00e1udio e rede integrados, sendo voltada para desktops de entrada. Foi bastante utilizada por seu custo-benef\u00edcio em PCs dom\u00e9sticos.<\/span>[\/vc_column_text][\/vc_tta_section][\/vc_tta_accordion][\/vc_column][vc_column width=&#8221;1\/3&#8243; css=&#8221;.vc_custom_1763058012119{background-color: #00002E !important;border-radius: 35px !important;}&#8221;][vc_column_text css=&#8221;&#8221;]<\/p>\n<p style=\"text-align: center\"><strong><span style=\"font-family: georgia, palatino, serif;font-size: 14pt;color: #000000\"><span style=\"color: #ffffff\">ASRock M266A<\/span> <\/span><\/strong><\/p>\n<p>[\/vc_column_text][vc_single_image image=&#8221;301&#8243; img_size=&#8221;&#8221; alignment=&#8221;center&#8221; css=&#8221;&#8221;][vc_tta_accordion][vc_tta_section title=&#8221;Descri\u00e7\u00e3o&#8221; tab_id=&#8221;1762353459064-4f5d28b7-0d46&#8243;][vc_column_text css=&#8221;&#8221;]<span style=\"font-family: georgia, palatino, serif;font-size: 12pt;color: #000000\">Nome: ASRock M266A <\/span><br \/>\n<span style=\"font-family: georgia, palatino, serif;font-size: 12pt;color: #000000\">Ano: 2003<\/span><br \/>\n<span style=\"font-family: georgia, palatino, serif;font-size: 12pt;color: #000000\">Fabricante: ASRock<\/span><br \/>\n<span style=\"font-family: georgia, palatino, serif;font-size: 12pt;color: #000000\">Origem: Taiwan<\/span>[\/vc_column_text][\/vc_tta_section][vc_tta_section title=&#8221;Hist\u00f3ria&#8221; tab_id=&#8221;1762353459082-105ca8ef-8b93&#8243;][vc_column_text css=&#8221;&#8221;]<span style=\"font-family: georgia, palatino, serif;font-size: 12pt;color: #000000\">\u00c9 uma placa-m\u00e3e para processadores Intel Pentium 4 com soquete 478, lan\u00e7ada por volta de 2003. Com chipset VIA e v\u00eddeo integrado, foi projetada para computadores dom\u00e9sticos e de escrit\u00f3rio. Suportava mem\u00f3ria DDR e conex\u00f5es padr\u00e3o da \u00e9poca, como PS\/2 e IDE.<\/span>[\/vc_column_text][\/vc_tta_section][\/vc_tta_accordion][\/vc_column][\/vc_row][vc_row gap=&#8221;20&#8243; u_row_style=&#8221;0&#8243; u_row_paralax=&#8221;0&#8243; u_row_scheme=&#8221;0&#8243;][vc_column width=&#8221;1\/3&#8243; css=&#8221;.vc_custom_1763058024022{background-color: #00002E !important;border-radius: 35px !important;}&#8221;][vc_column_text css=&#8221;&#8221;]<\/p>\n<p style=\"text-align: center\"><span style=\"color: #ffffff\"><strong><span style=\"font-family: georgia, palatino, serif;font-size: 14pt\">PCChips M925G v9.1B<\/span><\/strong><\/span><\/p>\n<p>[\/vc_column_text][vc_single_image image=&#8221;303&#8243; img_size=&#8221;&#8221; alignment=&#8221;center&#8221; css=&#8221;&#8221;][vc_tta_accordion][vc_tta_section title=&#8221;Descri\u00e7\u00e3o&#8221; tab_id=&#8221;1762359718635-185c1166-a2ae&#8221;][vc_column_text css=&#8221;&#8221;]<span style=\"font-family: georgia, palatino, serif;font-size: 12pt;color: #000000\">Nome: PCChips M925G v9.1B<\/span><br \/>\n<span style=\"font-family: georgia, palatino, serif;font-size: 12pt;color: #000000\">Ano: 2004<\/span><br \/>\n<span style=\"font-family: georgia, palatino, serif;font-size: 12pt;color: #000000\">Fabricante: PCChips \/ Hsin Tech<\/span><br \/>\n<span style=\"font-family: georgia, palatino, serif;font-size: 12pt;color: #000000\">Origem: Taiwan<\/span>[\/vc_column_text][\/vc_tta_section][vc_tta_section title=&#8221;Hist\u00f3ria&#8221; tab_id=&#8221;1762359718656-32d6b8e6-68d3&#8243;][vc_column_text css=&#8221;&#8221;]<span style=\"font-family: georgia, palatino, serif;font-size: 12pt;color: #000000\">\u00c9 uma placa-m\u00e3e com soquete 478 para processadores Intel Pentium 4 e Celeron, lan\u00e7ada por volta de 2004. Produzida em Taiwan, era uma solu\u00e7\u00e3o acess\u00edvel com v\u00eddeo, \u00e1udio e rede integrados. Foi amplamente usada em PCs b\u00e1sicos e escolares.<\/span>[\/vc_column_text][\/vc_tta_section][\/vc_tta_accordion][\/vc_column][vc_column width=&#8221;1\/3&#8243; css=&#8221;.vc_custom_1763058032817{background-color: #00002E !important;border-radius: 35px !important;}&#8221;][vc_column_text css=&#8221;&#8221;]<\/p>\n<p style=\"text-align: center\"><span style=\"color: #ffffff\"><strong><span style=\"font-family: georgia, palatino, serif;font-size: 14pt\">ECS GeForce7050M-M v2.0<\/span><\/strong><\/span><\/p>\n<p>[\/vc_column_text][vc_single_image image=&#8221;305&#8243; img_size=&#8221;&#8221; alignment=&#8221;center&#8221; css=&#8221;&#8221;][vc_tta_accordion][vc_tta_section title=&#8221;Descri\u00e7\u00e3o&#8221; tab_id=&#8221;1762359718714-fd2f619b-c08e&#8221;][vc_column_text css=&#8221;&#8221;]<span style=\"font-family: georgia, palatino, serif;font-size: 12pt;color: #000000\">Nome: ECS GeForce7050M-M v2.0<\/span><br \/>\n<span style=\"font-family: georgia, palatino, serif;font-size: 12pt;color: #000000\">Ano: 2007<\/span><br \/>\n<span style=\"font-family: georgia, palatino, serif;font-size: 12pt;color: #000000\">Fabricante: ECS<\/span><br \/>\n<span style=\"font-family: georgia, palatino, serif;font-size: 12pt;color: #000000\">Origem: Taiwan<\/span>[\/vc_column_text][\/vc_tta_section][vc_tta_section title=&#8221;Hist\u00f3ria&#8221; tab_id=&#8221;1762359718734-29635ec4-2dca&#8221;][vc_column_text css=&#8221;&#8221;]<span style=\"font-family: georgia, palatino, serif;font-size: 12pt;color: #000000\">\u00c9 uma placa-m\u00e3e lan\u00e7ada em 2007 com suporte a processadores AMD AM2 e AM2+. Possui v\u00eddeo, som e rede integrados, e foi projetada para computadores de baixo custo e uso geral.<\/span>[\/vc_column_text][\/vc_tta_section][\/vc_tta_accordion][\/vc_column][vc_column width=&#8221;1\/3&#8243; css=&#8221;.vc_custom_1763058041846{background-color: #00002E !important;border-radius: 35px !important;}&#8221;][vc_column_text css=&#8221;&#8221;]<\/p>\n<p style=\"text-align: center\"><span style=\"color: #ffffff\"><strong><span style=\"font-family: georgia, palatino, serif;font-size: 14pt\">ASUS P5KPL-AM SE<\/span><\/strong><\/span><\/p>\n<p>[\/vc_column_text][vc_single_image image=&#8221;307&#8243; img_size=&#8221;&#8221; alignment=&#8221;center&#8221; css=&#8221;&#8221;][vc_tta_accordion][vc_tta_section title=&#8221;Descri\u00e7\u00e3o&#8221; tab_id=&#8221;1762359718857-3752dafb-bf63&#8243;][vc_column_text css=&#8221;&#8221;]<span style=\"font-family: georgia, palatino, serif;font-size: 12pt;color: #000000\">Nome: ASUS P5KPL-AM SE <\/span><br \/>\n<span style=\"font-family: georgia, palatino, serif;font-size: 12pt;color: #000000\">Ano: 2009<\/span><br \/>\n<span style=\"font-family: georgia, palatino, serif;font-size: 12pt;color: #000000\">Fabricante: ASUS<\/span><br \/>\n<span style=\"font-family: georgia, palatino, serif;font-size: 12pt;color: #000000\">Origem: Taiwan<\/span>[\/vc_column_text][\/vc_tta_section][vc_tta_section title=&#8221;Hist\u00f3ria&#8221; tab_id=&#8221;1762359718877-0d119a64-adeb&#8221;][vc_column_text css=&#8221;&#8221;]<span style=\"color: #000000;font-size: 12pt;font-family: georgia, palatino, serif\">\u00c9 uma placa-m\u00e3e com soquete LGA 775, lan\u00e7ada em 2009 para processadores Intel Core 2 Duo e similares. Com v\u00eddeo, som e rede integrados, foi uma escolha econ\u00f4mica para PCs dom\u00e9sticos e de escrit\u00f3rio. Suporta at\u00e9 4 GB de mem\u00f3ria DDR2.<\/span>[\/vc_column_text][\/vc_tta_section][\/vc_tta_accordion][\/vc_column][\/vc_row][vc_row gap=&#8221;20&#8243; u_row_style=&#8221;0&#8243; u_row_paralax=&#8221;0&#8243; u_row_scheme=&#8221;0&#8243;][vc_column width=&#8221;1\/3&#8243; css=&#8221;.vc_custom_1763058052131{background-color: #00002E !important;border-radius: 35px !important;}&#8221;][vc_column_text css=&#8221;&#8221;]<\/p>\n<p style=\"text-align: center\"><span style=\"color: #ffffff\"><strong><span style=\"font-family: georgia, palatino, serif;font-size: 14pt\">Aimmer AMV-V8601-ISA<\/span><\/strong><\/span><\/p>\n<p>[\/vc_column_text][vc_single_image image=&#8221;309&#8243; img_size=&#8221;&#8221; alignment=&#8221;center&#8221; css=&#8221;&#8221;][vc_tta_accordion][vc_tta_section title=&#8221;Descri\u00e7\u00e3o&#8221; tab_id=&#8221;1762360424751-2435cb9c-4934&#8243;][vc_column_text css=&#8221;&#8221;]<span style=\"font-family: georgia, palatino, serif;font-size: 12pt;color: #000000\">Nome: Aimmer AMV-V8601-ISA<\/span><br \/>\n<span style=\"font-family: georgia, palatino, serif;font-size: 12pt;color: #000000\">Ano: 1996-1998<\/span><br \/>\n<span style=\"font-family: georgia, palatino, serif;font-size: 12pt;color: #000000\">Fabricante: Aimmer Technology Inc.<\/span><br \/>\n<span style=\"font-family: georgia, palatino, serif;font-size: 12pt;color: #000000\">Origem: Taiwan<\/span>[\/vc_column_text][\/vc_tta_section][vc_tta_section title=&#8221;Hist\u00f3ria&#8221; tab_id=&#8221;1762360424775-48058c2f-a52b&#8221;][vc_column_text css=&#8221;&#8221;]<span style=\"font-family: georgia, palatino, serif;font-size: 12pt;color: #000000\">\u00c9 uma placa de captura de v\u00eddeo anal\u00f3gico lan\u00e7ada no fim dos anos 1990. Usava barramento ISA, comum em PCs da \u00e9poca, e permitia visualizar v\u00eddeo composto\/S-Video em tempo real. Era usada em sistemas de vigil\u00e2ncia, edi\u00e7\u00e3o e captura b\u00e1sica.<\/span>[\/vc_column_text][\/vc_tta_section][\/vc_tta_accordion][\/vc_column][vc_column width=&#8221;1\/3&#8243; css=&#8221;.vc_custom_1763058060472{background-color: #00002E !important;border-radius: 35px !important;}&#8221;][vc_column_text css=&#8221;&#8221;]<\/p>\n<p style=\"text-align: center\"><span style=\"color: #ffffff\"><strong><span style=\"font-family: georgia, palatino, serif;font-size: 14pt\">Gigabyte GA-945GZM-S2<\/span><\/strong><\/span><\/p>\n<p>[\/vc_column_text][vc_single_image image=&#8221;311&#8243; img_size=&#8221;&#8221; alignment=&#8221;center&#8221; css=&#8221;&#8221;][vc_tta_accordion][vc_tta_section title=&#8221;Descri\u00e7\u00e3o&#8221; tab_id=&#8221;1762360424856-f2ff9848-7dfb&#8221;][vc_column_text css=&#8221;&#8221;]<span style=\"font-family: georgia, palatino, serif;font-size: 12pt;color: #000000\">Nome: Gigabyte GA-945GZM-S2<\/span><br \/>\n<span style=\"font-family: georgia, palatino, serif;font-size: 12pt;color: #000000\">Ano: 2006<\/span><br \/>\n<span style=\"font-family: georgia, palatino, serif;font-size: 12pt;color: #000000\">Fabricante: Gigabyte Technology<\/span><br \/>\n<span style=\"font-family: georgia, palatino, serif;font-size: 12pt;color: #000000\">Origem: Taiwan<\/span>[\/vc_column_text][\/vc_tta_section][vc_tta_section title=&#8221;Hist\u00f3ria&#8221; tab_id=&#8221;1762360424881-01482831-9f75&#8243;][vc_column_text css=&#8221;&#8221;]<span style=\"font-family: georgia, palatino, serif;font-size: 12pt;color: #000000\">\u00c9 uma placa-m\u00e3e LGA 775 lan\u00e7ada em 2006, compat\u00edvel com processadores Intel Core 2 Duo, Pentium D e Celeron. Possui v\u00eddeo, som e rede integrados, com suporte a at\u00e9 2 GB de mem\u00f3ria DDR2. Foi usada em PCs dom\u00e9sticos e corporativos de entrada.<\/span>[\/vc_column_text][\/vc_tta_section][\/vc_tta_accordion][\/vc_column][vc_column width=&#8221;1\/3&#8243; css=&#8221;.vc_custom_1763058071673{background-color: #00002E !important;border-radius: 35px !important;}&#8221;][vc_column_text css=&#8221;&#8221;]<\/p>\n<p style=\"text-align: center\"><span style=\"color: #ffffff\"><strong><span style=\"font-family: georgia, palatino, serif;font-size: 14pt\">Gigabyte GA-8VM800M<\/span><\/strong><\/span><\/p>\n<p>[\/vc_column_text][vc_single_image image=&#8221;313&#8243; img_size=&#8221;&#8221; alignment=&#8221;center&#8221; css=&#8221;&#8221;][vc_tta_accordion][vc_tta_section title=&#8221;Descri\u00e7\u00e3o&#8221; tab_id=&#8221;1762360425004-f977cf62-16e4&#8243;][vc_column_text css=&#8221;&#8221;]<span style=\"font-family: georgia, palatino, serif;font-size: 12pt;color: #000000\">Nome: Gigabyte GA-8VM800M<\/span><br \/>\n<span style=\"font-family: georgia, palatino, serif;font-size: 12pt;color: #000000\">Ano: 2004-2005<\/span><br \/>\n<span style=\"font-family: georgia, palatino, serif;font-size: 12pt;color: #000000\">Fabricante: Gigabyte Technology<\/span><br \/>\n<span style=\"font-family: georgia, palatino, serif;font-size: 12pt;color: #000000\">Origem: Taiwan<\/span>[\/vc_column_text][\/vc_tta_section][vc_tta_section title=&#8221;Hist\u00f3ria&#8221; tab_id=&#8221;1762360425027-21053567-4e60&#8243;][vc_column_text css=&#8221;&#8221;]<span style=\"font-family: georgia, palatino, serif;font-size: 12pt;color: #000000\">\u00c9 uma placa-m\u00e3e com soquete 478 lan\u00e7ada por volta de 2005, voltada a processadores Intel Pentium 4 e Celeron. Com v\u00eddeo, som e rede integrados, era uma op\u00e7\u00e3o acess\u00edvel para PCs dom\u00e9sticos. Suporta at\u00e9 2 GB de mem\u00f3ria DDR<\/span>[\/vc_column_text][\/vc_tta_section][\/vc_tta_accordion][\/vc_column][\/vc_row][vc_row gap=&#8221;20&#8243; u_row_style=&#8221;0&#8243; u_row_paralax=&#8221;0&#8243; u_row_scheme=&#8221;0&#8243;][vc_column width=&#8221;1\/3&#8243; css=&#8221;.vc_custom_1763058082364{background-color: #00002E !important;border-radius: 35px !important;}&#8221;][vc_column_text css=&#8221;&#8221;]<\/p>\n<p style=\"text-align: center\"><span style=\"color: #ffffff\"><strong><span style=\"font-family: georgia, palatino, serif;font-size: 14pt\">ASRock N68-S<\/span><\/strong><\/span><\/p>\n<p>[\/vc_column_text][vc_single_image image=&#8221;315&#8243; img_size=&#8221;&#8221; alignment=&#8221;center&#8221; css=&#8221;&#8221;][vc_tta_accordion][vc_tta_section title=&#8221;Descri\u00e7\u00e3o&#8221; tab_id=&#8221;1762360978077-e13f1e5e-8dee&#8221;][vc_column_text css=&#8221;&#8221;]<span style=\"font-family: georgia, palatino, serif;font-size: 12pt;color: #000000\">Nome: ASRock N68-S<\/span><br \/>\n<span style=\"font-family: georgia, palatino, serif;font-size: 12pt;color: #000000\">Ano: 2008<\/span><br \/>\n<span style=\"font-family: georgia, palatino, serif;font-size: 12pt;color: #000000\">Fabricante: ASRock<\/span><br \/>\n<span style=\"font-family: georgia, palatino, serif;font-size: 12pt;color: #000000\">Origem: Taiwan<\/span>[\/vc_column_text][\/vc_tta_section][vc_tta_section title=&#8221;Hist\u00f3ria&#8221; tab_id=&#8221;1762360978102-f050af74-9e3c&#8221;][vc_column_text css=&#8221;&#8221;]<span style=\"font-family: georgia, palatino, serif;font-size: 12pt;color: #000000\">\u00c9 uma placa-m\u00e3e AM2\/AM2+\/AM3 lan\u00e7ada por volta de 2008, com suporte a processadores AMD e at\u00e9 4 GB de mem\u00f3ria DDR2. Possui v\u00eddeo, \u00e1udio e rede integrados, sendo uma op\u00e7\u00e3o econ\u00f4mica para PCs dom\u00e9sticos. Seu chipset NVIDIA era conhecido por boa estabilidade b\u00e1sica.<\/span>[\/vc_column_text][\/vc_tta_section][\/vc_tta_accordion][\/vc_column][vc_column width=&#8221;1\/3&#8243; css=&#8221;.vc_custom_1763058091206{background-color: #00002E !important;border-radius: 35px !important;}&#8221;][vc_column_text css=&#8221;&#8221;]<\/p>\n<p style=\"text-align: center\"><span style=\"color: #ffffff\"><strong><span style=\"font-family: georgia, palatino, serif;font-size: 14pt\">ECS 741GX-M<\/span><\/strong><\/span><\/p>\n<p>[\/vc_column_text][vc_single_image image=&#8221;317&#8243; img_size=&#8221;&#8221; alignment=&#8221;center&#8221; css=&#8221;&#8221;][vc_tta_accordion][vc_tta_section title=&#8221;Descri\u00e7\u00e3o&#8221; tab_id=&#8221;1762360978196-27a49e8f-5c30&#8243;][vc_column_text css=&#8221;&#8221;]<span style=\"font-family: georgia, palatino, serif;font-size: 12pt;color: #000000\">Nome: ECS 741GX-M<\/span><br \/>\n<span style=\"font-family: georgia, palatino, serif;font-size: 12pt;color: #000000\">Ano: 2007<\/span><br \/>\n<span style=\"font-family: georgia, palatino, serif;font-size: 12pt;color: #000000\">Fabricante: ECS<\/span><br \/>\n<span style=\"font-family: georgia, palatino, serif;font-size: 12pt;color: #000000\">Origem: Taiwan<\/span>[\/vc_column_text][\/vc_tta_section][vc_tta_section title=&#8221;Hist\u00f3ria&#8221; tab_id=&#8221;1762360978227-994fe02e-d695&#8243;][vc_column_text css=&#8221;&#8221;]<span style=\"font-family: georgia, palatino, serif;font-size: 12pt;color: #000000\">Placa-m\u00e3e microATX de entrada com chipset VIA VX741, lan\u00e7ada em 2007. Suporta processadores VIA C7 e mem\u00f3ria DDR2, destinada a computadores compactos e econ\u00f4micos.<\/span>[\/vc_column_text][\/vc_tta_section][\/vc_tta_accordion][\/vc_column][vc_column width=&#8221;1\/3&#8243; css=&#8221;.vc_custom_1763058099620{background-color: #00002E !important;border-radius: 35px !important;}&#8221;][vc_column_text css=&#8221;&#8221;]<\/p>\n<p style=\"text-align: center\"><span style=\"color: #ffffff\"><strong><span style=\"font-family: georgia, palatino, serif;font-size: 14pt\">ASUS M4N78 SE<\/span><\/strong><\/span><\/p>\n<p>[\/vc_column_text][vc_single_image image=&#8221;319&#8243; img_size=&#8221;&#8221; alignment=&#8221;center&#8221; css=&#8221;&#8221;][vc_tta_accordion][vc_tta_section title=&#8221;Descri\u00e7\u00e3o&#8221; tab_id=&#8221;1762360978326-0085c2c1-0b7a&#8221;][vc_column_text css=&#8221;&#8221;]<span style=\"font-family: georgia, palatino, serif;font-size: 12pt;color: #000000\">Nome: ASUS M4N78 SE <\/span><br \/>\n<span style=\"font-family: georgia, palatino, serif;font-size: 12pt;color: #000000\">Ano: 2008<\/span><br \/>\n<span style=\"font-family: georgia, palatino, serif;font-size: 12pt;color: #000000\">Fabricante: ASUS<\/span><br \/>\n<span style=\"font-family: georgia, palatino, serif;font-size: 12pt;color: #000000\">Origem: Taiwan<\/span>[\/vc_column_text][\/vc_tta_section][vc_tta_section title=&#8221;Hist\u00f3ria&#8221; tab_id=&#8221;1762360978366-ffee4d93-3581&#8243;][vc_column_text css=&#8221;&#8221;]<span style=\"font-family: georgia, palatino, serif;font-size: 12pt;color: #000000\">Placa-m\u00e3e ATX com chipset NVIDIA nForce 780a SLI, voltada para desempenho intermedi\u00e1rio. Suporta processadores AMD AM2+ e mem\u00f3ria DDR2, ideal para jogos e multim\u00eddia em sua \u00e9poca.<\/span>[\/vc_column_text][\/vc_tta_section][\/vc_tta_accordion][\/vc_column][\/vc_row][vc_row gap=&#8221;20&#8243; u_row_style=&#8221;0&#8243; u_row_paralax=&#8221;0&#8243; u_row_scheme=&#8221;0&#8243;][vc_column width=&#8221;1\/3&#8243; css=&#8221;.vc_custom_1763058109117{background-color: #00002E !important;border-radius: 35px !important;}&#8221;][vc_column_text css=&#8221;&#8221;]<\/p>\n<p style=\"text-align: center\"><span style=\"color: #ffffff\"><strong><span style=\"font-family: georgia, palatino, serif;font-size: 14pt\">ASUS P3W<\/span><\/strong><\/span><\/p>\n<p>[\/vc_column_text][vc_single_image image=&#8221;321&#8243; img_size=&#8221;&#8221; alignment=&#8221;center&#8221; css=&#8221;&#8221;][vc_tta_accordion][vc_tta_section title=&#8221;Descri\u00e7\u00e3o&#8221; tab_id=&#8221;1762361543008-7bfee26a-ea88&#8243;][vc_column_text css=&#8221;&#8221;]<span style=\"font-family: georgia, palatino, serif;font-size: 12pt;color: #000000\">Nome: ASUS P3W<\/span><br \/>\n<span style=\"font-family: georgia, palatino, serif;font-size: 12pt;color: #000000\">Ano: 2000<\/span><br \/>\n<span style=\"font-family: georgia, palatino, serif;font-size: 12pt;color: #000000\">Fabricante: ASUS<\/span><br \/>\n<span style=\"font-family: georgia, palatino, serif;font-size: 12pt;color: #000000\">Origem: Taiwan<\/span>[\/vc_column_text][\/vc_tta_section][vc_tta_section title=&#8221;Hist\u00f3ria&#8221; tab_id=&#8221;1762361543042-d53a808e-e7ac&#8221;][vc_column_text css=&#8221;&#8221;]<span style=\"font-family: georgia, palatino, serif;font-size: 12pt;color: #000000\">Placa-m\u00e3e Socket 370 para processadores Intel Pentium III, lan\u00e7ada em 2000. Suporta mem\u00f3ria SDRAM e tecnologias da \u00e9poca, sendo popular em desktops corporativos e dom\u00e9sticos.<\/span>[\/vc_column_text][\/vc_tta_section][\/vc_tta_accordion][\/vc_column][\/vc_row]<\/p>\n<\/div>","protected":false},"excerpt":{"rendered":"<p>[vc_row gap=&#8221;20&#8243; u_row_style=&#8221;0&#8243; u_row_paralax=&#8221;0&#8243; u_row_scheme=&#8221;0&#8243;][vc_column width=&#8221;1\/3&#8243; css=&#8221;.vc_custom_1763058002410{background-color: #00002E !important;background-position: center !important;background-repeat: no-repeat !important;background-size: cover !important;border-radius: 35px !important;border-color: #1E73BE !important;}&#8221;][vc_column_text css=&#8221;&#8221;] IBM ThinkCentre A51\/M51 GPU Heatsink [\/vc_column_text][vc_single_image image=&#8221;281&#8243; img_size=&#8221;&#8221; alignment=&#8221;center&#8221; css=&#8221;&#8221;][vc_tta_accordion][vc_tta_section title=&#8221;Descri\u00e7\u00e3o&#8221; tab_id=&#8221;1762351563686-4eb53a23-ea38&#8243;][vc_column_text css=&#8221;&#8221;]Nome: IBM ThinkCentre A51\/M51 GPU Heatsink Ano: 2005 Fabricante: IBM\/Foxconn Origem: China[\/vc_column_text][\/vc_tta_section][vc_tta_section title=&#8221;Hist\u00f3ria&#8221; tab_id=&#8221;1762351563698-71aa9c4d-3ff1&#8243;][vc_column_text css=&#8221;&#8221;]\u00c9 um dissipador de calor (heatsink) usado em computadores [&hellip;]<\/p>\n","protected":false},"author":844,"featured_media":0,"parent":0,"menu_order":0,"comment_status":"closed","ping_status":"closed","template":"","meta":{"_exactmetrics_skip_tracking":false,"_exactmetrics_sitenote_active":false,"_exactmetrics_sitenote_note":"","_exactmetrics_sitenote_category":0,"footnotes":"","_links_to":"","_links_to_target":""},"class_list":["post-185","page","type-page","status-publish","hentry"],"_links":{"self":[{"href":"https:\/\/www3.unicentro.br\/emuseu\/wp-json\/wp\/v2\/pages\/185","targetHints":{"allow":["GET"]}}],"collection":[{"href":"https:\/\/www3.unicentro.br\/emuseu\/wp-json\/wp\/v2\/pages"}],"about":[{"href":"https:\/\/www3.unicentro.br\/emuseu\/wp-json\/wp\/v2\/types\/page"}],"author":[{"embeddable":true,"href":"https:\/\/www3.unicentro.br\/emuseu\/wp-json\/wp\/v2\/users\/844"}],"replies":[{"embeddable":true,"href":"https:\/\/www3.unicentro.br\/emuseu\/wp-json\/wp\/v2\/comments?post=185"}],"version-history":[{"count":2,"href":"https:\/\/www3.unicentro.br\/emuseu\/wp-json\/wp\/v2\/pages\/185\/revisions"}],"predecessor-version":[{"id":407,"href":"https:\/\/www3.unicentro.br\/emuseu\/wp-json\/wp\/v2\/pages\/185\/revisions\/407"}],"wp:attachment":[{"href":"https:\/\/www3.unicentro.br\/emuseu\/wp-json\/wp\/v2\/media?parent=185"}],"curies":[{"name":"wp","href":"https:\/\/api.w.org\/{rel}","templated":true}]}}