{"id":83,"date":"2022-03-15T11:07:25","date_gmt":"2022-03-15T14:07:25","guid":{"rendered":"https:\/\/www3.unicentro.br\/empregabilidade\/?page_id=83"},"modified":"2024-03-12T10:27:08","modified_gmt":"2024-03-12T13:27:08","slug":"vagas","status":"publish","type":"page","link":"https:\/\/www3.unicentro.br\/empregabilidade\/vagas\/","title":{"rendered":"Vagas"},"content":{"rendered":"<p style=\"text-align: center\"><em><strong>Oportunidades Unicentro<\/strong><\/em><\/p>\n<table style=\"width: 100%;border-collapse: collapse;border-style: solid;height: 799px\">\n<tbody>\n<tr style=\"height: 24px\">\n<td style=\"width: 37.0163%;height: 24px\"><strong>Programa<\/strong><\/td>\n<td style=\"width: 11.2056%;text-align: center;height: 24px\"><strong>Valor<\/strong><\/td>\n<td style=\"width: 85.0731%;height: 24px\"><strong>Poss\u00edveis benefici\u00e1rios<\/strong><\/td>\n<td style=\"width: 29.9286%;height: 24px\">\n<p style=\"text-align: left\"><strong>Como me inscrever?<\/strong><\/p>\n<p style=\"text-align: center\">(Clique na data)<\/p>\n<\/td>\n<\/tr>\n<tr style=\"height: 144px\">\n<td style=\"width: 37.0163%;height: 67px\">\u00a0N\u00facleo de Estudos e Defesa de Direitos da Inf\u00e2ncia e da Juventude &#8211; NEDDIJ<\/p>\n<p>Vaga para IRATI<\/td>\n<td style=\"width: 11.2056%;text-align: center;height: 67px\">R$ 2.500,00<\/td>\n<td style=\"width: 85.0731%;height: 67px\">Profissional Graduado em Psicologia \u2013 Psic\u00f3logo com registro ativo no CRP\/PR<\/td>\n<td style=\"width: 29.9286%;height: 67px;text-align: center\"><a href=\"https:\/\/www3.unicentro.br\/proec\/wp-content\/uploads\/sites\/73\/2024\/03\/Edital_2024_005_NEDDIJ_IRATI_UNICENTRO_abertura_profissional_psicologia.docx_assinado.pdf\">Inscri\u00e7\u00f5es at\u00e9 10\/03\/24<\/a><\/p>\n<p>&nbsp;<\/td>\n<\/tr>\n<tr style=\"height: 144px\">\n<td style=\"width: 37.0163%;height: 67px\">Organiza\u00e7\u00e3o coletiva e economia solid\u00e1ria com mulheres em situa\u00e7\u00e3o de<br \/>\nvulnerabilidade social<\/td>\n<td style=\"width: 11.2056%;text-align: center;height: 67px\">R$ 2.500,00<\/td>\n<td style=\"width: 85.0731%;height: 67px\">Profissional Graduado(a) em Servi\u00e7o Social, em Institui\u00e7\u00e3o de Ensino Superior do Paran\u00e1 reconhecida pelo MEC<\/td>\n<td style=\"width: 29.9286%;height: 67px;text-align: center\"><a href=\"https:\/\/www3.unicentro.br\/proec\/wp-content\/uploads\/sites\/73\/2024\/02\/Edital_2024_006_mulheres_paranaenses_UNICENTRO_abertura_organizacao_coletiva.docx_assinado.pdf\">Inscri\u00e7\u00f5es at\u00e9 12\/03\/24<\/a><\/td>\n<\/tr>\n<tr style=\"height: 104px\">\n<td style=\"width: 37.0163%;height: 104px\">Cultivo agroecol\u00f3gico de hortali\u00e7as em rede de\u00a0 unidades de produ\u00e7\u00e3o, visando inser\u00e7\u00e3o social e laboral de pessoas portadoras de defici\u00eancia visual na regi\u00e3o de Guarapuava<\/td>\n<td style=\"width: 11.2056%;text-align: center;height: 104px\">R$ 2.500,00<\/td>\n<td style=\"width: 85.0731%;height: 104px\">Graduado em Agronomia ou Biologia ou Engenharia<br \/>\nFlorestal ou Engenharia Ambiental, em Institui\u00e7\u00e3o<br \/>\nde Ensino Superior reconhecida pelo MEC, h\u00e1 no<br \/>\nm\u00e1ximo 03 anos.<\/td>\n<td style=\"width: 29.9286%;height: 104px;text-align: center\"><a href=\"https:\/\/www3.unicentro.br\/proec\/wp-content\/uploads\/sites\/73\/2024\/02\/Edital_017_2024_USF_UNICENTRO_abertura_cultivo_agroecologico.docx_assinado.pdf\">Inscri\u00e7\u00f5es at\u00e9 13\/03\/24<\/a><\/td>\n<\/tr>\n<tr style=\"height: 224px\">\n<td style=\"width: 37.0163%;height: 224px\"><\/td>\n<td style=\"width: 11.2056%;text-align: center;height: 224px\"><\/td>\n<td style=\"width: 85.0731%;height: 224px\"><\/td>\n<td style=\"width: 29.9286%;height: 224px\"><\/td>\n<\/tr>\n<tr style=\"height: 184px\">\n<td style=\"width: 37.0163%;height: 184px\"><\/td>\n<td style=\"width: 11.2056%;text-align: center;height: 184px\"><\/td>\n<td style=\"width: 85.0731%;height: 184px\"><\/td>\n<td style=\"width: 29.9286%;height: 184px\"><\/td>\n<\/tr>\n<tr style=\"height: 124px\">\n<td style=\"width: 37.0163%;height: 124px\"><\/td>\n<td style=\"width: 11.2056%;text-align: center;height: 124px\"><\/td>\n<td style=\"width: 85.0731%;height: 124px\"><\/td>\n<td style=\"width: 29.9286%;height: 124px\"><\/td>\n<\/tr>\n<\/tbody>\n<\/table>\n<p style=\"text-align: center\"><em><strong>Oportunidades Guarapuava e Regi\u00e3o<\/strong><\/em><\/p>\n<table style=\"width: 100%;border-collapse: collapse;border-style: solid;height: 411px\">\n<tbody>\n<tr style=\"height: 24px\">\n<td style=\"width: 18.697%;height: 24px;text-align: center\"><strong>Empresa<\/strong><\/td>\n<td style=\"width: 15.4551%;text-align: center;height: 24px\"><strong>Vaga<\/strong><\/td>\n<td style=\"width: 48.7803%;height: 24px;text-align: center\"><strong>Pr\u00e9-Requisitos<\/strong><\/td>\n<td style=\"width: 17.0676%;height: 24px;text-align: center\"><strong>Como me inscrever?<\/strong><\/td>\n<\/tr>\n<tr style=\"height: 144px\">\n<td style=\"width: 18.697%;height: 67px\">Cooperalian\u00e7a<\/td>\n<td style=\"width: 15.4551%;text-align: center;height: 67px\"><i>T\u00e9cnico(a) em Seguran\u00e7a do Trabalho<\/i><\/td>\n<td style=\"width: 48.7803%;height: 67px\">\n<ul style=\"font-weight: 400\">\n<li>Curso t\u00e9cnico na \u00e1rea<\/li>\n<li>Office intermedi\u00e1rio<\/li>\n<li>Experi\u00eancia na fun\u00e7\u00e3o<\/li>\n<li>Curso superior ser\u00e1 considerado um diferencial<\/li>\n<\/ul>\n<\/td>\n<td style=\"width: 17.0676%;height: 67px;text-align: center\"><a href=\"curriculo@cooperalianca.com\">Clique aqui<\/a><\/td>\n<\/tr>\n<tr style=\"height: 72px\">\n<td style=\"width: 18.697%;height: 72px\">Hospital Santa Tereza<\/td>\n<td style=\"width: 15.4551%;text-align: center;height: 72px\"><em>Auxiliar de Farm\u00e1cia<\/em><\/td>\n<td style=\"width: 48.7803%;height: 72px\">\n<ul style=\"font-weight: 400\">\n<li>Experi\u00eancia na fun\u00e7\u00e3o<\/li>\n<\/ul>\n<\/td>\n<td style=\"width: 17.0676%;height: 72px;text-align: center\"><a href=\"https:\/\/www.novohst.com.br\/trabalhe-conosco\/\">Clique aqui<\/a><\/td>\n<\/tr>\n<tr style=\"height: 176px\">\n<td style=\"width: 18.697%;height: 176px\">Cresol Grandes Lagos<\/td>\n<td style=\"width: 15.4551%;text-align: center;height: 176px\"><em>Supervisor(a) de produtos e servi\u00e7os<\/em><\/td>\n<td style=\"width: 48.7803%;height: 176px\">\n<ul style=\"font-weight: 400\">\n<li class=\"ql-align-justify\">Ensino Superior Completo<\/li>\n<li>Especializa\u00e7\u00e3o nas \u00e1reas de Auditoria, Gest\u00e3o Financeira, Gest\u00e3o de Pessoas, Gest\u00e3o de Processos, Cooperativismo e \u00e1reas afins<\/li>\n<li>Viv\u00eancia\u00a0no sistema financeiro<\/li>\n<li class=\"ql-align-justify\">CNH e ter disponibilidade para viagens<\/li>\n<\/ul>\n<\/td>\n<td style=\"width: 17.0676%;height: 176px;text-align: center\"><a href=\"https:\/\/cresolcarreiras.gupy.io\/jobs\/6574376?jobBoardSource=gupy_public_page\">Clique aqui<\/a><\/td>\n<\/tr>\n<tr style=\"height: 24px\">\n<td style=\"width: 18.697%;height: 24px\"><\/td>\n<td style=\"width: 15.4551%;text-align: center;height: 24px\"><\/td>\n<td style=\"width: 48.7803%;height: 24px\"><\/td>\n<td style=\"width: 17.0676%;height: 24px\"><\/td>\n<\/tr>\n<tr style=\"height: 24px\">\n<td style=\"width: 18.697%;height: 24px\"><\/td>\n<td style=\"width: 15.4551%;text-align: center;height: 24px\"><\/td>\n<td style=\"width: 48.7803%;height: 24px\"><\/td>\n<td style=\"width: 17.0676%;height: 24px\"><\/td>\n<\/tr>\n<tr style=\"height: 24px\">\n<td style=\"width: 18.697%;height: 24px\"><\/td>\n<td style=\"width: 15.4551%;text-align: center;height: 24px\"><\/td>\n<td style=\"width: 48.7803%;height: 24px\"><\/td>\n<td style=\"width: 17.0676%;height: 24px\"><\/td>\n<\/tr>\n<\/tbody>\n<\/table>\n<p>&nbsp;<\/p>\n","protected":false},"excerpt":{"rendered":"<p>Oportunidades Unicentro Programa Valor Poss\u00edveis benefici\u00e1rios Como me inscrever? (Clique na data) \u00a0N\u00facleo de Estudos e Defesa de Direitos da Inf\u00e2ncia e da Juventude &#8211; NEDDIJ Vaga para IRATI R$ 2.500,00 Profissional Graduado em Psicologia \u2013 Psic\u00f3logo com registro ativo no CRP\/PR Inscri\u00e7\u00f5es at\u00e9 10\/03\/24 &nbsp; Organiza\u00e7\u00e3o coletiva e economia solid\u00e1ria com mulheres em situa\u00e7\u00e3o [&hellip;]<\/p>\n","protected":false},"author":3,"featured_media":0,"parent":0,"menu_order":0,"comment_status":"closed","ping_status":"closed","template":"","meta":{"_exactmetrics_skip_tracking":false,"_exactmetrics_sitenote_active":false,"_exactmetrics_sitenote_note":"","_exactmetrics_sitenote_category":0,"footnotes":"","_links_to":"","_links_to_target":""},"class_list":["post-83","page","type-page","status-publish","hentry"],"_links":{"self":[{"href":"https:\/\/www3.unicentro.br\/empregabilidade\/wp-json\/wp\/v2\/pages\/83","targetHints":{"allow":["GET"]}}],"collection":[{"href":"https:\/\/www3.unicentro.br\/empregabilidade\/wp-json\/wp\/v2\/pages"}],"about":[{"href":"https:\/\/www3.unicentro.br\/empregabilidade\/wp-json\/wp\/v2\/types\/page"}],"author":[{"embeddable":true,"href":"https:\/\/www3.unicentro.br\/empregabilidade\/wp-json\/wp\/v2\/users\/3"}],"replies":[{"embeddable":true,"href":"https:\/\/www3.unicentro.br\/empregabilidade\/wp-json\/wp\/v2\/comments?post=83"}],"version-history":[{"count":2,"href":"https:\/\/www3.unicentro.br\/empregabilidade\/wp-json\/wp\/v2\/pages\/83\/revisions"}],"predecessor-version":[{"id":306,"href":"https:\/\/www3.unicentro.br\/empregabilidade\/wp-json\/wp\/v2\/pages\/83\/revisions\/306"}],"wp:attachment":[{"href":"https:\/\/www3.unicentro.br\/empregabilidade\/wp-json\/wp\/v2\/media?parent=83"}],"curies":[{"name":"wp","href":"https:\/\/api.w.org\/{rel}","templated":true}]}}