{"id":35,"date":"2020-07-14T15:05:23","date_gmt":"2020-07-14T18:05:23","guid":{"rendered":"https:\/\/www3.unicentro.br\/empregabilidade\/?page_id=35"},"modified":"2022-06-14T08:45:34","modified_gmt":"2022-06-14T11:45:34","slug":"home","status":"publish","type":"page","link":"https:\/\/www3.unicentro.br\/empregabilidade\/","title":{"rendered":"Home"},"content":{"rendered":"<div class=\"wpb-content-wrapper\"><p>[vc_row][vc_column]\n\t\t\t\t<p class=\"rs-p-wp-fix\"><\/p>\n\t\t\t\t<sr7-module data-alias=\"menu\" data-id=\"6\" id=\"menu\" data-version=\"6.7.51\">\n\t\t\t\t\t<sr7-adjuster><\/sr7-adjuster>\n\t\t\t\t\t<sr7-content>\n\t\t\t\t\t\t<sr7-slide id=\"menu-6\" data-key=\"6\">\n\t\t\t\t\t\t\t<sr7-txt id=\"menu-6-0\" class=\"sr7-layer\">Contato<\/sr7-txt>\n\t\t\t\t\t\t\t<sr7-txt id=\"menu-6-1\" class=\"sr7-layer\">Ex-aluno, onde voc\u00ea est\u00e1?<\/sr7-txt>\n\t\t\t\t\t\t\t<sr7-txt id=\"menu-6-22\" class=\"sr7-layer\">In\u00edcio<\/sr7-txt>\n\t\t\t\t\t\t\t<sr7-txt id=\"menu-6-36\" class=\"sr7-layer\">Portal<\/sr7-txt>\n\t\t\t\t\t\t\t<sr7-txt id=\"menu-6-37\" class=\"sr7-layer\">Cases<\/sr7-txt>\n\t\t\t\t\t\t\t<sr7-txt id=\"menu-6-40\" class=\"sr7-layer\">Aluno, fa\u00e7a seu cadastro<\/sr7-txt>\n\t\t\t\t\t\t\t<sr7-txt id=\"menu-6-42\" class=\"sr7-layer\">Vagas<\/sr7-txt>\n\t\t\t\t\t\t<\/sr7-slide>\n\t\t\t\t\t\t<sr7-slide id=\"menu-23\" data-key=\"23\">\n\t\t\t\t\t\t<\/sr7-slide>\n\t\t\t\t\t<\/sr7-content>\n\t\t\t\t<\/sr7-module>\n\t\t\t\t<script>\n\t\t\t\t\twindow.SR7 ??={};SR7.PMH ??={}; SR7.PMH[\"menu\"] = {cn:100,state:false,fn: function() { if (window._tpt!==undefined && window._tpt.prepareModuleHeight !== undefined) {  _tpt.prepareModuleHeight({id:\"menu\",el:[125.99,97,90,120],type:'hero',shdw:'0',gh:[90,90,90,120],gw:[1240,1024,778,480],vpt:['-200px'],size:{fullWidth:true, fullHeight:false},mh:'90',onh:0,onw:0,bg:{color:'transparent'},plType:'-1',plColor:'#333333'});   SR7.PMH[\"menu\"].state=true;} else if(SR7.PMH[\"menu\"].cn-->0)\tsetTimeout( SR7.PMH[\"menu\"].fn,19);}};SR7.PMH[\"menu\" ].fn();\n\t\t\t\t<\/script>\n\n\t\t\t\t<p class=\"rs-p-wp-fix\"><\/p>\n\t\t\t\t<sr7-module data-alias=\"tela-abertura\" data-id=\"4\" id=\"welcome\" data-version=\"6.7.51\">\n\t\t\t\t\t<sr7-adjuster><\/sr7-adjuster>\n\t\t\t\t\t<sr7-content>\n\t\t\t\t\t\t<sr7-slide id=\"welcome-4STR1\" data-key=\"4STR1\">\n\t\t\t\t\t\t\t<sr7-txt id=\"welcome-4STR1-1\" class=\"sr7-layer\">Empregabilidade Unicentro<\/sr7-txt>\n\t\t\t\t\t\t\t<sr7-txt id=\"welcome-4STR1-2\" class=\"sr7-layer\">uma ponte entre os estudos, o emprego e o trabalho<\/sr7-txt>\n\t\t\t\t\t\t<\/sr7-slide>\n\t\t\t\t\t\t<sr7-slide id=\"welcome-22\" data-key=\"22\">\n\t\t\t\t\t\t<\/sr7-slide>\n\t\t\t\t\t<\/sr7-content>\n\t\t\t\t<\/sr7-module>\n\t\t\t\t<script>\n\t\t\t\t\twindow.SR7 ??={};SR7.PMH ??={}; SR7.PMH[\"welcome\"] = {cn:100,state:false,fn: function() { if (window._tpt!==undefined && window._tpt.prepareModuleHeight !== undefined) {  _tpt.prepareModuleHeight({id:\"welcome\",el:[868,768,960,720],type:'hero',shdw:'0',gh:[868,768,960,720],gw:[1240,1024,778,480],vpt:['20%'],size:{fullWidth:true, fullHeight:true},offsetContainer:'',offset:'',mh:'0',onh:0,onw:0,bg:{color:'#2d3032'},plType:'3',plColor:'#313437'});   SR7.PMH[\"welcome\"].state=true;} else if(SR7.PMH[\"welcome\"].cn-->0)\tsetTimeout( SR7.PMH[\"welcome\"].fn,19);}};SR7.PMH[\"welcome\" ].fn();\n\t\t\t\t<\/script>\n\n\t\t\t\t<p class=\"rs-p-wp-fix\"><\/p>\n\t\t\t\t<sr7-module data-alias=\"noticias\" data-id=\"13\" id=\"noticias\" data-version=\"6.7.51\">\n\t\t\t\t\t<sr7-adjuster><\/sr7-adjuster>\n\t\t\t\t\t<sr7-content>\n\t\t\t\t\t\t<sr7-carousel>\n\t\t\t\t\t\t<sr7-slide id=\"noticias-17STR1\" data-key=\"17STR1\">\n\t\t\t\t\t\t\t<sr7-txt id=\"noticias-17STR1-1\" class=\"sr7-layer\"><a href=\"https:\/\/www3.unicentro.br\/empregabilidade\/2023\/03\/03\/concurso-policia-cientifica-do-parana\/\" target=\"blank\"><span style=\"font-size:27px;line-height:27px;font-weight:400;color:#fff;\">Teste Seletivo para admiss\u00e3o de professores colaboradores<\/span><br\/><span style=\"font-size:15px;line-height:10px !important;font-weight:400;color:#fff;\"><\/span><\/a><\/sr7-txt>\n\t\t\t\t\t\t<\/sr7-slide>\n\t\t\t\t\t\t<sr7-slide id=\"noticias-31\" data-key=\"31\">\n\t\t\t\t\t\t\t<sr7-txt id=\"noticias-31-5\" class=\"sr7-layer\">NOT\u00cdCIAS<\/sr7-txt>\n\t\t\t\t\t\t<\/sr7-slide>\n\t\t\t\t\t\t<\/sr7-carousel>\n\t\t\t\t\t<\/sr7-content>\n\t\t\t\t<\/sr7-module>\n\t\t\t\t<script>\n\t\t\t\t\twindow.SR7 ??={};SR7.PMH ??={}; SR7.PMH[\"noticias\"] = {cn:100,state:false,fn: function() { if (window._tpt!==undefined && window._tpt.prepareModuleHeight !== undefined) {  _tpt.prepareModuleHeight({id:\"noticias\",el:[400,600,500,600],type:'carousel',shdw:'0',gh:[400,600,500,600],gw:[1024,600,500,400],vpt:['20%'],size:{fullWidth:true, fullHeight:false},mh:'0',onh:0,onw:0,bg:{color:'#2d3032'},carousel:{pt:'0',pb:'0'},plType:'3',plColor:'#313437'});   SR7.PMH[\"noticias\"].state=true;} else if(SR7.PMH[\"noticias\"].cn-->0)\tsetTimeout( SR7.PMH[\"noticias\"].fn,19);}};SR7.PMH[\"noticias\" ].fn();\n\t\t\t\t<\/script>\n\n\t\t\t\t<p class=\"rs-p-wp-fix\"><\/p>\n\t\t\t\t<sr7-module data-alias=\"vagas-estagios-empresas\" data-id=\"8\" id=\"SR7_8_4\" data-version=\"6.7.51\">\n\t\t\t\t\t<sr7-adjuster><\/sr7-adjuster>\n\t\t\t\t\t<sr7-content>\n\t\t\t\t\t\t<sr7-slide id=\"SR7_8_4-12\" data-key=\"12\">\n\t\t\t\t\t\t\t<a id=\"SR7_8_4-12-1\" class=\"sr7-layer\" href=\"#cadastroempresa\" target=\"_self\">Fa\u00e7a seu cadastro<\/a>\n\t\t\t\t\t\t\t<a id=\"SR7_8_4-12-2\" class=\"sr7-layer\" href=\"https:\/\/sgu.unicentro.br\/login\" target=\"_blank\" rel=\"noopener\">J\u00e1 sou cadastrado<\/a>\n\t\t\t\t\t\t\t<a id=\"SR7_8_4-12-3\" class=\"sr7-layer\" href=\"https:\/\/www3.unicentro.br\/empregabilidade\/vagas-unicentro\/\" target=\"_self\">Vagas Unicentro<\/a>\n\t\t\t\t\t\t\t<a id=\"SR7_8_4-12-4\" class=\"sr7-layer\" href=\"http:\/\/estagiosacig.com.br\/\" target=\"_blank\" rel=\"noopener\">Vagas Acig<\/a>\n\t\t\t\t\t\t\t<sr7-txt id=\"SR7_8_4-12-19\" class=\"sr7-layer\">Est\u00e1gios<br\/><br\/><span style=\"font-size:17px;opacity:0.65;font-weight:400;\">oportunidades para iniciar sua carreira profissional<\/span><\/sr7-txt>\n\t\t\t\t\t\t\t<sr7-txt id=\"SR7_8_4-12-25\" class=\"sr7-layer\">Empresas<br\/><br\/><span style=\"font-size:17px;opacity:0.65;font-weight:400;\">cadastro de vagas ofertadas<\/span><\/sr7-txt>\n\t\t\t\t\t\t\t<sr7-txt id=\"SR7_8_4-12-28\" class=\"sr7-layer\">Vagas<br\/><br\/><span style=\"font-size:17px;opacity:0.65;font-weight:400;\">Acesso \u00e0s oportunidades para estudantes e egressos<\/span><\/sr7-txt>\n\t\t\t\t\t\t<\/sr7-slide>\n\t\t\t\t\t\t<sr7-slide id=\"SR7_8_4-24\" data-key=\"24\">\n\t\t\t\t\t\t<\/sr7-slide>\n\t\t\t\t\t<\/sr7-content>\n\t\t\t\t<\/sr7-module>\n\t\t\t\t<script>\n\t\t\t\t\twindow.SR7 ??={};SR7.PMH ??={}; SR7.PMH[\"SR7_8_4\"] = {cn:100,state:false,fn: function() { if (window._tpt!==undefined && window._tpt.prepareModuleHeight !== undefined) {  _tpt.prepareModuleHeight({id:\"SR7_8_4\",el:[360,360,1080,1080],type:'standard',shdw:'0',gh:[360,360,1080,1080],gw:[1240,1024,778,480],vpt:['20%'],size:{fullWidth:true, fullHeight:false},mh:'0',onh:0,onw:0,bg:{color:'#2d3032'},plType:'-1',plColor:'#313437'});   SR7.PMH[\"SR7_8_4\"].state=true;} else if(SR7.PMH[\"SR7_8_4\"].cn-->0)\tsetTimeout( SR7.PMH[\"SR7_8_4\"].fn,19);}};SR7.PMH[\"SR7_8_4\" ].fn();\n\t\t\t\t<\/script>\n\n\t\t\t\t<p class=\"rs-p-wp-fix\"><\/p>\n\t\t\t\t<sr7-module data-alias=\"bem-vindo\" data-id=\"1\" id=\"about\" data-version=\"6.7.51\">\n\t\t\t\t\t<sr7-adjuster><\/sr7-adjuster>\n\t\t\t\t\t<sr7-content>\n\t\t\t\t\t\t<sr7-slide id=\"about-1\" data-key=\"1\">\n\t\t\t\t\t\t\t<sr7-txt id=\"about-1-6\" class=\"sr7-layer\">Bem-vindo ao<br>\nPortal da Empregabilidade<\/sr7-txt>\n\t\t\t\t\t\t\t<sr7-txt id=\"about-1-9\" class=\"sr7-layer\">Essa ferramenta da Unicentro foi desenvolvida com o objetivo de ajudar a preparar e inserir seus estudantes e novos egressos no mercados de trabalho local, regional, nacional e mesmo internacional. Al\u00e9m de vagas cadastradas por empresas parceiras do projeto, a Central tem conte\u00fados que visam capacitar a comunidade acad\u00eamica para que tenham melhores chances de contrata\u00e7\u00e3o, al\u00e9m de contribuir com aqueles que buscam desenvolvimento do pr\u00f3prio neg\u00f3cio ainda na gradua\u00e7\u00e3o ou t\u00e3o logo formados. Relatos de estudantes e novos profissionais, dicas, not\u00edcias, cursos on line e presenciais, workshops e eventos destinados destinados ao aperfei\u00e7oamento profissional fazem parte das a\u00e7\u00f5es dessa Central<\/sr7-txt>\n\t\t\t\t\t\t\t<sr7-txt id=\"about-1-16\" class=\"sr7-layer\">Fa\u00e7a aqui seu cadastro<\/sr7-txt>\n\t\t\t\t\t\t<\/sr7-slide>\n\t\t\t\t\t\t<sr7-slide id=\"about-25\" data-key=\"25\">\n\t\t\t\t\t\t<\/sr7-slide>\n\t\t\t\t\t<\/sr7-content>\n\t\t\t\t<\/sr7-module>\n\t\t\t\t<script>\n\t\t\t\t\twindow.SR7 ??={};SR7.PMH ??={}; SR7.PMH[\"about\"] = {cn:100,state:false,fn: function() { if (window._tpt!==undefined && window._tpt.prepareModuleHeight !== undefined) {  _tpt.prepareModuleHeight({id:\"about\",el:[942,800,500,500],type:'hero',shdw:'0',gh:[800,800,500,500],gw:[1240,1024,778,480],vpt:['20%'],size:{fullWidth:true, fullHeight:false},mh:'0',onh:0,onw:0,bg:{color:'#eef0f1'},plType:'3',plColor:'#FFFFFF'});   SR7.PMH[\"about\"].state=true;} else if(SR7.PMH[\"about\"].cn-->0)\tsetTimeout( SR7.PMH[\"about\"].fn,19);}};SR7.PMH[\"about\" ].fn();\n\t\t\t\t<\/script>\n\n\t\t\t\t<p class=\"rs-p-wp-fix\"><\/p>\n\t\t\t\t<sr7-module data-alias=\"Da-Unicentro-Para-o-Mundo\" data-id=\"5\" id=\"services\" data-version=\"6.7.51\">\n\t\t\t\t\t<sr7-adjuster><\/sr7-adjuster>\n\t\t\t\t\t<sr7-content>\n\t\t\t\t\t\t<sr7-slide id=\"services-5\" data-key=\"5\">\n\t\t\t\t\t\t\t<sr7-bg id=\"services-5-slidebg\" class=\"sr7-layer\"><noscript><img decoding=\"async\" src=\"https:\/\/www3.unicentro.br\/empregabilidade\/wp-content\/uploads\/sites\/97\/2017\/06\/promundo-site.jpg\" alt=\"\" title=\"promundo-site\"><\/noscript><\/sr7-bg>\n\t\t\t\t\t\t\t<a id=\"services-5-0\" class=\"sr7-layer\" href=\"https:\/\/sgu.unicentro.br\/relatorios\/egressos\" target=\"_blank\" rel=\"noopener\">Ex-Aluno, onde voce est\u00e1?<\/a>\n\t\t\t\t\t\t<\/sr7-slide>\n\t\t\t\t\t\t<sr7-slide id=\"services-32\" data-key=\"32\">\n\t\t\t\t\t\t<\/sr7-slide>\n\t\t\t\t\t<\/sr7-content>\n\t\t\t\t<\/sr7-module>\n\t\t\t\t<script>\n\t\t\t\t\twindow.SR7 ??={};SR7.PMH ??={}; SR7.PMH[\"services\"] = {cn:100,state:false,fn: function() { if (window._tpt!==undefined && window._tpt.prepareModuleHeight !== undefined) {  _tpt.prepareModuleHeight({id:\"services\",el:[800,800,500,500],type:'hero',shdw:'0',gh:[800,800,500,500],gw:[1240,1024,778,480],vpt:['20%'],size:{fullWidth:true, fullHeight:false},mh:'0',onh:0,onw:0,bg:{color:'#2d3032'},plType:'3',plColor:'#313437'});   SR7.PMH[\"services\"].state=true;} else if(SR7.PMH[\"services\"].cn-->0)\tsetTimeout( SR7.PMH[\"services\"].fn,19);}};SR7.PMH[\"services\" ].fn();\n\t\t\t\t<\/script>\n\n\t\t\t\t<p class=\"rs-p-wp-fix\"><\/p>\n\t\t\t\t<sr7-module data-alias=\"textos-popups\" data-id=\"7\" id=\"portfolio\" data-version=\"6.7.51\">\n\t\t\t\t\t<sr7-adjuster><\/sr7-adjuster>\n\t\t\t\t\t<sr7-content>\n\t\t\t\t\t\t<sr7-carousel>\n\t\t\t\t\t\t<sr7-slide id=\"portfolio-8\" data-key=\"8\">\n\t\t\t\t\t\t\t<sr7-bg id=\"portfolio-8-slidebg\" class=\"sr7-layer\"><noscript><img decoding=\"async\" src=\"https:\/\/www3.unicentro.br\/empregabilidade\/wp-content\/uploads\/sites\/97\/2022\/02\/qualidade-img.jpg\" alt=\"\" title=\"qualidade-img\"><\/noscript><\/sr7-bg>\n\t\t\t\t\t\t\t<sr7-txt id=\"portfolio-8-14\" class=\"sr7-layer\">Qualidade<br\/><br\/><span style=\"font-size:17px;opacity:0.65;font-weight:400;\">Empresas oferecem mais qualidade com bons profissionais<\/span><\/sr7-txt>\n\t\t\t\t\t\t<\/sr7-slide>\n\t\t\t\t\t\t<sr7-slide id=\"portfolio-9\" data-key=\"9\">\n\t\t\t\t\t\t\t<sr7-bg id=\"portfolio-9-slidebg\" class=\"sr7-layer\"><noscript><img decoding=\"async\" src=\"https:\/\/www3.unicentro.br\/empregabilidade\/wp-content\/uploads\/sites\/97\/2022\/02\/curriculo-img.jpg\" alt=\"\" title=\"curriculo-img\"><\/noscript><\/sr7-bg>\n\t\t\t\t\t\t\t<sr7-txt id=\"portfolio-9-12\" class=\"sr7-layer\">Curr\u00edculo<br\/><br\/><span style=\"font-size:17px;opacity:0.65;font-weight:400;\">Como a elabora\u00e7\u00e3o pode fazer a diferen\u00e7a<\/span><\/sr7-txt>\n\t\t\t\t\t\t<\/sr7-slide>\n\t\t\t\t\t\t<sr7-slide id=\"portfolio-10\" data-key=\"10\">\n\t\t\t\t\t\t\t<sr7-bg id=\"portfolio-10-slidebg\" class=\"sr7-layer\"><noscript><img decoding=\"async\" src=\"https:\/\/www3.unicentro.br\/empregabilidade\/wp-content\/uploads\/sites\/97\/revslider\/carousel5.jpg\" alt=\"\" title=\"Home\"><\/noscript><\/sr7-bg>\n\t\t\t\t\t\t\t<sr7-txt id=\"portfolio-10-12\" class=\"sr7-layer\">Trajet\u00f3ria<br\/><span style=\"font-size:17px;opacity:0.65;font-weight:400;\">Do est\u00e1gio ao empresariado<\/span><\/sr7-txt>\n\t\t\t\t\t\t<\/sr7-slide>\n\t\t\t\t\t\t<sr7-slide id=\"portfolio-11\" data-key=\"11\">\n\t\t\t\t\t\t\t<sr7-bg id=\"portfolio-11-slidebg\" class=\"sr7-layer\"><noscript><img decoding=\"async\" src=\"https:\/\/www3.unicentro.br\/empregabilidade\/wp-content\/uploads\/sites\/97\/revslider\/carousel7.jpg\" alt=\"\" title=\"Home\"><\/noscript><\/sr7-bg>\n\t\t\t\t\t\t\t<sr7-txt id=\"portfolio-11-12\" class=\"sr7-layer\">Efici\u00eancia<br\/><span style=\"font-size:17px;opacity:0.65;font-weight:400;\">Dicas de quem obteve sucesso<\/span><\/sr7-txt>\n\t\t\t\t\t\t<\/sr7-slide>\n\t\t\t\t\t\t<sr7-slide id=\"portfolio-27\" data-key=\"27\">\n\t\t\t\t\t\t<\/sr7-slide>\n\t\t\t\t\t\t<\/sr7-carousel>\n\t\t\t\t\t<\/sr7-content>\n\t\t\t\t<\/sr7-module>\n\t\t\t\t<script>\n\t\t\t\t\twindow.SR7 ??={};SR7.PMH ??={}; SR7.PMH[\"portfolio\"] = {cn:100,state:false,fn: function() { if (window._tpt!==undefined && window._tpt.prepareModuleHeight !== undefined) {  _tpt.prepareModuleHeight({id:\"portfolio\",el:[600,600,500,400],type:'carousel',shdw:'0',gh:[600,600,500,400],gw:[600,600,500,400],vpt:['20%'],size:{fullWidth:true, fullHeight:false},mh:'0',onh:0,onw:0,bg:{color:'#2d3032'},carousel:{pt:'0',pb:'0'},plType:'3',plColor:'#313437'});   SR7.PMH[\"portfolio\"].state=true;} else if(SR7.PMH[\"portfolio\"].cn-->0)\tsetTimeout( SR7.PMH[\"portfolio\"].fn,19);}};SR7.PMH[\"portfolio\" ].fn();\n\t\t\t\t<\/script>\n\n\t\t\t\t<p class=\"rs-p-wp-fix\"><\/p>\n\t\t\t\t<sr7-module data-alias=\"crie-sobre\" data-id=\"9\" id=\"SR7_9_8\" data-version=\"6.7.51\">\n\t\t\t\t\t<sr7-adjuster><\/sr7-adjuster>\n\t\t\t\t\t<sr7-content>\n\t\t\t\t\t\t<sr7-slide id=\"SR7_9_8-13\" data-key=\"13\">\n\t\t\t\t\t\t\t<sr7-txt id=\"SR7_9_8-13-6\" class=\"sr7-layer\">Central de Rela\u00e7\u00f5es Institucionais, Inova\u00e7\u00e3o, Empreendedorismo e Empregabilidade<\/sr7-txt>\n\t\t\t\t\t\t\t<sr7-txt id=\"SR7_9_8-13-9\" class=\"sr7-layer\">A Central de Relacionamentos Institucionais, Inova\u00e7\u00e3o, Empreendedorismo e Empregabilidade (CRIE) desde 2020 est\u00e1 focada na cria\u00e7\u00e3o de oportunidades especialmente para formandos(as) e egressos(as) da Unicentro com at\u00e9 03 anos de conclus\u00e3o de curso. Em dois anos de atividades, a CRIE divulgou e fomentou condi\u00e7\u00f5es de Empregabilidade, gera\u00e7\u00e3o de startups e transforma\u00e7\u00e3o digital em \u00e1reas como Matem\u00e1tica Computacional, Farm\u00e1cia, Qu\u00edmica, Engenharia Florestal, Jornalismo, Geografia, Ci\u00eancia da Computa\u00e7\u00e3o, Administra\u00e7\u00e3o e outras tantas, seja no Centro-Sul do PR ou em outras regi\u00f5es do Estado e do Brasil, al\u00e9m de promover capacita\u00e7\u00f5es com experts de diversas partes do mundo, notadamente Estados Unidos, Canad\u00e1 e pa\u00edses europeus.<\/sr7-txt>\n\t\t\t\t\t\t\t<sr7-txt id=\"SR7_9_8-13-16\" class=\"sr7-layer\">Conhe\u00e7a<\/sr7-txt>\n\t\t\t\t\t\t<\/sr7-slide>\n\t\t\t\t\t\t<sr7-slide id=\"SR7_9_8-28\" data-key=\"28\">\n\t\t\t\t\t\t<\/sr7-slide>\n\t\t\t\t\t<\/sr7-content>\n\t\t\t\t<\/sr7-module>\n\t\t\t\t<script>\n\t\t\t\t\twindow.SR7 ??={};SR7.PMH ??={}; SR7.PMH[\"SR7_9_8\"] = {cn:100,state:false,fn: function() { if (window._tpt!==undefined && window._tpt.prepareModuleHeight !== undefined) {  _tpt.prepareModuleHeight({id:\"SR7_9_8\",el:[982,992,932,1302],type:'hero',shdw:'0',gh:[800,800,500,500],gw:[1240,1024,778,480],vpt:['20%'],size:{fullWidth:true, fullHeight:false},mh:'0',onh:0,onw:0,bg:{color:'#eef0f1'},plType:'3',plColor:'#FFFFFF'});   SR7.PMH[\"SR7_9_8\"].state=true;} else if(SR7.PMH[\"SR7_9_8\"].cn-->0)\tsetTimeout( SR7.PMH[\"SR7_9_8\"].fn,19);}};SR7.PMH[\"SR7_9_8\" ].fn();\n\t\t\t\t<\/script>\n\n\t\t\t\t<p class=\"rs-p-wp-fix\"><\/p>\n\t\t\t\t<sr7-module data-alias=\"contato\" data-id=\"14\" id=\"cadastroempresa\" data-version=\"6.7.51\">\n\t\t\t\t\t<sr7-adjuster><\/sr7-adjuster>\n\t\t\t\t\t<sr7-content>\n\t\t\t\t\t\t<sr7-slide id=\"cadastroempresa-19\" data-key=\"19\">\n\t\t\t\t\t\t\t<sr7-txt id=\"cadastroempresa-19-1\" class=\"sr7-layer\">Cadastro Empresa<\/sr7-txt>\n\t\t\t\t\t\t\t<sr7-txt id=\"cadastroempresa-19-2\" class=\"sr7-layer\" srscsrc>\n<div class=\"wpcf7 no-js\" id=\"wpcf7-f11-o1\" lang=\"pt-BR\" dir=\"ltr\" data-wpcf7-id=\"11\">\n<div class=\"screen-reader-response\"><p role=\"status\" aria-live=\"polite\" aria-atomic=\"true\"><\/p> <ul><\/ul><\/div>\n<form action=\"\/empregabilidade\/wp-json\/wp\/v2\/pages\/35#wpcf7-f11-o1\" method=\"post\" class=\"wpcf7-form init\" aria-label=\"Formul\u00e1rios de contato\" novalidate=\"novalidate\" data-status=\"init\">\n<fieldset class=\"hidden-fields-container\"><input type=\"hidden\" name=\"_wpcf7\" value=\"11\" \/><input type=\"hidden\" name=\"_wpcf7_version\" value=\"6.1.5\" \/><input type=\"hidden\" name=\"_wpcf7_locale\" value=\"pt_BR\" \/><input type=\"hidden\" name=\"_wpcf7_unit_tag\" value=\"wpcf7-f11-o1\" \/><input type=\"hidden\" name=\"_wpcf7_container_post\" value=\"0\" \/><input type=\"hidden\" name=\"_wpcf7_posted_data_hash\" value=\"\" \/><input type=\"hidden\" name=\"_wpcf7_recaptcha_response\" value=\"\" \/>\n<\/fieldset>\n<div class=\"formcadastro\">\n\t<div class=\"left\">\n\t\t<p>Nome da Empresa (obrigat\u00f3rio):<br \/>\n<span class=\"wpcf7-form-control-wrap\" data-name=\"your-name\"><input size=\"40\" maxlength=\"400\" class=\"wpcf7-form-control wpcf7-text wpcf7-validates-as-required\" aria-required=\"true\" aria-invalid=\"false\" value=\"\" type=\"text\" name=\"your-name\" \/><\/span>\n\t\t<\/p>\n\t\t<p>CNPJ (obrigat\u00f3rio):<br \/>\n<span class=\"wpcf7-form-control-wrap\" data-name=\"cnpj\"><input size=\"40\" maxlength=\"400\" class=\"wpcf7-form-control wpcf7-text wpcf7-validates-as-required\" aria-required=\"true\" aria-invalid=\"false\" value=\"\" type=\"text\" name=\"cnpj\" \/><\/span>\n\t\t<\/p>\n\t\t<p>Telefone da Empresa (obrigat\u00f3rio):<br \/>\n<span class=\"wpcf7-form-control-wrap\" data-name=\"foneempresa\"><input size=\"40\" maxlength=\"400\" class=\"wpcf7-form-control wpcf7-text wpcf7-validates-as-required\" aria-required=\"true\" aria-invalid=\"false\" value=\"\" type=\"text\" name=\"foneempresa\" \/><\/span>\n\t\t<\/p>\n\t\t<p>Endere\u00e7o da Empresa (obrigat\u00f3rio):<br \/>\n<span class=\"wpcf7-form-control-wrap\" data-name=\"endereco\"><input size=\"40\" maxlength=\"400\" class=\"wpcf7-form-control wpcf7-text wpcf7-validates-as-required\" aria-required=\"true\" aria-invalid=\"false\" value=\"\" type=\"text\" name=\"endereco\" \/><\/span>\n\t\t<\/p>\n\t<\/div>\n\t<div class=\"right\">\n\t\t<p>Usu\u00e1rio (obrigat\u00f3rio):<br \/>\n<span class=\"wpcf7-form-control-wrap\" data-name=\"usuario\"><input size=\"40\" maxlength=\"400\" class=\"wpcf7-form-control wpcf7-text wpcf7-validates-as-required\" aria-required=\"true\" aria-invalid=\"false\" value=\"\" type=\"text\" name=\"usuario\" \/><\/span>\n\t\t<\/p>\n\t\t<p>CPF (obrigat\u00f3rio):<br \/>\n<span class=\"wpcf7-form-control-wrap\" data-name=\"cpf\"><input size=\"40\" maxlength=\"400\" class=\"wpcf7-form-control wpcf7-text wpcf7-validates-as-required\" aria-required=\"true\" aria-invalid=\"false\" value=\"\" type=\"text\" name=\"cpf\" \/><\/span>\n\t\t<\/p>\n\t\t<p>Seu e-mail (obrigat\u00f3rio):<br \/>\n<span class=\"wpcf7-form-control-wrap\" data-name=\"your-email\"><input size=\"40\" maxlength=\"400\" class=\"wpcf7-form-control wpcf7-email wpcf7-validates-as-required wpcf7-text wpcf7-validates-as-email\" aria-required=\"true\" aria-invalid=\"false\" value=\"\" type=\"email\" name=\"your-email\" \/><\/span>\n\t\t<\/p>\n\t\t<p>Telefone (obrigat\u00f3rio):<br \/>\n<span class=\"wpcf7-form-control-wrap\" data-name=\"fone\"><input size=\"40\" maxlength=\"400\" class=\"wpcf7-form-control wpcf7-text wpcf7-validates-as-required\" aria-required=\"true\" aria-invalid=\"false\" value=\"\" type=\"text\" name=\"fone\" \/><\/span>\n\t\t<\/p>\n\t<\/div>\n<\/div>\n<p><input class=\"wpcf7-form-control wpcf7-submit has-spinner\" type=\"submit\" value=\"Enviar\" \/>\n<\/p><p style=\"display: none !important;\" class=\"akismet-fields-container\" data-prefix=\"_wpcf7_ak_\"><label>&#916;<textarea name=\"_wpcf7_ak_hp_textarea\" cols=\"45\" rows=\"8\" maxlength=\"100\"><\/textarea><\/label><input type=\"hidden\" id=\"ak_js_1\" name=\"_wpcf7_ak_js\" value=\"86\"\/><script>document.getElementById( \"ak_js_1\" ).setAttribute( \"value\", ( new Date() ).getTime() );<\/script><\/p><div class=\"wpcf7-response-output\" aria-hidden=\"true\"><\/div>\n<\/form>\n<\/div>\n<\/sr7-txt>\n\t\t\t\t\t\t<\/sr7-slide>\n\t\t\t\t\t\t<sr7-slide id=\"cadastroempresa-34\" data-key=\"34\">\n\t\t\t\t\t\t<\/sr7-slide>\n\t\t\t\t\t<\/sr7-content>\n\t\t\t\t<\/sr7-module>\n\t\t\t\t<script>\n\t\t\t\t\twindow.SR7 ??={};SR7.PMH ??={}; SR7.PMH[\"cadastroempresa\"] = {cn:100,state:false,fn: function() { if (window._tpt!==undefined && window._tpt.prepareModuleHeight !== undefined) {  _tpt.prepareModuleHeight({id:\"cadastroempresa\",el:[868,768,960,1220],type:'hero',shdw:'0',gh:[868,768,960,1220],gw:[1280,1024,778,480],vpt:['20%'],size:{fullWidth:true, fullHeight:false},off:{\"t\":[\"30px\",\"30px\",\"30px\",\"30px\",\"30px\"],\"b\":[\"30px\",\"30px\",\"30px\",\"30px\",\"30px\"],\"l\":[\"0px\",\"0px\",\"0px\",\"0px\",\"0px\"],\"r\":[\"0px\",\"0px\",\"0px\",\"0px\",\"0px\"]},mh:'0',onh:0,onw:0,bg:{color:'#2d3032'},plType:'3',plColor:'#313437'});   SR7.PMH[\"cadastroempresa\"].state=true;} else if(SR7.PMH[\"cadastroempresa\"].cn-->0)\tsetTimeout( SR7.PMH[\"cadastroempresa\"].fn,19);}};SR7.PMH[\"cadastroempresa\" ].fn();\n\t\t\t\t<\/script>\n\n\t\t\t\t<p class=\"rs-p-wp-fix\"><\/p>\n\t\t\t\t<sr7-module data-alias=\"rodape\" data-id=\"3\" id=\"footer\" data-version=\"6.7.51\">\n\t\t\t\t\t<sr7-adjuster><\/sr7-adjuster>\n\t\t\t\t\t<sr7-content>\n\t\t\t\t\t\t<sr7-slide id=\"footer-3\" data-key=\"3\">\n\t\t\t\t\t\t\t<sr7-txt id=\"footer-3-0\" class=\"sr7-layer\">Links<\/sr7-txt>\n\t\t\t\t\t\t\t<sr7-txt id=\"footer-3-5\" class=\"sr7-layer\">Governo do Paran\u00e1<\/sr7-txt>\n\t\t\t\t\t\t\t<sr7-txt id=\"footer-3-9\" class=\"sr7-layer\">CRIE Unicentro<br \/>\nRua Padre Salvatore Renna, 875<br \/>\nCampus Santa Cruz<br \/>\nCEP 85015-430<br \/>\nGuarapuava (PR)<br \/>\nE-mail: crie@unicentro.br<br \/>\nTelefone: (42) 9916 44218 (Whats) e (42) 3621 1068<\/sr7-txt>\n\t\t\t\t\t\t\t<sr7-txt id=\"footer-3-23\" class=\"sr7-layer\">Contato<\/sr7-txt>\n\t\t\t\t\t\t\t<sr7-txt id=\"footer-3-41\" class=\"sr7-layer\">Seti<\/sr7-txt>\n\t\t\t\t\t\t\t<sr7-txt id=\"footer-3-42\" class=\"sr7-layer\">SGI<\/sr7-txt>\n\t\t\t\t\t\t\t<sr7-txt id=\"footer-3-43\" class=\"sr7-layer\">Funda\u00e7\u00e3o Arauc\u00e1ria<\/sr7-txt>\n\t\t\t\t\t\t\t<sr7-txt id=\"footer-3-47\" class=\"sr7-layer\"><a href=\"https:\/\/www.instagram.com\/crie_unicentro\/\"><i class=\"fa-instagram\" style=\"font-size:15px;line-height:20px;margin-right:8px;margin-top:6px;float:left;\"><\/i>Siga nosso perfil<\/a><\/sr7-txt>\n\t\t\t\t\t\t<\/sr7-slide>\n\t\t\t\t\t\t<sr7-slide id=\"footer-29\" data-key=\"29\">\n\t\t\t\t\t\t<\/sr7-slide>\n\t\t\t\t\t<\/sr7-content>\n\t\t\t\t<\/sr7-module>\n\t\t\t\t<script>\n\t\t\t\t\twindow.SR7 ??={};SR7.PMH ??={}; SR7.PMH[\"footer\"] = {cn:100,state:false,fn: function() { if (window._tpt!==undefined && window._tpt.prepareModuleHeight !== undefined) {  _tpt.prepareModuleHeight({id:\"footer\",el:[670,400,500,500],type:'hero',shdw:'0',gh:[400,400,500,500],gw:[1240,1024,778,480],vpt:['20%'],size:{fullWidth:true, fullHeight:false},mh:'0',onh:0,onw:0,bg:{color:'#2d3032'},plType:'-1',plColor:'#313437'});   SR7.PMH[\"footer\"].state=true;} else if(SR7.PMH[\"footer\"].cn-->0)\tsetTimeout( SR7.PMH[\"footer\"].fn,19);}};SR7.PMH[\"footer\" ].fn();\n\t\t\t\t<\/script>\n[\/vc_column][\/vc_row]<\/p>\n<\/div>","protected":false},"excerpt":{"rendered":"<p>[vc_row][vc_column][\/vc_column][\/vc_row]<\/p>\n","protected":false},"author":3,"featured_media":0,"parent":0,"menu_order":0,"comment_status":"closed","ping_status":"closed","template":"..\/public\/views\/revslider-page-template.php","meta":{"_exactmetrics_skip_tracking":false,"_exactmetrics_sitenote_active":false,"_exactmetrics_sitenote_note":"","_exactmetrics_sitenote_category":0,"footnotes":"","_links_to":"","_links_to_target":""},"class_list":["post-35","page","type-page","status-publish","hentry"],"_links":{"self":[{"href":"https:\/\/www3.unicentro.br\/empregabilidade\/wp-json\/wp\/v2\/pages\/35","targetHints":{"allow":["GET"]}}],"collection":[{"href":"https:\/\/www3.unicentro.br\/empregabilidade\/wp-json\/wp\/v2\/pages"}],"about":[{"href":"https:\/\/www3.unicentro.br\/empregabilidade\/wp-json\/wp\/v2\/types\/page"}],"author":[{"embeddable":true,"href":"https:\/\/www3.unicentro.br\/empregabilidade\/wp-json\/wp\/v2\/users\/3"}],"replies":[{"embeddable":true,"href":"https:\/\/www3.unicentro.br\/empregabilidade\/wp-json\/wp\/v2\/comments?post=35"}],"version-history":[{"count":0,"href":"https:\/\/www3.unicentro.br\/empregabilidade\/wp-json\/wp\/v2\/pages\/35\/revisions"}],"wp:attachment":[{"href":"https:\/\/www3.unicentro.br\/empregabilidade\/wp-json\/wp\/v2\/media?parent=35"}],"curies":[{"name":"wp","href":"https:\/\/api.w.org\/{rel}","templated":true}]}}