{"id":268,"date":"2023-04-14T16:45:21","date_gmt":"2023-04-14T19:45:21","guid":{"rendered":"https:\/\/www3.unicentro.br\/empregabilidade\/?page_id=268"},"modified":"2023-04-18T10:39:22","modified_gmt":"2023-04-18T13:39:22","slug":"vagas-unicentro","status":"publish","type":"page","link":"https:\/\/www3.unicentro.br\/empregabilidade\/vagas-unicentro\/","title":{"rendered":"Est\u00e1gio Unicentro"},"content":{"rendered":"<p style=\"text-align: center\"><em><strong>VAGAS ABERTAS EST\u00c1GIO UNICENTRO<\/strong><\/em><\/p>\n<p>Para se inscrever em qualquer uma das vagas, acesse e fa\u00e7a seu cadastro:<\/p>\n<p><span style=\"font-size: 10pt\"><a href=\"https:\/\/www4.pr.gov.br\/gee\/jsp\/frm_busca_vagas.jsp?ord=curso&amp;NivelEnsino=&amp;CodCategoria=&amp;CodCurso=&amp;CodOrgao=84&amp;CodCidade=&amp;Portador\">https:\/\/www4.pr.gov.br\/gee\/jsp\/frm_busca_vagas.jsp?ord=curso&amp;NivelEnsino=&amp;CodCategoria=&amp;CodCurso=&amp;CodOrgao=84&amp;CodCidade=&amp;Portador<\/a><\/span><\/p>\n<table border=\"1\" width=\"100%\" cellspacing=\"0\" cellpadding=\"5\">\n<tbody>\n<tr>\n<td colspan=\"9\" align=\"center\"><span class=\"destaque3\">VAGAS DISPON\u00cdVEIS<\/span><\/td>\n<\/tr>\n<tr>\n<td width=\"4%\"><span class=\"destaque3\"><a href=\"https:\/\/www4.pr.gov.br\/gee\/jsp\/frm_busca_vagas.jsp?ord=codigo&amp;NivelEnsino=&amp;CodCategoria=&amp;CodCurso=&amp;CodOrgao=84&amp;CodCidade=&amp;Portador=&amp;TipoOferta=1\">C\u00f3d Oferta<\/a><\/span><\/td>\n<td width=\"5%\"><span class=\"destaque3\"><a href=\"https:\/\/www4.pr.gov.br\/gee\/jsp\/frm_busca_vagas.jsp?ord=nivel&amp;NivelEnsino=&amp;CodCategoria=&amp;CodCurso=&amp;CodOrgao=84&amp;CodCidade=&amp;Portador=&amp;TipoOferta=1\">N\u00edvel<\/a><\/span><\/td>\n<td width=\"25%\"><span class=\"destaque3\">Curso<\/span><\/td>\n<td width=\"8%\"><span class=\"destaque3\"><a href=\"https:\/\/www4.pr.gov.br\/gee\/jsp\/frm_busca_vagas.jsp?ord=orgao&amp;NivelEnsino=&amp;CodCategoria=&amp;CodCurso=&amp;CodOrgao=84&amp;CodCidade=&amp;Portador=&amp;TipoOferta=1\">\u00d3rg\u00e3o<\/a><\/span><\/td>\n<td width=\"25%\"><span class=\"destaque3\"><a href=\"https:\/\/www4.pr.gov.br\/gee\/jsp\/frm_busca_vagas.jsp?ord=ut&amp;NivelEnsino=&amp;CodCategoria=&amp;CodCurso=&amp;CodOrgao=84&amp;CodCidade=&amp;Portador=&amp;TipoOferta=1\">UT<\/a><\/span><\/td>\n<td width=\"10%\"><span class=\"destaque3\"><a href=\"https:\/\/www4.pr.gov.br\/gee\/jsp\/frm_busca_vagas.jsp?ord=cidade&amp;NivelEnsino=&amp;CodCategoria=&amp;CodCurso=&amp;CodOrgao=84&amp;CodCidade=&amp;Portador=&amp;TipoOferta=1\">Cidade<\/a><\/span><\/td>\n<td width=\"10%\"><span class=\"destaque3\"><a href=\"https:\/\/www4.pr.gov.br\/gee\/jsp\/frm_busca_vagas.jsp?ord=dataini&amp;NivelEnsino=&amp;CodCategoria=&amp;CodCurso=&amp;CodOrgao=84&amp;CodCidade=&amp;Portador=&amp;TipoOferta=1\">Data in\u00edcio<\/a><\/span><\/td>\n<td width=\"10%\"><span class=\"destaque3\"><a href=\"https:\/\/www4.pr.gov.br\/gee\/jsp\/frm_busca_vagas.jsp?ord=datafim&amp;NivelEnsino=&amp;CodCategoria=&amp;CodCurso=&amp;CodOrgao=84&amp;CodCidade=&amp;Portador=&amp;TipoOferta=1\">Data fim<\/a><\/span><\/td>\n<td width=\"3%\"><span class=\"destaque3\"><a href=\"https:\/\/www4.pr.gov.br\/gee\/jsp\/frm_busca_vagas.jsp?ord=portador&amp;NivelEnsino=&amp;CodCategoria=&amp;CodCurso=&amp;CodOrgao=84&amp;CodCidade=&amp;Portador=&amp;TipoOferta=1\">Com defici\u00eancia<\/a><\/span><\/td>\n<\/tr>\n<tr>\n<td width=\"4%\"><span class=\"destaque\">154643<\/span><\/td>\n<td width=\"5%\"><span class=\"destaque\">Superior<\/span><\/td>\n<td class=\"tabela\" width=\"25%\"><a class=\"tabela\" href=\"https:\/\/www4.pr.gov.br\/gee\/jsp\/frm_cons_detalhe_vaga.jsp?codoferta=154643\">ADMINISTRA\u00c7\u00c3O<\/a><\/td>\n<td width=\"8%\"><span class=\"destaque\">UNICENTRO<\/span><\/td>\n<td width=\"25%\"><span class=\"destaque\">DIRDES-UNICENTRO<\/span><\/td>\n<td width=\"10%\"><span class=\"destaque\">GUARAPUAVA<\/span><\/td>\n<td width=\"10%\"><span class=\"destaque\">21\/03\/2023<\/span><\/td>\n<td width=\"10%\"><span class=\"destaque\">20\/04\/2023<\/span><\/td>\n<td align=\"center\" width=\"3%\"><span class=\"destaque\">N<\/span><\/td>\n<\/tr>\n<tr>\n<td width=\"4%\"><span class=\"destaque\">154944<\/span><\/td>\n<td width=\"5%\"><span class=\"destaque\">Superior<\/span><\/td>\n<td class=\"tabela\" width=\"25%\"><a class=\"tabela\" href=\"https:\/\/www4.pr.gov.br\/gee\/jsp\/frm_cons_detalhe_vaga.jsp?codoferta=154944\">ADMINISTRA\u00c7\u00c3O<\/a><\/td>\n<td width=\"8%\"><span class=\"destaque\">UNICENTRO<\/span><\/td>\n<td width=\"25%\"><span class=\"destaque\">DIRDES &#8211; Campus Irati<\/span><\/td>\n<td width=\"10%\"><span class=\"destaque\">IRATI<\/span><\/td>\n<td width=\"10%\"><span class=\"destaque\">31\/03\/2023<\/span><\/td>\n<td width=\"10%\"><span class=\"destaque\">30\/04\/2023<\/span><\/td>\n<td align=\"center\" width=\"3%\"><span class=\"destaque\">N<\/span><\/td>\n<\/tr>\n<tr>\n<td width=\"4%\"><span class=\"destaque\">155066<\/span><\/td>\n<td width=\"5%\"><span class=\"destaque\">Superior<\/span><\/td>\n<td class=\"tabela\" width=\"25%\"><a class=\"tabela\" href=\"https:\/\/www4.pr.gov.br\/gee\/jsp\/frm_cons_detalhe_vaga.jsp?codoferta=155066\">ADMINISTRA\u00c7\u00c3O<\/a><\/td>\n<td width=\"8%\"><span class=\"destaque\">UNICENTRO<\/span><\/td>\n<td width=\"25%\"><span class=\"destaque\">DIRDES-UNICENTRO<\/span><\/td>\n<td width=\"10%\"><span class=\"destaque\">GUARAPUAVA<\/span><\/td>\n<td width=\"10%\"><span class=\"destaque\">10\/04\/2023<\/span><\/td>\n<td width=\"10%\"><span class=\"destaque\">10\/05\/2023<\/span><\/td>\n<td align=\"center\" width=\"3%\"><span class=\"destaque\">N<\/span><\/td>\n<\/tr>\n<tr>\n<td width=\"4%\"><span class=\"destaque\">154598<\/span><\/td>\n<td width=\"5%\"><span class=\"destaque\">Superior<\/span><\/td>\n<td class=\"tabela\" width=\"25%\"><a class=\"tabela\" href=\"https:\/\/www4.pr.gov.br\/gee\/jsp\/frm_cons_detalhe_vaga.jsp?codoferta=154598\">ADMINISTRA\u00c7\u00c3O<\/a><\/td>\n<td width=\"8%\"><span class=\"destaque\">UNICENTRO<\/span><\/td>\n<td width=\"25%\"><span class=\"destaque\">DIRDES &#8211; Campus Cedeteg<\/span><\/td>\n<td width=\"10%\"><span class=\"destaque\">GUARAPUAVA<\/span><\/td>\n<td width=\"10%\"><span class=\"destaque\">20\/03\/2023<\/span><\/td>\n<td width=\"10%\"><span class=\"destaque\">19\/04\/2023<\/span><\/td>\n<td align=\"center\" width=\"3%\"><span class=\"destaque\">N<\/span><\/td>\n<\/tr>\n<tr>\n<td width=\"4%\"><span class=\"destaque\">154920<\/span><\/td>\n<td width=\"5%\"><span class=\"destaque\">Superior<\/span><\/td>\n<td class=\"tabela\" width=\"25%\"><a class=\"tabela\" href=\"https:\/\/www4.pr.gov.br\/gee\/jsp\/frm_cons_detalhe_vaga.jsp?codoferta=154920\">ADMINISTRA\u00c7\u00c3O<\/a><\/td>\n<td width=\"8%\"><span class=\"destaque\">UNICENTRO<\/span><\/td>\n<td width=\"25%\"><span class=\"destaque\">DIRDES &#8211; Campus Irati<\/span><\/td>\n<td width=\"10%\"><span class=\"destaque\">IRATI<\/span><\/td>\n<td width=\"10%\"><span class=\"destaque\">30\/03\/2023<\/span><\/td>\n<td width=\"10%\"><span class=\"destaque\">29\/04\/2023<\/span><\/td>\n<td align=\"center\" width=\"3%\"><span class=\"destaque\">N<\/span><\/td>\n<\/tr>\n<tr>\n<td width=\"4%\"><span class=\"destaque\">155099<\/span><\/td>\n<td width=\"5%\"><span class=\"destaque\">Superior<\/span><\/td>\n<td class=\"tabela\" width=\"25%\"><a class=\"tabela\" href=\"https:\/\/www4.pr.gov.br\/gee\/jsp\/frm_cons_detalhe_vaga.jsp?codoferta=155099\">ADMINISTRA\u00c7\u00c3O<\/a><\/td>\n<td width=\"8%\"><span class=\"destaque\">UNICENTRO<\/span><\/td>\n<td width=\"25%\"><span class=\"destaque\">DIRDES &#8211; Campus Cedeteg<\/span><\/td>\n<td width=\"10%\"><span class=\"destaque\">GUARAPUAVA<\/span><\/td>\n<td width=\"10%\"><span class=\"destaque\">11\/04\/2023<\/span><\/td>\n<td width=\"10%\"><span class=\"destaque\">11\/05\/2023<\/span><\/td>\n<td align=\"center\" width=\"3%\"><span class=\"destaque\">N<\/span><\/td>\n<\/tr>\n<tr>\n<td width=\"4%\"><span class=\"destaque\">155102<\/span><\/td>\n<td width=\"5%\"><span class=\"destaque\">Superior<\/span><\/td>\n<td class=\"tabela\" width=\"25%\"><a class=\"tabela\" href=\"https:\/\/www4.pr.gov.br\/gee\/jsp\/frm_cons_detalhe_vaga.jsp?codoferta=155102\">ADMINISTRA\u00c7\u00c3O<\/a><\/td>\n<td width=\"8%\"><span class=\"destaque\">UNICENTRO<\/span><\/td>\n<td width=\"25%\"><span class=\"destaque\">DIRDES &#8211; Campus Irati<\/span><\/td>\n<td width=\"10%\"><span class=\"destaque\">IRATI<\/span><\/td>\n<td width=\"10%\"><span class=\"destaque\">11\/04\/2023<\/span><\/td>\n<td width=\"10%\"><span class=\"destaque\">10\/05\/2023<\/span><\/td>\n<td align=\"center\" width=\"3%\"><span class=\"destaque\">N<\/span><\/td>\n<\/tr>\n<tr>\n<td width=\"4%\"><span class=\"destaque\">155045<\/span><\/td>\n<td width=\"5%\"><span class=\"destaque\">Superior<\/span><\/td>\n<td class=\"tabela\" width=\"25%\"><a class=\"tabela\" href=\"https:\/\/www4.pr.gov.br\/gee\/jsp\/frm_cons_detalhe_vaga.jsp?codoferta=155045\">CI\u00caNCIAS BIOL\u00d3GICAS<\/a><\/td>\n<td width=\"8%\"><span class=\"destaque\">UNICENTRO<\/span><\/td>\n<td width=\"25%\"><span class=\"destaque\">DIRDES &#8211; Campus Cedeteg<\/span><\/td>\n<td width=\"10%\"><span class=\"destaque\">GUARAPUAVA<\/span><\/td>\n<td width=\"10%\"><span class=\"destaque\">05\/04\/2023<\/span><\/td>\n<td width=\"10%\"><span class=\"destaque\">05\/05\/2023<\/span><\/td>\n<td align=\"center\" width=\"3%\"><span class=\"destaque\">N<\/span><\/td>\n<\/tr>\n<tr>\n<td width=\"4%\"><span class=\"destaque\">155044<\/span><\/td>\n<td width=\"5%\"><span class=\"destaque\">Superior<\/span><\/td>\n<td class=\"tabela\" width=\"25%\"><a class=\"tabela\" href=\"https:\/\/www4.pr.gov.br\/gee\/jsp\/frm_cons_detalhe_vaga.jsp?codoferta=155044\">CI\u00caNCIAS BIOL\u00d3GICAS<\/a><\/td>\n<td width=\"8%\"><span class=\"destaque\">UNICENTRO<\/span><\/td>\n<td width=\"25%\"><span class=\"destaque\">DIRDES &#8211; Campus Cedeteg<\/span><\/td>\n<td width=\"10%\"><span class=\"destaque\">GUARAPUAVA<\/span><\/td>\n<td width=\"10%\"><span class=\"destaque\">05\/04\/2023<\/span><\/td>\n<td width=\"10%\"><span class=\"destaque\">05\/05\/2023<\/span><\/td>\n<td align=\"center\" width=\"3%\"><span class=\"destaque\">N<\/span><\/td>\n<\/tr>\n<tr>\n<td width=\"4%\"><span class=\"destaque\">155224<\/span><\/td>\n<td width=\"5%\"><span class=\"destaque\">Superior<\/span><\/td>\n<td class=\"tabela\" width=\"25%\"><a class=\"tabela\" href=\"https:\/\/www4.pr.gov.br\/gee\/jsp\/frm_cons_detalhe_vaga.jsp?codoferta=155224\">CI\u00caNCIAS CONT\u00c1BEIS<\/a><\/td>\n<td width=\"8%\"><span class=\"destaque\">UNICENTRO<\/span><\/td>\n<td width=\"25%\"><span class=\"destaque\">DIRDES-UNICENTRO<\/span><\/td>\n<td width=\"10%\"><span class=\"destaque\">GUARAPUAVA<\/span><\/td>\n<td width=\"10%\"><span class=\"destaque\">18\/04\/2023<\/span><\/td>\n<td width=\"10%\"><span class=\"destaque\">18\/05\/2023<\/span><\/td>\n<td align=\"center\" width=\"3%\"><span class=\"destaque\">N<\/span><\/td>\n<\/tr>\n<tr>\n<td width=\"4%\"><span class=\"destaque\">154427<\/span><\/td>\n<td width=\"5%\"><span class=\"destaque\">Superior<\/span><\/td>\n<td class=\"tabela\" width=\"25%\"><a class=\"tabela\" href=\"https:\/\/www4.pr.gov.br\/gee\/jsp\/frm_cons_detalhe_vaga.jsp?codoferta=154427\">CI\u00caNCIAS CONT\u00c1BEIS<\/a><\/td>\n<td width=\"8%\"><span class=\"destaque\">UNICENTRO<\/span><\/td>\n<td width=\"25%\"><span class=\"destaque\">DIRDES &#8211; Campus Irati<\/span><\/td>\n<td width=\"10%\"><span class=\"destaque\">IRATI<\/span><\/td>\n<td width=\"10%\"><span class=\"destaque\">18\/04\/2023<\/span><\/td>\n<td width=\"10%\"><span class=\"destaque\">17\/05\/2023<\/span><\/td>\n<td align=\"center\" width=\"3%\"><span class=\"destaque\">N<\/span><\/td>\n<\/tr>\n<tr>\n<td width=\"4%\"><span class=\"destaque\">155197<\/span><\/td>\n<td width=\"5%\"><span class=\"destaque\">Superior<\/span><\/td>\n<td class=\"tabela\" width=\"25%\"><a class=\"tabela\" href=\"https:\/\/www4.pr.gov.br\/gee\/jsp\/frm_cons_detalhe_vaga.jsp?codoferta=155197\">EDUCA\u00c7\u00c3O F\u00cdSICA<\/a><\/td>\n<td width=\"8%\"><span class=\"destaque\">UNICENTRO<\/span><\/td>\n<td width=\"25%\"><span class=\"destaque\">DIRDES &#8211; Campus Irati<\/span><\/td>\n<td width=\"10%\"><span class=\"destaque\">IRATI<\/span><\/td>\n<td width=\"10%\"><span class=\"destaque\">14\/04\/2023<\/span><\/td>\n<td width=\"10%\"><span class=\"destaque\">13\/05\/2023<\/span><\/td>\n<td align=\"center\" width=\"3%\"><span class=\"destaque\">N<\/span><\/td>\n<\/tr>\n<tr>\n<td width=\"4%\"><span class=\"destaque\">154835<\/span><\/td>\n<td width=\"5%\"><span class=\"destaque\">Superior<\/span><\/td>\n<td class=\"tabela\" width=\"25%\"><a class=\"tabela\" href=\"https:\/\/www4.pr.gov.br\/gee\/jsp\/frm_cons_detalhe_vaga.jsp?codoferta=154835\">EDUCA\u00c7\u00c3O F\u00cdSICA<\/a><\/td>\n<td width=\"8%\"><span class=\"destaque\">UNICENTRO<\/span><\/td>\n<td width=\"25%\"><span class=\"destaque\">DIRDES &#8211; Campus Irati<\/span><\/td>\n<td width=\"10%\"><span class=\"destaque\">IRATI<\/span><\/td>\n<td width=\"10%\"><span class=\"destaque\">28\/03\/2023<\/span><\/td>\n<td width=\"10%\"><span class=\"destaque\">27\/04\/2023<\/span><\/td>\n<td align=\"center\" width=\"3%\"><span class=\"destaque\">N<\/span><\/td>\n<\/tr>\n<tr>\n<td width=\"4%\"><span class=\"destaque\">155067<\/span><\/td>\n<td width=\"5%\"><span class=\"destaque\">Superior<\/span><\/td>\n<td class=\"tabela\" width=\"25%\"><a class=\"tabela\" href=\"https:\/\/www4.pr.gov.br\/gee\/jsp\/frm_cons_detalhe_vaga.jsp?codoferta=155067\">EDUCA\u00c7\u00c3O F\u00cdSICA<\/a><\/td>\n<td width=\"8%\"><span class=\"destaque\">UNICENTRO<\/span><\/td>\n<td width=\"25%\"><span class=\"destaque\">DIRDES &#8211; Campus Cedeteg<\/span><\/td>\n<td width=\"10%\"><span class=\"destaque\">GUARAPUAVA<\/span><\/td>\n<td width=\"10%\"><span class=\"destaque\">10\/04\/2023<\/span><\/td>\n<td width=\"10%\"><span class=\"destaque\">10\/05\/2023<\/span><\/td>\n<td align=\"center\" width=\"3%\"><span class=\"destaque\">N<\/span><\/td>\n<\/tr>\n<tr>\n<td width=\"4%\"><span class=\"destaque\">153291<\/span><\/td>\n<td width=\"5%\"><span class=\"destaque\">Superior<\/span><\/td>\n<td class=\"tabela\" width=\"25%\"><a class=\"tabela\" href=\"https:\/\/www4.pr.gov.br\/gee\/jsp\/frm_cons_detalhe_vaga.jsp?codoferta=153291\">EDUCA\u00c7\u00c3O F\u00cdSICA<\/a><\/td>\n<td width=\"8%\"><span class=\"destaque\">UNICENTRO<\/span><\/td>\n<td width=\"25%\"><span class=\"destaque\">DIRDES &#8211; Campus Irati<\/span><\/td>\n<td width=\"10%\"><span class=\"destaque\">IRATI<\/span><\/td>\n<td width=\"10%\"><span class=\"destaque\">31\/03\/2023<\/span><\/td>\n<td width=\"10%\"><span class=\"destaque\">30\/04\/2023<\/span><\/td>\n<td align=\"center\" width=\"3%\"><span class=\"destaque\">N<\/span><\/td>\n<\/tr>\n<tr>\n<td width=\"4%\"><span class=\"destaque\">154423<\/span><\/td>\n<td width=\"5%\"><span class=\"destaque\">M\u00e9dio<\/span><\/td>\n<td class=\"tabela\" width=\"25%\"><a class=\"tabela\" href=\"https:\/\/www4.pr.gov.br\/gee\/jsp\/frm_cons_detalhe_vaga.jsp?codoferta=154423\">ENSINO M\u00c9DIO<\/a><\/td>\n<td width=\"8%\"><span class=\"destaque\">UNICENTRO<\/span><\/td>\n<td width=\"25%\"><span class=\"destaque\">DIRDES &#8211; Campus Irati<\/span><\/td>\n<td width=\"10%\"><span class=\"destaque\">IRATI<\/span><\/td>\n<td width=\"10%\"><span class=\"destaque\">18\/04\/2023<\/span><\/td>\n<td width=\"10%\"><span class=\"destaque\">17\/05\/2023<\/span><\/td>\n<td align=\"center\" width=\"3%\"><span class=\"destaque\">N<\/span><\/td>\n<\/tr>\n<tr>\n<td width=\"4%\"><span class=\"destaque\">153773<\/span><\/td>\n<td width=\"5%\"><span class=\"destaque\">Superior<\/span><\/td>\n<td class=\"tabela\" width=\"25%\"><a class=\"tabela\" href=\"https:\/\/www4.pr.gov.br\/gee\/jsp\/frm_cons_detalhe_vaga.jsp?codoferta=153773\">F\u00cdSICA<\/a><\/td>\n<td width=\"8%\"><span class=\"destaque\">UNICENTRO<\/span><\/td>\n<td width=\"25%\"><span class=\"destaque\">DIRDES &#8211; Campus Cedeteg<\/span><\/td>\n<td width=\"10%\"><span class=\"destaque\">GUARAPUAVA<\/span><\/td>\n<td width=\"10%\"><span class=\"destaque\">17\/04\/2023<\/span><\/td>\n<td width=\"10%\"><span class=\"destaque\">17\/05\/2023<\/span><\/td>\n<td align=\"center\" width=\"3%\"><span class=\"destaque\">N<\/span><\/td>\n<\/tr>\n<tr>\n<td width=\"4%\"><span class=\"destaque\">153526<\/span><\/td>\n<td width=\"5%\"><span class=\"destaque\">M\u00e9dio<\/span><\/td>\n<td class=\"tabela\" width=\"25%\"><a class=\"tabela\" href=\"https:\/\/www4.pr.gov.br\/gee\/jsp\/frm_cons_detalhe_vaga.jsp?codoferta=153526\">Forma\u00e7\u00e3o de Docentes da Educa\u00e7\u00e3o Infantil<\/a><\/td>\n<td width=\"8%\"><span class=\"destaque\">UNICENTRO<\/span><\/td>\n<td width=\"25%\"><span class=\"destaque\">DIRDES-UNICENTRO<\/span><\/td>\n<td width=\"10%\"><span class=\"destaque\">GUARAPUAVA<\/span><\/td>\n<td width=\"10%\"><span class=\"destaque\">05\/04\/2023<\/span><\/td>\n<td width=\"10%\"><span class=\"destaque\">05\/05\/2023<\/span><\/td>\n<td align=\"center\" width=\"3%\"><span class=\"destaque\">N<\/span><\/td>\n<\/tr>\n<tr>\n<td width=\"4%\"><span class=\"destaque\">154836<\/span><\/td>\n<td width=\"5%\"><span class=\"destaque\">Superior<\/span><\/td>\n<td class=\"tabela\" width=\"25%\"><a class=\"tabela\" href=\"https:\/\/www4.pr.gov.br\/gee\/jsp\/frm_cons_detalhe_vaga.jsp?codoferta=154836\">LETRAS<\/a><\/td>\n<td width=\"8%\"><span class=\"destaque\">UNICENTRO<\/span><\/td>\n<td width=\"25%\"><span class=\"destaque\">DIRDES &#8211; Campus Irati<\/span><\/td>\n<td width=\"10%\"><span class=\"destaque\">IRATI<\/span><\/td>\n<td width=\"10%\"><span class=\"destaque\">28\/03\/2023<\/span><\/td>\n<td width=\"10%\"><span class=\"destaque\">27\/04\/2023<\/span><\/td>\n<td align=\"center\" width=\"3%\"><span class=\"destaque\">N<\/span><\/td>\n<\/tr>\n<tr>\n<td width=\"4%\"><span class=\"destaque\">155065<\/span><\/td>\n<td width=\"5%\"><span class=\"destaque\">Superior<\/span><\/td>\n<td class=\"tabela\" width=\"25%\"><a class=\"tabela\" href=\"https:\/\/www4.pr.gov.br\/gee\/jsp\/frm_cons_detalhe_vaga.jsp?codoferta=155065\">LICENCIATURA EM PEDAGOGIA<\/a><\/td>\n<td width=\"8%\"><span class=\"destaque\">UNICENTRO<\/span><\/td>\n<td width=\"25%\"><span class=\"destaque\">DIRDES-UNICENTRO<\/span><\/td>\n<td width=\"10%\"><span class=\"destaque\">GUARAPUAVA<\/span><\/td>\n<td width=\"10%\"><span class=\"destaque\">10\/04\/2023<\/span><\/td>\n<td width=\"10%\"><span class=\"destaque\">10\/05\/2023<\/span><\/td>\n<td align=\"center\" width=\"3%\"><span class=\"destaque\">N<\/span><\/td>\n<\/tr>\n<tr>\n<td width=\"4%\"><span class=\"destaque\">155064<\/span><\/td>\n<td width=\"5%\"><span class=\"destaque\">Superior<\/span><\/td>\n<td class=\"tabela\" width=\"25%\"><a class=\"tabela\" href=\"https:\/\/www4.pr.gov.br\/gee\/jsp\/frm_cons_detalhe_vaga.jsp?codoferta=155064\">PEDAGOGIA(Licenciatura)<\/a><\/td>\n<td width=\"8%\"><span class=\"destaque\">UNICENTRO<\/span><\/td>\n<td width=\"25%\"><span class=\"destaque\">DIRDES &#8211; Campus Cedeteg<\/span><\/td>\n<td width=\"10%\"><span class=\"destaque\">GUARAPUAVA<\/span><\/td>\n<td width=\"10%\"><span class=\"destaque\">10\/04\/2023<\/span><\/td>\n<td width=\"10%\"><span class=\"destaque\">10\/05\/2023<\/span><\/td>\n<td align=\"center\" width=\"3%\"><span class=\"destaque\">N<\/span><\/td>\n<\/tr>\n<tr>\n<td width=\"4%\"><span class=\"destaque\">154783<\/span><\/td>\n<td width=\"5%\"><span class=\"destaque\">Superior<\/span><\/td>\n<td class=\"tabela\" width=\"25%\"><a class=\"tabela\" href=\"https:\/\/www4.pr.gov.br\/gee\/jsp\/frm_cons_detalhe_vaga.jsp?codoferta=154783\">SECRETARIADO EXECUTIVO<\/a><\/td>\n<td width=\"8%\"><span class=\"destaque\">UNICENTRO<\/span><\/td>\n<td width=\"25%\"><span class=\"destaque\">DIRDES-UNICENTRO<\/span><\/td>\n<td width=\"10%\"><span class=\"destaque\">GUARAPUAVA<\/span><\/td>\n<td width=\"10%\"><span class=\"destaque\">27\/03\/2023<\/span><\/td>\n<td width=\"10%\"><span class=\"destaque\">26\/04\/2023<\/span><\/td>\n<td align=\"center\" width=\"3%\"><span class=\"destaque\">N<\/span><\/td>\n<\/tr>\n<tr>\n<td width=\"4%\"><span class=\"destaque\">153831<\/span><\/td>\n<td width=\"5%\"><span class=\"destaque\">Superior<\/span><\/td>\n<td class=\"tabela\" width=\"25%\"><a class=\"tabela\" href=\"https:\/\/www4.pr.gov.br\/gee\/jsp\/frm_cons_detalhe_vaga.jsp?codoferta=153831\">SECRETARIADO EXECUTIVO<\/a><\/td>\n<td width=\"8%\"><span class=\"destaque\">UNICENTRO<\/span><\/td>\n<td width=\"25%\"><span class=\"destaque\">DIRDES-UNICENTRO<\/span><\/td>\n<td width=\"10%\"><span class=\"destaque\">GUARAPUAVA<\/span><\/td>\n<td width=\"10%\"><span class=\"destaque\">22\/03\/2023<\/span><\/td>\n<td width=\"10%\"><span class=\"destaque\">20\/04\/2023<\/span><\/td>\n<td align=\"center\" width=\"3%\"><span class=\"destaque\">N<\/span><\/td>\n<\/tr>\n<tr>\n<td width=\"4%\"><span class=\"destaque\">154837<\/span><\/td>\n<td width=\"5%\"><span class=\"destaque\">Superior<\/span><\/td>\n<td class=\"tabela\" width=\"25%\"><a class=\"tabela\" href=\"https:\/\/www4.pr.gov.br\/gee\/jsp\/frm_cons_detalhe_vaga.jsp?codoferta=154837\">TURISMO<\/a><\/td>\n<td width=\"8%\"><span class=\"destaque\">UNICENTRO<\/span><\/td>\n<td width=\"25%\"><span class=\"destaque\">DIRDES &#8211; Campus Irati<\/span><\/td>\n<td width=\"10%\"><span class=\"destaque\">IRATI<\/span><\/td>\n<td width=\"10%\"><span class=\"destaque\">28\/03\/2023<\/span><\/td>\n<td width=\"10%\"><span class=\"destaque\">27\/04\/2023<\/span><\/td>\n<td align=\"center\" width=\"3%\"><span class=\"destaque\">N<\/span><\/td>\n<\/tr>\n<\/tbody>\n<\/table>\n<p>&nbsp;<\/p>\n","protected":false},"excerpt":{"rendered":"<p>VAGAS ABERTAS EST\u00c1GIO UNICENTRO Para se inscrever em qualquer uma das vagas, acesse e fa\u00e7a seu cadastro: https:\/\/www4.pr.gov.br\/gee\/jsp\/frm_busca_vagas.jsp?ord=curso&amp;NivelEnsino=&amp;CodCategoria=&amp;CodCurso=&amp;CodOrgao=84&amp;CodCidade=&amp;Portador VAGAS DISPON\u00cdVEIS C\u00f3d Oferta N\u00edvel Curso \u00d3rg\u00e3o UT Cidade Data in\u00edcio Data fim Com defici\u00eancia 154643 Superior ADMINISTRA\u00c7\u00c3O UNICENTRO DIRDES-UNICENTRO GUARAPUAVA 21\/03\/2023 20\/04\/2023 N 154944 Superior ADMINISTRA\u00c7\u00c3O UNICENTRO DIRDES &#8211; Campus Irati IRATI 31\/03\/2023 30\/04\/2023 N 155066 [&hellip;]<\/p>\n","protected":false},"author":3,"featured_media":0,"parent":0,"menu_order":0,"comment_status":"closed","ping_status":"closed","template":"","meta":{"_exactmetrics_skip_tracking":false,"_exactmetrics_sitenote_active":false,"_exactmetrics_sitenote_note":"","_exactmetrics_sitenote_category":0,"footnotes":"","_links_to":"","_links_to_target":""},"class_list":["post-268","page","type-page","status-publish","hentry"],"_links":{"self":[{"href":"https:\/\/www3.unicentro.br\/empregabilidade\/wp-json\/wp\/v2\/pages\/268","targetHints":{"allow":["GET"]}}],"collection":[{"href":"https:\/\/www3.unicentro.br\/empregabilidade\/wp-json\/wp\/v2\/pages"}],"about":[{"href":"https:\/\/www3.unicentro.br\/empregabilidade\/wp-json\/wp\/v2\/types\/page"}],"author":[{"embeddable":true,"href":"https:\/\/www3.unicentro.br\/empregabilidade\/wp-json\/wp\/v2\/users\/3"}],"replies":[{"embeddable":true,"href":"https:\/\/www3.unicentro.br\/empregabilidade\/wp-json\/wp\/v2\/comments?post=268"}],"version-history":[{"count":0,"href":"https:\/\/www3.unicentro.br\/empregabilidade\/wp-json\/wp\/v2\/pages\/268\/revisions"}],"wp:attachment":[{"href":"https:\/\/www3.unicentro.br\/empregabilidade\/wp-json\/wp\/v2\/media?parent=268"}],"curies":[{"name":"wp","href":"https:\/\/api.w.org\/{rel}","templated":true}]}}