{"id":562,"date":"2024-09-03T17:23:12","date_gmt":"2024-09-03T20:23:12","guid":{"rendered":"https:\/\/www3.unicentro.br\/edunicentro\/?page_id=562"},"modified":"2025-12-10T13:48:43","modified_gmt":"2025-12-10T16:48:43","slug":"editora-apresenta","status":"publish","type":"page","link":"https:\/\/www3.unicentro.br\/edunicentro\/projetos\/editora-apresenta\/","title":{"rendered":"Editora Apresenta"},"content":{"rendered":"<div class=\"wpb-content-wrapper\"><p>[vc_row][vc_column][vc_column_text css=&#8221;&#8221;]Para ficarmos ainda mais pr\u00f3ximos dos nossos leitores, criamos o projeto Editora Apresenta! Nele, por meio de v\u00eddeos em nosso instagram @editoraunicentro, os autores contam um pouco mais sobre suas obras.[\/vc_column_text][\/vc_column][\/vc_row][vc_row][vc_column width=&#8221;1\/4&#8243;][vc_single_image image=&#8221;607&#8243; img_size=&#8221;Medium&#8221; alignment=&#8221;center&#8221; onclick=&#8221;custom_link&#8221; img_link_target=&#8221;_blank&#8221; css=&#8221;&#8221; link=&#8221;https:\/\/www.instagram.com\/reel\/C_Q_Tp1RRqZ\/&#8221;][\/vc_column][vc_column width=&#8221;3\/4&#8243;][vc_column_text css=&#8221;&#8221;]<\/p>\n<p style=\"text-align: left\"><strong><span style=\"font-size: 18pt\">Neoliberalismo Digital: Big Tech e o futuro da internet<\/span><\/strong><br \/>\n<strong>Luiz Alexandre Pinheiro Kosteczka<\/strong><\/p>\n<p style=\"text-align: left\"><strong><br \/>\n<\/strong>O historiador Alexandre Kosteczka compartilha um pouco sobre a cria\u00e7\u00e3o do livro \u201cNeoliberalismo Digital: Big Tech e o Futuro da Internet\u201d, em que ele aborda o fen\u00f4meno de transforma\u00e7\u00e3o desta grande rede, em especial Google e o Facebook, considerando o neoliberalismo digital como um conjunto de fen\u00f4menos culturais, sociais, econ\u00f4micos e pol\u00edticos da atualidade.<\/p>\n<p style=\"text-align: left\"><strong><a href=\"https:\/\/www.instagram.com\/reel\/C_Q_Tp1RRqZ\/\">Confira no Instagram<\/a><\/strong><\/p>\n<p>[\/vc_column_text][\/vc_column][\/vc_row][vc_row][vc_column width=&#8221;3\/4&#8243;][vc_column_text css=&#8221;&#8221;]<\/p>\n<p style=\"text-align: right\"><strong><span style=\"font-size: 18pt\">Cat\u00e1logo de fontes para a Hist\u00f3ria do Paran\u00e1 provincial: 1853-1889, vol. 2, Castro \u2013 PR\u00a0<\/span><\/strong><br \/>\n<strong>M\u00e9ri Frotscher, M\u00e1rcia Eliza Dor\u00e9 (Org.)<\/strong><\/p>\n<p style=\"text-align: right\">Neste v\u00eddeo, a professora M\u00e9ri Frotscher, fala um pouco sobre o livro: &#8220;Cat\u00e1logo de fontes para a Hist\u00f3ria do Paran\u00e1 provincial: 1853-1889, vol. 2, Castro \u2013 PR&#8221;. O segundo volume da cole\u00e7\u00e3o &#8220;Fontes para a Hist\u00f3ria&#8221;, dedicado ao munic\u00edpio de Castro, oferece uma rica compila\u00e7\u00e3o de documentos hist\u00f3ricos do per\u00edodo provincial (1853-1889), incluindo c\u00f3digos de posturas, atas legislativas, correspond\u00eancias e processos criminais do Poder Judici\u00e1rio.<\/p>\n<p style=\"text-align: right\"><strong><a href=\"https:\/\/www.instagram.com\/reel\/C74CdsegxuT\/\">Confira no Instagram<\/a><\/strong><\/p>\n<p>[\/vc_column_text][\/vc_column][vc_column width=&#8221;1\/4&#8243;][vc_single_image image=&#8221;605&#8243; img_size=&#8221;Medium&#8221; alignment=&#8221;center&#8221; onclick=&#8221;custom_link&#8221; img_link_target=&#8221;_blank&#8221; css=&#8221;&#8221; link=&#8221;https:\/\/www.instagram.com\/reel\/C74CdsegxuT\/&#8221;][\/vc_column][\/vc_row][vc_row][vc_column width=&#8221;1\/4&#8243;][vc_single_image image=&#8221;603&#8243; img_size=&#8221;Medium&#8221; alignment=&#8221;center&#8221; onclick=&#8221;custom_link&#8221; img_link_target=&#8221;_blank&#8221; css=&#8221;&#8221; link=&#8221;https:\/\/www.instagram.com\/reel\/C66QgIkg9xx\/&#8221;][\/vc_column][vc_column width=&#8221;3\/4&#8243;][vc_column_text css=&#8221;&#8221;]<\/p>\n<p style=\"text-align: left\"><strong><span style=\"font-size: 18pt\">As ast\u00facias do liberto: a trajet\u00f3ria de Belmiro Sebasti\u00e3o de Miranda<\/span><\/strong><br \/>\n<strong>Matheus Sibioni Berti Bastos<\/strong><\/p>\n<p style=\"text-align: left\"><strong><br \/>\n<\/strong>Neste v\u00eddeo, Matheus Sibioni B. Bastos compartilha um pouco sobre a cria\u00e7\u00e3o do livro e a trajet\u00f3ria de Belmiro de Miranda. N\u00e3o perca a chance de conhecer mais sobre sobre esse importante cap\u00edtulo de Guarapuava.<\/p>\n<p style=\"text-align: left\"><strong><a href=\"https:\/\/www.instagram.com\/reel\/C66QgIkg9xx\/\">Confira no Instagram<\/a><\/strong><\/p>\n<p>[\/vc_column_text][\/vc_column][\/vc_row][vc_row][vc_column width=&#8221;3\/4&#8243;][vc_column_text css=&#8221;&#8221;]<\/p>\n<p style=\"text-align: right\"><strong><span style=\"font-size: 18pt\">Linguagem, Cl\u00ednica e Sujeito (Des)encontros (Im)poss\u00edveis<\/span><\/strong><br \/>\n<strong>Juliana Ferreira Marcolino-Galli, Michelly Daiane de Souza Gaspar Cordeiro (Org.)<\/strong><\/p>\n<p style=\"text-align: right\">A proposta deste livro \u00e9 uma iniciativa do Laborat\u00f3rio de Estudos da Linguagem (Lalingua), vinculado ao Departamento de Fonoaudiologia da Universidade Estadual do Centro-Oeste (UNICENTRO), Campus Irati, Paran\u00e1.Neste grupo de pesquisa, as quest\u00f5es cl\u00ednicas e te\u00f3ricas sobre os caminhos e descaminhos do falante na linguagem s\u00e3o enfrentados a partir de um ponto de vista lingu\u00edstico-discursivo. Nisso, reside um olhar que se afasta de hip\u00f3teses cognitivas e comportamentais que conduzem as pr\u00e1ticas adaptativas e\/ou tradicionais na fonoaudiologia.<\/p>\n<p style=\"text-align: right\"><strong><a href=\"https:\/\/www.instagram.com\/reel\/C5V_ZJnAjZr\/\">Confira no Instagram<\/a><\/strong><\/p>\n<p>[\/vc_column_text][\/vc_column][vc_column width=&#8221;1\/4&#8243;][vc_single_image image=&#8221;940&#8243; img_size=&#8221;medium&#8221; alignment=&#8221;center&#8221; onclick=&#8221;custom_link&#8221; img_link_target=&#8221;_blank&#8221; css=&#8221;&#8221; link=&#8221;https:\/\/www.instagram.com\/reel\/C5V_ZJnAjZr\/&#8221;][\/vc_column][\/vc_row][vc_row][vc_column width=&#8221;1\/4&#8243;][vc_single_image image=&#8221;598&#8243; img_size=&#8221;Medium&#8221; alignment=&#8221;center&#8221; onclick=&#8221;custom_link&#8221; img_link_target=&#8221;_blank&#8221; css=&#8221;&#8221; link=&#8221;https:\/\/www.instagram.com\/reel\/C5V_ZJnAjZr\/&#8221;][\/vc_column][vc_column width=&#8221;3\/4&#8243;][vc_column_text css=&#8221;&#8221;]<\/p>\n<p style=\"text-align: left\"><strong><span style=\"font-size: 18pt\">Contra o sil\u00eancio: a talidomida nas p\u00e1ginas do Correio Paulistano, 1962<\/span><\/strong><br \/>\n<strong>Jos\u00e9 Augusto Leandro<\/strong><\/p>\n<p style=\"text-align: left\"><strong><br \/>\n<\/strong>O livro aborda o desastre da talidomida no Brasil a partir de 15 reportagens feitas pelo jornalista Jos\u00e9 Antonio de Oliveira Laet para o Correio Paulistano no ano de 1962. O jornalismo, por sua vez, ganha destaque como importante mediador no debate p\u00fablico sobre a ci\u00eancia e os aspectos relacionados a produ\u00e7\u00e3o, distribui\u00e7\u00e3o e consumo de medicamentos.<\/p>\n<p style=\"text-align: left\"><strong><a href=\"https:\/\/www.instagram.com\/reel\/C5V_ZJnAjZr\/\">Confira no Instagram<\/a><\/strong><\/p>\n<p>[\/vc_column_text][\/vc_column][\/vc_row][vc_row][vc_column width=&#8221;3\/4&#8243;][vc_column_text css=&#8221;&#8221;]<\/p>\n<p style=\"text-align: right\"><strong><span style=\"font-size: 18pt\">O Governo da l\u00edngua<\/span><\/strong><br \/>\n<strong>Fl\u00e1via Marinho Lisb\u00f4a,\u00a0 Iv\u00e2nia dos Santos Neves, Maria do Ros\u00e1rio Gregolin. (Org.)<\/strong><\/p>\n<p style=\"text-align: right\">Organizado por Fl\u00e1via Marinho Lisb\u00f4a, Iv\u00e2nia dos Santos Neves e Maria do Ros\u00e1rio Gregolin, o livro discute quest\u00f5es caras sobre a complexa hist\u00f3ria da l\u00edngua portuguesa no Brasil, tratando das din\u00e2micas que envolvem a l\u00edngua enquanto lugar de poder. Essa \u00e9 uma leitura enriquecedora para compreender a profunda interconex\u00e3o entre a cultura e as pol\u00edticas lingu\u00edsticas no Brasil.<\/p>\n<p style=\"text-align: right\"><strong><a href=\"https:\/\/www.instagram.com\/reel\/CxGmoJtgwb7\/\">Confira no Instagram<\/a><\/strong><\/p>\n<p>[\/vc_column_text][\/vc_column][vc_column width=&#8221;1\/4&#8243;][vc_single_image image=&#8221;594&#8243; img_size=&#8221;Medium&#8221; alignment=&#8221;center&#8221; onclick=&#8221;custom_link&#8221; img_link_target=&#8221;_blank&#8221; css=&#8221;&#8221; link=&#8221;https:\/\/www.instagram.com\/reel\/CxGmoJtgwb7\/&#8221;][\/vc_column][\/vc_row][vc_row][vc_column width=&#8221;1\/4&#8243;][vc_single_image image=&#8221;590&#8243; img_size=&#8221;Medium&#8221; alignment=&#8221;center&#8221; onclick=&#8221;custom_link&#8221; img_link_target=&#8221;_blank&#8221; css=&#8221;&#8221; link=&#8221;https:\/\/www.instagram.com\/reel\/CwS_1vCgU6B\/&#8221;][\/vc_column][vc_column width=&#8221;3\/4&#8243;][vc_column_text css=&#8221;&#8221;]<\/p>\n<p style=\"text-align: left\"><strong><span style=\"font-size: 18pt\">A Hermafrodita<\/span><\/strong><br \/>\n<strong>Nilton Milanez<\/strong><\/p>\n<p style=\"text-align: left\"><strong><br \/>\n<\/strong>Da primeira tradu\u00e7\u00e3o brasileira de &#8216;L\u2019hermaphrodite&#8217;, romance baseado no di\u00e1rio de Herculine Barbin, uma pessoa intersexo, as reflex\u00f5es apresentadas em &#8216;Brigitte Lambert: o di\u00e1rio de uma mulher trans intersexo&#8217; s\u00e3o subsidiadas pela teoria foucaultiana e exploram as interse\u00e7\u00f5es entre literatura e realidade.<br \/>\nEssa obra te convida a repensar as complexidades da condi\u00e7\u00e3o humana ontem e hoje.<\/p>\n<p style=\"text-align: left\"><strong><a href=\"https:\/\/www.instagram.com\/reel\/CwS_1vCgU6B\/\">Confira no Instagram<\/a><\/strong><\/p>\n<p>[\/vc_column_text][\/vc_column][\/vc_row][vc_row][vc_column width=&#8221;3\/4&#8243;][vc_column_text css=&#8221;&#8221;]<\/p>\n<p style=\"text-align: right\"><strong><span style=\"font-size: 18pt\">A M\u00e1scara do Homem <\/span><\/strong><strong><span style=\"font-size: 18pt\">e <\/span><\/strong><strong><span style=\"font-size: 18pt\">a Face do Morcego<\/span><\/strong><br \/>\n<strong>Rodolfo Grande Neto<\/strong><\/p>\n<p style=\"text-align: right\">Descubra a verdade por tr\u00e1s da m\u00e1scara! \u00a0Nossa recomenda\u00e7\u00e3o para hoje \u00e9 o livro &#8216;A M\u00e1scara do Homem e a Face do Morcego: Um Manifesto Pol\u00edtico em Cavaleiro das Trevas&#8217; de Rodolfo Grande Neto, publicado pela Editora Unicentro. Prepare-se para mergulhar em uma an\u00e1lise provocadora sobre a obra-prima dos quadrinhos! Esteja pronto para questionar as estruturas sociais e desvendar os mist\u00e9rios que envolvem Batman.<\/p>\n<p style=\"text-align: right\"><strong><a href=\"https:\/\/www.instagram.com\/reel\/CuXSqdnAj92\/\">Confira no Instagram<\/a><\/strong><\/p>\n<p>[\/vc_column_text][\/vc_column][vc_column width=&#8221;1\/4&#8243;][vc_single_image image=&#8221;586&#8243; img_size=&#8221;Medium&#8221; alignment=&#8221;center&#8221; onclick=&#8221;custom_link&#8221; img_link_target=&#8221;_blank&#8221; css=&#8221;&#8221; link=&#8221;https:\/\/www.instagram.com\/reel\/CuXSqdnAj92\/&#8221;][\/vc_column][\/vc_row][vc_row][vc_column width=&#8221;1\/4&#8243;][vc_single_image image=&#8221;569&#8243; img_size=&#8221;Medium&#8221; alignment=&#8221;center&#8221; onclick=&#8221;custom_link&#8221; img_link_target=&#8221;_blank&#8221; css=&#8221;&#8221; link=&#8221;https:\/\/www.instagram.com\/reel\/CgNPaRzJtkY\/&#8221;][\/vc_column][vc_column width=&#8221;3\/4&#8243;][vc_column_text css=&#8221;&#8221;]<\/p>\n<p style=\"text-align: left\"><strong><span style=\"font-size: 18pt\">Antes Que Tudo Acabe<\/span><\/strong><br \/>\n<strong>Milan Puh<\/strong><\/p>\n<p style=\"text-align: left\"><strong><br \/>\n<\/strong>Antes que tudo acabe \u00e9 uma obra escrita por Milan Puh e publicada pela editora Unicentro em parceria com a editora UFPR no ano de 2021. A obra defende que as diferentes defini\u00e7\u00f5es de crise ou os muitos modos como seus desenvolvimentos s\u00e3o interpretados s\u00e3o resultados de constru\u00e7\u00f5es e reconstru\u00e7\u00f5es realizadas tanto pelas esferas midi\u00e1ticas quanto pelas esferas pol\u00edticas.<strong><br \/>\n<\/strong><\/p>\n<p style=\"text-align: left\"><strong><a href=\"https:\/\/www.instagram.com\/reel\/CgNPaRzJtkY\/\">Confira no Instagram<\/a><\/strong><\/p>\n<p>[\/vc_column_text][\/vc_column][\/vc_row]<\/p>\n<\/div>","protected":false},"excerpt":{"rendered":"<p>[vc_row][vc_column][vc_column_text css=&#8221;&#8221;]Para ficarmos ainda mais pr\u00f3ximos dos nossos leitores, criamos o projeto Editora Apresenta! Nele, por meio de v\u00eddeos em nosso instagram @editoraunicentro, os autores contam um pouco mais sobre suas obras.[\/vc_column_text][\/vc_column][\/vc_row][vc_row][vc_column width=&#8221;1\/4&#8243;][vc_single_image image=&#8221;607&#8243; img_size=&#8221;Medium&#8221; alignment=&#8221;center&#8221; onclick=&#8221;custom_link&#8221; img_link_target=&#8221;_blank&#8221; css=&#8221;&#8221; link=&#8221;https:\/\/www.instagram.com\/reel\/C_Q_Tp1RRqZ\/&#8221;][\/vc_column][vc_column width=&#8221;3\/4&#8243;][vc_column_text css=&#8221;&#8221;] Neoliberalismo Digital: Big Tech e o futuro da internet Luiz Alexandre Pinheiro Kosteczka [&hellip;]<\/p>\n","protected":false},"author":732,"featured_media":0,"parent":116,"menu_order":0,"comment_status":"closed","ping_status":"closed","template":"","meta":{"_exactmetrics_skip_tracking":false,"_exactmetrics_sitenote_active":false,"_exactmetrics_sitenote_note":"","_exactmetrics_sitenote_category":0,"footnotes":"","_links_to":"","_links_to_target":""},"class_list":["post-562","page","type-page","status-publish","hentry"],"_links":{"self":[{"href":"https:\/\/www3.unicentro.br\/edunicentro\/wp-json\/wp\/v2\/pages\/562","targetHints":{"allow":["GET"]}}],"collection":[{"href":"https:\/\/www3.unicentro.br\/edunicentro\/wp-json\/wp\/v2\/pages"}],"about":[{"href":"https:\/\/www3.unicentro.br\/edunicentro\/wp-json\/wp\/v2\/types\/page"}],"author":[{"embeddable":true,"href":"https:\/\/www3.unicentro.br\/edunicentro\/wp-json\/wp\/v2\/users\/732"}],"replies":[{"embeddable":true,"href":"https:\/\/www3.unicentro.br\/edunicentro\/wp-json\/wp\/v2\/comments?post=562"}],"version-history":[{"count":2,"href":"https:\/\/www3.unicentro.br\/edunicentro\/wp-json\/wp\/v2\/pages\/562\/revisions"}],"predecessor-version":[{"id":938,"href":"https:\/\/www3.unicentro.br\/edunicentro\/wp-json\/wp\/v2\/pages\/562\/revisions\/938"}],"up":[{"embeddable":true,"href":"https:\/\/www3.unicentro.br\/edunicentro\/wp-json\/wp\/v2\/pages\/116"}],"wp:attachment":[{"href":"https:\/\/www3.unicentro.br\/edunicentro\/wp-json\/wp\/v2\/media?parent=562"}],"curies":[{"name":"wp","href":"https:\/\/api.w.org\/{rel}","templated":true}]}}