{"id":23,"date":"2020-06-25T17:43:00","date_gmt":"2020-06-25T20:43:00","guid":{"rendered":"https:\/\/www3.unicentro.br\/edunicentro\/?page_id=23"},"modified":"2026-04-06T09:41:37","modified_gmt":"2026-04-06T12:41:37","slug":"politicas-de-publicacao","status":"publish","type":"page","link":"https:\/\/www3.unicentro.br\/edunicentro\/politicas-de-publicacao\/","title":{"rendered":"Pol\u00edticas de Publica\u00e7\u00e3o"},"content":{"rendered":"<div class=\"wpb-content-wrapper\"><p>[vc_row][vc_column][vc_tta_accordion style=&#8221;flat&#8221; shape=&#8221;square&#8221; spacing=&#8221;2&#8243; active_section=&#8221;100&#8243; no_fill=&#8221;true&#8221; collapsible_all=&#8221;true&#8221;][vc_tta_section title=&#8221;Regulamento de publica\u00e7\u00f5es&#8221; tab_id=&#8221;1617216534633-9262fb8e-7305&#8243;][vc_row_inner][vc_column_inner width=&#8221;1\/4&#8243;][vc_icon icon_fontawesome=&#8221;fa fa-solid fa-file-pdf&#8221; color=&#8221;juicy_pink&#8221; align=&#8221;center&#8221; css=&#8221;&#8221; link=&#8221;url:https%3A%2F%2Fdrive.google.com%2Ffile%2Fd%2F1zAiJWyU-rYwN9_r0e0JYgj9xj41YznTu%2Fview%3Fusp%3Dsharing|target:_blank&#8221;][\/vc_column_inner][vc_column_inner width=&#8221;3\/4&#8243;][vc_column_text]<span style=\"font-weight: 400\">Este Regulamento se constitui em instrumento da pol\u00edtica editorial da Editora Unicentro (Eduni) e objetiva disciplinar a forma de encaminhamento de materiais para publica\u00e7\u00e3o.<\/span>[\/vc_column_text][\/vc_column_inner][\/vc_row_inner][\/vc_tta_section][vc_tta_section title=&#8221;Guia do autor&#8221; tab_id=&#8221;1617216534652-786b0723-ee99&#8243;][vc_row_inner][vc_column_inner width=&#8221;1\/4&#8243;][vc_icon icon_fontawesome=&#8221;fa fa-solid fa-file-pdf&#8221; color=&#8221;juicy_pink&#8221; align=&#8221;center&#8221; css=&#8221;&#8221; link=&#8221;url:https%3A%2F%2Fdrive.google.com%2Ffile%2Fd%2F1zTuEskOZzM3lA8yGKzbNg5l6ARU-bNg_%2Fview%3Fusp%3Ddrive_link&#8221;][\/vc_column_inner][vc_column_inner width=&#8221;3\/4&#8243;][vc_column_text]<span style=\"font-weight: 400\">S\u00e3o encontradas aqui orienta\u00e7\u00f5es importantes para elabora\u00e7\u00e3o e submiss\u00e3o de trabalhos que visam \u00e0 publica\u00e7\u00e3o na Editora Unicentro &#8211; Eduni. S\u00e3o esclarecimentos acerca das normas e etapas do processo de an\u00e1lise do material, \u00e0 luz do que orienta a Biblioteca Nacional, a Capes e os demais \u00f3rg\u00e3os normatizadores das publica\u00e7\u00f5es acad\u00eamicas, notadamente com rela\u00e7\u00e3o \u00e0 pontua\u00e7\u00e3o de livros e editoras.<\/span>[\/vc_column_text][\/vc_column_inner][\/vc_row_inner][\/vc_tta_section][vc_tta_section title=&#8221;Formul\u00e1rio de submiss\u00e3o&#8221; tab_id=&#8221;1617216750676-9b4f2948-40b0&#8243;][vc_row_inner][vc_column_inner width=&#8221;1\/4&#8243;][vc_icon icon_fontawesome=&#8221;fas fa-file-pdf&#8221; color=&#8221;juicy_pink&#8221; align=&#8221;center&#8221; link=&#8221;url:https%3A%2F%2Fwww3.unicentro.br%2Fedunicentro%2Fwp-content%2Fuploads%2Fsites%2F94%2F2021%2F11%2FFormul_rios_de_submiss_o_617c2ef9d9de3.pdf&#8221;][\/vc_column_inner][vc_column_inner width=&#8221;3\/4&#8243;][vc_column_text]<span style=\"font-weight: 400\">Dados que precisam ser preenchidos para submeter o livro<\/span>[\/vc_column_text][\/vc_column_inner][\/vc_row_inner][\/vc_tta_section][\/vc_tta_accordion][\/vc_column][\/vc_row]<\/p>\n<\/div>","protected":false},"excerpt":{"rendered":"<p>[vc_row][vc_column][vc_tta_accordion style=&#8221;flat&#8221; shape=&#8221;square&#8221; spacing=&#8221;2&#8243; active_section=&#8221;100&#8243; no_fill=&#8221;true&#8221; collapsible_all=&#8221;true&#8221;][vc_tta_section title=&#8221;Regulamento de publica\u00e7\u00f5es&#8221; tab_id=&#8221;1617216534633-9262fb8e-7305&#8243;][vc_row_inner][vc_column_inner width=&#8221;1\/4&#8243;][vc_icon icon_fontawesome=&#8221;fa fa-solid fa-file-pdf&#8221; color=&#8221;juicy_pink&#8221; align=&#8221;center&#8221; css=&#8221;&#8221; link=&#8221;url:https%3A%2F%2Fdrive.google.com%2Ffile%2Fd%2F1zAiJWyU-rYwN9_r0e0JYgj9xj41YznTu%2Fview%3Fusp%3Dsharing|target:_blank&#8221;][\/vc_column_inner][vc_column_inner width=&#8221;3\/4&#8243;][vc_column_text]Este Regulamento se constitui em instrumento da pol\u00edtica editorial da Editora Unicentro (Eduni) e objetiva disciplinar a forma de encaminhamento de materiais para publica\u00e7\u00e3o.[\/vc_column_text][\/vc_column_inner][\/vc_row_inner][\/vc_tta_section][vc_tta_section title=&#8221;Guia do autor&#8221; tab_id=&#8221;1617216534652-786b0723-ee99&#8243;][vc_row_inner][vc_column_inner width=&#8221;1\/4&#8243;][vc_icon icon_fontawesome=&#8221;fa fa-solid fa-file-pdf&#8221; color=&#8221;juicy_pink&#8221; align=&#8221;center&#8221; css=&#8221;&#8221; link=&#8221;url:https%3A%2F%2Fdrive.google.com%2Ffile%2Fd%2F1zTuEskOZzM3lA8yGKzbNg5l6ARU-bNg_%2Fview%3Fusp%3Ddrive_link&#8221;][\/vc_column_inner][vc_column_inner [&hellip;]<\/p>\n","protected":false},"author":3,"featured_media":0,"parent":0,"menu_order":0,"comment_status":"closed","ping_status":"closed","template":"","meta":{"_exactmetrics_skip_tracking":false,"_exactmetrics_sitenote_active":false,"_exactmetrics_sitenote_note":"","_exactmetrics_sitenote_category":0,"footnotes":"","_links_to":"","_links_to_target":""},"class_list":["post-23","page","type-page","status-publish","hentry"],"_links":{"self":[{"href":"https:\/\/www3.unicentro.br\/edunicentro\/wp-json\/wp\/v2\/pages\/23","targetHints":{"allow":["GET"]}}],"collection":[{"href":"https:\/\/www3.unicentro.br\/edunicentro\/wp-json\/wp\/v2\/pages"}],"about":[{"href":"https:\/\/www3.unicentro.br\/edunicentro\/wp-json\/wp\/v2\/types\/page"}],"author":[{"embeddable":true,"href":"https:\/\/www3.unicentro.br\/edunicentro\/wp-json\/wp\/v2\/users\/3"}],"replies":[{"embeddable":true,"href":"https:\/\/www3.unicentro.br\/edunicentro\/wp-json\/wp\/v2\/comments?post=23"}],"version-history":[{"count":4,"href":"https:\/\/www3.unicentro.br\/edunicentro\/wp-json\/wp\/v2\/pages\/23\/revisions"}],"predecessor-version":[{"id":996,"href":"https:\/\/www3.unicentro.br\/edunicentro\/wp-json\/wp\/v2\/pages\/23\/revisions\/996"}],"wp:attachment":[{"href":"https:\/\/www3.unicentro.br\/edunicentro\/wp-json\/wp\/v2\/media?parent=23"}],"curies":[{"name":"wp","href":"https:\/\/api.w.org\/{rel}","templated":true}]}}