{"id":20,"date":"2020-06-25T17:40:19","date_gmt":"2020-06-25T20:40:19","guid":{"rendered":"https:\/\/www3.unicentro.br\/edunicentro\/?page_id=20"},"modified":"2025-11-03T10:12:22","modified_gmt":"2025-11-03T13:12:22","slug":"conselho-editorial","status":"publish","type":"page","link":"https:\/\/www3.unicentro.br\/edunicentro\/sobre\/conselho-editorial\/","title":{"rendered":"Conselho Editorial"},"content":{"rendered":"<div class=\"wpb-content-wrapper\"><p>[vc_row][vc_column][vc_column_text css=&#8221;&#8221;]<\/p>\r\n<p style=\"text-align: justify\"><span style=\"font-weight: 400\">O Conselho Editorial da Eduni \u2013 \u00f3rg\u00e3o consultivo e deliberativo, constitu\u00eddo por representantes da comunidade acad\u00eamica \u2013 orienta-se de acordo com o regulamento de publica\u00e7\u00e3o da Editora \u2013 dispon\u00edvel <\/span><strong><a href=\"https:\/\/www3.unicentro.br\/editora\/politicas-de-publicacao\/\">Clicando aqui<\/a><\/strong> <span style=\"font-weight: 400\">\u2013 e delibera no sentido de garantir a difus\u00e3o de obras de relev\u00e2ncia social, acad\u00eamica e condizentes com as linhas de publica\u00e7\u00e3o da editora.<\/span><\/p>\r\n<p><span style=\"font-weight: 400\">Os membros participantes do Conselho Editorial s\u00e3o:<\/span><\/p>\r\n<ul>\r\n<li>Ant\u00f4nio Jo\u00e3o Hocayen da Silva<\/li>\r\n<li>Beatriz Anselmo Olinto<\/li>\r\n<li>Bruno S\u00e9rgio Portela<\/li>\r\n<li>Carlos Alberto Kuhl<\/li>\r\n<li>Carlos Eduardo Fran\u00e7a de Oliveira<\/li>\r\n<li>Cesar Renato Ferreira da Costa<\/li>\r\n<li>Eliane Cristina Pereira<\/li>\r\n<li>Gilmar Evandro Szczepanik<\/li>\r\n<li>J\u00f3 Klanovicz<\/li>\r\n<li>K\u00e1tia Cylene Lombardi<\/li>\r\n<li>Loremi Loregian Penkal<\/li>\r\n<li>Luc\u00e9lia de Souza<\/li>\r\n<li>Luiz Gilberto Bertotti<\/li>\r\n<li>Marcos Antonio Quin\u00e1ia<\/li>\r\n<li>Marcos Roberto Kuhl<\/li>\r\n<li>Maria Cleci Venturini<\/li>\r\n<li>Paulo Roberto da Silva<\/li>\r\n<li>Paulo Rodrigo Andrade Haiduke<\/li>\r\n<li>Karina Worm Beckmann<\/li>\r\n<\/ul>\r\n<p>\u00a0<\/p>\r\n<p>[\/vc_column_text][\/vc_column][\/vc_row]<\/p><\/div>","protected":false},"excerpt":{"rendered":"<p>[vc_row][vc_column][vc_column_text css=&#8221;&#8221;] O Conselho Editorial da Eduni \u2013 \u00f3rg\u00e3o consultivo e deliberativo, constitu\u00eddo por representantes da comunidade acad\u00eamica \u2013 orienta-se de acordo com o regulamento de publica\u00e7\u00e3o da Editora \u2013 dispon\u00edvel Clicando aqui \u2013 e delibera no sentido de garantir a difus\u00e3o de obras de relev\u00e2ncia social, acad\u00eamica e condizentes com as linhas de publica\u00e7\u00e3o [&hellip;]<\/p>\n","protected":false},"author":3,"featured_media":0,"parent":18,"menu_order":0,"comment_status":"closed","ping_status":"closed","template":"","meta":{"_exactmetrics_skip_tracking":false,"_exactmetrics_sitenote_active":false,"_exactmetrics_sitenote_note":"","_exactmetrics_sitenote_category":0,"footnotes":"","_links_to":"","_links_to_target":""},"class_list":["post-20","page","type-page","status-publish","hentry"],"_links":{"self":[{"href":"https:\/\/www3.unicentro.br\/edunicentro\/wp-json\/wp\/v2\/pages\/20","targetHints":{"allow":["GET"]}}],"collection":[{"href":"https:\/\/www3.unicentro.br\/edunicentro\/wp-json\/wp\/v2\/pages"}],"about":[{"href":"https:\/\/www3.unicentro.br\/edunicentro\/wp-json\/wp\/v2\/types\/page"}],"author":[{"embeddable":true,"href":"https:\/\/www3.unicentro.br\/edunicentro\/wp-json\/wp\/v2\/users\/3"}],"replies":[{"embeddable":true,"href":"https:\/\/www3.unicentro.br\/edunicentro\/wp-json\/wp\/v2\/comments?post=20"}],"version-history":[{"count":2,"href":"https:\/\/www3.unicentro.br\/edunicentro\/wp-json\/wp\/v2\/pages\/20\/revisions"}],"predecessor-version":[{"id":927,"href":"https:\/\/www3.unicentro.br\/edunicentro\/wp-json\/wp\/v2\/pages\/20\/revisions\/927"}],"up":[{"embeddable":true,"href":"https:\/\/www3.unicentro.br\/edunicentro\/wp-json\/wp\/v2\/pages\/18"}],"wp:attachment":[{"href":"https:\/\/www3.unicentro.br\/edunicentro\/wp-json\/wp\/v2\/media?parent=20"}],"curies":[{"name":"wp","href":"https:\/\/api.w.org\/{rel}","templated":true}]}}