{"id":118,"date":"2021-03-31T15:21:03","date_gmt":"2021-03-31T18:21:03","guid":{"rendered":"https:\/\/www3.unicentro.br\/edunicentro\/?page_id=118"},"modified":"2021-03-31T15:21:23","modified_gmt":"2021-03-31T18:21:23","slug":"entre-vistas","status":"publish","type":"page","link":"https:\/\/www3.unicentro.br\/edunicentro\/projetos\/entre-vistas\/","title":{"rendered":"Entre Vistas"},"content":{"rendered":"<div class=\"wpb-content-wrapper\"><p>[vc_row][vc_column][vc_column_text]<span style=\"font-weight: 400\">O projeto EDUNI ENTRE VISTAS, desenvolvido pela Editora da Unicentro em parceria com a Nead, consiste em dar visibilidade e voz aos autores de livros que comp\u00f5em o cat\u00e1logo da Eduni. Compreendemos que compartilhar o conhecimento e criar estrat\u00e9gias de promo\u00e7\u00e3o da leitura resumem o principal papel de uma editora universit\u00e1ria. \u00c9 nesse sentido que o programa ENTRE VISTAS foi criado, pois a cada encontro com os autores, a cada explana\u00e7\u00e3o de temas, enfoques e curiosidades, o grande p\u00fablico poder\u00e1 conhecer um pouco mais do nosso trabalho.<\/span><\/p>\n<p><span style=\"font-weight: 400\">Por fim, todas as edi\u00e7\u00f5es ser\u00e3o perpassadas pela certeza que move o fazer editorial da Unicentro: para muito al\u00e9m de ser uma unidade de publica\u00e7\u00e3o de livros, ela exerce um papel fundamental no crescimento cient\u00edfico e cultural da universidade e da regi\u00e3o.<\/span>[\/vc_column_text][vc_row_inner css=&#8221;.vc_custom_1617214677547{margin-bottom: 15px !important;background-color: #f4f4f4 !important;}&#8221;][vc_column_inner width=&#8221;1\/3&#8243;][vc_column_text]<\/p>\n<h1><\/h1>\n<h1 style=\"text-align: right\"><span style=\"font-weight: 400\">Tiago Bonato<\/span><\/h1>\n<p style=\"text-align: right\"><em><strong>Autor do livro &#8220;Viagens do Olhar&#8221;<\/strong><\/em><\/p>\n<p>[\/vc_column_text][\/vc_column_inner][vc_column_inner width=&#8221;2\/3&#8243;][vc_video link=&#8221;https:\/\/www.youtube.com\/watch?v=n1gWlqM0rhI&amp;fbclid=IwAR2zyrYwNe6w-iNMXTanD3-jhdT8o9-PTSNP98g3_oztRkMgTqWlHwo8TWE&#8221; align=&#8221;center&#8221;][\/vc_column_inner][\/vc_row_inner][vc_row_inner css=&#8221;.vc_custom_1617214714449{margin-bottom: 15px !important;background-color: #f4f4f4 !important;}&#8221;][vc_column_inner width=&#8221;2\/3&#8243;][vc_video link=&#8221;https:\/\/www.youtube.com\/watch?v=hSiF5nhvaF4&#8243; align=&#8221;center&#8221;][\/vc_column_inner][vc_column_inner width=&#8221;1\/3&#8243;][vc_column_text]<\/p>\n<h1 style=\"text-align: left\"><\/h1>\n<h1 style=\"text-align: left\"><span style=\"font-weight: 400\">Aldo Nelson Bona\u00a0<\/span><\/h1>\n<p style=\"text-align: left\"><em><strong>Autor do livro &#8220;Hist\u00f3ria, verdade e \u00e9tica&#8221;<\/strong><\/em><\/p>\n<p>[\/vc_column_text][\/vc_column_inner][\/vc_row_inner][vc_row_inner css=&#8221;.vc_custom_1617214677547{margin-bottom: 15px !important;background-color: #f4f4f4 !important;}&#8221;][vc_column_inner width=&#8221;1\/3&#8243;][vc_column_text]<\/p>\n<h1><\/h1>\n<h1 style=\"text-align: right\"><span style=\"font-weight: 400\">M\u00e1rcia Maria Menendes Motta<\/span><\/h1>\n<p style=\"text-align: right\"><em><strong>Autora do livro &#8220;Nas fronteiras do poder&#8221;<\/strong><\/em><\/p>\n<p>[\/vc_column_text][\/vc_column_inner][vc_column_inner width=&#8221;2\/3&#8243;][vc_video link=&#8221;https:\/\/www.youtube.com\/watch?v=0o3-h4vSu7k&amp;t=119s&#8221; align=&#8221;center&#8221;][\/vc_column_inner][\/vc_row_inner][vc_row_inner css=&#8221;.vc_custom_1617214714449{margin-bottom: 15px !important;background-color: #f4f4f4 !important;}&#8221;][vc_column_inner width=&#8221;2\/3&#8243;][vc_video link=&#8221;https:\/\/www.youtube.com\/watch?v=FoECJu3C0Lg&#8221; align=&#8221;center&#8221;][\/vc_column_inner][vc_column_inner width=&#8221;1\/3&#8243;][vc_column_text]<\/p>\n<h1 style=\"text-align: left\"><\/h1>\n<h1 style=\"text-align: left\"><span style=\"font-weight: 400\">Dejair Dionisio<\/span><\/h1>\n<p style=\"text-align: left\"><em><strong>Autor do livro &#8220;Entre Falos e Fal\u00e1cias&#8221;<\/strong><\/em><\/p>\n<p>[\/vc_column_text][\/vc_column_inner][\/vc_row_inner][vc_row_inner css=&#8221;.vc_custom_1617214677547{margin-bottom: 15px !important;background-color: #f4f4f4 !important;}&#8221;][vc_column_inner width=&#8221;1\/3&#8243;][vc_column_text]<\/p>\n<h1><\/h1>\n<h1 style=\"text-align: right\"><span style=\"font-weight: 400\">Rosemeri Moreira<\/span><\/h1>\n<p style=\"text-align: right\"><em><strong>Autora do livro &#8220;Sobre mulheres e pol\u00edcias&#8221;<\/strong><\/em><\/p>\n<p>[\/vc_column_text][\/vc_column_inner][vc_column_inner width=&#8221;2\/3&#8243;][vc_video link=&#8221;https:\/\/www.youtube.com\/watch?v=kw6p920cyXw&#8221; align=&#8221;center&#8221;][\/vc_column_inner][\/vc_row_inner][\/vc_column][\/vc_row]<\/p>\n<\/div>","protected":false},"excerpt":{"rendered":"<p>[vc_row][vc_column][vc_column_text]O projeto EDUNI ENTRE VISTAS, desenvolvido pela Editora da Unicentro em parceria com a Nead, consiste em dar visibilidade e voz aos autores de livros que comp\u00f5em o cat\u00e1logo da Eduni. Compreendemos que compartilhar o conhecimento e criar estrat\u00e9gias de promo\u00e7\u00e3o da leitura resumem o principal papel de uma editora universit\u00e1ria. \u00c9 nesse sentido que [&hellip;]<\/p>\n","protected":false},"author":3,"featured_media":0,"parent":116,"menu_order":0,"comment_status":"closed","ping_status":"closed","template":"","meta":{"_exactmetrics_skip_tracking":false,"_exactmetrics_sitenote_active":false,"_exactmetrics_sitenote_note":"","_exactmetrics_sitenote_category":0,"footnotes":"","_links_to":"","_links_to_target":""},"class_list":["post-118","page","type-page","status-publish","hentry"],"_links":{"self":[{"href":"https:\/\/www3.unicentro.br\/edunicentro\/wp-json\/wp\/v2\/pages\/118","targetHints":{"allow":["GET"]}}],"collection":[{"href":"https:\/\/www3.unicentro.br\/edunicentro\/wp-json\/wp\/v2\/pages"}],"about":[{"href":"https:\/\/www3.unicentro.br\/edunicentro\/wp-json\/wp\/v2\/types\/page"}],"author":[{"embeddable":true,"href":"https:\/\/www3.unicentro.br\/edunicentro\/wp-json\/wp\/v2\/users\/3"}],"replies":[{"embeddable":true,"href":"https:\/\/www3.unicentro.br\/edunicentro\/wp-json\/wp\/v2\/comments?post=118"}],"version-history":[{"count":1,"href":"https:\/\/www3.unicentro.br\/edunicentro\/wp-json\/wp\/v2\/pages\/118\/revisions"}],"predecessor-version":[{"id":464,"href":"https:\/\/www3.unicentro.br\/edunicentro\/wp-json\/wp\/v2\/pages\/118\/revisions\/464"}],"up":[{"embeddable":true,"href":"https:\/\/www3.unicentro.br\/edunicentro\/wp-json\/wp\/v2\/pages\/116"}],"wp:attachment":[{"href":"https:\/\/www3.unicentro.br\/edunicentro\/wp-json\/wp\/v2\/media?parent=118"}],"curies":[{"name":"wp","href":"https:\/\/api.w.org\/{rel}","templated":true}]}}