{"id":255,"date":"2020-06-22T10:11:58","date_gmt":"2020-06-22T13:11:58","guid":{"rendered":"https:\/\/www3.unicentro.br\/educartgeo\/?page_id=255"},"modified":"2020-07-07T19:56:14","modified_gmt":"2020-07-07T22:56:14","slug":"marcos-maciel-schneider","status":"publish","type":"page","link":"https:\/\/www3.unicentro.br\/educartgeo\/homenagens\/marcos-maciel-schneider\/","title":{"rendered":"Marcos Maciel Schneider"},"content":{"rendered":"<p style=\"text-align: center\">Na sexta-feira, 19 de junho de 2020, uma trag\u00e9dia tirou a vida de um integrante do EducartGeo, Marcos Maciel Schneider. Mais que um aluno do mestrado em Geografia e membro do grupo de pesquisa e extens\u00e3o, Marcos era amigo e profissional admir\u00e1vel, que marcava por sua alegria contagiante! Continuar\u00e1 vivo pelas marcas que tra\u00e7ou na Geografia acad\u00eamica e na Geografia da vida!!!<br \/>\nNosso agradecimento por ter dividido conosco sua sabedoria e humanidade!<\/p>\n<p style=\"text-align: center\"><em>Educartgeo<\/em><\/p>\n<p><iframe loading=\"lazy\" title=\"[Homenagem] Marcos Maciel Schneider\" width=\"900\" height=\"506\" src=\"https:\/\/www.youtube.com\/embed\/4U0sNw39CRY?feature=oembed\" frameborder=\"0\" allow=\"accelerometer; autoplay; encrypted-media; gyroscope; picture-in-picture\" allowfullscreen><\/iframe><\/p>\n<hr \/>\n<p>Abaixo, uma segunda homenagem ao Marcos Maciel Schneider (in memorian), exibida em live no dia 07\/07\/2020<\/p>\n<p><iframe loading=\"lazy\" title=\"Homenagem ao Marcos Maciel Schneider (in memorian), exibida em live no dia 07\/07\/2020\" width=\"900\" height=\"506\" src=\"https:\/\/www.youtube.com\/embed\/bSfsYVTYVgY?feature=oembed\" frameborder=\"0\" allow=\"accelerometer; autoplay; encrypted-media; gyroscope; picture-in-picture\" allowfullscreen><\/iframe><\/p>\n","protected":false},"excerpt":{"rendered":"<p>Na sexta-feira, 19 de junho de 2020, uma trag\u00e9dia tirou a vida de um integrante do EducartGeo, Marcos Maciel Schneider. Mais que um aluno do mestrado em Geografia e membro do grupo de pesquisa e extens\u00e3o, Marcos era amigo e profissional admir\u00e1vel, que marcava por sua alegria contagiante! Continuar\u00e1 vivo pelas marcas que tra\u00e7ou na [&hellip;]<\/p>\n","protected":false},"author":3,"featured_media":0,"parent":257,"menu_order":0,"comment_status":"open","ping_status":"closed","template":"","meta":{"_exactmetrics_skip_tracking":false,"_exactmetrics_sitenote_active":false,"_exactmetrics_sitenote_note":"","_exactmetrics_sitenote_category":0,"footnotes":"","_links_to":"","_links_to_target":""},"class_list":["post-255","page","type-page","status-publish","hentry"],"_links":{"self":[{"href":"https:\/\/www3.unicentro.br\/educartgeo\/wp-json\/wp\/v2\/pages\/255","targetHints":{"allow":["GET"]}}],"collection":[{"href":"https:\/\/www3.unicentro.br\/educartgeo\/wp-json\/wp\/v2\/pages"}],"about":[{"href":"https:\/\/www3.unicentro.br\/educartgeo\/wp-json\/wp\/v2\/types\/page"}],"author":[{"embeddable":true,"href":"https:\/\/www3.unicentro.br\/educartgeo\/wp-json\/wp\/v2\/users\/3"}],"replies":[{"embeddable":true,"href":"https:\/\/www3.unicentro.br\/educartgeo\/wp-json\/wp\/v2\/comments?post=255"}],"version-history":[{"count":0,"href":"https:\/\/www3.unicentro.br\/educartgeo\/wp-json\/wp\/v2\/pages\/255\/revisions"}],"up":[{"embeddable":true,"href":"https:\/\/www3.unicentro.br\/educartgeo\/wp-json\/wp\/v2\/pages\/257"}],"wp:attachment":[{"href":"https:\/\/www3.unicentro.br\/educartgeo\/wp-json\/wp\/v2\/media?parent=255"}],"curies":[{"name":"wp","href":"https:\/\/api.w.org\/{rel}","templated":true}]}}