{"id":709,"date":"2022-10-31T09:24:52","date_gmt":"2022-10-31T12:24:52","guid":{"rendered":"https:\/\/www3.unicentro.br\/dircont\/?page_id=709"},"modified":"2022-11-18T08:28:23","modified_gmt":"2022-11-18T11:28:23","slug":"ano-2021","status":"publish","type":"page","link":"https:\/\/www3.unicentro.br\/dircont\/prestando-contas\/demonstrativos-contabeis\/ano-2021\/","title":{"rendered":"Ano 2021"},"content":{"rendered":"<p align=\"justify\"><span style=\"color: #333333\"><span style=\"font-family: Arial, sans-serif\"><span style=\"font-size: medium\">A UNICENTRO e<\/span><\/span><\/span><span style=\"color: #333333\"><span style=\"font-family: Arial, sans-serif\"><span style=\"font-size: medium\">m cumprimento \u00e0 Lei Federal <\/span><\/span><\/span><span style=\"color: #333333\"><span style=\"font-family: Arial, sans-serif\"><span style=\"font-size: medium\">n\u00ba <\/span><\/span><\/span><span style=\"color: #333333\"><span style=\"font-family: Arial, sans-serif\"><span style=\"font-size: medium\">4.320 de 17 de mar\u00e7o de 1964, \u00e0 <\/span><\/span><\/span><span style=\"color: #333333\"><span style=\"font-family: Arial, sans-serif\"><span style=\"font-size: medium\"><a href=\"https:\/\/www.legislacao.pr.gov.br\/legislacao\/pesquisarAto.do?action=exibir&amp;codAto=3146&amp;indice=1&amp;totalRegistros=1&amp;dt=4.5.2020.13.9.43.832\">Lei Estadual n\u00ba 13.557<\/a> <\/span><\/span><\/span><span style=\"color: #333333\"><span style=\"font-family: Arial, sans-serif\"><span style=\"font-size: medium\">de 14 de maio de 2002, ao <\/span><\/span><\/span><span style=\"color: #333333\"><span style=\"font-family: Arial, sans-serif\"><span style=\"font-size: medium\"><a href=\"https:\/\/www.legislacao.pr.gov.br\/legislacao\/pesquisarAto.do?action=exibir&amp;codAto=36409&amp;indice=1&amp;totalRegistros=1&amp;dt=4.5.2020.12.26.50.555\">Decreto Estadual 6.194<\/a> <\/span><\/span><\/span><span style=\"color: #333333\"><span style=\"font-family: Arial, sans-serif\"><span style=\"font-size: medium\">de 22 de agosto de 2002, e \u00e0 Lei de Acesso \u00e0 Informa\u00e7\u00e3o (<\/span><\/span><\/span><span style=\"color: #333333\"><span style=\"font-family: Arial, sans-serif\"><span style=\"font-size: medium\"><a href=\"http:\/\/www.planalto.gov.br\/ccivil_03\/_ato2011-2014\/2011\/lei\/l12527.htm\">Lei Federal n\u00ba 12.527<\/a><\/span><\/span><\/span><span style=\"color: #333333\"><span style=\"font-family: Arial, sans-serif\"><span style=\"font-size: medium\">, de 18 de novembro de 2011) publica <\/span><\/span><\/span><span style=\"color: #333333\"><span style=\"font-family: Arial, sans-serif\"><span style=\"font-size: medium\">os Balancetes Cont\u00e1beis<\/span><\/span><\/span><span style=\"color: #333333\"><span style=\"font-family: Arial, sans-serif\"><span style=\"font-size: medium\">.<\/span><\/span><\/span><\/p>\n<p align=\"justify\"><span style=\"font-family: Arial, sans-serif\"><span style=\"font-size: medium\"><span style=\"color: #333333\">Para imprimir os <\/span><span style=\"color: #333333\">B<\/span><span style=\"color: #333333\">alancetes com valores trimestrais \u00e9 s\u00f3 clicar nos meses de mar\u00e7o, junho, setembro e dezembro.<\/span><\/span><\/span><\/p>\n<p align=\"justify\"><a href=\"https:\/\/drive.google.com\/file\/d\/14vOyGgWsuWT22BicI0JmhoXz2eOj-Px-\/view?usp=share_link\">JANEIRO<\/a><\/p>\n<p align=\"justify\"><a href=\"https:\/\/drive.google.com\/file\/d\/1BITe5w312-8H703m3NW34_bE9RY7ztdM\/view?usp=share_link\">FEVEREIRO<\/a><\/p>\n<p align=\"justify\"><a href=\"https:\/\/drive.google.com\/file\/d\/1YwnQPzTrty415HSLUCY3wsQUqY54HM05\/view?usp=share_link\">MAR\u00c7O<\/a><\/p>\n<p align=\"justify\"><a href=\"https:\/\/drive.google.com\/file\/d\/11n4szqD9VbGhB9SJOcoUA-mz0oS5rij9\/view?usp=share_link\">ABRIL<\/a><\/p>\n<p align=\"justify\"><a href=\"https:\/\/drive.google.com\/file\/d\/1c-FxcHG7EVlCOBfdGKngU1NRUjh6Y2wl\/view?usp=share_link\">MAIO<\/a><\/p>\n<p align=\"justify\"><a href=\"https:\/\/drive.google.com\/file\/d\/1rtDenhUuL9oYX81_xyclEkbJzFHHNaiS\/view?usp=share_link\">JUNHO<\/a><\/p>\n<p align=\"justify\"><a href=\"https:\/\/drive.google.com\/file\/d\/1gzuYNfUFozerf4pwf1p6A3vp8r0xNYAb\/view?usp=share_link\">JULHO<\/a><\/p>\n<p align=\"justify\"><a href=\"https:\/\/drive.google.com\/file\/d\/1XLxd_Tz9wSzKfi3sMxN8Y17zjo0Yh622\/view?usp=share_link\">AGOSTO<\/a><\/p>\n<p align=\"justify\"><a href=\"https:\/\/drive.google.com\/file\/d\/1j1uHye_9DEfagrA_Lwv-cXvW7nW42ajk\/view?usp=share_link\">SETEMBRO<\/a><\/p>\n<p align=\"justify\"><a href=\"https:\/\/drive.google.com\/file\/d\/1XgU07EQ_0k3yVR3pFhElIMj8qfJqPpxN\/view?usp=share_link\">OUTUBRO<\/a><\/p>\n<p align=\"justify\"><a href=\"https:\/\/drive.google.com\/file\/d\/1eyYv7ObMkwtlDQLgkl6-ltf_3DG0fXe2\/view?usp=share_link\">NOVEMBRO<\/a><\/p>\n<p align=\"justify\"><a href=\"https:\/\/drive.google.com\/file\/d\/1t91mxG0vsiND77bTaqZPBzP6OONC7tL_\/view?usp=share_link\">DEZEMBRO<\/a><\/p>\n","protected":false},"excerpt":{"rendered":"<p>A UNICENTRO em cumprimento \u00e0 Lei Federal n\u00ba 4.320 de 17 de mar\u00e7o de 1964, \u00e0 Lei Estadual n\u00ba 13.557 de 14 de maio de 2002, ao Decreto Estadual 6.194 de 22 de agosto de 2002, e \u00e0 Lei de Acesso \u00e0 Informa\u00e7\u00e3o (Lei Federal n\u00ba 12.527, de 18 de novembro de 2011) publica os [&hellip;]<\/p>\n","protected":false},"author":3,"featured_media":0,"parent":707,"menu_order":0,"comment_status":"closed","ping_status":"closed","template":"","meta":{"_exactmetrics_skip_tracking":false,"_exactmetrics_sitenote_active":false,"_exactmetrics_sitenote_note":"","_exactmetrics_sitenote_category":0,"footnotes":"","_links_to":"","_links_to_target":""},"class_list":["post-709","page","type-page","status-publish","hentry"],"_links":{"self":[{"href":"https:\/\/www3.unicentro.br\/dircont\/wp-json\/wp\/v2\/pages\/709","targetHints":{"allow":["GET"]}}],"collection":[{"href":"https:\/\/www3.unicentro.br\/dircont\/wp-json\/wp\/v2\/pages"}],"about":[{"href":"https:\/\/www3.unicentro.br\/dircont\/wp-json\/wp\/v2\/types\/page"}],"author":[{"embeddable":true,"href":"https:\/\/www3.unicentro.br\/dircont\/wp-json\/wp\/v2\/users\/3"}],"replies":[{"embeddable":true,"href":"https:\/\/www3.unicentro.br\/dircont\/wp-json\/wp\/v2\/comments?post=709"}],"version-history":[{"count":0,"href":"https:\/\/www3.unicentro.br\/dircont\/wp-json\/wp\/v2\/pages\/709\/revisions"}],"up":[{"embeddable":true,"href":"https:\/\/www3.unicentro.br\/dircont\/wp-json\/wp\/v2\/pages\/707"}],"wp:attachment":[{"href":"https:\/\/www3.unicentro.br\/dircont\/wp-json\/wp\/v2\/media?parent=709"}],"curies":[{"name":"wp","href":"https:\/\/api.w.org\/{rel}","templated":true}]}}