{"id":701,"date":"2022-10-28T14:47:07","date_gmt":"2022-10-28T17:47:07","guid":{"rendered":"https:\/\/www3.unicentro.br\/dircont\/?page_id=701"},"modified":"2023-01-05T14:57:53","modified_gmt":"2023-01-05T17:57:53","slug":"ano-2022","status":"publish","type":"page","link":"https:\/\/www3.unicentro.br\/dircont\/prestando-contas\/extratos-de-conta-corrente-com-movimento\/ano-2022\/","title":{"rendered":"Ano 2022"},"content":{"rendered":"<p><span style=\"color: #333333\"><span style=\"font-family: Arial, sans-serif\"><span style=\"font-size: medium\">Em cumprimento ao \u00a7 5\u00ba do art. 7\u00ba do Decreto Estadual n\u00ba 10.285\/2014 que estabelece: dever\u00e3o ser publicados todos os extratos das contas e opera\u00e7\u00f5es financeiras realizadas, no m\u00eas subsequente ao pagamento, anexamos abaixo os extratos das contas corrente com movimenta\u00e7\u00e3o banc\u00e1ria.<\/span><\/span><\/span><\/p>\n<p><a href=\"https:\/\/www3.unicentro.br\/dircont\/wp-content\/uploads\/sites\/101\/2022\/10\/JANEIRO.pdf\">JANEIRO<\/a><\/p>\n<p><a href=\"https:\/\/www3.unicentro.br\/dircont\/wp-content\/uploads\/sites\/101\/2022\/10\/FEVEREIRO.pdf\">FEVEREIRO<\/a><\/p>\n<p><a href=\"https:\/\/www3.unicentro.br\/dircont\/wp-content\/uploads\/sites\/101\/2022\/10\/MARCO.pdf\">MAR\u00c7O<\/a><\/p>\n<p><a href=\"https:\/\/www3.unicentro.br\/dircont\/wp-content\/uploads\/sites\/101\/2022\/10\/ABRIL.pdf\">ABRIL<\/a><\/p>\n<p><a href=\"https:\/\/www3.unicentro.br\/dircont\/wp-content\/uploads\/sites\/101\/2022\/10\/MAIO.pdf\">MAIO<\/a><\/p>\n<p><a href=\"https:\/\/www3.unicentro.br\/dircont\/wp-content\/uploads\/sites\/101\/2022\/10\/JUNHO.pdf\">JUNHO<\/a><\/p>\n<p><a href=\"https:\/\/www3.unicentro.br\/dircont\/wp-content\/uploads\/sites\/101\/2022\/10\/JULHO.pdf\">JULHO<\/a><\/p>\n<p><a href=\"https:\/\/www3.unicentro.br\/dircont\/wp-content\/uploads\/sites\/101\/2022\/10\/AGOSTO.pdf\">AGOSTO<\/a><\/p>\n<p><a href=\"https:\/\/www3.unicentro.br\/dircont\/wp-content\/uploads\/sites\/101\/2022\/10\/SETEMBRO.pdf\">SETEMBRO<\/a><\/p>\n<p><a href=\"https:\/\/drive.google.com\/file\/d\/1dJtNPKMQP-nH0RbDKZEhEL6SO-Qn-ZO3\/view?usp=share_link\">OUTUBRO<\/a><\/p>\n<p><a href=\"https:\/\/drive.google.com\/file\/d\/1TWjCDrDiBnJsoDfW8rogJaEhzzAENwYQ\/view?usp=share_link\">NOVEMBRO<\/a><\/p>\n<p><a href=\"https:\/\/drive.google.com\/file\/d\/1m8rRnUTsThCVVx-nVU5eD9lXC1ldez_7\/view?usp=share_link\">DEZEMBRO<\/a><\/p>\n","protected":false},"excerpt":{"rendered":"<p>Em cumprimento ao \u00a7 5\u00ba do art. 7\u00ba do Decreto Estadual n\u00ba 10.285\/2014 que estabelece: dever\u00e3o ser publicados todos os extratos das contas e opera\u00e7\u00f5es financeiras realizadas, no m\u00eas subsequente ao pagamento, anexamos abaixo os extratos das contas corrente com movimenta\u00e7\u00e3o banc\u00e1ria. JANEIRO FEVEREIRO MAR\u00c7O ABRIL MAIO JUNHO JULHO AGOSTO SETEMBRO OUTUBRO NOVEMBRO DEZEMBRO<\/p>\n","protected":false},"author":3,"featured_media":0,"parent":676,"menu_order":0,"comment_status":"closed","ping_status":"closed","template":"","meta":{"_exactmetrics_skip_tracking":false,"_exactmetrics_sitenote_active":false,"_exactmetrics_sitenote_note":"","_exactmetrics_sitenote_category":0,"footnotes":"","_links_to":"","_links_to_target":""},"class_list":["post-701","page","type-page","status-publish","hentry"],"_links":{"self":[{"href":"https:\/\/www3.unicentro.br\/dircont\/wp-json\/wp\/v2\/pages\/701","targetHints":{"allow":["GET"]}}],"collection":[{"href":"https:\/\/www3.unicentro.br\/dircont\/wp-json\/wp\/v2\/pages"}],"about":[{"href":"https:\/\/www3.unicentro.br\/dircont\/wp-json\/wp\/v2\/types\/page"}],"author":[{"embeddable":true,"href":"https:\/\/www3.unicentro.br\/dircont\/wp-json\/wp\/v2\/users\/3"}],"replies":[{"embeddable":true,"href":"https:\/\/www3.unicentro.br\/dircont\/wp-json\/wp\/v2\/comments?post=701"}],"version-history":[{"count":0,"href":"https:\/\/www3.unicentro.br\/dircont\/wp-json\/wp\/v2\/pages\/701\/revisions"}],"up":[{"embeddable":true,"href":"https:\/\/www3.unicentro.br\/dircont\/wp-json\/wp\/v2\/pages\/676"}],"wp:attachment":[{"href":"https:\/\/www3.unicentro.br\/dircont\/wp-json\/wp\/v2\/media?parent=701"}],"curies":[{"name":"wp","href":"https:\/\/api.w.org\/{rel}","templated":true}]}}