{"id":691,"date":"2022-10-28T14:43:40","date_gmt":"2022-10-28T17:43:40","guid":{"rendered":"https:\/\/www3.unicentro.br\/dircont\/?page_id=691"},"modified":"2022-10-31T17:08:20","modified_gmt":"2022-10-31T20:08:20","slug":"ano-2021","status":"publish","type":"page","link":"https:\/\/www3.unicentro.br\/dircont\/prestando-contas\/extratos-de-operacoes-financeiras\/ano-2021\/","title":{"rendered":"Ano 2021"},"content":{"rendered":"<p><span style=\"font-family: Arial, sans-serif\"><span style=\"font-size: medium\">Em cumprimento ao \u00a7 5\u00ba do art. 7\u00ba do Decreto Estadual n\u00ba 10.285\/2014 que estabelece: d<span style=\"color: #333333\">ever\u00e3o ser publicados todos os extratos das contas e opera\u00e7\u00f5es financeiras realizadas, no m\u00eas subsequente ao pagamento, <\/span><span style=\"color: #333333\">a<\/span><span style=\"color: #333333\">nexamos abaixo os extratos das contas banc\u00e1rias com aplica\u00e7\u00f5es financeiras.<\/span><\/span><\/span><\/p>\n<p><a href=\"https:\/\/drive.google.com\/file\/d\/1wngtBJ9eP6eblVqdYnkCe_4x7k-VAsyo\/view?usp=share_link\">JANEIRO<\/a><\/p>\n<p><a href=\"https:\/\/drive.google.com\/file\/d\/1eFEOk8i4vCW_MKEaeJNHZcFE_XR5bowB\/view?usp=share_link\">FEVEREIRO\u00a0<\/a><\/p>\n<p><a href=\"https:\/\/drive.google.com\/file\/d\/1INJnPR3LbO_2np3SsjJwUXWGiw2J8jlN\/view?usp=share_link\">MAR\u00c7O<\/a><\/p>\n<p><a href=\"https:\/\/drive.google.com\/file\/d\/186UTwYZKnnbw_NTorG74sepL4o_hgd_y\/view?usp=share_link\">ABRIL\u00a0<\/a><\/p>\n<p><a href=\"https:\/\/drive.google.com\/file\/d\/1N8NTtoA63hTy4pUgTMNSIS3eQg8bWtsN\/view?usp=share_link\">MAIO\u00a0<\/a><\/p>\n<p><a href=\"https:\/\/drive.google.com\/file\/d\/1c1Ruur_UxE_B_zvfmcXpG1pjj05nz5H2\/view?usp=share_link\">JUNHO<\/a><\/p>\n<p><a href=\"https:\/\/drive.google.com\/file\/d\/1ZQmfy2Me8JlTGg1Bv9lelIASq-1M61so\/view?usp=share_link\">JULHO<\/a><\/p>\n<p><a href=\"https:\/\/drive.google.com\/file\/d\/1OzmOxNEfc12wl9Pv7A9ABGRZ_KB3eOiD\/view?usp=share_link\">AGOSTO\u00a0<\/a><\/p>\n<p><a href=\"https:\/\/drive.google.com\/file\/d\/1tzAuyy6vG2y9t2OCzWpfj5gSGo0miiYI\/view?usp=share_link\">SETEMBRO<\/a><\/p>\n<p><a href=\"https:\/\/drive.google.com\/file\/d\/1ENDtCL1AfQ3yRA_yAxj6szlSbDUePPWK\/view?usp=share_link\">OUTUBRO\u00a0<\/a><\/p>\n<p><a href=\"https:\/\/drive.google.com\/file\/d\/15ZS2VhDWMrbIhXuzan0Sar4GR8VUXgY8\/view?usp=share_link\">NOVEMBRO<\/a><\/p>\n<p><a href=\"https:\/\/drive.google.com\/file\/d\/1a5L64WapoPgcBN84RXzbPFAPCjhqmqfc\/view?usp=share_link\">DEZEMBRO<\/a><\/p>\n","protected":false},"excerpt":{"rendered":"<p>Em cumprimento ao \u00a7 5\u00ba do art. 7\u00ba do Decreto Estadual n\u00ba 10.285\/2014 que estabelece: dever\u00e3o ser publicados todos os extratos das contas e opera\u00e7\u00f5es financeiras realizadas, no m\u00eas subsequente ao pagamento, anexamos abaixo os extratos das contas banc\u00e1rias com aplica\u00e7\u00f5es financeiras. JANEIRO FEVEREIRO\u00a0 MAR\u00c7O ABRIL\u00a0 MAIO\u00a0 JUNHO JULHO AGOSTO\u00a0 SETEMBRO OUTUBRO\u00a0 NOVEMBRO DEZEMBRO<\/p>\n","protected":false},"author":3,"featured_media":0,"parent":674,"menu_order":0,"comment_status":"closed","ping_status":"closed","template":"","meta":{"_exactmetrics_skip_tracking":false,"_exactmetrics_sitenote_active":false,"_exactmetrics_sitenote_note":"","_exactmetrics_sitenote_category":0,"footnotes":"","_links_to":"","_links_to_target":""},"class_list":["post-691","page","type-page","status-publish","hentry"],"_links":{"self":[{"href":"https:\/\/www3.unicentro.br\/dircont\/wp-json\/wp\/v2\/pages\/691","targetHints":{"allow":["GET"]}}],"collection":[{"href":"https:\/\/www3.unicentro.br\/dircont\/wp-json\/wp\/v2\/pages"}],"about":[{"href":"https:\/\/www3.unicentro.br\/dircont\/wp-json\/wp\/v2\/types\/page"}],"author":[{"embeddable":true,"href":"https:\/\/www3.unicentro.br\/dircont\/wp-json\/wp\/v2\/users\/3"}],"replies":[{"embeddable":true,"href":"https:\/\/www3.unicentro.br\/dircont\/wp-json\/wp\/v2\/comments?post=691"}],"version-history":[{"count":0,"href":"https:\/\/www3.unicentro.br\/dircont\/wp-json\/wp\/v2\/pages\/691\/revisions"}],"up":[{"embeddable":true,"href":"https:\/\/www3.unicentro.br\/dircont\/wp-json\/wp\/v2\/pages\/674"}],"wp:attachment":[{"href":"https:\/\/www3.unicentro.br\/dircont\/wp-json\/wp\/v2\/media?parent=691"}],"curies":[{"name":"wp","href":"https:\/\/api.w.org\/{rel}","templated":true}]}}