{"id":672,"date":"2022-10-28T14:32:31","date_gmt":"2022-10-28T17:32:31","guid":{"rendered":"https:\/\/www3.unicentro.br\/dircont\/?page_id=672"},"modified":"2025-01-15T11:20:02","modified_gmt":"2025-01-15T14:20:02","slug":"cartoes-de-credito-corporativo","status":"publish","type":"page","link":"https:\/\/www3.unicentro.br\/dircont\/prestando-contas\/cartoes-de-credito-corporativo\/","title":{"rendered":"Cart\u00f5es de Cr\u00e9dito Corporativo"},"content":{"rendered":"<p><span style=\"font-family: Arial, sans-serif\"><span style=\"font-size: medium\"><span style=\"color: #333333\">Em cumprimento ao \u00a7 5\u00ba do art. 7\u00ba do Decreto Estadual n\u00ba 10.285\/2014 que estabelece que dever\u00e3o ser publicados todos os extratos das faturas dos cart\u00f5es corporativos, no m\u00eas subsequente ao pagamento, <\/span><span style=\"color: #333333\">a<\/span><span style=\"color: #333333\"> Pr\u00f3-Reitoria de Administra\u00e7\u00e3o e Finan\u00e7as, <\/span><span style=\"color: #333333\">PROAF\/<\/span><span style=\"color: #333333\">UNICENTRO, informa: <\/span><\/span><\/span><\/p>\n<p><span style=\"font-family: Arial, sans-serif\"><span style=\"font-size: medium\"><span style=\"color: #333333\">A Universidade Estadual do Centro Oeste &#8211; UNICENTRO, n\u00e3o utiliza cart\u00f5es de cr\u00e9ditos corporativos.<\/span><\/span><\/span><\/p>\n<p>&nbsp;<\/p>\n<p>&nbsp;<\/p>\n","protected":false},"excerpt":{"rendered":"<p>Em cumprimento ao \u00a7 5\u00ba do art. 7\u00ba do Decreto Estadual n\u00ba 10.285\/2014 que estabelece que dever\u00e3o ser publicados todos os extratos das faturas dos cart\u00f5es corporativos, no m\u00eas subsequente ao pagamento, a Pr\u00f3-Reitoria de Administra\u00e7\u00e3o e Finan\u00e7as, PROAF\/UNICENTRO, informa: A Universidade Estadual do Centro Oeste &#8211; UNICENTRO, n\u00e3o utiliza cart\u00f5es de cr\u00e9ditos corporativos. &nbsp; [&hellip;]<\/p>\n","protected":false},"author":3,"featured_media":0,"parent":277,"menu_order":0,"comment_status":"closed","ping_status":"closed","template":"","meta":{"_exactmetrics_skip_tracking":false,"_exactmetrics_sitenote_active":false,"_exactmetrics_sitenote_note":"","_exactmetrics_sitenote_category":0,"footnotes":"","_links_to":"","_links_to_target":""},"class_list":["post-672","page","type-page","status-publish","hentry"],"_links":{"self":[{"href":"https:\/\/www3.unicentro.br\/dircont\/wp-json\/wp\/v2\/pages\/672","targetHints":{"allow":["GET"]}}],"collection":[{"href":"https:\/\/www3.unicentro.br\/dircont\/wp-json\/wp\/v2\/pages"}],"about":[{"href":"https:\/\/www3.unicentro.br\/dircont\/wp-json\/wp\/v2\/types\/page"}],"author":[{"embeddable":true,"href":"https:\/\/www3.unicentro.br\/dircont\/wp-json\/wp\/v2\/users\/3"}],"replies":[{"embeddable":true,"href":"https:\/\/www3.unicentro.br\/dircont\/wp-json\/wp\/v2\/comments?post=672"}],"version-history":[{"count":1,"href":"https:\/\/www3.unicentro.br\/dircont\/wp-json\/wp\/v2\/pages\/672\/revisions"}],"predecessor-version":[{"id":1112,"href":"https:\/\/www3.unicentro.br\/dircont\/wp-json\/wp\/v2\/pages\/672\/revisions\/1112"}],"up":[{"embeddable":true,"href":"https:\/\/www3.unicentro.br\/dircont\/wp-json\/wp\/v2\/pages\/277"}],"wp:attachment":[{"href":"https:\/\/www3.unicentro.br\/dircont\/wp-json\/wp\/v2\/media?parent=672"}],"curies":[{"name":"wp","href":"https:\/\/api.w.org\/{rel}","templated":true}]}}