{"id":474,"date":"2022-03-09T17:27:07","date_gmt":"2022-03-09T20:27:07","guid":{"rendered":"https:\/\/www3.unicentro.br\/dircont\/?page_id=474"},"modified":"2023-02-09T10:02:15","modified_gmt":"2023-02-09T13:02:15","slug":"receitas-orgao-4533-exercicio-2022","status":"publish","type":"page","link":"https:\/\/www3.unicentro.br\/dircont\/prestando-contas\/receitas\/receitas-orgao-4533-exercicio-2022\/","title":{"rendered":"RECEITAS \u00d3RG\u00c3O 4533 EXERC\u00cdCIO 2022"},"content":{"rendered":"<p>Os dados constantes da tabela referem-se as receitas do exerc\u00edcio de 2022, extra\u00eddas do Sistema NOVO SIAF e homologados pela Diretoria de Contabilidade do Estado DCG\/SEFA.<br \/>\nFONTE: portal transparencia.pr.gov.br<\/p>\n<p><span style=\"color: #666666\"><span style=\"font-family: Arial, sans-serif\"><span style=\"font-size: medium\">Os arquivos podem ser baixados no\u00a0 formado planilha.<\/span><\/span><\/span><\/p>\n<p><a href=\"https:\/\/www3.unicentro.br\/dircont\/wp-content\/uploads\/sites\/101\/2022\/03\/RECEITAS-UNICENTRO-JAN-2022.ods\">RECEITAS UNICENTRO JAN 2022<\/a><\/p>\n<p><a href=\"https:\/\/www3.unicentro.br\/dircont\/wp-content\/uploads\/sites\/101\/2022\/03\/RECEITAS-UNICENTRO-FEV-2022.ods\">RECEITAS UNICENTRO FEV 2022<\/a><\/p>\n<p><span style=\"color: #666666\"><a href=\"https:\/\/www3.unicentro.br\/dircont\/wp-content\/uploads\/sites\/101\/2022\/05\/RECEITAS-UNICENTRO-MAR-2022.ods\">RECEITAS UNICENTRO MAR 2022<\/a><\/span><\/p>\n<p><a href=\"https:\/\/www3.unicentro.br\/dircont\/wp-content\/uploads\/sites\/101\/2022\/05\/RECEITAS-UNICENTRO-ABR-2022.ods\">RECEITAS UNICENTRO ABR 2022<\/a><\/p>\n<p><a href=\"https:\/\/www3.unicentro.br\/dircont\/wp-content\/uploads\/sites\/101\/2022\/07\/RECEITAS-UNICENTRO-MAIO-2022.ods\">RECEITAS UNICENTRO MAIO 2022<\/a><\/p>\n<p><a href=\"https:\/\/www3.unicentro.br\/dircont\/wp-content\/uploads\/sites\/101\/2022\/07\/RECEITAS-UNICENTRO-JUNHO-2022.ods\">RECEITAS UNICENTRO JUNHO 2022<\/a><\/p>\n<p><a href=\"https:\/\/www3.unicentro.br\/dircont\/wp-content\/uploads\/sites\/101\/2022\/09\/RECEITAS-UNICENTRO-JULHO-2022-1.ods\">RECEITAS UNICENTRO JULHO 2022<\/a><\/p>\n<p><a href=\"https:\/\/www3.unicentro.br\/dircont\/wp-content\/uploads\/sites\/101\/2022\/09\/RECEITAS-UNICENTRO-AGOSTO-2022-1.ods\">RECEITAS UNICENTRO AGOSTO 2022<\/a><\/p>\n<p><a href=\"https:\/\/www3.unicentro.br\/dircont\/wp-content\/uploads\/sites\/101\/2022\/11\/RECEITAS-UNICENTRO-SET-2022.ods\">RECEITAS UNICENTRO SET 2022<\/a><\/p>\n<p><a href=\"https:\/\/www3.unicentro.br\/dircont\/wp-content\/uploads\/sites\/101\/2022\/11\/RECEITA-UNICENTRO-OUT-2022-ODF.ods\">RECEITA UNICENTRO OUT 2022 ODF<\/a><\/p>\n<p><a href=\"https:\/\/drive.google.com\/file\/d\/15M-zbLb04Hx8Gsj-E9COV6wmSJ2OSkJJ\/view?usp=share_link\">RECEITAS NOV<\/a><\/p>\n<p><a href=\"https:\/\/drive.google.com\/file\/d\/132JT54I5FajcOR5khdhd7H42H3glnBvD\/view?usp=share_link\">RECEITAS DEZ<\/a><\/p>\n<p>Os arquivos podem ser baixados no\u00a0 formado pdf.<\/p>\n<p><a href=\"https:\/\/www3.unicentro.br\/dircont\/wp-content\/uploads\/sites\/101\/2022\/03\/RECEITAS-UNICENTRO-JAN-2022.pdf\">RECEITAS UNICENTRO JAN 2022<\/a><\/p>\n<p><a href=\"https:\/\/www3.unicentro.br\/dircont\/wp-content\/uploads\/sites\/101\/2022\/03\/RECEITAS-UNICENTRO-FEV-2022.pdf\">RECEITAS UNICENTRO FEV 2022<\/a><\/p>\n<p><a href=\"https:\/\/www3.unicentro.br\/dircont\/wp-content\/uploads\/sites\/101\/2022\/05\/RECEITAS-UNICENTRO-MAR-2022-2.pdf\">RECEITAS UNICENTRO MAR 2022<\/a><\/p>\n<p><a href=\"https:\/\/www3.unicentro.br\/dircont\/wp-content\/uploads\/sites\/101\/2022\/05\/RECEITAS-UNICENTRO-ABR-2022.pdf\">RECEITAS UNICENTRO ABR 2022<\/a><\/p>\n<p><a href=\"https:\/\/www3.unicentro.br\/dircont\/wp-content\/uploads\/sites\/101\/2022\/07\/RECEITAS-UNICENTRO-MAIO-2022.pdf\">RECEITAS UNICENTRO MAIO 2022<\/a><\/p>\n<p><a href=\"https:\/\/www3.unicentro.br\/dircont\/wp-content\/uploads\/sites\/101\/2022\/07\/RECEITAS-UNICENTRO-JUNHO-2022.pdf\">RECEITAS UNICENTRO JUNHO 2022<\/a><\/p>\n<p><a href=\"https:\/\/www3.unicentro.br\/dircont\/wp-content\/uploads\/sites\/101\/2022\/09\/RECEITAS-UNICENTRO-JULHO-2022-1.pdf\">RECEITAS UNICENTRO JULHO 2022<\/a><\/p>\n<p><a href=\"https:\/\/www3.unicentro.br\/dircont\/wp-content\/uploads\/sites\/101\/2022\/09\/RECEITAS-UNICENTRO-AGOSTO-2022-1.pdf\">RECEITAS UNICENTRO AGOSTO 2022<\/a><\/p>\n<p><a href=\"https:\/\/www3.unicentro.br\/dircont\/wp-content\/uploads\/sites\/101\/2022\/11\/RECEITA-UNICENTRO-SET-2022.pdf\">RECEITA UNICENTRO SET 2022<\/a><\/p>\n<p><a href=\"https:\/\/www3.unicentro.br\/dircont\/wp-content\/uploads\/sites\/101\/2022\/11\/RECEITAS-UNICENTRO-OUT-2022.pdf\">RECEITAS UNICENTRO OUT 2022<\/a><\/p>\n<p><a href=\"https:\/\/drive.google.com\/file\/d\/1hOlp4Jt-kRZjZnHz8bJU9iTg7azz_ezl\/view?usp=share_link\">RECEITAS NOV<\/a><\/p>\n<p><a href=\"https:\/\/drive.google.com\/file\/d\/1SSpWn3EyVJlfySHBD-3gmV8LJSzu0tgC\/view?usp=share_link\">RECEITAS DEZ<\/a><\/p>\n","protected":false},"excerpt":{"rendered":"<p>Os dados constantes da tabela referem-se as receitas do exerc\u00edcio de 2022, extra\u00eddas do Sistema NOVO SIAF e homologados pela Diretoria de Contabilidade do Estado DCG\/SEFA. FONTE: portal transparencia.pr.gov.br Os arquivos podem ser baixados no\u00a0 formado planilha. RECEITAS UNICENTRO JAN 2022 RECEITAS UNICENTRO FEV 2022 RECEITAS UNICENTRO MAR 2022 RECEITAS UNICENTRO ABR 2022 RECEITAS UNICENTRO [&hellip;]<\/p>\n","protected":false},"author":3,"featured_media":0,"parent":273,"menu_order":0,"comment_status":"closed","ping_status":"closed","template":"","meta":{"_exactmetrics_skip_tracking":false,"_exactmetrics_sitenote_active":false,"_exactmetrics_sitenote_note":"","_exactmetrics_sitenote_category":0,"footnotes":"","_links_to":"","_links_to_target":""},"class_list":["post-474","page","type-page","status-publish","hentry"],"_links":{"self":[{"href":"https:\/\/www3.unicentro.br\/dircont\/wp-json\/wp\/v2\/pages\/474","targetHints":{"allow":["GET"]}}],"collection":[{"href":"https:\/\/www3.unicentro.br\/dircont\/wp-json\/wp\/v2\/pages"}],"about":[{"href":"https:\/\/www3.unicentro.br\/dircont\/wp-json\/wp\/v2\/types\/page"}],"author":[{"embeddable":true,"href":"https:\/\/www3.unicentro.br\/dircont\/wp-json\/wp\/v2\/users\/3"}],"replies":[{"embeddable":true,"href":"https:\/\/www3.unicentro.br\/dircont\/wp-json\/wp\/v2\/comments?post=474"}],"version-history":[{"count":0,"href":"https:\/\/www3.unicentro.br\/dircont\/wp-json\/wp\/v2\/pages\/474\/revisions"}],"up":[{"embeddable":true,"href":"https:\/\/www3.unicentro.br\/dircont\/wp-json\/wp\/v2\/pages\/273"}],"wp:attachment":[{"href":"https:\/\/www3.unicentro.br\/dircont\/wp-json\/wp\/v2\/media?parent=474"}],"curies":[{"name":"wp","href":"https:\/\/api.w.org\/{rel}","templated":true}]}}