{"id":472,"date":"2022-03-09T17:26:35","date_gmt":"2022-03-09T20:26:35","guid":{"rendered":"https:\/\/www3.unicentro.br\/dircont\/?page_id=472"},"modified":"2023-02-09T10:19:21","modified_gmt":"2023-02-09T13:19:21","slug":"despesas-orgao-4533-exercicio-2022","status":"publish","type":"page","link":"https:\/\/www3.unicentro.br\/dircont\/prestando-contas\/despesas\/despesas-orgao-4533-exercicio-2022\/","title":{"rendered":"DESPESAS \u00d3RG\u00c3O 4533 EXERC\u00cdCIO 2022"},"content":{"rendered":"<p>Os dados constantes da tabela referem-se as despesas do exerc\u00edcio de 2022, extra\u00eddas do Sistema NOVO SIAF e homologados pela Diretoria de Contabilidade do Estado DCG\/SEFA.<\/p>\n<p>FONTE: site transparencia.pr.gov.br<\/p>\n<p><span style=\"font-family: Arial, sans-serif\">Para realizar a pesquisa dos m\u00f3dulos\u00a0<\/span><strong><span style=\"font-family: Arial, sans-serif\"><b>Pagamentos Efetuados\u00a0<\/b><\/span><\/strong><span style=\"font-family: Arial, sans-serif\">e\u00a0<\/span><strong><span style=\"font-family: Arial, sans-serif\"><b>Consulta por Credor\u00a0<\/b><\/span><\/strong><span style=\"font-family: Arial, sans-serif\">com as descri\u00e7\u00f5es, baixe a planilha aqui. Os pagamentos demonstrados na planilha tem por escopo a execu\u00e7\u00e3o or\u00e7ament\u00e1ria do exerc\u00edcio.<\/span><\/p>\n<p><span style=\"font-family: Arial, sans-serif\"><a href=\"https:\/\/www3.unicentro.br\/dircont\/wp-content\/uploads\/sites\/101\/2022\/03\/Pagamentos-Janeiro-2022.ods\">Pagamentos Janeiro 2022<\/a><\/span><\/p>\n<p><span style=\"font-family: Arial, sans-serif\"><a href=\"https:\/\/www3.unicentro.br\/dircont\/wp-content\/uploads\/sites\/101\/2022\/03\/Pagamentos-Fevereiro-2022.ods\">Pagamentos Fevereiro 2022<\/a><\/span><\/p>\n<p><a href=\"https:\/\/www3.unicentro.br\/dircont\/wp-content\/uploads\/sites\/101\/2022\/05\/Pagamentos-Marco-2022.ods\">Pagamentos Mar\u00e7o 2022<\/a><\/p>\n<p><a href=\"https:\/\/www3.unicentro.br\/dircont\/wp-content\/uploads\/sites\/101\/2022\/07\/Pagamentos-Abril-2022.ods\">Pagamentos Abril 2022<\/a><\/p>\n<p><a href=\"https:\/\/www3.unicentro.br\/dircont\/wp-content\/uploads\/sites\/101\/2022\/07\/Pagamentos-maio-2022.ods\">Pagamentos maio 2022<\/a><\/p>\n<p><a href=\"https:\/\/www3.unicentro.br\/dircont\/wp-content\/uploads\/sites\/101\/2022\/07\/Pagamentos-junho-2022.ods\">Pagamentos junho 2022<\/a><\/p>\n<p><span style=\"font-family: Arial, sans-serif\"><a href=\"https:\/\/www3.unicentro.br\/dircont\/wp-content\/uploads\/sites\/101\/2022\/09\/Pagamentos-julho-2022-1.ods\">Pagamentos julho 2022<\/a><\/span><\/p>\n<p><span style=\"font-family: Arial, sans-serif\"><a href=\"https:\/\/www3.unicentro.br\/dircont\/wp-content\/uploads\/sites\/101\/2022\/09\/Pagamentos-Agosto-2022-1.ods\">Pagamentos Agosto 2022<\/a><\/span><\/p>\n<p><span style=\"font-family: Arial, sans-serif\"><a href=\"https:\/\/www3.unicentro.br\/dircont\/wp-content\/uploads\/sites\/101\/2022\/11\/Pagamentos-Setembro-2022.ods\">Pagamentos Setembro 2022<\/a><\/span><\/p>\n<p><span style=\"font-family: Arial, sans-serif\"><a href=\"https:\/\/www3.unicentro.br\/dircont\/wp-content\/uploads\/sites\/101\/2022\/11\/Pagamentos-Outubro-2022.ods\">Pagamentos Outubro 2022<\/a><\/span><\/p>\n<p><a href=\"https:\/\/drive.google.com\/file\/d\/1eTJrKGE0Qm83_hGQAvOztQAo9pxqoHJX\/view?usp=share_link\">Pagamentos Novembro 2022<\/a><\/p>\n<p><a href=\"https:\/\/docs.google.com\/spreadsheets\/d\/17MRlNAKhMJvUvs9wvANMJiyYvWHKKr70\/edit?usp=share_link&amp;ouid=117573593199905642058&amp;rtpof=true&amp;sd=true\">Pagamento Dez<\/a><\/p>\n<p><span style=\"font-family: Arial, sans-serif\">Para baixar os relat\u00f3rios por natureza de Despesa<\/span><span style=\"font-family: Arial, sans-serif\">\u00a0no modelo PDF, selecione o m\u00eas desejado aqui.<\/span><\/p>\n<p><a href=\"https:\/\/www3.unicentro.br\/dircont\/wp-content\/uploads\/sites\/101\/2022\/03\/Despesa-Janeiro-2022.pdf\">Despesa Janeiro 2022<\/a><\/p>\n<p><a href=\"https:\/\/www3.unicentro.br\/dircont\/wp-content\/uploads\/sites\/101\/2022\/03\/Despesa-Fevereiro-2022.pdf\">Despesa Fevereiro 2022<\/a><\/p>\n<p><a href=\"https:\/\/www3.unicentro.br\/dircont\/wp-content\/uploads\/sites\/101\/2022\/05\/Despesas-Marco-2022.pdf\">Despesas Mar\u00e7o 2022<\/a><\/p>\n<p><a href=\"https:\/\/www3.unicentro.br\/dircont\/wp-content\/uploads\/sites\/101\/2022\/07\/DESPESAS-DE-ABRIL.pdf\">DESPESAS DE ABRIL<\/a><\/p>\n<p><a href=\"https:\/\/www3.unicentro.br\/dircont\/wp-content\/uploads\/sites\/101\/2022\/07\/DESPESAS-DE-MAIO.pdf\">DESPESAS DE MAIO<\/a><\/p>\n<p><a href=\"https:\/\/www3.unicentro.br\/dircont\/wp-content\/uploads\/sites\/101\/2022\/07\/DESPESAS-DE-JUNHO.pdf\">DESPESAS DE JUNHO<\/a><\/p>\n<p><a href=\"https:\/\/www3.unicentro.br\/dircont\/wp-content\/uploads\/sites\/101\/2022\/09\/DESPESAS-DE-JULHO-1.pdf\">DESPESAS DE JULHO<\/a><\/p>\n<p><a href=\"https:\/\/www3.unicentro.br\/dircont\/wp-content\/uploads\/sites\/101\/2022\/09\/DESPESAS-DE-AGOSTO-1.pdf\">DESPESAS DE AGOSTO<\/a><\/p>\n<p><a href=\"https:\/\/www3.unicentro.br\/dircont\/wp-content\/uploads\/sites\/101\/2022\/11\/DESPESA-DE-SETEMBRO.pdf\">DESPESA DE SETEMBRO<\/a><\/p>\n<p><a href=\"https:\/\/www3.unicentro.br\/dircont\/wp-content\/uploads\/sites\/101\/2022\/11\/DESPESA-DE-OUTUBRO.pdf\">DESPESA <\/a><a href=\"https:\/\/www3.unicentro.br\/dircont\/wp-content\/uploads\/sites\/101\/2022\/11\/DESPESA-DE-OUTUBRO.pdf\">\u00a0DE OUTUBRO<\/a><\/p>\n<p><a href=\"https:\/\/www3.unicentro.br\/dircont\/wp-content\/uploads\/sites\/101\/2022\/11\/DESPESA-DE-OUTUBRO.pdf\">DESPESA <\/a><a href=\"https:\/\/drive.google.com\/file\/d\/1WAVJu0VmfMDJV4u23yOBXESXr8PztRF6\/view?usp=share_link\">\u00a0DE NOVEMBRO<\/a><\/p>\n<p><a href=\"https:\/\/drive.google.com\/file\/d\/1MoLuwv3xXrJri7uybgdk9moDHEFs-ipG\/view?usp=share_link\">DESPESAS DEZEMBRO<\/a><\/p>\n","protected":false},"excerpt":{"rendered":"<p>Os dados constantes da tabela referem-se as despesas do exerc\u00edcio de 2022, extra\u00eddas do Sistema NOVO SIAF e homologados pela Diretoria de Contabilidade do Estado DCG\/SEFA. FONTE: site transparencia.pr.gov.br Para realizar a pesquisa dos m\u00f3dulos\u00a0Pagamentos Efetuados\u00a0e\u00a0Consulta por Credor\u00a0com as descri\u00e7\u00f5es, baixe a planilha aqui. Os pagamentos demonstrados na planilha tem por escopo a execu\u00e7\u00e3o or\u00e7ament\u00e1ria [&hellip;]<\/p>\n","protected":false},"author":3,"featured_media":0,"parent":271,"menu_order":0,"comment_status":"closed","ping_status":"closed","template":"","meta":{"_exactmetrics_skip_tracking":false,"_exactmetrics_sitenote_active":false,"_exactmetrics_sitenote_note":"","_exactmetrics_sitenote_category":0,"footnotes":"","_links_to":"","_links_to_target":""},"class_list":["post-472","page","type-page","status-publish","hentry"],"_links":{"self":[{"href":"https:\/\/www3.unicentro.br\/dircont\/wp-json\/wp\/v2\/pages\/472","targetHints":{"allow":["GET"]}}],"collection":[{"href":"https:\/\/www3.unicentro.br\/dircont\/wp-json\/wp\/v2\/pages"}],"about":[{"href":"https:\/\/www3.unicentro.br\/dircont\/wp-json\/wp\/v2\/types\/page"}],"author":[{"embeddable":true,"href":"https:\/\/www3.unicentro.br\/dircont\/wp-json\/wp\/v2\/users\/3"}],"replies":[{"embeddable":true,"href":"https:\/\/www3.unicentro.br\/dircont\/wp-json\/wp\/v2\/comments?post=472"}],"version-history":[{"count":0,"href":"https:\/\/www3.unicentro.br\/dircont\/wp-json\/wp\/v2\/pages\/472\/revisions"}],"up":[{"embeddable":true,"href":"https:\/\/www3.unicentro.br\/dircont\/wp-json\/wp\/v2\/pages\/271"}],"wp:attachment":[{"href":"https:\/\/www3.unicentro.br\/dircont\/wp-json\/wp\/v2\/media?parent=472"}],"curies":[{"name":"wp","href":"https:\/\/api.w.org\/{rel}","templated":true}]}}