{"id":412,"date":"2021-11-09T17:25:24","date_gmt":"2021-11-09T20:25:24","guid":{"rendered":"https:\/\/www3.unicentro.br\/dircont\/?page_id=412"},"modified":"2021-11-10T16:36:11","modified_gmt":"2021-11-10T19:36:11","slug":"receitas-exercicio-2018","status":"publish","type":"page","link":"https:\/\/www3.unicentro.br\/dircont\/prestando-contas\/receitas\/receitas-exercicio-2018\/","title":{"rendered":"RECEITAS \u00d3RG\u00c3O 4533 EXERC\u00cdCIO 2018"},"content":{"rendered":"<p>Os dados constantes das tabelas referem-se as receitas do exerc\u00edcio de 2018, extra\u00eddas do Sistema NOVO SIAF e homologados pela Diretoria de Contabilidade do Estado DCG\/SEFA.<br \/>\nFONTE: portal transparencia.pr.gov.br<\/p>\n<p>Os arquivos abaixo podem ser baixados no\u00a0 formado planilha.<\/p>\n<p><a href=\"https:\/\/www3.unicentro.br\/dircont\/wp-content\/uploads\/sites\/101\/2021\/11\/Receitas-UNICENTRO-2018.xls\">Receitas UNICENTRO 2018<\/a><\/p>\n<p>&nbsp;<\/p>\n<p><span style=\"color: #666666\">\u00a0<\/span>Os arquivos podem ser baixados no\u00a0 formado pdf.<\/p>\n<p><a href=\"https:\/\/www3.unicentro.br\/dircont\/wp-content\/uploads\/sites\/101\/2021\/11\/Receitas-UNICENTRO-2018.pdf\">Receitas UNICENTRO 2018<\/a><\/p>\n","protected":false},"excerpt":{"rendered":"<p>Os dados constantes das tabelas referem-se as receitas do exerc\u00edcio de 2018, extra\u00eddas do Sistema NOVO SIAF e homologados pela Diretoria de Contabilidade do Estado DCG\/SEFA. FONTE: portal transparencia.pr.gov.br Os arquivos abaixo podem ser baixados no\u00a0 formado planilha. Receitas UNICENTRO 2018 &nbsp; \u00a0Os arquivos podem ser baixados no\u00a0 formado pdf. Receitas UNICENTRO 2018<\/p>\n","protected":false},"author":335,"featured_media":0,"parent":273,"menu_order":0,"comment_status":"closed","ping_status":"closed","template":"","meta":{"_exactmetrics_skip_tracking":false,"_exactmetrics_sitenote_active":false,"_exactmetrics_sitenote_note":"","_exactmetrics_sitenote_category":0,"footnotes":"","_links_to":"","_links_to_target":""},"class_list":["post-412","page","type-page","status-publish","hentry"],"_links":{"self":[{"href":"https:\/\/www3.unicentro.br\/dircont\/wp-json\/wp\/v2\/pages\/412","targetHints":{"allow":["GET"]}}],"collection":[{"href":"https:\/\/www3.unicentro.br\/dircont\/wp-json\/wp\/v2\/pages"}],"about":[{"href":"https:\/\/www3.unicentro.br\/dircont\/wp-json\/wp\/v2\/types\/page"}],"author":[{"embeddable":true,"href":"https:\/\/www3.unicentro.br\/dircont\/wp-json\/wp\/v2\/users\/335"}],"replies":[{"embeddable":true,"href":"https:\/\/www3.unicentro.br\/dircont\/wp-json\/wp\/v2\/comments?post=412"}],"version-history":[{"count":0,"href":"https:\/\/www3.unicentro.br\/dircont\/wp-json\/wp\/v2\/pages\/412\/revisions"}],"up":[{"embeddable":true,"href":"https:\/\/www3.unicentro.br\/dircont\/wp-json\/wp\/v2\/pages\/273"}],"wp:attachment":[{"href":"https:\/\/www3.unicentro.br\/dircont\/wp-json\/wp\/v2\/media?parent=412"}],"curies":[{"name":"wp","href":"https:\/\/api.w.org\/{rel}","templated":true}]}}