{"id":404,"date":"2021-11-09T17:22:20","date_gmt":"2021-11-09T20:22:20","guid":{"rendered":"https:\/\/www3.unicentro.br\/dircont\/?page_id=404"},"modified":"2021-11-10T15:23:11","modified_gmt":"2021-11-10T18:23:11","slug":"despesas-exercicio-2018","status":"publish","type":"page","link":"https:\/\/www3.unicentro.br\/dircont\/prestando-contas\/despesas\/despesas-exercicio-2018\/","title":{"rendered":"DESPESAS \u00d3RG\u00c3O 4533 EXERC\u00cdCIO 2018"},"content":{"rendered":"<p>Os dados constantes da tabela referem-se as despesas do exerc\u00edcio de 2018, extra\u00eddas do Sistema NOVO SIAF e homologados pela Diretoria de Contabilidade do Estado DCG\/SEFA.<\/p>\n<p>FONTE: site transparencia.pr.gov.br<\/p>\n<p><span style=\"font-family: Arial, sans-serif\">Para realizar a pesquisa\u00a0<\/span><strong><span style=\"font-family: Arial, sans-serif\"><b>Consulta Detalhada<\/b><\/span><\/strong><span style=\"font-family: Arial, sans-serif\">\u00a0atualizada, baixe a planilha aqui.<\/span><\/p>\n<p><a href=\"https:\/\/www3.unicentro.br\/dircont\/wp-content\/uploads\/sites\/101\/2021\/11\/Despesas-UNICENTRO-DE-2018.ods\">Despesas UNICENTRO DE 2018<\/a><\/p>\n<p><span style=\"font-family: Arial, sans-serif\">Para baixar os relat\u00f3rios\u00a0<\/span><strong><span style=\"font-family: Arial, sans-serif\"><b>Consulta Detalhada<\/b><\/span><\/strong><span style=\"font-family: Arial, sans-serif\">\u00a0no modelo PDF, selecione o m\u00eas desejado aqui.<\/span><\/p>\n<p><a href=\"https:\/\/www3.unicentro.br\/dircont\/wp-content\/uploads\/sites\/101\/2021\/11\/Despesas-UNICENTRO-DE-2018.pdf\">Despesas UNICENTRO DE 2018<\/a><\/p>\n","protected":false},"excerpt":{"rendered":"<p>Os dados constantes da tabela referem-se as despesas do exerc\u00edcio de 2018, extra\u00eddas do Sistema NOVO SIAF e homologados pela Diretoria de Contabilidade do Estado DCG\/SEFA. FONTE: site transparencia.pr.gov.br Para realizar a pesquisa\u00a0Consulta Detalhada\u00a0atualizada, baixe a planilha aqui. Despesas UNICENTRO DE 2018 Para baixar os relat\u00f3rios\u00a0Consulta Detalhada\u00a0no modelo PDF, selecione o m\u00eas desejado aqui. Despesas [&hellip;]<\/p>\n","protected":false},"author":335,"featured_media":0,"parent":271,"menu_order":0,"comment_status":"closed","ping_status":"closed","template":"","meta":{"_exactmetrics_skip_tracking":false,"_exactmetrics_sitenote_active":false,"_exactmetrics_sitenote_note":"","_exactmetrics_sitenote_category":0,"footnotes":"","_links_to":"","_links_to_target":""},"class_list":["post-404","page","type-page","status-publish","hentry"],"_links":{"self":[{"href":"https:\/\/www3.unicentro.br\/dircont\/wp-json\/wp\/v2\/pages\/404","targetHints":{"allow":["GET"]}}],"collection":[{"href":"https:\/\/www3.unicentro.br\/dircont\/wp-json\/wp\/v2\/pages"}],"about":[{"href":"https:\/\/www3.unicentro.br\/dircont\/wp-json\/wp\/v2\/types\/page"}],"author":[{"embeddable":true,"href":"https:\/\/www3.unicentro.br\/dircont\/wp-json\/wp\/v2\/users\/335"}],"replies":[{"embeddable":true,"href":"https:\/\/www3.unicentro.br\/dircont\/wp-json\/wp\/v2\/comments?post=404"}],"version-history":[{"count":0,"href":"https:\/\/www3.unicentro.br\/dircont\/wp-json\/wp\/v2\/pages\/404\/revisions"}],"up":[{"embeddable":true,"href":"https:\/\/www3.unicentro.br\/dircont\/wp-json\/wp\/v2\/pages\/271"}],"wp:attachment":[{"href":"https:\/\/www3.unicentro.br\/dircont\/wp-json\/wp\/v2\/media?parent=404"}],"curies":[{"name":"wp","href":"https:\/\/api.w.org\/{rel}","templated":true}]}}