{"id":273,"date":"2021-10-29T14:01:04","date_gmt":"2021-10-29T17:01:04","guid":{"rendered":"https:\/\/www3.unicentro.br\/dircont\/?page_id=273"},"modified":"2026-03-25T11:05:48","modified_gmt":"2026-03-25T14:05:48","slug":"receitas","status":"publish","type":"page","link":"https:\/\/www3.unicentro.br\/dircont\/prestando-contas\/receitas\/","title":{"rendered":"Receitas"},"content":{"rendered":"<div class=\"wpb-content-wrapper\"><p>[vc_row][vc_column][vc_column_text css=&#8221;&#8221;]<\/p>\n<ul>\n<li><a href=\"https:\/\/drive.google.com\/drive\/folders\/1mzRqev_-UZxsFnkM3ttmvBjqsxjBAszK?usp=sharing\">Receitas \u00d3rg\u00e3o 4533 &#8211; Exerc\u00edcio 2026<\/a><\/li>\n<li><a href=\"https:\/\/drive.google.com\/drive\/folders\/1ZnUxwdzxBxM06H7Skb0M_BAaHs32qRj1?usp=sharing\">Receitas \u00d3rg\u00e3o 4533 &#8211; Exerc\u00edcio 2025<\/a><\/li>\n<li><a href=\"https:\/\/drive.google.com\/drive\/folders\/1SiUwRY0YE4fs2S36ZPX7gkU4M2IfD6b_?usp=sharing\">Receitas \u00d3rg\u00e3o 4533 &#8211; Exerc\u00edcio 2024<\/a><\/li>\n<li><a href=\"https:\/\/drive.google.com\/drive\/folders\/1S_-Wu1x2IYHbZLsDHteFxhsF6ZpsAFXx?usp=sharing\">Receitas \u00d3rg\u00e3o 4533 &#8211; Exerc\u00edcio 2023<\/a><\/li>\n<li><a href=\"https:\/\/www3.unicentro.br\/dircont\/prestando-contas\/receitas\/receitas-orgao-4533-exercicio-2022\/\">Receitas \u00d3rg\u00e3o 4533 &#8211; Exerc\u00edcio 2022<\/a><\/li>\n<li><a href=\"https:\/\/www3.unicentro.br\/dircont\/receitas-orgao-4533-exercicio-2021\/\">Receitas \u00d3rg\u00e3o 4533 &#8211; Exerc\u00edcio 2021<\/a><\/li>\n<li><a href=\"https:\/\/www3.unicentro.br\/dircont\/receitas-orgao-4533-exercicio-2020\/\">Receitas \u00d3rg\u00e3o 4533 &#8211; Exerc\u00edcio 2020<\/a><\/li>\n<li><a href=\"https:\/\/www3.unicentro.br\/dircont\/receitas-2019\/\">Receitas \u00d3rg\u00e3o 4533 &#8211; Exerc\u00edcio 2019<\/a><\/li>\n<li><a href=\"https:\/\/www3.unicentro.br\/dircont\/portal-da-transparencia\/receitas\/receitas-exercicio-2018\/\">Receitas \u00d3rg\u00e3o 4533 &#8211; Exerc\u00edcio 2018<\/a><\/li>\n<\/ul>\n<p>[\/vc_column_text][\/vc_column][\/vc_row]<\/p>\n<\/div>","protected":false},"excerpt":{"rendered":"<p>[vc_row][vc_column][vc_column_text css=&#8221;&#8221;] Receitas \u00d3rg\u00e3o 4533 &#8211; Exerc\u00edcio 2026 Receitas \u00d3rg\u00e3o 4533 &#8211; Exerc\u00edcio 2025 Receitas \u00d3rg\u00e3o 4533 &#8211; Exerc\u00edcio 2024 Receitas \u00d3rg\u00e3o 4533 &#8211; Exerc\u00edcio 2023 Receitas \u00d3rg\u00e3o 4533 &#8211; Exerc\u00edcio 2022 Receitas \u00d3rg\u00e3o 4533 &#8211; Exerc\u00edcio 2021 Receitas \u00d3rg\u00e3o 4533 &#8211; Exerc\u00edcio 2020 Receitas \u00d3rg\u00e3o 4533 &#8211; Exerc\u00edcio 2019 Receitas \u00d3rg\u00e3o 4533 &#8211; Exerc\u00edcio [&hellip;]<\/p>\n","protected":false},"author":3,"featured_media":0,"parent":277,"menu_order":0,"comment_status":"closed","ping_status":"closed","template":"","meta":{"_exactmetrics_skip_tracking":false,"_exactmetrics_sitenote_active":false,"_exactmetrics_sitenote_note":"","_exactmetrics_sitenote_category":0,"footnotes":"","_links_to":"","_links_to_target":""},"class_list":["post-273","page","type-page","status-publish","hentry"],"_links":{"self":[{"href":"https:\/\/www3.unicentro.br\/dircont\/wp-json\/wp\/v2\/pages\/273","targetHints":{"allow":["GET"]}}],"collection":[{"href":"https:\/\/www3.unicentro.br\/dircont\/wp-json\/wp\/v2\/pages"}],"about":[{"href":"https:\/\/www3.unicentro.br\/dircont\/wp-json\/wp\/v2\/types\/page"}],"author":[{"embeddable":true,"href":"https:\/\/www3.unicentro.br\/dircont\/wp-json\/wp\/v2\/users\/3"}],"replies":[{"embeddable":true,"href":"https:\/\/www3.unicentro.br\/dircont\/wp-json\/wp\/v2\/comments?post=273"}],"version-history":[{"count":4,"href":"https:\/\/www3.unicentro.br\/dircont\/wp-json\/wp\/v2\/pages\/273\/revisions"}],"predecessor-version":[{"id":1225,"href":"https:\/\/www3.unicentro.br\/dircont\/wp-json\/wp\/v2\/pages\/273\/revisions\/1225"}],"up":[{"embeddable":true,"href":"https:\/\/www3.unicentro.br\/dircont\/wp-json\/wp\/v2\/pages\/277"}],"wp:attachment":[{"href":"https:\/\/www3.unicentro.br\/dircont\/wp-json\/wp\/v2\/media?parent=273"}],"curies":[{"name":"wp","href":"https:\/\/api.w.org\/{rel}","templated":true}]}}