{"id":271,"date":"2021-10-29T13:59:02","date_gmt":"2021-10-29T16:59:02","guid":{"rendered":"https:\/\/www3.unicentro.br\/dircont\/?page_id=271"},"modified":"2026-03-25T11:07:50","modified_gmt":"2026-03-25T14:07:50","slug":"despesas","status":"publish","type":"page","link":"https:\/\/www3.unicentro.br\/dircont\/prestando-contas\/despesas\/","title":{"rendered":"Despesas"},"content":{"rendered":"<div class=\"wpb-content-wrapper\"><p>[vc_row][vc_column][vc_column_text css=&#8221;&#8221;]<\/p>\n<ul>\n<li><a href=\"https:\/\/drive.google.com\/drive\/folders\/11o4MHKWaO9EcXZ1QnB6wxy15J4MR6Ecl?usp=sharing\">Despesas Exerc\u00edcio 2026<\/a><\/li>\n<li><a href=\"https:\/\/www3.unicentro.br\/dircont\/prestando-contas\/despesas\/despesas-orgao-4533-exercicio-2025\/\">Despesas Exerc\u00edcio 2025<\/a><\/li>\n<li><a href=\"https:\/\/drive.google.com\/drive\/folders\/1FvaCiVLdSOIlLqNRigTnhJKkv4LOO8Mu?usp=sharing\">Despesas Exerc\u00edcio 2024<\/a><\/li>\n<li><a href=\"https:\/\/drive.google.com\/drive\/folders\/1QcAN-uqZ06IaOhch8mNCCnTb53M1wOLX?usp=sharing\">Despesas Exerc\u00edcio 2023<\/a><\/li>\n<li><a href=\"https:\/\/www3.unicentro.br\/dircont\/prestando-contas\/despesas\/despesas-orgao-4533-exercicio-2022\/\">Despesas Exerc\u00edcio 2022<\/a><\/li>\n<li><a href=\"https:\/\/www3.unicentro.br\/dircont\/despesas-exercicio-2021\/\">Despesas Exerc\u00edcio 2021<\/a><\/li>\n<li><a href=\"https:\/\/www3.unicentro.br\/dircont\/portal-da-transparencia\/despesas\/despesas-exercicio-2020\/\">Despesas Exerc\u00edcio 2020<\/a><\/li>\n<li><a href=\"https:\/\/www3.unicentro.br\/dircont\/despesas-exercicio-2019\/\">Despesas Exerc\u00edcio 2019<\/a><\/li>\n<li><a href=\"https:\/\/www3.unicentro.br\/dircont\/portal-da-transparencia\/despesas\/despesas-exercicio-2018\/\">Despesas Exerc\u00edcio 2018<\/a><\/li>\n<\/ul>\n<p>[\/vc_column_text][\/vc_column][\/vc_row]<\/p>\n<\/div>","protected":false},"excerpt":{"rendered":"<p>[vc_row][vc_column][vc_column_text css=&#8221;&#8221;] Despesas Exerc\u00edcio 2026 Despesas Exerc\u00edcio 2025 Despesas Exerc\u00edcio 2024 Despesas Exerc\u00edcio 2023 Despesas Exerc\u00edcio 2022 Despesas Exerc\u00edcio 2021 Despesas Exerc\u00edcio 2020 Despesas Exerc\u00edcio 2019 Despesas Exerc\u00edcio 2018 [\/vc_column_text][\/vc_column][\/vc_row]<\/p>\n","protected":false},"author":3,"featured_media":0,"parent":277,"menu_order":0,"comment_status":"closed","ping_status":"closed","template":"","meta":{"_exactmetrics_skip_tracking":false,"_exactmetrics_sitenote_active":false,"_exactmetrics_sitenote_note":"","_exactmetrics_sitenote_category":0,"footnotes":"","_links_to":"","_links_to_target":""},"class_list":["post-271","page","type-page","status-publish","hentry"],"_links":{"self":[{"href":"https:\/\/www3.unicentro.br\/dircont\/wp-json\/wp\/v2\/pages\/271","targetHints":{"allow":["GET"]}}],"collection":[{"href":"https:\/\/www3.unicentro.br\/dircont\/wp-json\/wp\/v2\/pages"}],"about":[{"href":"https:\/\/www3.unicentro.br\/dircont\/wp-json\/wp\/v2\/types\/page"}],"author":[{"embeddable":true,"href":"https:\/\/www3.unicentro.br\/dircont\/wp-json\/wp\/v2\/users\/3"}],"replies":[{"embeddable":true,"href":"https:\/\/www3.unicentro.br\/dircont\/wp-json\/wp\/v2\/comments?post=271"}],"version-history":[{"count":4,"href":"https:\/\/www3.unicentro.br\/dircont\/wp-json\/wp\/v2\/pages\/271\/revisions"}],"predecessor-version":[{"id":1227,"href":"https:\/\/www3.unicentro.br\/dircont\/wp-json\/wp\/v2\/pages\/271\/revisions\/1227"}],"up":[{"embeddable":true,"href":"https:\/\/www3.unicentro.br\/dircont\/wp-json\/wp\/v2\/pages\/277"}],"wp:attachment":[{"href":"https:\/\/www3.unicentro.br\/dircont\/wp-json\/wp\/v2\/media?parent=271"}],"curies":[{"name":"wp","href":"https:\/\/api.w.org\/{rel}","templated":true}]}}