{"id":248,"date":"2021-10-29T13:28:32","date_gmt":"2021-10-29T16:28:32","guid":{"rendered":"https:\/\/www3.unicentro.br\/dircont\/?page_id=248"},"modified":"2022-03-22T13:42:04","modified_gmt":"2022-03-22T16:42:04","slug":"receitas-orgao-4533-exercicio-2021","status":"publish","type":"page","link":"https:\/\/www3.unicentro.br\/dircont\/prestando-contas\/receitas\/receitas-orgao-4533-exercicio-2021\/","title":{"rendered":"RECEITAS \u00d3RG\u00c3O 4533 EXERC\u00cdCIO 2021"},"content":{"rendered":"<p>Os dados constantes da tabela referem-se as receitas do exerc\u00edcio de 2021, extra\u00eddas do Sistema NOVO SIAF e homologados pela Diretoria de Contabilidade do Estado DCG\/SEFA.<br \/>\nFONTE: portal transparencia.pr.gov.br<\/p>\n<p><span style=\"color: #666666\"><span style=\"font-family: Arial, sans-serif\"><span style=\"font-size: medium\">Os arquivos podem ser baixados no\u00a0 formado planilha.<\/span><\/span><\/span><\/p>\n<p><a href=\"https:\/\/www3.unicentro.br\/dircont\/wp-content\/uploads\/sites\/101\/2021\/11\/RECEITAS-UNICENTRO-JAN-2021.ods\">RECEITAS UNICENTRO JAN 2021<\/a><\/p>\n<p><a href=\"https:\/\/www3.unicentro.br\/dircont\/wp-content\/uploads\/sites\/101\/2021\/11\/RECEITAS-UNICENTRO-FEV-2021.ods\">RECEITAS UNICENTRO FEV 2021<\/a><\/p>\n<p><a href=\"https:\/\/www3.unicentro.br\/dircont\/wp-content\/uploads\/sites\/101\/2021\/11\/RECEITAS-UNICENTRO-MAR-2021.ods\">RECEITAS UNICENTRO MAR 2021<\/a><\/p>\n<p><a href=\"https:\/\/www3.unicentro.br\/dircont\/wp-content\/uploads\/sites\/101\/2021\/11\/RECEITAS-UNICENTRO-ABR-2021.ods\">RECEITAS UNICENTRO ABR 2021<\/a><\/p>\n<p><a href=\"https:\/\/www3.unicentro.br\/dircont\/wp-content\/uploads\/sites\/101\/2021\/11\/RECEITAS-UNICENTRO-MAIO-2021.ods\">RECEITAS UNICENTRO MAIO 2021<\/a><\/p>\n<p><a href=\"https:\/\/www3.unicentro.br\/dircont\/wp-content\/uploads\/sites\/101\/2021\/11\/RECEITAS-UNICENTRO-JUN-2021.ods\">RECEITAS UNICENTRO JUN 2021<\/a><\/p>\n<p><a href=\"https:\/\/www3.unicentro.br\/dircont\/wp-content\/uploads\/sites\/101\/2021\/11\/RECEITAS-UNICENTRO-JUL-2021.ods\">RECEITAS UNICENTRO JUL 2021<\/a><\/p>\n<p><a href=\"https:\/\/www3.unicentro.br\/dircont\/wp-content\/uploads\/sites\/101\/2021\/11\/RECEITAS-UNICENTRO-AGO-2021.ods\">RECEITAS UNICENTRO AGO 2021<\/a><\/p>\n<p><a href=\"https:\/\/www3.unicentro.br\/dircont\/wp-content\/uploads\/sites\/101\/2021\/11\/RECEITAS-UNICENTRO-SET-2021.ods\">RECEITAS UNICENTRO SET 2021<\/a><\/p>\n<p><a href=\"https:\/\/www3.unicentro.br\/dircont\/wp-content\/uploads\/sites\/101\/2021\/11\/RECEITAS-UNICENTRO-OUT-2021.ods\">RECEITAS UNICENTRO OUT 2021<\/a><\/p>\n<p><a href=\"https:\/\/www3.unicentro.br\/dircont\/wp-content\/uploads\/sites\/101\/2021\/11\/RECEITAS-UNICENTRO-NOV-2021-1.ods\">RECEITAS UNICENTRO NOV 2021<\/a><\/p>\n<p><a href=\"https:\/\/www3.unicentro.br\/dircont\/wp-content\/uploads\/sites\/101\/2022\/03\/RECEITAS-UNICENTRO-DEZ-2021-1.ods\">RECEITAS UNICENTRO DEZ 2021<\/a><\/p>\n<p><span style=\"color: #666666\">\u00a0<\/span>Os arquivos podem ser baixados no\u00a0 formado pdf.<\/p>\n<p><a href=\"https:\/\/www3.unicentro.br\/dircont\/wp-content\/uploads\/sites\/101\/2021\/11\/RECEITAS-UNICENTRO-JAN-2021.pdf\">RECEITAS UNICENTRO JAN 2021<\/a><\/p>\n<p><a href=\"https:\/\/www3.unicentro.br\/dircont\/wp-content\/uploads\/sites\/101\/2021\/11\/RECEITAS-UNICENTRO-FEV-2021.pdf\">RECEITAS UNICENTRO FEV 2021<\/a><\/p>\n<p><a href=\"https:\/\/www3.unicentro.br\/dircont\/wp-content\/uploads\/sites\/101\/2021\/11\/RECEITAS-UNICENTRO-MAR-2021.pdf\">RECEITAS UNICENTRO MAR 2021<\/a><\/p>\n<p><a href=\"https:\/\/www3.unicentro.br\/dircont\/wp-content\/uploads\/sites\/101\/2021\/11\/RECEITAS-UNICENTRO-ABR-2021.pdf\">RECEITAS UNICENTRO ABR 2021<\/a><\/p>\n<p><a href=\"https:\/\/www3.unicentro.br\/dircont\/wp-content\/uploads\/sites\/101\/2021\/11\/RECEITAS-UNICENTRO-MAIO-2021.pdf\">RECEITAS UNICENTRO MAIO 2021<\/a><\/p>\n<p><a href=\"https:\/\/www3.unicentro.br\/dircont\/wp-content\/uploads\/sites\/101\/2021\/11\/RECEITAS-UNICENTRO-JUN-2021.pdf\">RECEITAS UNICENTRO JUN 2021<\/a><\/p>\n<p><a href=\"https:\/\/www3.unicentro.br\/dircont\/wp-content\/uploads\/sites\/101\/2021\/11\/RECEITAS-UNICENTRO-JUL-2021.pdf\">RECEITAS UNICENTRO JUL 2021<\/a><\/p>\n<p><a href=\"https:\/\/www3.unicentro.br\/dircont\/wp-content\/uploads\/sites\/101\/2021\/11\/RECEITAS-UNICENTRO-AGO-2021.pdf\">RECEITAS UNICENTRO AGO 2021<\/a><\/p>\n<p><a href=\"https:\/\/www3.unicentro.br\/dircont\/wp-content\/uploads\/sites\/101\/2021\/11\/RECEITAS-UNICENTRO-SET-2021.pdf\">RECEITAS UNICENTRO SET 2021<\/a><\/p>\n<p><a href=\"https:\/\/www3.unicentro.br\/dircont\/wp-content\/uploads\/sites\/101\/2021\/11\/RECEITAS-UNICENTRO-OUT-2021.pdf\">RECEITAS UNICENTRO OUT 2021<\/a><\/p>\n<p><a href=\"https:\/\/www3.unicentro.br\/dircont\/wp-content\/uploads\/sites\/101\/2022\/03\/RECEITAS-UNICENTRO-NOV-2021-1.pdf\">RECEITAS UNICENTRO NOV 2021<\/a><\/p>\n<p><a href=\"https:\/\/www3.unicentro.br\/dircont\/wp-content\/uploads\/sites\/101\/2022\/03\/RECEITAS-UNICENTRO-DEZ-2021-1.pdf\">RECEITAS UNICENTRO DEZ 2021<\/a><\/p>\n<p>&nbsp;<\/p>\n<p>&nbsp;<\/p>\n","protected":false},"excerpt":{"rendered":"<p>Os dados constantes da tabela referem-se as receitas do exerc\u00edcio de 2021, extra\u00eddas do Sistema NOVO SIAF e homologados pela Diretoria de Contabilidade do Estado DCG\/SEFA. FONTE: portal transparencia.pr.gov.br Os arquivos podem ser baixados no\u00a0 formado planilha. RECEITAS UNICENTRO JAN 2021 RECEITAS UNICENTRO FEV 2021 RECEITAS UNICENTRO MAR 2021 RECEITAS UNICENTRO ABR 2021 RECEITAS UNICENTRO [&hellip;]<\/p>\n","protected":false},"author":335,"featured_media":0,"parent":273,"menu_order":0,"comment_status":"closed","ping_status":"closed","template":"","meta":{"_exactmetrics_skip_tracking":false,"_exactmetrics_sitenote_active":false,"_exactmetrics_sitenote_note":"","_exactmetrics_sitenote_category":0,"footnotes":"","_links_to":"","_links_to_target":""},"class_list":["post-248","page","type-page","status-publish","hentry"],"_links":{"self":[{"href":"https:\/\/www3.unicentro.br\/dircont\/wp-json\/wp\/v2\/pages\/248","targetHints":{"allow":["GET"]}}],"collection":[{"href":"https:\/\/www3.unicentro.br\/dircont\/wp-json\/wp\/v2\/pages"}],"about":[{"href":"https:\/\/www3.unicentro.br\/dircont\/wp-json\/wp\/v2\/types\/page"}],"author":[{"embeddable":true,"href":"https:\/\/www3.unicentro.br\/dircont\/wp-json\/wp\/v2\/users\/335"}],"replies":[{"embeddable":true,"href":"https:\/\/www3.unicentro.br\/dircont\/wp-json\/wp\/v2\/comments?post=248"}],"version-history":[{"count":0,"href":"https:\/\/www3.unicentro.br\/dircont\/wp-json\/wp\/v2\/pages\/248\/revisions"}],"up":[{"embeddable":true,"href":"https:\/\/www3.unicentro.br\/dircont\/wp-json\/wp\/v2\/pages\/273"}],"wp:attachment":[{"href":"https:\/\/www3.unicentro.br\/dircont\/wp-json\/wp\/v2\/media?parent=248"}],"curies":[{"name":"wp","href":"https:\/\/api.w.org\/{rel}","templated":true}]}}