{"id":217,"date":"2021-10-29T13:19:36","date_gmt":"2021-10-29T16:19:36","guid":{"rendered":"https:\/\/www3.unicentro.br\/dircont\/?page_id=217"},"modified":"2021-11-09T17:09:14","modified_gmt":"2021-11-09T20:09:14","slug":"receitas-orgao-4533-exercicio-2020","status":"publish","type":"page","link":"https:\/\/www3.unicentro.br\/dircont\/prestando-contas\/receitas\/receitas-orgao-4533-exercicio-2020\/","title":{"rendered":"RECEITAS \u00d3RG\u00c3O 4533 EXERC\u00cdCIO 2020"},"content":{"rendered":"<p>Os dados constantes da tabela referem-se as receitas do exerc\u00edcio de 2020, extra\u00eddas do Sistema NOVO SIAF e homologados pela Diretoria de Contabilidade do Estado DCG\/SEFA.<\/p>\n<p>FONTE: site transparencia.pr.gov.br<\/p>\n<p><span style=\"color: #666666\"><span style=\"font-family: Arial, sans-serif\"><span style=\"font-size: medium\">Os arquivos podem ser baixados no\u00a0 formado planilha.<\/span><\/span><\/span><\/p>\n<p><a href=\"https:\/\/www3.unicentro.br\/dircont\/wp-content\/uploads\/sites\/101\/2021\/11\/RECEITAS-UNICENTRO-JAN-2020.ods\">RECEITAS UNICENTRO JAN 2020<\/a><\/p>\n<p><a href=\"https:\/\/www3.unicentro.br\/dircont\/wp-content\/uploads\/sites\/101\/2021\/11\/RECEITAS-UNICENTRO-FEV-2020.ods\">RECEITAS UNICENTRO FEV 2020<\/a><\/p>\n<p><a href=\"https:\/\/www3.unicentro.br\/dircont\/wp-content\/uploads\/sites\/101\/2021\/11\/RECEITAS-UNICENTRO-MAR-2020.ods\">RECEITAS UNICENTRO MAR 2020<\/a><\/p>\n<p><a href=\"https:\/\/www3.unicentro.br\/dircont\/wp-content\/uploads\/sites\/101\/2021\/11\/RECEITAS-UNICENTRO-ABR-2020.ods\">RECEITAS UNICENTRO ABR 2020<\/a><\/p>\n<p><a href=\"https:\/\/www3.unicentro.br\/dircont\/wp-content\/uploads\/sites\/101\/2021\/11\/RECEITAS-UNICENTRO-MAI-2020.ods\">RECEITAS UNICENTRO MAI 2020<\/a><\/p>\n<p><a href=\"https:\/\/www3.unicentro.br\/dircont\/wp-content\/uploads\/sites\/101\/2021\/11\/RECEITAS-UNICENTRO-JUN-2020.ods\">RECEITAS UNICENTRO JUN 2020<\/a><\/p>\n<p><a href=\"https:\/\/www3.unicentro.br\/dircont\/wp-content\/uploads\/sites\/101\/2021\/11\/RECEITAS-UNICENTRO-JUL-2020.ods\">RECEITAS UNICENTRO JUL 2020<\/a><\/p>\n<p><a href=\"https:\/\/www3.unicentro.br\/dircont\/wp-content\/uploads\/sites\/101\/2021\/11\/RECEITAS-UNICENTRO-AGO-2020.ods\">RECEITAS UNICENTRO AGO 2020<\/a><\/p>\n<p><a href=\"https:\/\/www3.unicentro.br\/dircont\/wp-content\/uploads\/sites\/101\/2021\/11\/RECEITAS-UNICENTRO-SET-2020.ods\">RECEITAS UNICENTRO SET 2020<\/a><\/p>\n<p><a href=\"https:\/\/www3.unicentro.br\/dircont\/wp-content\/uploads\/sites\/101\/2021\/11\/RECEITAS-UNICENTRO-OUT-2020.ods\">RECEITAS UNICENTRO OUT 2020<\/a><\/p>\n<p><a href=\"https:\/\/www3.unicentro.br\/dircont\/wp-content\/uploads\/sites\/101\/2021\/11\/RECEITAS-UNICENTRO-NOV-2020.ods\">RECEITAS UNICENTRO NOV 2020<\/a><\/p>\n<p><a href=\"https:\/\/www3.unicentro.br\/dircont\/wp-content\/uploads\/sites\/101\/2021\/11\/RECEITAS-UNICENTRO-DEZ-2020.ods\">RECEITAS UNICENTRO DEZ 2020<\/a><\/p>\n<p>&nbsp;<\/p>\n<p>Os arquivos podem ser baixados no\u00a0 formado pdf<\/p>\n<p><a href=\"https:\/\/www3.unicentro.br\/dircont\/wp-content\/uploads\/sites\/101\/2021\/11\/RECEITAS-UNICENTRO-JAN-2020.pdf\">RECEITAS UNICENTRO JAN 2020<\/a><\/p>\n<p><a href=\"https:\/\/www3.unicentro.br\/dircont\/wp-content\/uploads\/sites\/101\/2021\/11\/RECEITAS-UNICENTRO-FEV-2020.pdf\">RECEITAS UNICENTRO FEV 2020<\/a><\/p>\n<p><a href=\"https:\/\/www3.unicentro.br\/dircont\/wp-content\/uploads\/sites\/101\/2021\/11\/RECEITAS-UNICENTRO-MAR-2020.pdf\">RECEITAS UNICENTRO MAR 2020<\/a><\/p>\n<p><a href=\"https:\/\/www3.unicentro.br\/dircont\/wp-content\/uploads\/sites\/101\/2021\/11\/RECEITAS-UNICENTRO-ABR-2020.pdf\">RECEITAS UNICENTRO ABR 2020<\/a><\/p>\n<p><a href=\"https:\/\/www3.unicentro.br\/dircont\/wp-content\/uploads\/sites\/101\/2021\/11\/RECEITAS-UNICENTRO-MAI-2020.pdf\">RECEITAS UNICENTRO MAI 2020<\/a><\/p>\n<p><a href=\"https:\/\/www3.unicentro.br\/dircont\/wp-content\/uploads\/sites\/101\/2021\/11\/RECEITAS-UNICENTRO-JUN-2020.pdf\">RECEITAS UNICENTRO JUN 2020<\/a><\/p>\n<p><a href=\"https:\/\/www3.unicentro.br\/dircont\/wp-content\/uploads\/sites\/101\/2021\/11\/RECEITAS-UNICENTRO-JUL-2020.pdf\">RECEITAS UNICENTRO JUL 2020<\/a><\/p>\n<p><a href=\"https:\/\/www3.unicentro.br\/dircont\/wp-content\/uploads\/sites\/101\/2021\/11\/RECEITAS-UNICENTRO-AGO-2020.pdf\">RECEITAS UNICENTRO AGO 2020<\/a><\/p>\n<p><a href=\"https:\/\/www3.unicentro.br\/dircont\/wp-content\/uploads\/sites\/101\/2021\/11\/RECEITAS-UNICENTRO-SET-2020.pdf\">RECEITAS UNICENTRO SET 2020<\/a><\/p>\n<p><a href=\"https:\/\/www3.unicentro.br\/dircont\/wp-content\/uploads\/sites\/101\/2021\/11\/RECEITAS-UNICENTRO-OUT-2020.pdf\">RECEITAS UNICENTRO OUT 2020<\/a><\/p>\n<p><a href=\"https:\/\/www3.unicentro.br\/dircont\/wp-content\/uploads\/sites\/101\/2021\/11\/RECEITAS-UNICENTRO-NOV-2020.pdf\">RECEITAS UNICENTRO NOV 2020<\/a><\/p>\n<p><a href=\"https:\/\/www3.unicentro.br\/dircont\/wp-content\/uploads\/sites\/101\/2021\/11\/RECEITAS-UNICENTRO-DEZ-2020.pdf\">RECEITAS UNICENTRO DEZ 2020<\/a><\/p>\n<p>&nbsp;<\/p>\n<p>&nbsp;<\/p>\n<p>&nbsp;<\/p>\n<p>&nbsp;<\/p>\n<p>&nbsp;<\/p>\n<p>&nbsp;<\/p>\n<p>&nbsp;<\/p>\n<p>&nbsp;<\/p>\n<p>&nbsp;<\/p>\n<p>&nbsp;<\/p>\n<p>&nbsp;<\/p>\n<p>&nbsp;<\/p>\n<p>&nbsp;<\/p>\n<p>&nbsp;<\/p>\n<p>&nbsp;<\/p>\n<p>&nbsp;<\/p>\n<p>&nbsp;<\/p>\n","protected":false},"excerpt":{"rendered":"<p>Os dados constantes da tabela referem-se as receitas do exerc\u00edcio de 2020, extra\u00eddas do Sistema NOVO SIAF e homologados pela Diretoria de Contabilidade do Estado DCG\/SEFA. FONTE: site transparencia.pr.gov.br Os arquivos podem ser baixados no\u00a0 formado planilha. RECEITAS UNICENTRO JAN 2020 RECEITAS UNICENTRO FEV 2020 RECEITAS UNICENTRO MAR 2020 RECEITAS UNICENTRO ABR 2020 RECEITAS UNICENTRO [&hellip;]<\/p>\n","protected":false},"author":335,"featured_media":0,"parent":273,"menu_order":0,"comment_status":"closed","ping_status":"closed","template":"","meta":{"_exactmetrics_skip_tracking":false,"_exactmetrics_sitenote_active":false,"_exactmetrics_sitenote_note":"","_exactmetrics_sitenote_category":0,"footnotes":"","_links_to":"","_links_to_target":""},"class_list":["post-217","page","type-page","status-publish","hentry"],"_links":{"self":[{"href":"https:\/\/www3.unicentro.br\/dircont\/wp-json\/wp\/v2\/pages\/217","targetHints":{"allow":["GET"]}}],"collection":[{"href":"https:\/\/www3.unicentro.br\/dircont\/wp-json\/wp\/v2\/pages"}],"about":[{"href":"https:\/\/www3.unicentro.br\/dircont\/wp-json\/wp\/v2\/types\/page"}],"author":[{"embeddable":true,"href":"https:\/\/www3.unicentro.br\/dircont\/wp-json\/wp\/v2\/users\/335"}],"replies":[{"embeddable":true,"href":"https:\/\/www3.unicentro.br\/dircont\/wp-json\/wp\/v2\/comments?post=217"}],"version-history":[{"count":0,"href":"https:\/\/www3.unicentro.br\/dircont\/wp-json\/wp\/v2\/pages\/217\/revisions"}],"up":[{"embeddable":true,"href":"https:\/\/www3.unicentro.br\/dircont\/wp-json\/wp\/v2\/pages\/273"}],"wp:attachment":[{"href":"https:\/\/www3.unicentro.br\/dircont\/wp-json\/wp\/v2\/media?parent=217"}],"curies":[{"name":"wp","href":"https:\/\/api.w.org\/{rel}","templated":true}]}}