{"id":16,"date":"2014-11-06T00:00:00","date_gmt":"2014-11-06T02:00:00","guid":{"rendered":"https:\/\/www3.unicentro.br\/dircont\/manuais-de-procedimentos\/"},"modified":"2022-09-01T17:28:50","modified_gmt":"2022-09-01T20:28:50","slug":"manuais-de-procedimentos","status":"publish","type":"page","link":"https:\/\/www3.unicentro.br\/dircont\/manuais-de-procedimentos\/","title":{"rendered":"Normas: Di\u00e1rias\/Adiantamento"},"content":{"rendered":"<ul>\n<li><a href=\"https:\/\/www3.unicentro.br\/dircont\/wp-content\/uploads\/sites\/101\/2022\/09\/Manual-de-Adiantamento.pdf\">Manual de Adiantamento<\/a><\/li>\n<li><a href=\"https:\/\/www3.unicentro.br\/dircont\/wp-content\/uploads\/sites\/101\/2022\/04\/Solicitacao-de-Adiantamento-cfme-Dec.-5006-12.ods\">Solicita\u00e7\u00e3o de Adiantamento cfme Dec. 5006-12<\/a><\/li>\n<li><a href=\"https:\/\/www3.unicentro.br\/dircont\/wp-content\/uploads\/sites\/101\/2022\/08\/Check-List-Adiantamento-v2.pdf\">Check List Adiantamento v2<\/a><\/li>\n<li><a href=\"https:\/\/www3.unicentro.br\/dircont\/wp-content\/uploads\/sites\/101\/2022\/04\/RELACAO-DE-CHEQUES-cfme-Dec.-5006-12-v2.xls\">RELA\u00c7\u00c3O DE CHEQUES cfme Dec. 5006-12 &#8211; v2<\/a><\/li>\n<li><a href=\"https:\/\/www3.unicentro.br\/dircont\/wp-content\/uploads\/sites\/101\/2022\/09\/Passo-a-passo-Fluxo-de-tramitacao-do-pedido-de-diaria-por-empenho.pdf\">Passo a passo Fluxo de tramita\u00e7\u00e3o do pedido de di\u00e1ria por empenho<\/a><\/li>\n<li><a href=\"https:\/\/www3.unicentro.br\/dircont\/wp-content\/uploads\/sites\/101\/2022\/09\/Manual-de-Procedimentos-para-Solicitacao-deDiarias.pdf\">Manual de Procedimentos para Solicita\u00e7\u00e3o de Di\u00e1rias<\/a><\/li>\n<li><a href=\"https:\/\/www3.unicentro.br\/dircont\/wp-content\/uploads\/sites\/101\/2022\/09\/Diarias-Estaduais-Dec-2428-2019.pdf\">Diarias Estaduais Dec 2428-2019<\/a><\/li>\n<\/ul>\n","protected":false},"excerpt":{"rendered":"<p>Manual de Adiantamento Solicita\u00e7\u00e3o de Adiantamento cfme Dec. 5006-12 Check List Adiantamento v2 RELA\u00c7\u00c3O DE CHEQUES cfme Dec. 5006-12 &#8211; v2 Passo a passo Fluxo de tramita\u00e7\u00e3o do pedido de di\u00e1ria por empenho Manual de Procedimentos para Solicita\u00e7\u00e3o de Di\u00e1rias Diarias Estaduais Dec 2428-2019<\/p>\n","protected":false},"author":3,"featured_media":0,"parent":0,"menu_order":0,"comment_status":"closed","ping_status":"closed","template":"","meta":{"_exactmetrics_skip_tracking":false,"_exactmetrics_sitenote_active":false,"_exactmetrics_sitenote_note":"","_exactmetrics_sitenote_category":0,"footnotes":"","_links_to":"","_links_to_target":""},"class_list":["post-16","page","type-page","status-publish","hentry"],"_links":{"self":[{"href":"https:\/\/www3.unicentro.br\/dircont\/wp-json\/wp\/v2\/pages\/16","targetHints":{"allow":["GET"]}}],"collection":[{"href":"https:\/\/www3.unicentro.br\/dircont\/wp-json\/wp\/v2\/pages"}],"about":[{"href":"https:\/\/www3.unicentro.br\/dircont\/wp-json\/wp\/v2\/types\/page"}],"author":[{"embeddable":true,"href":"https:\/\/www3.unicentro.br\/dircont\/wp-json\/wp\/v2\/users\/3"}],"replies":[{"embeddable":true,"href":"https:\/\/www3.unicentro.br\/dircont\/wp-json\/wp\/v2\/comments?post=16"}],"version-history":[{"count":0,"href":"https:\/\/www3.unicentro.br\/dircont\/wp-json\/wp\/v2\/pages\/16\/revisions"}],"wp:attachment":[{"href":"https:\/\/www3.unicentro.br\/dircont\/wp-json\/wp\/v2\/media?parent=16"}],"curies":[{"name":"wp","href":"https:\/\/api.w.org\/{rel}","templated":true}]}}